{"id":73973,"date":"2025-07-28T23:59:56","date_gmt":"2025-07-28T23:59:56","guid":{"rendered":"https:\/\/fv6qoy3ls0.wpdns.site\/product\/smallrig-pac2456-correa-de-mano\/"},"modified":"2025-09-30T14:57:35","modified_gmt":"2025-09-30T14:57:35","slug":"smallrig-pac2456-correa-de-mano","status":"publish","type":"product","link":"https:\/\/hi-techwonder.com\/es\/producto\/smallrig-pac2456-correa-de-mano\/","title":{"rendered":"SMALLRIG PAC2456 Correa de mano"},"content":{"rendered":"<p><strong>SMALLRIG PAC2456 Correa de mano<\/strong><\/p>\n<p><strong>Funciones:<\/strong><\/p>\n<ul>\n<li>Se adapta a jaulas\/empu\u00f1aduras de c\u00e1mara con ranuras para correas<\/li>\n<li>Compatible con ranuras de 12 mm de ancho o m\u00e1s grandes<\/li>\n<li>Ajustable, soporta cargas de hasta 12,5 kg<\/li>\n<li>Construcci\u00f3n en EVA, PU, ?? Nylon y Microfibra<\/li>\n<\/ul>\n<p><strong>Contenido del paquete:<\/strong><\/p>\n<ul>\n<li>Correa de mano<\/li>\n<\/ul>\n<p>A\u00f1ade soporte a tu c\u00e1mara cuando la uses en tu mano con esta correa universal de SmallRig. La correa se ajusta al tama\u00f1o de su mano y se sujeta a una jaula o brazalete con una ranura para correas de 12 mm de ancho o m\u00e1s. La correa est\u00e1 hecha de material de PU resistente al desgaste, relleno de EVA, y cuenta con una cubierta de microfibra para un ajuste c\u00f3modo. La correa de mano soporta un equipo de c\u00e1mara de hasta 12,5 kg.   <\/p>\n<p><iframe loading=\"lazy\" style=\"min-height: 500px; width: 100%; height: auto;\" src=\"https:\/\/www.youtube.com\/embed\/Hzq-VdWuGfE?si=Aoqly_0XlLgxtrUc\" width=\"560\" height=\"314\" allowfullscreen=\"allowfullscreen\"><\/iframe><\/p>\n<p><strong>Caracter\u00edsticas t\u00e9cnicas:<\/strong><\/p>\n<ul>\n<li>Montaje: 1 x Mango<\/li>\n<li>Capacidad de carga: 12,5 kg<\/li>\n<li>Material de construcci\u00f3n: Nylon, EVA, Microfibra, PU<\/li>\n<li>Dimensiones: 116 x 48 x 10,5 mm<\/li>\n<li>Peso: 22g<\/li>\n<\/ul>\n","protected":false},"excerpt":{"rendered":"<p>SMALLRIG PAC2456 Correa de mano Funciones: Se adapta a jaulas\/empu\u00f1aduras de c\u00e1mara con ranuras para correas Compatible con ranuras de<\/p>\n","protected":false},"featured_media":31367,"comment_status":"closed","ping_status":"closed","template":"","meta":{"_acf_changed":false},"product_brand":[2550],"product_cat":[903],"product_tag":[],"class_list":{"0":"post-73973","1":"product","2":"type-product","3":"status-publish","4":"has-post-thumbnail","6":"product_brand-smallrig-es","7":"product_cat-correas-y-tirantes","8":"pa_cor-negro","10":"first","11":"onbackorder","12":"taxable","13":"shipping-taxable","14":"purchasable","15":"product-type-simple"},"bundled_by":[],"bundle_stock_status":"onbackorder","bundle_stock_quantity":null,"bundle_virtual":false,"bundle_layout":"","bundle_add_to_cart_form_location":"","bundle_editable_in_cart":false,"bundle_sold_individually_context":"","bundle_item_grouping":"","bundle_min_size":"","bundle_max_size":"","bundle_price":[],"bundled_items":[],"bundle_sell_ids":[],"acf":[],"_links":{"self":[{"href":"https:\/\/hi-techwonder.com\/es\/wp-json\/wp\/v2\/product\/73973","targetHints":{"allow":["GET"]}}],"collection":[{"href":"https:\/\/hi-techwonder.com\/es\/wp-json\/wp\/v2\/product"}],"about":[{"href":"https:\/\/hi-techwonder.com\/es\/wp-json\/wp\/v2\/types\/product"}],"replies":[{"embeddable":true,"href":"https:\/\/hi-techwonder.com\/es\/wp-json\/wp\/v2\/comments?post=73973"}],"wp:featuredmedia":[{"embeddable":true,"href":"https:\/\/hi-techwonder.com\/es\/wp-json\/wp\/v2\/media\/31367"}],"wp:attachment":[{"href":"https:\/\/hi-techwonder.com\/es\/wp-json\/wp\/v2\/media?parent=73973"}],"wp:term":[{"taxonomy":"product_brand","embeddable":true,"href":"https:\/\/hi-techwonder.com\/es\/wp-json\/wp\/v2\/product_brand?post=73973"},{"taxonomy":"product_cat","embeddable":true,"href":"https:\/\/hi-techwonder.com\/es\/wp-json\/wp\/v2\/product_cat?post=73973"},{"taxonomy":"product_tag","embeddable":true,"href":"https:\/\/hi-techwonder.com\/es\/wp-json\/wp\/v2\/product_tag?post=73973"}],"curies":[{"name":"wp","href":"https:\/\/api.w.org\/{rel}","templated":true}]}}