{"id":73980,"date":"2025-07-29T10:57:26","date_gmt":"2025-07-29T10:57:26","guid":{"rendered":"https:\/\/fv6qoy3ls0.wpdns.site\/product\/smallrig-bss2286-soporte-para-smartphone-para-estabilizadores\/"},"modified":"2026-03-02T17:53:46","modified_gmt":"2026-03-02T17:53:46","slug":"smallrig-bss2286-soporte-para-smartphone-para-estabilizadores","status":"publish","type":"product","link":"https:\/\/hi-techwonder.com\/es\/producto\/smallrig-bss2286-soporte-para-smartphone-para-estabilizadores\/","title":{"rendered":"SMALLRIG BSS2286 Soporte para Smartphone para Estabilizadores"},"content":{"rendered":"<p>Este soporte se adapta a tel\u00e9fonos inteligentes de 2.5 &#8220;a 3.6&#8221; (62 2 mm de largo), se adapta a 360 \u00b0 en cada eje y puede colocarlo como. Es f\u00e1cil de almacenar y sostener el tel\u00e9fono horizontal o verticalmente. Tiene una goma protectora suave en el interior para mantener el tel\u00e9fono en su lugar y evitar arreglos.  <\/p>\n<p><strong>Caracter\u00edsticas principales:<\/strong><\/p>\n<ul>\n<li>Conecta tu smartphone al Zhiyun WEEBILL-S\/WEEBILL LAB\/CRANE 3 LAB<\/li>\n<li>Protege junto al card\u00e1n mediante roseta<\/li>\n<li>Ajuste de 3 ejes, 360\u00b0 por eje<\/li>\n<li>El acolchado de goma evita ara\u00f1azos<\/li>\n<li>Compatible con dispositivos m\u00f3viles de 2,5 a 3,6&#8243; (62-92 mm) de ancho<\/li>\n<li>Orientaci\u00f3n vertical\/horizontal<\/li>\n<\/ul>\n<p>La abrazadera para smartphone SmallRig para Zhiyun WEEBILL-S\/WEEBILL LAB\/CRANE 3 LAB BSS2286 est\u00e1 dise\u00f1ada para conectar tu smartphone a los cardanes mediante roseta. Admite tel\u00e9fonos inteligentes de 2,5&#8243; a 3,6&#8243; (62-92 mm de ancho). El soporte para tel\u00e9fono es ajustable 360\u00b0 en cada eje y puede detenerlo en cualquier posici\u00f3n sin herramientas. Es f\u00e1cil de almacenar y admite tel\u00e9fonos en orientaci\u00f3n vertical u horizontal. El soporte para tel\u00e9fono tiene goma protectora suave en el interior para mantener el tel\u00e9fono seguro en la abrazadera y evitar ara\u00f1azos.    <\/p>\n<p><strong>Compatibilidad:<\/strong><\/p>\n<ul>\n<li>Zhiyun WEEBILL-S<\/li>\n<li>LABORATORIO DE WEEBILL DE ZHIYUN<\/li>\n<li>LABORATORIO DE GR\u00daA ZHIYUN 3<\/li>\n<\/ul>\n<p><strong>El paquete incluye:<\/strong><\/p>\n<p>1 x abrazadera para tel\u00e9fono<\/p>\n<p>1 x Llave hexagonal<\/p>\n<p><strong>Dimensiones del producto:<\/strong> 127X72X55.6mm<\/p>\n<p><strong>Dimensiones del paquete:<\/strong> 143X100X55mm<\/p>\n<p><strong>Peso neto:<\/strong> 130g<\/p>\n<p><strong>Peso del paquete:<\/strong> 174g<\/p>\n<p><strong>Material(es):<\/strong> Aleaci\u00f3n de aluminio<\/p>\n","protected":false},"excerpt":{"rendered":"<p>Este soporte se adapta a tel\u00e9fonos inteligentes de 2.5 &#8220;a 3.6&#8221; (62 2 mm de largo), se adapta a 360<\/p>\n","protected":false},"featured_media":70008,"comment_status":"closed","ping_status":"open","template":"","meta":{"_acf_changed":false},"product_brand":[2550],"product_cat":[1113],"product_tag":[],"class_list":{"0":"post-73980","1":"product","2":"type-product","3":"status-publish","4":"has-post-thumbnail","6":"product_brand-smallrig-es","7":"product_cat-accesorios-gimbals-video","9":"first","10":"instock","11":"taxable","12":"shipping-taxable","13":"purchasable","14":"product-type-simple"},"bundled_by":[],"bundle_stock_status":"instock","bundle_stock_quantity":1,"bundle_virtual":false,"bundle_layout":"","bundle_add_to_cart_form_location":"","bundle_editable_in_cart":false,"bundle_sold_individually_context":"","bundle_item_grouping":"","bundle_min_size":"","bundle_max_size":"","bundle_price":[],"bundled_items":[],"bundle_sell_ids":[],"acf":[],"_links":{"self":[{"href":"https:\/\/hi-techwonder.com\/es\/wp-json\/wp\/v2\/product\/73980","targetHints":{"allow":["GET"]}}],"collection":[{"href":"https:\/\/hi-techwonder.com\/es\/wp-json\/wp\/v2\/product"}],"about":[{"href":"https:\/\/hi-techwonder.com\/es\/wp-json\/wp\/v2\/types\/product"}],"replies":[{"embeddable":true,"href":"https:\/\/hi-techwonder.com\/es\/wp-json\/wp\/v2\/comments?post=73980"}],"wp:featuredmedia":[{"embeddable":true,"href":"https:\/\/hi-techwonder.com\/es\/wp-json\/wp\/v2\/media\/70008"}],"wp:attachment":[{"href":"https:\/\/hi-techwonder.com\/es\/wp-json\/wp\/v2\/media?parent=73980"}],"wp:term":[{"taxonomy":"product_brand","embeddable":true,"href":"https:\/\/hi-techwonder.com\/es\/wp-json\/wp\/v2\/product_brand?post=73980"},{"taxonomy":"product_cat","embeddable":true,"href":"https:\/\/hi-techwonder.com\/es\/wp-json\/wp\/v2\/product_cat?post=73980"},{"taxonomy":"product_tag","embeddable":true,"href":"https:\/\/hi-techwonder.com\/es\/wp-json\/wp\/v2\/product_tag?post=73980"}],"curies":[{"name":"wp","href":"https:\/\/api.w.org\/{rel}","templated":true}]}}