{"id":73981,"date":"2025-07-29T10:57:47","date_gmt":"2025-07-29T10:57:47","guid":{"rendered":"https:\/\/fv6qoy3ls0.wpdns.site\/product\/contrapeso-smallrig-aaw2459-50-g-para-cardan-dji-y-zhiyun\/"},"modified":"2026-01-31T01:20:29","modified_gmt":"2026-01-31T01:20:29","slug":"smallrig-contrapeso-smallrig-aaw2459-50-g-para-cardan-dji-y-zhiyun","status":"publish","type":"product","link":"https:\/\/hi-techwonder.com\/es\/producto\/smallrig-contrapeso-smallrig-aaw2459-50-g-para-cardan-dji-y-zhiyun\/","title":{"rendered":"Contrapeso SMALLRIG AAW2459 (50 g) para card\u00e1n DJI y Zhiyun"},"content":{"rendered":"<p><strong>Contrapeso SMALLRIG AAW2459 (50 g) para card\u00e1n DJI y Zhiyun<\/strong><\/p>\n<p><strong>Caracter\u00edsticas principales:<\/strong><\/p>\n<ul>\n<li>Para equilibrar la c\u00e1mara en el card\u00e1n.<\/li>\n<li>Funciona con DJI Ronin-S y SC.<\/li>\n<li>Funciona con Zhiyun Crane y WEEBILL LAB.<\/li>\n<li>Apilable a trav\u00e9s de pernos y roscas de 1\/4&#8243;-20.<\/li>\n<li>Fabricado en acero inoxidable.<\/li>\n<li>La placa de montaje\/abrazadera se vende por separado.<\/li>\n<\/ul>\n<p>Contenido del paquete:&nbsp;<\/p>\n<ul>\n<li><strong>1x <\/strong>Contrapeso SmallRig para estabilizadores de card\u00e1n DJI Ronin-S\/SC y Zhiyun-Tech<\/li>\n<\/ul>\n<p style=\"text-align: justify\">Equilibra tu estabilizador de card\u00e1n DJI Ronin-S, Ronin-SC o Zhiyun-Tech una c\u00e1mara pesada o un objetivo zoom largo con la ayuda del contrapeso de 1,8 onzas de SmallRig. Dise\u00f1ado para un f\u00e1cil apilamiento, este contrapeso tiene un perno de 1\/4&#8243;-20 en un lado y un orificio roscado de 1\/4&#8243;-20 en el otro. Tiene lados dentados, lo que facilita el atornillado en una placa de montaje o abrazadera disponible por separado.  <\/p>\n<p><strong>Compatibilidad<\/strong><\/p>\n<p>Cardanes:<\/p>\n<ul>\n<li>DJI Ronin-S<\/li>\n<li>DJI Ronin-SC<\/li>\n<li>Serie de gr\u00faas Zhiyun-Tech y WEEBILL LAB<\/li>\n<\/ul>\n<p>Placas de montaje\/abrazaderas:<\/p>\n<ul>\n<li>Placa de montaje de contrapeso SmallRig para DJI Ronin-SC (BSS2420)<\/li>\n<li>Placa de montaje de contrapeso SmallRig para DJI Ronin-S (BSS2308)<\/li>\n<li>Placa de montaje de contrapeso SmallRig para estabilizador port\u00e1til Zhiyun CRANE 3 LAB (BSS2402)<\/li>\n<li>Placa de montaje de contrapeso SmallRig para Zhiyun Weebill Lab (BSS2283)<\/li>\n<li>Placa de montaje de contrapeso SmallRig para Zhiyun Weebill Lab\/Crane-2 (BSS2277)<\/li>\n<li>Kit de contrapeso y abrazadera de montaje SmallRig para DJI Ronin-S\/Ronin-SC  Zhiyun Weebill\/Crane Series Gimbals (BSS2465)<\/li>\n<li>Abrazadera de montaje de contrapeso SmallRig para cardanes de las series DJI Ronin-S\/Ronin-SC y Zhiyun Weebill Lab\/Crane (2274)<\/li>\n<\/ul>\n<p><strong>Especificaciones de SmallRig AAW2459<\/strong><\/p>\n<table style=\"border-collapse: collapse;width: 100%\" border=\"1\">\n<tbody>\n<tr>\n<td style=\"width: 49.0617%\">Material <\/td>\n<td style=\"width: 49.0617%\">Acero inoxidable<\/td>\n<\/tr>\n<tr>\n<td style=\"width: 49.0617%\">Montura  <\/td>\n<td style=\"width: 49.0617%\">\n<p><strong>1 x <\/strong>tornillo de 1\/4&#8243;-20<\/p>\n<p><strong>1 x <\/strong>Rosca de 1\/4&#8243;-20<\/p>\n<\/td>\n<\/tr>\n<tr>\n<td style=\"width: 49.0617%\">Dimensiones<\/td>\n<td style=\"width: 49.0617%\">24 x 24 x 21,5 mm<\/td>\n<\/tr>\n<tr>\n<td style=\"width: 49.0617%\">Peso<\/td>\n<td style=\"width: 49.0617%\">50 gramos<\/td>\n<\/tr>\n<\/tbody>\n<\/table>\n","protected":false},"excerpt":{"rendered":"<p>Contrapeso SMALLRIG AAW2459 (50 g) para card\u00e1n DJI y Zhiyun Caracter\u00edsticas principales: Para equilibrar la c\u00e1mara en el card\u00e1n. Funciona<\/p>\n","protected":false},"featured_media":70097,"comment_status":"closed","ping_status":"open","template":"","meta":{"_acf_changed":false},"product_brand":[2550],"product_cat":[1113],"product_tag":[],"class_list":{"0":"post-73981","1":"product","2":"type-product","3":"status-publish","4":"has-post-thumbnail","6":"product_brand-smallrig-es","7":"product_cat-accesorios-gimbals-video","9":"first","10":"instock","11":"taxable","12":"shipping-taxable","13":"purchasable","14":"product-type-simple"},"bundled_by":[],"bundle_stock_status":"instock","bundle_stock_quantity":2,"bundle_virtual":false,"bundle_layout":"","bundle_add_to_cart_form_location":"","bundle_editable_in_cart":false,"bundle_sold_individually_context":"","bundle_item_grouping":"","bundle_min_size":"","bundle_max_size":"","bundle_price":[],"bundled_items":[],"bundle_sell_ids":[],"acf":[],"_links":{"self":[{"href":"https:\/\/hi-techwonder.com\/es\/wp-json\/wp\/v2\/product\/73981","targetHints":{"allow":["GET"]}}],"collection":[{"href":"https:\/\/hi-techwonder.com\/es\/wp-json\/wp\/v2\/product"}],"about":[{"href":"https:\/\/hi-techwonder.com\/es\/wp-json\/wp\/v2\/types\/product"}],"replies":[{"embeddable":true,"href":"https:\/\/hi-techwonder.com\/es\/wp-json\/wp\/v2\/comments?post=73981"}],"wp:featuredmedia":[{"embeddable":true,"href":"https:\/\/hi-techwonder.com\/es\/wp-json\/wp\/v2\/media\/70097"}],"wp:attachment":[{"href":"https:\/\/hi-techwonder.com\/es\/wp-json\/wp\/v2\/media?parent=73981"}],"wp:term":[{"taxonomy":"product_brand","embeddable":true,"href":"https:\/\/hi-techwonder.com\/es\/wp-json\/wp\/v2\/product_brand?post=73981"},{"taxonomy":"product_cat","embeddable":true,"href":"https:\/\/hi-techwonder.com\/es\/wp-json\/wp\/v2\/product_cat?post=73981"},{"taxonomy":"product_tag","embeddable":true,"href":"https:\/\/hi-techwonder.com\/es\/wp-json\/wp\/v2\/product_tag?post=73981"}],"curies":[{"name":"wp","href":"https:\/\/api.w.org\/{rel}","templated":true}]}}