{"id":73982,"date":"2025-07-29T10:52:02","date_gmt":"2025-07-29T10:52:02","guid":{"rendered":"https:\/\/fv6qoy3ls0.wpdns.site\/product\/soporte-universal-para-lente-smallrig-bsl2681-15mm-lws\/"},"modified":"2026-01-31T01:22:22","modified_gmt":"2026-01-31T01:22:22","slug":"smallrig-soporte-universal-para-lente-smallrig-bsl2681-15mm-lws","status":"publish","type":"product","link":"https:\/\/hi-techwonder.com\/es\/producto\/smallrig-soporte-universal-para-lente-smallrig-bsl2681-15mm-lws\/","title":{"rendered":"Soporte universal para lente SMALLRIG BSL2681 15mm LWS"},"content":{"rendered":"<p>Soporte para lentes m\u00e1s largos con esta montura LWS universal de 15 mm con ajuste vertical de 53,5 mm de SmallRig, que es compatible con los sistemas LWS de 15 mm. La montura de lente en forma de Y ayuda a soportar el peso de lentes con un di\u00e1metro de hasta 150 mm. <\/p>\n<p> <strong>Caracter\u00edsticas principales:<\/strong><\/p>\n<p>  1. Soporte para varillas LWS de 15 mm.<\/p>\n<p>  2. Y Soporte para lente.<\/p>\n<p>  3. Ajuste vertical de 53,5 mm.<\/p>\n<p>  4. Transfiere el peso de la montura del objetivo.<\/p>\n<p>  La montura universal para lente LWS de 15 mm de SmallRig BSL2681 est\u00e1 dise\u00f1ada para eliminar la tensi\u00f3n del peso de la montura de la lente de la c\u00e1mara cuando su c\u00e1mara est\u00e1 montada en varillas LWS de 15 mm disponibles por separado. La montura del objetivo ofrece un ajuste vertical de 53,5 mm para adaptarse a la mayor\u00eda de los objetivos. La columna central se une a un soporte en Y que tiene ranuras para asas a cada lado para mayor seguridad. La altura es ajustable a trav\u00e9s del bot\u00f3n de liberaci\u00f3n r\u00e1pida sin el uso de herramientas. La montura de la lente es compatible con el di\u00e1metro de la lente de hasta 150 mm.    <\/p>\n<p> <strong>Compatibilidad:<\/strong><\/p>\n<p>  Soporte para varillas LWS de 15 mm<\/p>\n<p> <strong>El paquete incluye:<\/strong><\/p>\n<p>  1 x Soporte de lente<\/p>\n<p> <strong>Dimensiones del producto:<\/strong> 104 x 108 x 33,5 mm<\/p>\n<p> <strong>Peso neto:<\/strong> 121g<\/p>\n<p> <strong>Material(es):<\/strong> Aleaci\u00f3n de aluminio<\/p>\n","protected":false},"excerpt":{"rendered":"<p>Soporte para lentes m\u00e1s largos con esta montura LWS universal de 15 mm con ajuste vertical de 53,5 mm de<\/p>\n","protected":false},"featured_media":68640,"comment_status":"closed","ping_status":"open","template":"","meta":{"_acf_changed":false},"product_brand":[2550],"product_cat":[1101],"product_tag":[],"class_list":{"0":"post-73982","1":"product","2":"type-product","3":"status-publish","4":"has-post-thumbnail","6":"product_brand-smallrig-es","7":"product_cat-tubos-rieles","9":"first","10":"pre-order","11":"taxable","12":"shipping-taxable","13":"purchasable","14":"product-type-simple"},"bundled_by":[],"bundle_stock_status":"pre-order","bundle_stock_quantity":0,"bundle_virtual":false,"bundle_layout":"","bundle_add_to_cart_form_location":"","bundle_editable_in_cart":false,"bundle_sold_individually_context":"","bundle_item_grouping":"","bundle_min_size":"","bundle_max_size":"","bundle_price":[],"bundled_items":[],"bundle_sell_ids":[],"acf":[],"_links":{"self":[{"href":"https:\/\/hi-techwonder.com\/es\/wp-json\/wp\/v2\/product\/73982","targetHints":{"allow":["GET"]}}],"collection":[{"href":"https:\/\/hi-techwonder.com\/es\/wp-json\/wp\/v2\/product"}],"about":[{"href":"https:\/\/hi-techwonder.com\/es\/wp-json\/wp\/v2\/types\/product"}],"replies":[{"embeddable":true,"href":"https:\/\/hi-techwonder.com\/es\/wp-json\/wp\/v2\/comments?post=73982"}],"wp:featuredmedia":[{"embeddable":true,"href":"https:\/\/hi-techwonder.com\/es\/wp-json\/wp\/v2\/media\/68640"}],"wp:attachment":[{"href":"https:\/\/hi-techwonder.com\/es\/wp-json\/wp\/v2\/media?parent=73982"}],"wp:term":[{"taxonomy":"product_brand","embeddable":true,"href":"https:\/\/hi-techwonder.com\/es\/wp-json\/wp\/v2\/product_brand?post=73982"},{"taxonomy":"product_cat","embeddable":true,"href":"https:\/\/hi-techwonder.com\/es\/wp-json\/wp\/v2\/product_cat?post=73982"},{"taxonomy":"product_tag","embeddable":true,"href":"https:\/\/hi-techwonder.com\/es\/wp-json\/wp\/v2\/product_tag?post=73982"}],"curies":[{"name":"wp","href":"https:\/\/api.w.org\/{rel}","templated":true}]}}