{"id":73985,"date":"2025-07-29T10:59:26","date_gmt":"2025-07-29T10:59:26","guid":{"rendered":"https:\/\/fv6qoy3ls0.wpdns.site\/product\/smallrig-soporte-para-monitor-bse2346-giratorio-e-inclinable\/"},"modified":"2025-07-29T10:59:26","modified_gmt":"2025-07-29T10:59:26","slug":"smallrig-soporte-para-monitor-bse2346-giratorio-e-inclinable","status":"publish","type":"product","link":"https:\/\/hi-techwonder.com\/es\/producto\/smallrig-soporte-para-monitor-bse2346-giratorio-e-inclinable\/","title":{"rendered":"SMALLRIG Soporte para monitor BSE2346 giratorio e inclinable"},"content":{"rendered":"<p>El soporte de monitor giratorio inclinable con adaptador de zapata de SmallRig se conecta a su equipo de c\u00e1mara o zapata de c\u00e1mara a trav\u00e9s de su adaptador de zapata y se puede usar con cualquier monitor de 5 a 7&#8243; con una rosca de 1\/4&#8243;-20. Compatible con un monitor en la c\u00e1mara que pesa hasta 1,2 kg, el soporte gira 360\u00b0 y se inclina hasta 140\u00b0, lo que le permite colocar el monitor en el mejor \u00e1ngulo de visi\u00f3n. El tornillo de montaje de 1\/4&#8243;-20 cuenta con un tornillo de mariposa f\u00e1cil de girar.  <\/p>\n<p>Construido con aluminio duradero, el soporte tambi\u00e9n cuenta con un acolchado de goma protector en la parte superior para proteger su monitor de ara\u00f1azos y evitar torceduras. El soporte incluye una llave Allen para apretar el soporte. <\/p>\n<h2 class=\"western\" style=\"font-style: normal; font-weight: normal;\"><strong><span style=\"font-family: OpenSans, Segoe UI, Helvetica, Roboto, Arial, sans-serif;\"><span style=\"font-size: medium;\">SmallRig BSE2346B Especificaciones<\/span><\/span><\/strong><\/h2>\n<table border=\"0\" width=\"387\" cellspacing=\"0\" cellpadding=\"2\">\n<colgroup>\n<col width=\"160\">\n<col width=\"219\"> <\/colgroup>\n<tbody>\n<tr>\n<td width=\"160\">\n<p style=\"border: none; padding: 0cm; font-weight: normal;\" align=\"LEFT\">Material de construcci\u00f3n<\/p>\n<\/td>\n<td width=\"219\">\n<p style=\"border: none; padding: 0cm; font-weight: normal;\">Aluminio, Caucho<\/p>\n<\/td>\n<\/tr>\n<tr>\n<td width=\"160\">\n<p style=\"border: none; padding: 0cm; font-weight: normal;\" align=\"LEFT\">Carga m\u00e1xima<\/p>\n<\/td>\n<td width=\"219\">\n<p style=\"border: none; padding: 0cm; font-weight: normal;\">2,6 lb \/ 1,2 kg<\/p>\n<\/td>\n<\/tr>\n<tr>\n<td width=\"160\">\n<p style=\"border: none; padding: 0cm; font-weight: normal;\" align=\"LEFT\">Montura<\/p>\n<\/td>\n<td width=\"219\">\n<p style=\"border: none; padding: 0cm; font-weight: normal;\">1 x adaptador de zapata<br \/>1 x tornillo de mariposa de 1\/4&#8243;-20<\/p>\n<\/td>\n<\/tr>\n<tr>\n<td width=\"160\">\n<p style=\"border: none; padding: 0cm; font-weight: normal;\" align=\"LEFT\">Rango giratorio<\/p>\n<\/td>\n<td width=\"219\">\n<p style=\"border: none; padding: 0cm; font-weight: normal;\">360\u00b0<\/p>\n<\/td>\n<\/tr>\n<tr>\n<td width=\"160\">\n<p style=\"border: none; padding: 0cm; font-weight: normal;\" align=\"LEFT\">Rango de inclinaci\u00f3n<\/p>\n<\/td>\n<td width=\"219\">\n<p style=\"border: none; padding: 0cm; font-weight: normal;\">140\u00b0<\/p>\n<\/td>\n<\/tr>\n<tr>\n<td width=\"160\">\n<p style=\"border: none; padding: 0cm; font-weight: normal;\" align=\"LEFT\">Dimensiones<\/p>\n<\/td>\n<td width=\"219\">\n<p style=\"border: none; padding: 0cm; font-weight: normal;\">2 x 1,8 x 1,2&#8243; \/ 49,9 x 46 x 30 mm<\/p>\n<\/td>\n<\/tr>\n<tr>\n<td width=\"160\">\n<p style=\"border: none; padding: 0cm; font-weight: normal;\" align=\"LEFT\">Peso<\/p>\n<\/td>\n<td width=\"219\">\n<p style=\"border: none; padding: 0cm; font-weight: normal;\">3 oz \/ 82 g<\/p>\n<\/td>\n<\/tr>\n<\/tbody>\n<\/table>\n","protected":false},"excerpt":{"rendered":"<p>El soporte de monitor giratorio inclinable con adaptador de zapata de SmallRig se conecta a su equipo de c\u00e1mara o<\/p>\n","protected":false},"featured_media":70499,"comment_status":"closed","ping_status":"open","template":"","meta":{"_acf_changed":false},"product_brand":[2550],"product_cat":[1117],"product_tag":[],"class_list":{"0":"post-73985","1":"product","2":"type-product","3":"status-publish","4":"has-post-thumbnail","6":"product_brand-smallrig-es","7":"product_cat-monitores-grabadores","9":"first","10":"onbackorder","11":"taxable","12":"shipping-taxable","13":"purchasable","14":"product-type-simple"},"bundled_by":[],"bundle_stock_status":"onbackorder","bundle_stock_quantity":0,"bundle_virtual":false,"bundle_layout":"","bundle_add_to_cart_form_location":"","bundle_editable_in_cart":false,"bundle_sold_individually_context":"","bundle_item_grouping":"","bundle_min_size":"","bundle_max_size":"","bundle_price":[],"bundled_items":[],"bundle_sell_ids":[],"acf":[],"_links":{"self":[{"href":"https:\/\/hi-techwonder.com\/es\/wp-json\/wp\/v2\/product\/73985","targetHints":{"allow":["GET"]}}],"collection":[{"href":"https:\/\/hi-techwonder.com\/es\/wp-json\/wp\/v2\/product"}],"about":[{"href":"https:\/\/hi-techwonder.com\/es\/wp-json\/wp\/v2\/types\/product"}],"replies":[{"embeddable":true,"href":"https:\/\/hi-techwonder.com\/es\/wp-json\/wp\/v2\/comments?post=73985"}],"wp:featuredmedia":[{"embeddable":true,"href":"https:\/\/hi-techwonder.com\/es\/wp-json\/wp\/v2\/media\/70499"}],"wp:attachment":[{"href":"https:\/\/hi-techwonder.com\/es\/wp-json\/wp\/v2\/media?parent=73985"}],"wp:term":[{"taxonomy":"product_brand","embeddable":true,"href":"https:\/\/hi-techwonder.com\/es\/wp-json\/wp\/v2\/product_brand?post=73985"},{"taxonomy":"product_cat","embeddable":true,"href":"https:\/\/hi-techwonder.com\/es\/wp-json\/wp\/v2\/product_cat?post=73985"},{"taxonomy":"product_tag","embeddable":true,"href":"https:\/\/hi-techwonder.com\/es\/wp-json\/wp\/v2\/product_tag?post=73985"}],"curies":[{"name":"wp","href":"https:\/\/api.w.org\/{rel}","templated":true}]}}