{"id":73986,"date":"2025-07-29T10:50:38","date_gmt":"2025-07-29T10:50:38","guid":{"rendered":"https:\/\/fv6qoy3ls0.wpdns.site\/product\/smallrig-998-kit-de-mango-basico-de-hombro\/"},"modified":"2025-07-29T10:50:38","modified_gmt":"2025-07-29T10:50:38","slug":"smallrig-998-kit-de-mango-basico-de-hombro","status":"publish","type":"product","link":"https:\/\/hi-techwonder.com\/es\/producto\/smallrig-998-kit-de-mango-basico-de-hombro\/","title":{"rendered":"SMALLRIG 998 Kit de mango b\u00e1sico de hombro"},"content":{"rendered":"<p style=\"box-sizing: border-box; margin: 0px 0px 1.5rem; padding: 0px; color: #0f0f0f; font-family: Roboto, Arial, Helvetica, sans-serif; font-size: 14px; background-color: #ffffff;\"> <span style=\"box-sizing: border-box; font-weight: bold; line-height: inherit;\">Kit de correa para el hombro SmallRig 998 Basic<\/span> <\/p>\n<p style=\"box-sizing: border-box; margin: 0px 0px 1.5rem; padding: 0px; color: #0f0f0f; font-family: Roboto, Arial, Helvetica, sans-serif; font-size: 14px; background-color: #ffffff;\"> <span style=\"box-sizing: border-box; font-weight: bold; line-height: inherit;\">Caracter\u00edsticas principales :<\/span><br style=\"box-sizing: border-box;\"> 1. Se puede utilizar en una operaci\u00f3n de correr y disparar. <br style=\"box-sizing: border-box;\">  2. Cada mango se puede mover de forma independiente para que pueda tener un mango m\u00e1s alejado de su cuerpo que el otro mango.<br style=\"box-sizing: border-box;\">  3. El mango se puede bloquear firmemente a trav\u00e9s de la tuerca de mariposa.  <\/p>\n<p style=\"box-sizing: border-box; margin: 0px 0px 1.5rem; padding: 0px; color: #0f0f0f; font-family: Roboto, Arial, Helvetica, sans-serif; font-size: 14px; background-color: #ffffff;\">  Incluye una varilla de 30 cm, un bloque de ra\u00edles de 90 mm y 2 asas de varilla de goma. Puede conectar un sistema de plataforma de hombro de 15 mm a trav\u00e9s del bloque de rieles y se puede utilizar en operaciones de funcionamiento y disparo. Cada mango es muy flexible y se puede mover de forma independiente, por lo que puede tener un mango m\u00e1s alejado de su cuerpo que el otro mango durante la operaci\u00f3n. El mango se puede bloquear firmemente a trav\u00e9s de la tuerca y su material de goma garantiza un manejo muy c\u00f3modo a mano. El ancho m\u00e1ximo entre el mango de 2 piezas es de 30 cm.      <\/p>\n<p style=\"box-sizing: border-box; margin: 0px 0px 1.5rem; padding: 0px; color: #0f0f0f; font-family: Roboto, Arial, Helvetica, sans-serif; font-size: 14px; background-color: #ffffff;\">  Compatibilidad:<br style=\"box-sizing: border-box;\"><span style=\"box-sizing: border-box; font-weight: bold; line-height: inherit;\">Varilla de 15 mm<\/span><br style=\"box-sizing: border-box;\"><br style=\"box-sizing: border-box;\"><span style=\"box-sizing: border-box; font-weight: bold; line-height: inherit;\">El paquete incluye:<\/span><br style=\"box-sizing: border-box;\"> 1 varilla de 30 cm<br style=\"box-sizing: border-box;\"> 1 x 90 mm 922 Bloque de riel de 15 grados<br style=\"box-sizing: border-box;\"> 2 x 15mm Agarre de varilla (goma negra) 989  <\/p>\n<p style=\"box-sizing: border-box; margin: 0px 0px 1.5rem; padding: 0px; color: #0f0f0f; font-family: Roboto, Arial, Helvetica, sans-serif; font-size: 14px; background-color: #ffffff;\"> <span style=\"box-sizing: border-box; font-weight: bold; line-height: inherit;\">Dimensiones del producto : 300x163x30 mm<\/span><br style=\"box-sizing: border-box;\"><span style=\"box-sizing: border-box; font-weight: bold; line-height: inherit;\">Peso neto : 420 g<\/span><br style=\"box-sizing: border-box;\"><span style=\"box-sizing: border-box; font-weight: bold; line-height: inherit;\">Tama\u00f1o del paquete: 300x110x45 mm<\/span><br style=\"box-sizing: border-box;\"><span style=\"box-sizing: border-box; font-weight: bold; line-height: inherit;\">Material(es) : Aleaci\u00f3n de aluminio\/caucho<\/span><\/p>\n","protected":false},"excerpt":{"rendered":"<p>Kit de correa para el hombro SmallRig 998 Basic Caracter\u00edsticas principales : 1. Se puede utilizar en una operaci\u00f3n de<\/p>\n","protected":false},"featured_media":68309,"comment_status":"closed","ping_status":"open","template":"","meta":{"_acf_changed":false},"product_brand":[2550],"product_cat":[1100],"product_tag":[],"class_list":{"0":"post-73986","1":"product","2":"type-product","3":"status-publish","4":"has-post-thumbnail","6":"product_brand-smallrig-es","7":"product_cat-soportes-de-hombro","9":"first","10":"onbackorder","11":"taxable","12":"shipping-taxable","13":"purchasable","14":"product-type-simple"},"bundled_by":[],"bundle_stock_status":"onbackorder","bundle_stock_quantity":0,"bundle_virtual":false,"bundle_layout":"","bundle_add_to_cart_form_location":"","bundle_editable_in_cart":false,"bundle_sold_individually_context":"","bundle_item_grouping":"","bundle_min_size":"","bundle_max_size":"","bundle_price":[],"bundled_items":[],"bundle_sell_ids":[],"acf":[],"_links":{"self":[{"href":"https:\/\/hi-techwonder.com\/es\/wp-json\/wp\/v2\/product\/73986","targetHints":{"allow":["GET"]}}],"collection":[{"href":"https:\/\/hi-techwonder.com\/es\/wp-json\/wp\/v2\/product"}],"about":[{"href":"https:\/\/hi-techwonder.com\/es\/wp-json\/wp\/v2\/types\/product"}],"replies":[{"embeddable":true,"href":"https:\/\/hi-techwonder.com\/es\/wp-json\/wp\/v2\/comments?post=73986"}],"wp:featuredmedia":[{"embeddable":true,"href":"https:\/\/hi-techwonder.com\/es\/wp-json\/wp\/v2\/media\/68309"}],"wp:attachment":[{"href":"https:\/\/hi-techwonder.com\/es\/wp-json\/wp\/v2\/media?parent=73986"}],"wp:term":[{"taxonomy":"product_brand","embeddable":true,"href":"https:\/\/hi-techwonder.com\/es\/wp-json\/wp\/v2\/product_brand?post=73986"},{"taxonomy":"product_cat","embeddable":true,"href":"https:\/\/hi-techwonder.com\/es\/wp-json\/wp\/v2\/product_cat?post=73986"},{"taxonomy":"product_tag","embeddable":true,"href":"https:\/\/hi-techwonder.com\/es\/wp-json\/wp\/v2\/product_tag?post=73986"}],"curies":[{"name":"wp","href":"https:\/\/api.w.org\/{rel}","templated":true}]}}