{"id":73987,"date":"2025-07-29T10:48:10","date_gmt":"2025-07-29T10:48:10","guid":{"rendered":"https:\/\/fv6qoy3ls0.wpdns.site\/product\/smallrig-aps2318-mango-de-jaula-sony-a6400-2310\/"},"modified":"2025-12-30T18:15:41","modified_gmt":"2025-12-30T18:15:41","slug":"smallrig-aps2318-mango-de-jaula-sony-a6400-2310","status":"publish","type":"product","link":"https:\/\/hi-techwonder.com\/es\/producto\/smallrig-aps2318-mango-de-jaula-sony-a6400-2310\/","title":{"rendered":"SMALLRIG APS2318 Mango de jaula Sony A6400 (2310)"},"content":{"rendered":"<p>El mango de madera para Cage A6400 (2310) est\u00e1 dise\u00f1ado para una mejor experiencia de disparo manual, seg\u00fan la ingenier\u00eda humana.<\/p>\n<p><strong>Caracter\u00edsticas principales:<\/strong><\/p>\n<ul>\n<li>Compatible con Sony A6400 Cage 2310.<\/li>\n<li>Mango de madera de buen tama\u00f1o a la derecha para una mejor experiencia de tiro manual.<\/li>\n<li>Evita que el receptor de infrarrojos acceda a la c\u00e1mara.<\/li>\n<li>Evita la inc\u00f3moda fotograf\u00eda sin tr\u00edpode debido al sobrecalentamiento de la c\u00e1mara.<\/li>\n<\/ul>\n<p>La empu\u00f1adura de madera SmallRig para Sony A6400 Cage APS2318 est\u00e1 dise\u00f1ada para una mejor experiencia de disparo port\u00e1til, que est\u00e1 en l\u00ednea con la ingenier\u00eda humana. Bloquea la jaula firmemente mediante dos tornillos M3 en la parte inferior y el dise\u00f1o de posicionamiento en el lateral. Con empu\u00f1adura de madera, puede evitar disparos inc\u00f3modos a mano debido al sobrecalentamiento de la c\u00e1mara. Adem\u00e1s, est\u00e1 hecho de palisandro hecho a mano, que se adapta mejor a la jaula.   <\/p>\n<p><strong>Observaci\u00f3n:<\/strong><\/p>\n<p>1. La correa no es compatible con la c\u00e1mara Sony A6500.<\/p>\n<p>2. El color de la madera es un poco diferente del sitio.<\/p>\n<p><strong>Compatibilidad:<\/strong><\/p>\n<ul>\n<li>Jaula Sony A6400 2310<\/li>\n<\/ul>\n<p><strong>El paquete incluye:<\/strong><\/p>\n<p>1 x Mango de madera<\/p>\n<p>1 x Llave hexagonal<\/p>\n<p>2 x tornillos M3<\/p>\n<p><strong>Dimensiones del producto:<\/strong> 38,4&#215;33,5&#215;68 mm<\/p>\n<p><strong>Dimensiones del paquete:<\/strong> 95x65x28mm<\/p>\n<p><strong>Peso neto:<\/strong> 28g<\/p>\n<p><strong>Peso del paquete:<\/strong> 51g<\/p>\n<p><strong>Material(es):<\/strong> Madera<\/p>\n","protected":false},"excerpt":{"rendered":"<p>El mango de madera para Cage A6400 (2310) est\u00e1 dise\u00f1ado para una mejor experiencia de disparo manual, seg\u00fan la ingenier\u00eda<\/p>\n","protected":false},"featured_media":67740,"comment_status":"closed","ping_status":"open","template":"","meta":{"_acf_changed":false},"product_brand":[2550],"product_cat":[1108],"product_tag":[],"class_list":{"0":"post-73987","1":"product","2":"type-product","3":"status-publish","4":"has-post-thumbnail","6":"product_brand-smallrig-es","7":"product_cat-empunaduras-cages","9":"first","10":"instock","11":"taxable","12":"shipping-taxable","13":"purchasable","14":"product-type-simple"},"bundled_by":[],"bundle_stock_status":"instock","bundle_stock_quantity":1,"bundle_virtual":false,"bundle_layout":"","bundle_add_to_cart_form_location":"","bundle_editable_in_cart":false,"bundle_sold_individually_context":"","bundle_item_grouping":"","bundle_min_size":"","bundle_max_size":"","bundle_price":[],"bundled_items":[],"bundle_sell_ids":[],"acf":[],"_links":{"self":[{"href":"https:\/\/hi-techwonder.com\/es\/wp-json\/wp\/v2\/product\/73987","targetHints":{"allow":["GET"]}}],"collection":[{"href":"https:\/\/hi-techwonder.com\/es\/wp-json\/wp\/v2\/product"}],"about":[{"href":"https:\/\/hi-techwonder.com\/es\/wp-json\/wp\/v2\/types\/product"}],"replies":[{"embeddable":true,"href":"https:\/\/hi-techwonder.com\/es\/wp-json\/wp\/v2\/comments?post=73987"}],"wp:featuredmedia":[{"embeddable":true,"href":"https:\/\/hi-techwonder.com\/es\/wp-json\/wp\/v2\/media\/67740"}],"wp:attachment":[{"href":"https:\/\/hi-techwonder.com\/es\/wp-json\/wp\/v2\/media?parent=73987"}],"wp:term":[{"taxonomy":"product_brand","embeddable":true,"href":"https:\/\/hi-techwonder.com\/es\/wp-json\/wp\/v2\/product_brand?post=73987"},{"taxonomy":"product_cat","embeddable":true,"href":"https:\/\/hi-techwonder.com\/es\/wp-json\/wp\/v2\/product_cat?post=73987"},{"taxonomy":"product_tag","embeddable":true,"href":"https:\/\/hi-techwonder.com\/es\/wp-json\/wp\/v2\/product_tag?post=73987"}],"curies":[{"name":"wp","href":"https:\/\/api.w.org\/{rel}","templated":true}]}}