{"id":73989,"date":"2025-07-29T10:51:51","date_gmt":"2025-07-29T10:51:51","guid":{"rendered":"https:\/\/fv6qoy3ls0.wpdns.site\/product\/smallrig-900-m12-roscas-pernos-para-extension-de-tuberia\/"},"modified":"2025-12-30T18:15:32","modified_gmt":"2025-12-30T18:15:32","slug":"smallrig-900-m12-roscas-pernos-para-extension-de-tuberia","status":"publish","type":"product","link":"https:\/\/hi-techwonder.com\/es\/producto\/smallrig-900-m12-roscas-pernos-para-extension-de-tuberia\/","title":{"rendered":"SMALLRIG 900 M12 Roscas \/ Pernos para Extensi\u00f3n de Tuber\u00eda"},"content":{"rendered":"<p><strong>SMALLRIG 900 M12 Roscas \/ Pernos para Extensi\u00f3n de Tuber\u00eda<\/strong><\/p>\n<p><strong>Funciones<\/strong><\/p>\n<ul>\n<li>Prolonga los tubos\/varillas SmallRig de 15 mm<\/li>\n<li>Tornillos de doble rosca M12<\/li>\n<\/ul>\n<p><strong>Contenido del paquete:<\/strong><\/p>\n<ul>\n<li>2 x Tornillos M12 de doble rosca Conectores de tuber\u00eda de jaula.<\/li>\n<\/ul>\n<p>Conector de varilla SmallRig con rosca M12 para tubos de aleaci\u00f3n de aluminio de 15mm (paquete de 2) &#8211; 900 te permite conectar cualquiera de los tubos\/varillas roscados de 15mm de SmallRig. Todas nuestras tuber\u00edas\/varillas est\u00e1n roscadas con rosca hembra en ambos extremos para permitir la extensi\u00f3n a trav\u00e9s de este conector de tuber\u00eda roscado de 12 mm * 1.75H7. F\u00e1cil conexi\u00f3n. Simplemente atorn\u00edllalo en los extremos de los dos tubos para conectarlos.   <\/p>\n<p>Nota: No es compatible con nuestras varillas de fibra de carbono que no tienen rosca interna. Solo funciona con postes de aluminio Smallrig, no funciona con varillas de otros vendedores y no funciona con nuestros postes de fibra de carbono. <\/p>\n<p><strong>Caracter\u00edsticas t\u00e9cnicas:<\/strong><\/p>\n<div class=\"group_fDXOr6EpR9\" style=\"box-sizing: inherit; outline: none; margin-bottom: 2.1875rem; font-family: OpenSans, 'Segoe UI', Helvetica, Roboto, Arial, sans-serif; font-size: 16px; background-color: #ffffff;\">\n<table class=\"table_fDXOr6EpR9\" style=\"box-sizing: inherit; outline: none; width: 936.656px;\" data-selenium=\"specsItemGroupTable\">\n<tbody style=\"box-sizing: inherit; outline: none;\">\n<tr class=\"pair_KqJ3Q3GPKv\" style=\"box-sizing: inherit; outline: none; border-bottom: 0.0625rem solid #e5e5e5;\" data-selenium=\"specsItemGroupTableRow\">\n<td class=\"label_KqJ3Q3GPKv firstSpecWhenNoGroupName_KqJ3Q3GPKv\" style=\"box-sizing: inherit; outline: none; border-top: none; padding: 0px 0px 1.25rem; width: 355.922px; color: #666666; font-size: 1.125rem; line-height: 1.375rem; vertical-align: baseline;\" data-selenium=\"specsItemGroupTableColumnLabel\">\n<p>Repiqueteo<\/p>\n<p>Material:<\/p>\n<\/td>\n<td class=\"value_KqJ3Q3GPKv firstSpecWhenNoGroupName_KqJ3Q3GPKv\" style=\"box-sizing: inherit; outline: none; color: #666666; font-size: 1.125rem; line-height: 1.375rem; vertical-align: baseline; padding: 0px 0px 1.25rem 2.5rem;\" data-selenium=\"specsItemGroupTableColumnValue\">\n<div class=\"expandableValue_KqJ3Q3GPKv\" style=\"box-sizing: inherit; outline: none;\">M12 &#8211; Tornillos de doble rosca<\/div>\n<div class=\"expandableValue_KqJ3Q3GPKv\" style=\"box-sizing: inherit; outline: none;\">&nbsp;<\/div>\n<div class=\"expandableValue_KqJ3Q3GPKv\" style=\"box-sizing: inherit; outline: none;\">Aleaci\u00f3n de aluminio<\/div>\n<\/td>\n<\/tr>\n<\/tbody>\n<\/table>\n<\/div>\n<div class=\"group_fDXOr6EpR9\" style=\"box-sizing: inherit; outline: none; margin-bottom: 2.1875rem; font-family: OpenSans, 'Segoe UI', Helvetica, Roboto, Arial, sans-serif; font-size: 16px; background-color: #ffffff;\">\n<div class=\"name_fDXOr6EpR9\" style=\"box-sizing: inherit; outline: none; border-bottom: 0.125rem solid #cccccc; color: #3f9a59; font-size: 2rem; line-height: 2rem; padding: 1rem 0px 0.875rem;\" data-selenium=\"specsItemGroupName\">&nbsp;<\/div>\n<\/div>\n","protected":false},"excerpt":{"rendered":"<p>SMALLRIG 900 M12 Roscas \/ Pernos para Extensi\u00f3n de Tuber\u00eda Funciones Prolonga los tubos\/varillas SmallRig de 15 mm Tornillos de<\/p>\n","protected":false},"featured_media":68599,"comment_status":"closed","ping_status":"open","template":"","meta":{"_acf_changed":false},"product_brand":[2550],"product_cat":[1101],"product_tag":[],"class_list":{"0":"post-73989","1":"product","2":"type-product","3":"status-publish","4":"has-post-thumbnail","6":"product_brand-smallrig-es","7":"product_cat-tubos-rieles","9":"first","10":"instock","11":"taxable","12":"shipping-taxable","13":"purchasable","14":"product-type-simple"},"bundled_by":[],"bundle_stock_status":"instock","bundle_stock_quantity":2,"bundle_virtual":false,"bundle_layout":"","bundle_add_to_cart_form_location":"","bundle_editable_in_cart":false,"bundle_sold_individually_context":"","bundle_item_grouping":"","bundle_min_size":"","bundle_max_size":"","bundle_price":[],"bundled_items":[],"bundle_sell_ids":[],"acf":[],"_links":{"self":[{"href":"https:\/\/hi-techwonder.com\/es\/wp-json\/wp\/v2\/product\/73989","targetHints":{"allow":["GET"]}}],"collection":[{"href":"https:\/\/hi-techwonder.com\/es\/wp-json\/wp\/v2\/product"}],"about":[{"href":"https:\/\/hi-techwonder.com\/es\/wp-json\/wp\/v2\/types\/product"}],"replies":[{"embeddable":true,"href":"https:\/\/hi-techwonder.com\/es\/wp-json\/wp\/v2\/comments?post=73989"}],"wp:featuredmedia":[{"embeddable":true,"href":"https:\/\/hi-techwonder.com\/es\/wp-json\/wp\/v2\/media\/68599"}],"wp:attachment":[{"href":"https:\/\/hi-techwonder.com\/es\/wp-json\/wp\/v2\/media?parent=73989"}],"wp:term":[{"taxonomy":"product_brand","embeddable":true,"href":"https:\/\/hi-techwonder.com\/es\/wp-json\/wp\/v2\/product_brand?post=73989"},{"taxonomy":"product_cat","embeddable":true,"href":"https:\/\/hi-techwonder.com\/es\/wp-json\/wp\/v2\/product_cat?post=73989"},{"taxonomy":"product_tag","embeddable":true,"href":"https:\/\/hi-techwonder.com\/es\/wp-json\/wp\/v2\/product_tag?post=73989"}],"curies":[{"name":"wp","href":"https:\/\/api.w.org\/{rel}","templated":true}]}}