{"id":73990,"date":"2025-07-29T10:49:51","date_gmt":"2025-07-29T10:49:51","guid":{"rendered":"https:\/\/fv6qoy3ls0.wpdns.site\/product\/smallrig-sap2804-arri-rosette-montaje-atornillado\/"},"modified":"2025-07-29T10:49:51","modified_gmt":"2025-07-29T10:49:51","slug":"smallrig-sap2804-arri-rosette-montaje-atornillado","status":"publish","type":"product","link":"https:\/\/hi-techwonder.com\/es\/producto\/smallrig-sap2804-arri-rosette-montaje-atornillado\/","title":{"rendered":"SMALLRIG SAP2804 Arri Rosette Montaje atornillado"},"content":{"rendered":"<p><strong>Montaje atornillado SMALLRIG SAP2804 Roseta Arri est\u00e1ndar (rosca M6)<\/strong><\/p>\n<p> <strong>Recursos:<\/strong><\/p>\n<ul>\n<li>  Roseta est\u00e1ndar Arri, la roseta se bloquea firmemente.<\/li>\n<li>  El dise\u00f1o anti-p\u00e9rdida, los tornillos nunca podr\u00edan perder.<\/li>\n<li>  Operaci\u00f3n conveniente, bloqueo de dos pasos.<\/li>\n<li>  Peque\u00f1o y ligero<\/li>\n<\/ul>\n<p> <strong>En la caja:<\/strong><\/p>\n<ul>\n<li>  Montura atornillada SmallRig con roseta estilo ARRI<\/li>\n<li>  2 x Tornillo de 1\/4&#8243;<\/li>\n<li>  Llave Allen<\/li>\n<\/ul>\n<p>  SmallRig Arri Rosette Standard Bolt-On Mount (rosca M6) SAP2804 es una montura Arri Rosette multifunci\u00f3n. Se puede acoplar a la jaula, correa de roseta y otros accesorios con M6 Arri Rosette, como bmpcc 4k\/6k 2203, correa de roseta 1941\/1891. Dos 1\/4 \u00ab-20 est\u00e1n dise\u00f1ados dentro del producto, el dise\u00f1o anti-p\u00e9rdida puede hacer que los tornillos nunca se pierdan. La roseta est\u00e1ndar M6 Arri pesa solo 38 g, se siente peque\u00f1a y liviana.   <\/p>\n<p> <strong>Compatibilidad:<\/strong><\/p>\n<ul>\n<li>  Roseta Arri con tornillo M6<\/li>\n<\/ul>\n<p> <strong>Caracter\u00edsticas t\u00e9cnicas:<\/strong><\/p>\n<ul>\n<li> <strong>Dimensiones del producto:<\/strong> 31,8 x 31,8 x 12,5 mm<\/li>\n<li> <strong>Dimensiones del paquete:<\/strong> 63 x 50 x 40 mm<\/li>\n<li> <strong>Peso neto:<\/strong> 38g<\/li>\n<li> <strong>Peso del paquete:<\/strong> 59g<\/li>\n<li> <strong>Material(es):<\/strong> Aleaci\u00f3n de aluminio<\/li>\n<\/ul>\n","protected":false},"excerpt":{"rendered":"<p>Montaje atornillado SMALLRIG SAP2804 Roseta Arri est\u00e1ndar (rosca M6) Recursos: Roseta est\u00e1ndar Arri, la roseta se bloquea firmemente. El dise\u00f1o<\/p>\n","protected":false},"featured_media":68129,"comment_status":"closed","ping_status":"open","template":"","meta":{"_acf_changed":false},"product_brand":[2550],"product_cat":[1104],"product_tag":[],"class_list":{"0":"post-73990","1":"product","2":"type-product","3":"status-publish","4":"has-post-thumbnail","6":"product_brand-smallrig-es","7":"product_cat-accesorios-cages","9":"first","10":"onbackorder","11":"taxable","12":"shipping-taxable","13":"purchasable","14":"product-type-simple"},"bundled_by":[],"bundle_stock_status":"onbackorder","bundle_stock_quantity":0,"bundle_virtual":false,"bundle_layout":"","bundle_add_to_cart_form_location":"","bundle_editable_in_cart":false,"bundle_sold_individually_context":"","bundle_item_grouping":"","bundle_min_size":"","bundle_max_size":"","bundle_price":[],"bundled_items":[],"bundle_sell_ids":[],"acf":[],"_links":{"self":[{"href":"https:\/\/hi-techwonder.com\/es\/wp-json\/wp\/v2\/product\/73990","targetHints":{"allow":["GET"]}}],"collection":[{"href":"https:\/\/hi-techwonder.com\/es\/wp-json\/wp\/v2\/product"}],"about":[{"href":"https:\/\/hi-techwonder.com\/es\/wp-json\/wp\/v2\/types\/product"}],"replies":[{"embeddable":true,"href":"https:\/\/hi-techwonder.com\/es\/wp-json\/wp\/v2\/comments?post=73990"}],"wp:featuredmedia":[{"embeddable":true,"href":"https:\/\/hi-techwonder.com\/es\/wp-json\/wp\/v2\/media\/68129"}],"wp:attachment":[{"href":"https:\/\/hi-techwonder.com\/es\/wp-json\/wp\/v2\/media?parent=73990"}],"wp:term":[{"taxonomy":"product_brand","embeddable":true,"href":"https:\/\/hi-techwonder.com\/es\/wp-json\/wp\/v2\/product_brand?post=73990"},{"taxonomy":"product_cat","embeddable":true,"href":"https:\/\/hi-techwonder.com\/es\/wp-json\/wp\/v2\/product_cat?post=73990"},{"taxonomy":"product_tag","embeddable":true,"href":"https:\/\/hi-techwonder.com\/es\/wp-json\/wp\/v2\/product_tag?post=73990"}],"curies":[{"name":"wp","href":"https:\/\/api.w.org\/{rel}","templated":true}]}}