{"id":73991,"date":"2025-07-29T00:25:15","date_gmt":"2025-07-29T00:25:15","guid":{"rendered":"https:\/\/fv6qoy3ls0.wpdns.site\/product\/cuerpo-sony-a1-ii\/"},"modified":"2026-01-31T02:59:09","modified_gmt":"2026-01-31T02:59:09","slug":"sony-cuerpo-sony-a1-ii","status":"publish","type":"product","link":"https:\/\/hi-techwonder.com\/es\/producto\/sony-cuerpo-sony-a1-ii\/","title":{"rendered":"Sony a1 II Cuerpo"},"content":{"rendered":"<h3><strong>Sony Alpha 1 II &#8211; El nuevo punto de referencia para profesionales<\/strong><\/h3>\n<p><strong>ILCE-1M2<\/strong><\/p>\n<p><iframe loading=\"lazy\" frameborder=\"0\" src=\"https:\/\/www.youtube.com\/embed\/xYMNPvgWcdY\" width=\"640\" height=\"360\"><\/iframe><strong><br \/><\/strong><\/p>\n<hr>\n<h4><strong>Caracter\u00edsticas principales<\/strong><\/h4>\n<ul>\n<li><strong>Sensor Exmor RS\u2122 de fotograma completo de 50.1MP<\/strong>: alta resoluci\u00f3n y velocidad inigualable para capturar cada detalle.<\/li>\n<li><strong>Procesador BIONZ XR\u2122<\/strong>: Potencia de procesamiento optimizada para im\u00e1genes sin bloqueo y rendimiento avanzado de AF\/AE.<\/li>\n<li><strong>AF con reconocimiento de IA<\/strong>: Reconocimiento preciso de personas, animales, veh\u00edculos e incluso insectos.<\/li>\n<li><strong>Grabaci\u00f3n 8K y 4K de hasta 120 fps<\/strong>: calidad cinematogr\u00e1fica con soporte de alta velocidad de fotogramas.<\/li>\n<li><strong>Estabilizaci\u00f3n \u00f3ptica de imagen de 5 ejes<\/strong>: hasta 8,5 paradas de compensaci\u00f3n para disparos estables, incluso sin tr\u00edpode.<\/li>\n<li><strong>Flujo de trabajo eficiente<\/strong>: conectividad LAN 2.5GBASE-T, Wi-Fi y compatibilidad FTP para transferencias r\u00e1pidas.<\/li>\n<li><strong>Dise\u00f1o ergon\u00f3mico y confiable<\/strong>: cuerpo de aleaci\u00f3n de magnesio con protecci\u00f3n contra el polvo y la humedad.<\/li>\n<\/ul>\n<p><img decoding=\"async\" src=\"https:\/\/www.sony.pt\/image\/fb0e02a4cd1264e28e1f781439ba95ee?fmt=jpeg&amp;wid=720&amp;qlt=85\" style=\"width: 25%\" alt=\"\"><\/p>\n<hr>\n<h4><strong>Contenido del paquete<\/strong><\/h4>\n<ul>\n<li>C\u00e1mara Sony Alpha 1 II (ILCE-1M2)<\/li>\n<li>Bater\u00eda NP-FZ100<\/li>\n<li>Cargador r\u00e1pido BC-QZ1<\/li>\n<li>Cable Protector<\/li>\n<li>Correa cruzada<\/li>\n<li>Tapa del cuerpo<\/li>\n<li>Protecciones oculares (FDA-EP19 y FDA-EP21)<\/li>\n<\/ul>\n<p><img decoding=\"async\" src=\"https:\/\/www.sony.pt\/image\/c451b380812f7cd8732ef50b873eca39?fmt=jpeg&amp;wid=400&amp;qlt=85\" style=\"width: 25%\" alt=\"\"><\/p>\n<hr>\n<h4><strong>Visi\u00f3n general<\/strong><\/h4>\n<p>La <strong>Sony Alpha 1 II<\/strong> eleva el list\u00f3n para los profesionales con una combinaci\u00f3n de alta resoluci\u00f3n, capacidades de alta velocidad y tecnolog\u00eda de inteligencia artificial de vanguardia. Con su <strong>sensor CMOS Exmor RS\u2122 de fotograma completo de 50,1 MP<\/strong> y su procesador <strong>BIONZ XR\u2122<\/strong>, esta c\u00e1mara permite disparos <strong>continuos de hasta 30 fps<\/strong> con seguimiento AF\/AE y 120 c\u00e1lculos por segundo. <\/p>\n<p>La innovaci\u00f3n no se detiene ah\u00ed: la unidad de procesamiento de IA mejora el reconocimiento de ojos, objetos y animales humanos, lo que la hace perfecta para deportes, vida silvestre, retratos e incluso grabaciones cinematogr\u00e1ficas. La <strong>grabaci\u00f3n 8K\/30p<\/strong> con sobremuestreo de 8,6K a 4K garantiza un detalle asombroso en cualquier producci\u00f3n. <\/p>\n<p><img decoding=\"async\" src=\"https:\/\/www.sony.pt\/image\/c00f6b6219435de6ff25fa5a87143a05?fmt=jpeg&amp;wid=600&amp;qlt=85\" style=\"width: 25%\" alt=\"\"><\/p>\n<hr>\n<h4><strong>Caracter\u00edsticas destacadas<\/strong><\/h4>\n<ol>\n<li>\n<p><strong>Reconocimiento de IA mejorado<\/strong><\/p>\n<ul>\n<li>Identifique y rastree objetos con mayor precisi\u00f3n, incluso en condiciones adversas.<\/li>\n<li>Mejora del reconocimiento de los ojos humanos hasta en un <strong>30%,<\/strong> incluso cuando est\u00e1 oscurecido o a larga distancia.<\/li>\n<\/ul>\n<\/li>\n<li>\n<p><strong>Alta velocidad y precisi\u00f3n<\/strong><\/p>\n<ul>\n<li>Disparo continuo a <strong>30 fps<\/strong> con seguimiento AF\/AE completo.<\/li>\n<li>Velocidad de obturaci\u00f3n ajustable para capturar momentos decisivos, como la captura previa para tomas de acci\u00f3n.<\/li>\n<\/ul>\n<\/li>\n<li>\n<p><strong>Im\u00e1genes y videos de alta calidad<\/strong><\/p>\n<ul>\n<li><strong>8K 4:2:2 de 10 bits<\/strong> y <strong>4K 120p<\/strong> con soporte S-Log3 para gradaciones cinematogr\u00e1ficas.<\/li>\n<li>Funci\u00f3n de compensaci\u00f3n de la respiraci\u00f3n y estabilizaci\u00f3n electr\u00f3nica para grabaciones profesionales.<\/li>\n<\/ul>\n<\/li>\n<li>\n<p><strong>Ergonom\u00eda y fiabilidad<\/strong><\/p>\n<ul>\n<li>Monitor multi\u00e1ngulo de 4 ejes para una visualizaci\u00f3n optimizada.<\/li>\n<li>Botones personalizables y pu\u00f1o ergon\u00f3mico para una mayor comodidad durante largas sesiones.<\/li>\n<\/ul>\n<\/li>\n<\/ol>\n<ul><\/ul>\n<p><img decoding=\"async\" src=\"https:\/\/www.sony.pt\/image\/4a1f56d53959a792ccec7b6e6dd06615?fmt=jpeg&amp;wid=600&amp;qlt=85\" style=\"width: 25%\" alt=\"\"><\/p>\n<hr>\n<h4><strong>Especificaciones t\u00e9cnicas<\/strong><\/h4>\n<ul>\n<li><strong>Sensor<\/strong>: Exmor RS\u2122 CMOS de fotograma completo (35,9 x 24 mm), 50,1 MP.<\/li>\n<li><strong>Procesador<\/strong>: BIONZ XR. \u2122<\/li>\n<li><strong>ISO:<\/strong> Im\u00e1genes fijas: ISO 100-32.000 (ampliable a 50-102.400); V\u00eddeos: ISO 100\u201332.000.<\/li>\n<li><strong>Grabaci\u00f3n de video<\/strong>:\n<ul>\n<li><strong>8K (7680 x 4320):<\/strong> hasta 30p.<\/li>\n<li><strong>4K (3840 x 2160):<\/strong> hasta 120p.<\/li>\n<li>Formatos: XAVC HS, XAVC S, XAVC S-I.<\/li>\n<\/ul>\n<\/li>\n<li><strong>Estabilizaci\u00f3n<\/strong>: \u00f3ptica de 5 ejes, hasta 8,5 pasos.<\/li>\n<li><strong>Enfoque<\/strong>: 759 puntos de detecci\u00f3n de fase (fotograf\u00edas), 627 puntos (v\u00eddeo).<\/li>\n<li><strong>Pantalla<\/strong>: TFT multi\u00e1ngulo de 3,2&#8243; con 2,1 millones de puntos.<\/li>\n<li><strong>Conectividad<\/strong>: LAN 2.5GBASE-T, WI-FI 802.11ac, Bluetooth 5.0, USB-C.<\/li>\n<li><strong>Dimensiones y peso<\/strong>: 136,1 x 96,9 x 82,9 mm; <strong>743 g<\/strong> (con bater\u00eda y tarjeta).<\/li>\n<\/ul>\n<p><a href=\"https:\/\/www.sony.pt\/electronics\/camaras-lentes-amoviveis\/ilce-1m2\/specifications\" target=\"_blank\" rel=\"noopener\">Para especificaciones completas<\/a><\/p>\n","protected":false},"excerpt":{"rendered":"<p>Sony Alpha 1 II &#8211; El nuevo punto de referencia para profesionales ILCE-1M2 Caracter\u00edsticas principales Sensor Exmor RS\u2122 de fotograma<\/p>\n","protected":false},"featured_media":40239,"comment_status":"closed","ping_status":"open","template":"","meta":{"_acf_changed":false},"product_brand":[2537],"product_cat":[932],"product_tag":[],"class_list":{"0":"post-73991","1":"product","2":"type-product","3":"status-publish","4":"has-post-thumbnail","6":"product_brand-sony-es","7":"product_cat-mirrorless-es","8":"pa_cartoes-memoria-compativeis-cfexpress-type-a-es","9":"pa_cartoes-memoria-compativeis-sd-es","10":"pa_cor-negro","11":"pa_estabilizacao-de-imagem-si","12":"pa_iso-32000-es","13":"pa_montagem-sony-e-es","14":"pa_resolucao-de-video-8k-es","15":"pa_resolucao-mp-50-mp-es","16":"pa_sensor-fotograma-completo","17":"pa_tamanho-resolucao-lcd-3-2-2-1m-puntos","18":"pa_tipo-de-lcd-totalmente-articulada","19":"custom-price-on-request","21":"first","22":"onbackorder","23":"taxable","24":"shipping-taxable","25":"product-type-simple"},"bundled_by":[],"bundle_stock_status":"onbackorder","bundle_stock_quantity":null,"bundle_virtual":false,"bundle_layout":"","bundle_add_to_cart_form_location":"","bundle_editable_in_cart":false,"bundle_sold_individually_context":"","bundle_item_grouping":"","bundle_min_size":"","bundle_max_size":"","bundle_price":[],"bundled_items":[],"bundle_sell_ids":[],"acf":[],"_links":{"self":[{"href":"https:\/\/hi-techwonder.com\/es\/wp-json\/wp\/v2\/product\/73991","targetHints":{"allow":["GET"]}}],"collection":[{"href":"https:\/\/hi-techwonder.com\/es\/wp-json\/wp\/v2\/product"}],"about":[{"href":"https:\/\/hi-techwonder.com\/es\/wp-json\/wp\/v2\/types\/product"}],"replies":[{"embeddable":true,"href":"https:\/\/hi-techwonder.com\/es\/wp-json\/wp\/v2\/comments?post=73991"}],"wp:featuredmedia":[{"embeddable":true,"href":"https:\/\/hi-techwonder.com\/es\/wp-json\/wp\/v2\/media\/40239"}],"wp:attachment":[{"href":"https:\/\/hi-techwonder.com\/es\/wp-json\/wp\/v2\/media?parent=73991"}],"wp:term":[{"taxonomy":"product_brand","embeddable":true,"href":"https:\/\/hi-techwonder.com\/es\/wp-json\/wp\/v2\/product_brand?post=73991"},{"taxonomy":"product_cat","embeddable":true,"href":"https:\/\/hi-techwonder.com\/es\/wp-json\/wp\/v2\/product_cat?post=73991"},{"taxonomy":"product_tag","embeddable":true,"href":"https:\/\/hi-techwonder.com\/es\/wp-json\/wp\/v2\/product_tag?post=73991"}],"curies":[{"name":"wp","href":"https:\/\/api.w.org\/{rel}","templated":true}]}}