{"id":73994,"date":"2025-07-29T09:02:56","date_gmt":"2025-07-29T09:02:56","guid":{"rendered":"https:\/\/fv6qoy3ls0.wpdns.site\/product\/soligor-kit-de-filtro-macro-de-primer-plano-49mm-1-2-3\/"},"modified":"2025-12-12T09:55:45","modified_gmt":"2025-12-12T09:55:45","slug":"soligor-kit-de-filtro-macro-de-primer-plano-49mm-1-2-3","status":"publish","type":"product","link":"https:\/\/hi-techwonder.com\/es\/producto\/soligor-kit-de-filtro-macro-de-primer-plano-49mm-1-2-3\/","title":{"rendered":"SOLIGOR Kit de filtro macro de primer plano 49mm (+1 | +2 | +3)"},"content":{"rendered":"<p><strong>SOLIGOR Kit de filtro macro de primer plano 49mm (+1 \/ +2 \/ +3)<\/strong><\/p>\n<p><strong>Funciones:<\/strong><\/p>\n<ul>\n<li>Filtros de calidad \u00f3ptica para fotograf\u00eda macro.<\/li>\n<li>Los filtros de primeros planos, cuando se conectan a la lente del objetivo de la c\u00e1mara, le permiten disparar a corta distancia y tomar fotograf\u00edas de relojes, sellos, flores, insectos, ampli\u00e1ndolos.<\/li>\n<li>Hay filtros de varios grados de dioptr\u00edas. Cuanto mayor sea el n\u00famero, m\u00e1s cerca se acercar\u00e1. <\/li>\n<\/ul>\n<p><strong>Contenido del paquete:<\/strong><\/p>\n<ul>\n<li>1 x 49 mm +1 filtro macro de dioptr\u00edas<\/li>\n<li>1 x 49 mm +2 filtros macro de dioptr\u00edas<\/li>\n<li>1 filtro macro de 49 mm +3 dioptr\u00edas<\/li>\n<li>1 x Estuche<\/li>\n<\/ul>\n<p>El kit de filtro macro de primer plano de Solidor le permite crear efectos macro. El filtro adopta vidrio \u00f3ptico de alta calidad con rectificaci\u00f3n fina, lo que permite una buena calidad de imagen y una alta nitidez. El marco est\u00e1 hecho de aleaci\u00f3n de aluminio de primera calidad con un acabado antideslumbrante en el interior para evitar que la luz par\u00e1sita entre en el borde del filtro. Este filtro se puede utilizar para fotografiar flores, insectos, joyas, gotas de agua, etc.   <\/p>\n<p>El kit de filtros de primer plano de Solidor incluye filtros de 3 piezas de diferentes dioptr\u00edas (+1, +2, +3), para satisfacer sus necesidades.<\/p>\n<p><img decoding=\"async\" src=\"https:\/\/diegorodrigophotography.files.wordpress.com\/2014\/09\/tuto_filter_closeup.jpg\" alt=\"\"><\/p>\n","protected":false},"excerpt":{"rendered":"<p>SOLIGOR Kit de filtro macro de primer plano 49mm (+1 \/ +2 \/ +3) Funciones: Filtros de calidad \u00f3ptica para<\/p>\n","protected":false},"featured_media":44571,"comment_status":"closed","ping_status":"closed","template":"","meta":{"_acf_changed":false},"product_brand":[2678],"product_cat":[972],"product_tag":[],"class_list":{"0":"post-73994","1":"product","2":"type-product","3":"status-publish","4":"has-post-thumbnail","6":"product_brand-soligor-es","7":"product_cat-fotografia-macro-es","8":"pa_diametro-49mm-es","9":"pa_diametro-55mm-es","11":"first","12":"instock","13":"taxable","14":"shipping-taxable","15":"purchasable","16":"product-type-variable"},"bundled_by":[],"bundle_stock_status":"instock","bundle_stock_quantity":null,"bundle_virtual":false,"bundle_layout":"","bundle_add_to_cart_form_location":"","bundle_editable_in_cart":false,"bundle_sold_individually_context":"","bundle_item_grouping":"","bundle_min_size":"","bundle_max_size":"","bundle_price":[],"bundled_items":[],"bundle_sell_ids":[],"acf":[],"_links":{"self":[{"href":"https:\/\/hi-techwonder.com\/es\/wp-json\/wp\/v2\/product\/73994","targetHints":{"allow":["GET"]}}],"collection":[{"href":"https:\/\/hi-techwonder.com\/es\/wp-json\/wp\/v2\/product"}],"about":[{"href":"https:\/\/hi-techwonder.com\/es\/wp-json\/wp\/v2\/types\/product"}],"replies":[{"embeddable":true,"href":"https:\/\/hi-techwonder.com\/es\/wp-json\/wp\/v2\/comments?post=73994"}],"wp:featuredmedia":[{"embeddable":true,"href":"https:\/\/hi-techwonder.com\/es\/wp-json\/wp\/v2\/media\/44571"}],"wp:attachment":[{"href":"https:\/\/hi-techwonder.com\/es\/wp-json\/wp\/v2\/media?parent=73994"}],"wp:term":[{"taxonomy":"product_brand","embeddable":true,"href":"https:\/\/hi-techwonder.com\/es\/wp-json\/wp\/v2\/product_brand?post=73994"},{"taxonomy":"product_cat","embeddable":true,"href":"https:\/\/hi-techwonder.com\/es\/wp-json\/wp\/v2\/product_cat?post=73994"},{"taxonomy":"product_tag","embeddable":true,"href":"https:\/\/hi-techwonder.com\/es\/wp-json\/wp\/v2\/product_tag?post=73994"}],"curies":[{"name":"wp","href":"https:\/\/api.w.org\/{rel}","templated":true}]}}