{"id":74001,"date":"2025-07-29T09:49:12","date_gmt":"2025-07-29T09:49:12","guid":{"rendered":"https:\/\/fv6qoy3ls0.wpdns.site\/product\/sony-fe-20-70mm-f-4-g\/"},"modified":"2026-01-30T09:14:00","modified_gmt":"2026-01-30T09:14:00","slug":"sony-fe-20-70mm-f-4-g","status":"publish","type":"product","link":"https:\/\/hi-techwonder.com\/es\/producto\/sony-fe-20-70mm-f-4-g\/","title":{"rendered":"SONY FE 20-70mm f\/4 G"},"content":{"rendered":"<p><strong>Sony FE 20-70mm f\/4 G (Sony E)<\/strong><\/p>\n<p><strong>Caracter\u00edsticas principales:<\/strong><\/p>\n<ul>\n<li>Imagen completa | f\/4 a f\/22<\/li>\n<li>Zoom est\u00e1ndar ultra gran angular<\/li>\n<li>Sistema de enfoque interno r\u00e1pido<\/li>\n<li>Admite control de apertura de micropasos<\/li>\n<li>Recubrimientos de fl\u00faor<\/li>\n<li>Diafragma redondeado de 9 hojas<\/li>\n<li>Construcci\u00f3n resistente al polvo y la humedad<\/li>\n<\/ul>\n<p>Un innovador objetivo zoom est\u00e1ndar para el uso diario, el Sony FE 20-70mm f\/4 G ultra gran angular, cubre una gama popular y vers\u00e1til de distancias focales en una forma compacta y ligera. Dise\u00f1ado para adaptarse a las nuevas tendencias en estilos de fotograf\u00eda populares entre los vloggers y creadores de contenido, este zoom de retrato ultra gran angular ofrece una excelente nitidez de borde a borde y una excelente calidad de imagen para todas sus necesidades. Ofreciendo un amplio campo de visi\u00f3n para selfies, paisajes, paisajes urbanos y otras aplicaciones de gran angular, este objetivo tambi\u00e9n ofrece un rendimiento de enfoque autom\u00e1tico r\u00e1pido, preciso y silencioso, as\u00ed como un excelente rendimiento de primeros planos en todas las distancias focales.  <\/p>\n<p><iframe loading=\"lazy\" src=\"https:\/\/www.youtube.com\/embed\/x73C5ScKFh8\" width=\"1728\" height=\"499\" allowfullscreen=\"allowfullscreen\"><\/iframe><\/p>\n<p><strong>Calidad de imagen de la lente G<\/strong><\/p>\n<p>Dise\u00f1ado para creadores visuales exigentes, este zoom ultra gran angular no ofrece concesiones en cuanto a calidad de imagen, rendimiento de enfoque autom\u00e1tico o funcionalidad de creaci\u00f3n de pel\u00edculas.<\/p>\n<ul>\n<li>Dise\u00f1ado para su uso con c\u00e1maras sin espejo con montura E de Sony de fotograma completo, la apertura m\u00e1xima constante de f\/4 del objetivo mantiene una iluminaci\u00f3n constante en todo el rango del zoom.<\/li>\n<li>Cuenta con una combinaci\u00f3n de tres elementos ED, dos elementos AA, un elemento asf\u00e9rico ED y un elemento asf\u00e9rico est\u00e1ndar, para eliminar eficazmente las aberraciones crom\u00e1ticas y esf\u00e9ricas, al tiempo que ofrece una excelente nitidez y fidelidad de color de borde a borde.<\/li>\n<li>La apertura redondeada de 9 hojas proporciona un bokeh profundo y suave.<\/li>\n<\/ul>\n<p><strong>Capacidades mejoradas de enfoque autom\u00e1tico y video<\/strong><\/p>\n<p>Ofreciendo un conjunto de funciones mejoradas para fotograf\u00eda y video, el lente FE 20-70 mm f\/4 G ofrece un rendimiento de enfoque r\u00e1pido, seguimiento mejorado y una serie de atributos dise\u00f1ados espec\u00edficamente para creadores de contenido de video.<\/p>\n<ul>\n<li>Dos motores lineales XD (extremadamente din\u00e1micos) proporcionan un rendimiento de enfoque autom\u00e1tico suave, silencioso y preciso, as\u00ed como un rendimiento de seguimiento mejorado para im\u00e1genes fijas y videos.<\/li>\n<li>El sistema de enfoque interno mantiene toda la longitud de la lente y no gira el cilindro de la lente durante el enfoque, lo que mejora el uso de polarizadores circulares y filtros ND variables.<\/li>\n<li>El dise\u00f1o \u00f3ptico mejorado elimina eficazmente la respiraci\u00f3n de enfoque, el cambio de enfoque y el cambio axial, para evitar movimientos no deseados y variaciones de \u00e1ngulo de visi\u00f3n durante la grabaci\u00f3n de v\u00eddeos.<\/li>\n<li>El anillo de apertura con interruptor de clic de encendido\/apagado e interruptor de bloqueo de iris evita que el anillo de apertura se mueva accidentalmente entre los ajustes f\/4 y f\/22.<\/li>\n<li>Optimizado para la realizaci\u00f3n de pel\u00edculas, el objetivo admite la estabilizaci\u00f3n de imagen en modo activo y el control de apertura en micropasos para una captura de v\u00eddeo fluida y sin problemas.<\/li>\n<li>Con dos botones de retenci\u00f3n de enfoque programables ?? y un interruptor de modo de enfoque para un control de enfoque intuitivo.<\/li>\n<li>Distancia focal m\u00ednima de 9.8&#8243;, con excelente rendimiento de primeros planos en todas las distancias focales.<\/li>\n<\/ul>\n<p><strong>Manejo y dise\u00f1o<\/strong><\/p>\n<p>Compacto y ligero, este zoom est\u00e1ndar ultra gran angular altamente vers\u00e1til ofrece un campo de visi\u00f3n \u00fanico y amplio para la fotograf\u00eda diaria.<\/p>\n<ul>\n<li>La construcci\u00f3n h\u00edbrida utiliza componentes de metal y pl\u00e1stico para maximizar la durabilidad y un dise\u00f1o liviano.<\/li>\n<li>El revestimiento de fl\u00faor en el elemento frontal de la lente repele el agua, el polvo, las huellas dactilares y otros contaminantes, y facilita la limpieza de la parte frontal de la lente.<\/li>\n<li>El dise\u00f1o resistente al polvo y la humedad incluye un anillo de goma para sellar la montura de la lente, lo que le permite trabajar en condiciones clim\u00e1ticas adversas.<\/li>\n<\/ul>\n<p>Sony <strong>FE 20-70mm f\/4 G (Sony E)<\/strong> <strong>Ficha Tecnica <\/strong><\/p>\n<table style=\"border-collapse: collapse; width: 99.9795%; height: 476.902px;\" border=\"1\">\n<tbody>\n<tr style=\"height: 22.3958px;\">\n<td style=\"width: 49.1758%; height: 22.3958px;\">APOYO<\/td>\n<td style=\"width: 49.1758%; height: 22.3958px;\">Montura E de Sony<\/td>\n<\/tr>\n<tr style=\"height: 22.3958px;\">\n<td style=\"width: 49.1758%; height: 22.3958px;\">FORMATO<\/td>\n<td style=\"width: 49.1758%; height: 22.3958px;\">Fotograma completo de 35 mm<\/td>\n<\/tr>\n<tr style=\"height: 22.3958px;\">\n<td style=\"width: 49.1758%; height: 22.3958px;\">DISTANCIA FOCAL (MM)<\/td>\n<td style=\"width: 49.1758%; height: 22.3958px;\">De 20 a 70 mm<\/td>\n<\/tr>\n<tr style=\"height: 22.3958px;\">\n<td style=\"width: 49.1758%; height: 22.3958px;\">DISTANCIA FOCAL EQUIVALENTE A 35 MM (APS-C)<\/td>\n<td style=\"width: 49.1758%; height: 22.3958px;\">30-105<\/td>\n<p> meses<br \/>\n<\/tr>\n<tr style=\"height: 22.3958px;\">\n<td style=\"width: 49.1758%; height: 22.3958px;\">GRUPOS\/ELEMENTOS<\/td>\n<p> DE LENTES <\/p>\n<td style=\"width: 49.1758%; height: 22.3958px;\">16 elementos en 13 grupos<\/td>\n<\/tr>\n<tr style=\"height: 22.3958px;\">\n<td style=\"width: 49.1758%; height: 22.3958px;\">\u00c1NGULO DE VISI\u00d3N (35 MM)<\/td>\n<td style=\"width: 49.1758%; height: 22.3958px;\">94\u00b0-34\u00b0<\/td>\n<\/tr>\n<tr style=\"height: 22.3958px;\">\n<td style=\"width: 49.1758%; height: 22.3958px;\">\u00c1NGULO DE VISI\u00d3N (APS-C)<\/td>\n<td style=\"width: 49.1758%; height: 22.3958px;\">70\u00b0-23\u00b02<\/td>\n<\/tr>\n<tr style=\"height: 22.3958px;\">\n<td style=\"width: 49.1758%; height: 22.3958px;\">APERTURA M\u00c1XIMA (F)<\/td>\n<td style=\"width: 49.1758%; height: 22.3958px;\">f\/4<\/td>\n<\/tr>\n<tr style=\"height: 22.3958px;\">\n<td style=\"width: 49.1758%; height: 22.3958px;\">APERTURA M\u00cdNIMA (F)<\/td>\n<td style=\"width: 49.1758%; height: 22.3958px;\">f\/22<\/td>\n<\/tr>\n<tr style=\"height: 22.3958px;\">\n<td style=\"width: 49.1758%; height: 22.3958px;\">CUCHILLAS<\/td>\n<p> DE APERTURA<\/p>\n<td style=\"width: 49.1758%; height: 22.3958px;\">9<\/td>\n<\/tr>\n<tr style=\"height: 22.3958px;\">\n<td style=\"width: 49.1758%; height: 22.3958px;\">APERTURA CIRCULAR<\/td>\n<td style=\"width: 49.1758%; height: 22.3958px;\">S\u00ed<\/td>\n<\/tr>\n<tr style=\"height: 22.3958px;\">\n<td style=\"width: 49.1758%; height: 22.3958px;\">DISTANCIA M\u00cdNIMA<\/td>\n<p> DE ENFOQUE<\/p>\n<td style=\"width: 49.1758%; height: 22.3958px;\">Gran angular: 0,30 m \/ Teleobjetivo: 0,25 m (AF) 0,25 m (MF)<\/td>\n<\/tr>\n<tr style=\"height: 22.3958px;\">\n<td style=\"width: 49.1758%; height: 22.3958px;\">RELACI\u00d3N DE AUMENTO M\u00c1XIMA (X)<\/td>\n<td style=\"width: 49.1758%; height: 22.3958px;\">0.39<\/td>\n<\/tr>\n<tr style=\"height: 22.3958px;\">\n<td style=\"width: 49.1758%; height: 22.3958px;\">DI\u00c1METRO DEL FILTRO (MM)<\/td>\n<td style=\"width: 49.1758%; height: 22.3958px;\">72 mil\u00edmetros<\/td>\n<\/tr>\n<tr style=\"height: 22.3958px;\">\n<td style=\"width: 49.1758%; height: 22.3958px;\">ESTABILIZACI\u00d3N DE IMAGEN (STEADYSHOT)<\/td>\n<td style=\"width: 49.1758%; height: 22.3958px;\">&#8211; (integrado en el marco)<\/td>\n<\/tr>\n<tr style=\"height: 22.3958px;\">\n<td style=\"width: 49.1758%; height: 22.3958px;\">SISTEMA DE ZOOM<\/td>\n<td style=\"width: 49.1758%; height: 22.3958px;\">Manual<\/td>\n<\/tr>\n<tr style=\"height: 22.3958px;\">\n<td style=\"width: 49.1758%; height: 22.3958px;\">COMPATIBILIDAD CON TELECONVERTIDORES (X1,4)<\/td>\n<td style=\"width: 49.1758%; height: 22.3958px;\">&#8211;<\/td>\n<\/tr>\n<tr style=\"height: 22.3958px;\">\n<td style=\"width: 49.1758%; height: 22.3958px;\">COMPATIBILIDAD CON TELECONVERTIDORES (X2.0)<\/td>\n<td style=\"width: 49.1758%; height: 22.3958px;\">&#8211;<\/td>\n<\/tr>\n<tr>\n<td style=\"width: 49.1758%;\">TIPO DE<\/td>\n<p> SOMBRILLA<\/p>\n<td style=\"width: 49.1758%;\">En forma de p\u00e9talo, tipo bayoneta Modelo ALC-SH174<\/td>\n<\/tr>\n<tr style=\"height: 22.3958px;\">\n<td style=\"width: 49.1758%; height: 22.3958px;\">DIMENSIONES (S X L)<\/td>\n<td style=\"width: 49.1758%; height: 22.3958px;\">78,7 x 99 mm (3-1\/8 x 4 pulgadas)<\/td>\n<\/tr>\n<tr style=\"height: 22.3958px;\">\n<td style=\"width: 49.1758%; height: 22.3958px;\">PESO<\/td>\n<td style=\"width: 49.1758%; height: 22.3958px;\">488 g (17,3 onzas)<\/td>\n<\/tr>\n<\/tbody>\n<\/table>\n","protected":false},"excerpt":{"rendered":"<p>Sony FE 20-70mm f\/4 G (Sony E) Caracter\u00edsticas principales: Imagen completa | f\/4 a f\/22 Zoom est\u00e1ndar ultra gran angular<\/p>\n","protected":false},"featured_media":54429,"comment_status":"closed","ping_status":"open","template":"","meta":{"_acf_changed":false},"product_brand":[2537],"product_cat":[1062],"product_tag":[],"class_list":{"0":"post-74001","1":"product","2":"type-product","3":"status-publish","4":"has-post-thumbnail","6":"product_brand-sony-es","7":"product_cat-mirrorless-objectivos","8":"pa_abertura-maxima-f-4-es","10":"first","11":"onbackorder","12":"taxable","13":"shipping-taxable","14":"purchasable","15":"product-type-simple"},"bundled_by":[],"bundle_stock_status":"onbackorder","bundle_stock_quantity":null,"bundle_virtual":false,"bundle_layout":"","bundle_add_to_cart_form_location":"","bundle_editable_in_cart":false,"bundle_sold_individually_context":"","bundle_item_grouping":"","bundle_min_size":"","bundle_max_size":"","bundle_price":[],"bundled_items":[],"bundle_sell_ids":[],"acf":[],"_links":{"self":[{"href":"https:\/\/hi-techwonder.com\/es\/wp-json\/wp\/v2\/product\/74001","targetHints":{"allow":["GET"]}}],"collection":[{"href":"https:\/\/hi-techwonder.com\/es\/wp-json\/wp\/v2\/product"}],"about":[{"href":"https:\/\/hi-techwonder.com\/es\/wp-json\/wp\/v2\/types\/product"}],"replies":[{"embeddable":true,"href":"https:\/\/hi-techwonder.com\/es\/wp-json\/wp\/v2\/comments?post=74001"}],"wp:featuredmedia":[{"embeddable":true,"href":"https:\/\/hi-techwonder.com\/es\/wp-json\/wp\/v2\/media\/54429"}],"wp:attachment":[{"href":"https:\/\/hi-techwonder.com\/es\/wp-json\/wp\/v2\/media?parent=74001"}],"wp:term":[{"taxonomy":"product_brand","embeddable":true,"href":"https:\/\/hi-techwonder.com\/es\/wp-json\/wp\/v2\/product_brand?post=74001"},{"taxonomy":"product_cat","embeddable":true,"href":"https:\/\/hi-techwonder.com\/es\/wp-json\/wp\/v2\/product_cat?post=74001"},{"taxonomy":"product_tag","embeddable":true,"href":"https:\/\/hi-techwonder.com\/es\/wp-json\/wp\/v2\/product_tag?post=74001"}],"curies":[{"name":"wp","href":"https:\/\/api.w.org\/{rel}","templated":true}]}}