{"id":74004,"date":"2025-07-29T09:48:46","date_gmt":"2025-07-29T09:48:46","guid":{"rendered":"https:\/\/fv6qoy3ls0.wpdns.site\/product\/sony-fe-100mm-f2-8-stf-gm-oss\/"},"modified":"2026-01-30T09:13:39","modified_gmt":"2026-01-30T09:13:39","slug":"sony-fe-100mm-f2-8-stf-gm-oss","status":"publish","type":"product","link":"https:\/\/hi-techwonder.com\/es\/producto\/sony-fe-100mm-f2-8-stf-gm-oss\/","title":{"rendered":"SONY FE 100mm F2.8 STF GM OSS"},"content":{"rendered":"<p><span style=\"color: #000000;\">Este objetivo es una herramienta fant\u00e1stica que ofrece una incre\u00edble resoluci\u00f3n G Master y una \u00f3ptica STF (Smooth Trans Focus) para un bonito bokeh. Tiene un enfoque autom\u00e1tico DDSSM silencioso, r\u00e1pido y preciso, como la capacidad de primeros planos con problemas de 0.25x. Las im\u00e1genes \u00f3pticas SteadyShot, que minimizan el desenfoque, pueden ocurrir durante el disparo macro o con estabilizaci\u00f3n de luz.  <\/span> <\/p>\n<p><object data=\"https:\/\/www.youtube.com\/v\/glBCCEtHsX0\" type=\"application\/x-shockwave-flash\" width=\"425\" height=\"350\"><param name=\"src\" value=\"https:\/\/www.youtube.com\/v\/glBCCEtHsX0\"><\/object><\/p>\n<p> <strong><span style=\"color: #000000;\">Productos destacados:<\/span><\/strong><\/p>\n<ul>\n<li> <span style=\"color: #000000;\">Lente con montura E\/formato de fotograma completo<\/span><\/li>\n<li> <span style=\"color: #000000;\">Rango de apertura: f\/2.8 a 20 | S5.6 a 22<\/span><\/li>\n<li> <span style=\"color: #000000;\">Elemento de apodizaci\u00f3n para bokeh suave<\/span><\/li>\n<li> <span style=\"color: #000000;\">Un elemento asf\u00e9rico y un elemento ED<\/span><\/li>\n<li> <span style=\"color: #000000;\">Recubrimiento Nano AR<\/span><\/li>\n<li> <span style=\"color: #000000;\">Motor AF de onda supers\u00f3nica de accionamiento directo<\/span><\/li>\n<li> <span style=\"color: #000000;\">Estabilizaci\u00f3n de imagen \u00f3ptica SteadyShot<\/span><\/li>\n<li> <span style=\"color: #000000;\">Anillo de apertura f\u00edsico; Haga clic en cambiar<\/span><\/li>\n<li> <span style=\"color: #000000;\">Anillo de conmutaci\u00f3n macro; Bot\u00f3n de retenci\u00f3n de enfoque<\/span><\/li>\n<li> <span style=\"color: #000000;\">Diafragma circular de once hojas<\/span><\/li>\n<\/ul>\n<p> <span style=\"color: #000000;\">&nbsp;<\/span><\/p>\n<p> <span style=\"color: #000000;\">Con un bokeh suave y una nitidez fina, el objetivo FE 100mm f\/2.8 STF GM OSS de Sony es un teleobjetivo corto con un dise\u00f1o \u00f3ptico \u00fanico pero sofisticado. Separ\u00e1ndose de otros lentes para retratos, este 100 mm f\/2.8 cuenta con la tecnolog\u00eda Smooth Trans Focus (STF), que utiliza un filtro de apodizaci\u00f3n para lograr un bokeh notablemente suave con reflejos redondeados desenfocados tanto en el primer plano como en el fondo. Contribuyendo a un alto grado de nitidez y claridad, la lente tambi\u00e9n incorpora un elemento asf\u00e9rico y un elemento de dispersi\u00f3n extra baja para suprimir las aberraciones esf\u00e9ricas y crom\u00e1ticas. Adem\u00e1s, tambi\u00e9n se ha aplicado un recubrimiento Nano AR para reducir el destello de la lente y las im\u00e1genes fantasma para aumentar el contraste y la fidelidad del color cuando se trabaja en condiciones de iluminaci\u00f3n intensa.   <\/span><\/p>\n<p> <span style=\"color: #000000;\">&nbsp;<\/span><\/p>\n<p> <span style=\"color: #000000;\">Como complemento de la \u00f3ptica, este objetivo tambi\u00e9n tiene una construcci\u00f3n f\u00edsica resistente que est\u00e1 sellada contra el polvo y la humedad para su uso en condiciones dif\u00edciles. Tambi\u00e9n tiene un rendimiento adecuado y utiliza un SSM Direct Drive para ofrecer un rendimiento de enfoque autom\u00e1tico r\u00e1pido, silencioso y suave. Un anillo de interruptor macro le permite seleccionar entre dos rangos de enfoque, incluido un rango de primer plano dedicado para trabajar con sujetos a una distancia de hasta 1.9 &#8216;con un aumento m\u00e1ximo de 0.25x. Adem\u00e1s, la estabilizaci\u00f3n de imagen Optical SteadyShot contribuye a\u00fan m\u00e1s a la producci\u00f3n de im\u00e1genes n\u00edtidas cuando se dispara sin tr\u00edpode, minimizando la apariencia de movimiento de la c\u00e1mara.   <\/span><\/p>\n<p> <span style=\"color: #000000;\">&nbsp;<\/span><\/p>\n<ul>\n<li> <span style=\"color: #000000;\">Teleobjetivo corto de primera calidad dise\u00f1ado para c\u00e1maras sin espejo de fotograma completo con montura E de Sony, pero tambi\u00e9n se puede usar en modelos APS-C, donde proporcionar\u00e1 una distancia focal equivalente a 150 mm.<\/span><\/li>\n<li> <span style=\"color: #000000;\">El dise\u00f1o \u00f3ptico incorpora un elemento de apodizaci\u00f3n que ayuda a mejorar la calidad del bokeh. Este elemento, que se asemeja a un filtro ND graduado radialmente que se estrecha de claro en el centro a m\u00e1s denso en los bordes, produce reflejos desenfocados m\u00e1s circulares para un enfoque selectivo m\u00e1s agradable y efectos de poca profundidad de campo. <\/span><\/li>\n<li> <span style=\"color: #000000;\">Est\u00e1 disponible un rango de apertura de f\/2.8 a f\/20, sin embargo, la implementaci\u00f3n del filtro de apodizaci\u00f3n hace que este rango sea de T5.6 a T22.<\/span><\/li>\n<li> <span style=\"color: #000000;\">Un elemento de dispersi\u00f3n extra baja reduce las franjas de color y las aberraciones crom\u00e1ticas, mientras que un elemento asf\u00e9rico controla las aberraciones esf\u00e9ricas para una mayor claridad y nitidez.<\/span><\/li>\n<li> <span style=\"color: #000000;\">El dise\u00f1o \u00f3ptico tambi\u00e9n est\u00e1 dise\u00f1ado para reducir la distorsi\u00f3n de las luces perif\u00e9ricas debido al vi\u00f1eteado con el fin de lograr luces desenfocadas m\u00e1s redondeadas tanto en el primer plano como en el fondo.<\/span><\/li>\n<li> <span style=\"color: #000000;\">Se ha aplicado un recubrimiento Nano AR para reducir los reflejos de la superficie, los reflejos y las im\u00e1genes fantasma para aumentar el contraste y la reproducci\u00f3n del color en condiciones de iluminaci\u00f3n intensa.<\/span><\/li>\n<li> <span style=\"color: #000000;\">Un sistema AF de motor de onda Super Sonic Direct Drive y un mecanismo de enfoque interno proporcionan un rendimiento de enfoque autom\u00e1tico r\u00e1pido, silencioso y preciso, y tambi\u00e9n contribuyen a un control de enfoque manual m\u00e1s natural e intuitivo.<\/span><\/li>\n<li> <span style=\"color: #000000;\">Un anillo de interruptor macro le permite elegir entre dos rangos de enfoque: 2.8 &#8216;a infinito o un rango m\u00e1s cercano de 1.9-3.3&#8217;, que tambi\u00e9n ofrece un aumento de 0.25x con un enfoque m\u00ednimo para trabajar con detalles de primer plano.<\/span><\/li>\n<li> <span style=\"color: #000000;\">El bot\u00f3n de retenci\u00f3n de enfoque personalizable en el cilindro de la lente se puede usar para mantener la posici\u00f3n de enfoque, o se puede configurar en la c\u00e1mara para controlar una variedad de funciones adicionales de la lente.<\/span><\/li>\n<li> <span style=\"color: #000000;\">La estabilizaci\u00f3n de imagen \u00f3ptica SteadyShot ayuda a minimizar la apariencia de movimiento de la c\u00e1mara para obtener im\u00e1genes m\u00e1s n\u00edtidas cuando se dispara sin tr\u00edpode con velocidades de obturaci\u00f3n m\u00e1s lentas. Este sistema de estabilizaci\u00f3n tambi\u00e9n se puede combinar con la estabilizaci\u00f3n de imagen de tipo cambio de sensor de la c\u00e1mara seleccionada para un control m\u00e1s efectivo del desenfoque de la c\u00e1mara. <\/span><\/li>\n<li> <span style=\"color: #000000;\">El anillo de apertura manual se puede quitar para un cambio de apertura suave y silencioso para beneficiar las aplicaciones de video.<\/span><\/li>\n<li> <span style=\"color: #000000;\">Un dise\u00f1o a prueba de polvo y humedad permite un mejor trabajo en condiciones adversas, y los anillos de control de goma benefician el manejo en temperaturas m\u00e1s fr\u00edas.<\/span><\/li>\n<li> <span style=\"color: #000000;\">Un diafragma redondeado de 11 hojas contribuye a\u00fan m\u00e1s a una agradable calidad de bokeh cuando se emplean t\u00e9cnicas de poca profundidad de campo.<\/span><\/li>\n<\/ul>\n<h2 style=\"font-style: normal;\"> <span style=\"font-size: small;\"><span style=\"color: #000000;\">Sony FE 100mm f\/2.8 STF GM OSS Especificaciones<\/span><\/span> <\/h2>\n<table style=\"width: 524px;\" border=\"0\" cellspacing=\"0\" cellpadding=\"2\">\n<colgroup>\n<col width=\"228\">\n<col width=\"288\"><\/colgroup>\n<tbody>\n<tr>\n<td width=\"228\">\n<p style=\"border-top: none; border-bottom: 1px solid #e6e7e8; border-left: none; border-right: none; padding: 0cm 0cm 0.53cm 0cm;\"> <span style=\"color: #000000;\">Distancia focal<\/span> <\/p>\n<\/td>\n<td width=\"288\">\n<p style=\"border-top: none; border-bottom: 1px solid #e6e7e8; border-left: none; border-right: none; padding: 0cm 0cm 0.53cm 0cm;\"> <span style=\"color: #000000;\">100 mil\u00edmetros<\/span> <\/p>\n<\/td>\n<\/tr>\n<tr>\n<td width=\"228\">\n<p style=\"border-top: none; border-bottom: 1px solid #e6e7e8; border-left: none; border-right: none; padding: 0cm 0cm 0.53cm 0cm;\"> <span style=\"color: #000000;\">M\u00e1xima apertura<\/span> <\/p>\n<\/td>\n<td width=\"288\">\n<p style=\"border-top: none; border-bottom: 1px solid #e6e7e8; border-left: none; border-right: none; padding: 0cm 0cm 0.53cm 0cm;\"> <span style=\"color: #000000;\">f\/2.8<\/span> <\/p>\n<\/td>\n<\/tr>\n<tr>\n<td width=\"228\">\n<p style=\"border-top: none; border-bottom: 1px solid #e6e7e8; border-left: none; border-right: none; padding: 0cm 0cm 0.53cm 0cm;\"> <span style=\"color: #000000;\">Apertura m\u00ednima<\/span> <\/p>\n<\/td>\n<td width=\"288\">\n<p style=\"border-top: none; border-bottom: 1px solid #e6e7e8; border-left: none; border-right: none; padding: 0cm 0cm 0.53cm 0cm;\"> <span style=\"color: #000000;\">f\/20<\/span> <\/p>\n<\/td>\n<\/tr>\n<tr>\n<td width=\"228\">\n<p style=\"border-top: none; border-bottom: 1px solid #e6e7e8; border-left: none; border-right: none; padding: 0cm 0cm 0.53cm 0cm;\"> <span style=\"color: #000000;\">Montura de lente<\/span> <\/p>\n<\/td>\n<td width=\"288\">\n<p style=\"border-top: none; border-bottom: 1px solid #e6e7e8; border-left: none; border-right: none; padding: 0cm 0cm 0.53cm 0cm;\"> <span style=\"color: #000000;\">Sony E<\/span> <\/p>\n<\/td>\n<\/tr>\n<tr>\n<td width=\"228\">\n<p style=\"border-top: none; border-bottom: 1px solid #e6e7e8; border-left: none; border-right: none; padding: 0cm 0cm 0.53cm 0cm;\"> <span style=\"color: #000000;\">Compatibilidad de formatos<\/span> <\/p>\n<\/td>\n<td width=\"288\">\n<p style=\"border-top: none; border-bottom: 1px solid #e6e7e8; border-left: none; border-right: none; padding: 0cm 0cm 0.53cm 0cm;\"> <span style=\"color: #000000;\">Imagen completa<\/span> <\/p>\n<\/td>\n<\/tr>\n<tr>\n<td width=\"228\">\n<p style=\"border-top: none; border-bottom: 1px solid #e6e7e8; border-left: none; border-right: none; padding: 0cm 0cm 0.53cm 0cm;\"> <span style=\"color: #000000;\">\u00c1ngulo<\/span> <\/p>\n<\/td>\n<td width=\"288\">\n<p style=\"border-top: none; border-bottom: 1px solid #e6e7e8; border-left: none; border-right: none; padding: 0cm 0cm 0.53cm 0cm;\"> <span style=\"color: #000000;\">24\u00b0<\/span> <\/p>\n<\/td>\n<\/tr>\n<tr>\n<td width=\"228\">\n<p style=\"border-top: none; border-bottom: 1px solid #e6e7e8; border-left: none; border-right: none; padding: 0cm 0cm 0.53cm 0cm;\"> <span style=\"color: #000000;\">Aumento m\u00e1ximo<\/span> <\/p>\n<\/td>\n<td width=\"288\">\n<p style=\"border-top: none; border-bottom: 1px solid #e6e7e8; border-left: none; border-right: none; padding: 0cm 0cm 0.53cm 0cm;\"> <span style=\"color: #000000;\">0,25 veces<\/span> <\/p>\n<\/td>\n<\/tr>\n<tr>\n<td width=\"228\">\n<p style=\"border-top: none; border-bottom: 1px solid #e6e7e8; border-left: none; border-right: none; padding: 0cm 0cm 0.53cm 0cm;\"> <span style=\"color: #000000;\">Distancia m\u00ednima de enfoque<\/span> <\/p>\n<\/td>\n<td width=\"288\">\n<p style=\"border-top: none; border-bottom: 1px solid #e6e7e8; border-left: none; border-right: none; padding: 0cm 0cm 0.53cm 0cm;\"> <span style=\"color: #000000;\">57cm<\/span> <\/p>\n<\/td>\n<\/tr>\n<tr>\n<td width=\"228\">\n<p style=\"border-top: none; border-bottom: 1px solid #e6e7e8; border-left: none; border-right: none; padding: 0cm 0cm 0.53cm 0cm;\"> <span style=\"color: #000000;\">Dise\u00f1o \u00f3ptico<\/span> <\/p>\n<\/td>\n<td width=\"288\">\n<p style=\"border-top: none; border-bottom: 1px solid #e6e7e8; border-left: none; border-right: none; padding: 0cm 0cm 0.53cm 0cm;\"> <span style=\"color: #000000;\">14 elementos en 10 grupos<\/span> <\/p>\n<\/td>\n<\/tr>\n<tr>\n<td width=\"228\">\n<p style=\"border-top: none; border-bottom: 1px solid #e6e7e8; border-left: none; border-right: none; padding: 0cm 0cm 0.53cm 0cm;\"> <span style=\"color: #000000;\">Hojas de diafragma<\/span> <\/p>\n<\/td>\n<td width=\"288\">\n<p style=\"border-top: none; border-bottom: 1px solid #e6e7e8; border-left: none; border-right: none; padding: 0cm 0cm 0.53cm 0cm;\"> <span style=\"color: #000000;\">11, redondeado<\/span> <\/p>\n<\/td>\n<\/tr>\n<tr>\n<td width=\"228\">\n<p style=\"border-top: none; border-bottom: 1px solid #e6e7e8; border-left: none; border-right: none; padding: 0cm 0cm 0.53cm 0cm;\"> <span style=\"color: #000000;\">Tipo de enfoque<\/span> <\/p>\n<\/td>\n<td width=\"288\">\n<p style=\"border-top: none; border-bottom: 1px solid #e6e7e8; border-left: none; border-right: none; padding: 0cm 0cm 0.53cm 0cm;\"> <span style=\"color: #000000;\">Autom\u00e1tico<\/span> <\/p>\n<\/td>\n<\/tr>\n<tr>\n<td width=\"228\">\n<p style=\"border-top: none; border-bottom: 1px solid #e6e7e8; border-left: none; border-right: none; padding: 0cm 0cm 0.53cm 0cm;\"> <span style=\"color: #000000;\">Estabilizaci\u00f3n de imagen<\/span> <\/p>\n<\/td>\n<td width=\"288\">\n<p style=\"border-top: none; border-bottom: 1px solid #e6e7e8; border-left: none; border-right: none; padding: 0cm 0cm 0.53cm 0cm;\"> <span style=\"color: #000000;\">S\u00ed<\/span> <\/p>\n<\/td>\n<\/tr>\n<tr>\n<td width=\"228\">\n<p style=\"border-top: none; border-bottom: 1px solid #e6e7e8; border-left: none; border-right: none; padding: 0cm 0cm 0.53cm 0cm;\"> <span style=\"color: #000000;\">Tama\u00f1o del filtro<\/span> <\/p>\n<\/td>\n<td width=\"288\">\n<p style=\"border-top: none; border-bottom: 1px solid #e6e7e8; border-left: none; border-right: none; padding: 0cm 0cm 0.53cm 0cm;\"> <span style=\"color: #000000;\">72 mm (Frontal)<\/span> <\/p>\n<\/td>\n<\/tr>\n<tr>\n<td width=\"228\">\n<p style=\"border-top: none; border-bottom: 1px solid #e6e7e8; border-left: none; border-right: none; padding: 0cm 0cm 0.53cm 0cm;\"> <span style=\"color: #000000;\">Dimensiones (\u00f8 x L)<\/span> <\/p>\n<\/td>\n<td width=\"288\">\n<p style=\"border-top: none; border-bottom: 1px solid #e6e7e8; border-left: none; border-right: none; padding: 0cm 0cm 0.53cm 0cm;\"> <span style=\"color: #000000;\">85,2 x 118,1 mil\u00edmetros<\/span> <\/p>\n<\/td>\n<\/tr>\n<tr>\n<td width=\"228\">\n<p style=\"border-top: none; border-bottom: 1px solid #e6e7e8; border-left: none; border-right: none; padding: 0cm 0cm 0.53cm 0cm;\"> <span style=\"color: #000000;\">Peso<\/span> <\/p>\n<\/td>\n<td width=\"288\">\n<p style=\"border-top: none; border-bottom: 1px solid #e6e7e8; border-left: none; border-right: none; padding: 0cm 0cm 0.53cm 0cm;\"> <span style=\"color: #000000;\">700 gramos<\/span><\/p>\n<\/td>\n<\/tr>\n<\/tbody>\n<\/table>\n<p> <span style=\"color: #000000;\"><br \/><span style=\"font-weight: bold;\">En la caja:<\/span><\/span><\/p>\n<ul>\n<li> <span style=\"color: #000000;\">Objetivo Sony FE 100mm f\/2.8 STF GM OSS<\/span><\/li>\n<li> <span style=\"color: #000000;\">ALC-F72S Tapa frontal del objetivo de 72 mm<\/span><\/li>\n<li> <span style=\"color: #000000;\">Tapa trasera del objetivo ALC-R1EM<\/span><\/li>\n<li> <span style=\"color: #000000;\">ALC-SH147 Parasol<\/span><\/li>\n<li> <span style=\"color: #000000;\">Estuche de lentes<\/span><\/li>\n<\/ul>\n","protected":false},"excerpt":{"rendered":"<p>Este objetivo es una herramienta fant\u00e1stica que ofrece una incre\u00edble resoluci\u00f3n G Master y una \u00f3ptica STF (Smooth Trans Focus)<\/p>\n","protected":false},"featured_media":54362,"comment_status":"closed","ping_status":"open","template":"","meta":{"_acf_changed":false},"product_brand":[2537],"product_cat":[1062],"product_tag":[],"class_list":{"0":"post-74004","1":"product","2":"type-product","3":"status-publish","4":"has-post-thumbnail","6":"product_brand-sony-es","7":"product_cat-mirrorless-objectivos","8":"pa_abertura-maxima-f-2-8-es","10":"first","11":"onbackorder","12":"taxable","13":"shipping-taxable","14":"purchasable","15":"product-type-simple"},"bundled_by":[],"bundle_stock_status":"onbackorder","bundle_stock_quantity":null,"bundle_virtual":false,"bundle_layout":"","bundle_add_to_cart_form_location":"","bundle_editable_in_cart":false,"bundle_sold_individually_context":"","bundle_item_grouping":"","bundle_min_size":"","bundle_max_size":"","bundle_price":[],"bundled_items":[],"bundle_sell_ids":[],"acf":[],"_links":{"self":[{"href":"https:\/\/hi-techwonder.com\/es\/wp-json\/wp\/v2\/product\/74004","targetHints":{"allow":["GET"]}}],"collection":[{"href":"https:\/\/hi-techwonder.com\/es\/wp-json\/wp\/v2\/product"}],"about":[{"href":"https:\/\/hi-techwonder.com\/es\/wp-json\/wp\/v2\/types\/product"}],"replies":[{"embeddable":true,"href":"https:\/\/hi-techwonder.com\/es\/wp-json\/wp\/v2\/comments?post=74004"}],"wp:featuredmedia":[{"embeddable":true,"href":"https:\/\/hi-techwonder.com\/es\/wp-json\/wp\/v2\/media\/54362"}],"wp:attachment":[{"href":"https:\/\/hi-techwonder.com\/es\/wp-json\/wp\/v2\/media?parent=74004"}],"wp:term":[{"taxonomy":"product_brand","embeddable":true,"href":"https:\/\/hi-techwonder.com\/es\/wp-json\/wp\/v2\/product_brand?post=74004"},{"taxonomy":"product_cat","embeddable":true,"href":"https:\/\/hi-techwonder.com\/es\/wp-json\/wp\/v2\/product_cat?post=74004"},{"taxonomy":"product_tag","embeddable":true,"href":"https:\/\/hi-techwonder.com\/es\/wp-json\/wp\/v2\/product_tag?post=74004"}],"curies":[{"name":"wp","href":"https:\/\/api.w.org\/{rel}","templated":true}]}}