{"id":74007,"date":"2025-07-29T09:48:46","date_gmt":"2025-07-29T09:48:46","guid":{"rendered":"https:\/\/fv6qoy3ls0.wpdns.site\/product\/sony-fe-135mm-f-1-8-gm\/"},"modified":"2026-01-30T09:13:45","modified_gmt":"2026-01-30T09:13:45","slug":"sony-fe-135mm-f-1-8-gm","status":"publish","type":"product","link":"https:\/\/hi-techwonder.com\/es\/producto\/sony-fe-135mm-f-1-8-gm\/","title":{"rendered":"SONY FE 135mm f\/1.8 GM"},"content":{"rendered":"<p><strong>LUCES<\/strong><\/p>\n<ul>\n<li>  Lente con montura E\/formato de fotograma completo<\/li>\n<li>  Rango de apertura: f\/1.8 a f\/22<\/li>\n<li>  Elemento XA, Super ED y elementos ED<\/li>\n<li>  Nano AR y recubrimientos de fl\u00faor<\/li>\n<\/ul>\n<p>  Premiado por su capacidad para aislar el enfoque, el FE 135mm f\/1.8 GM de Sony es un teleobjetivo medio caracterizado por su dise\u00f1o brillante y sofisticado. La apertura m\u00e1xima de f\/1.8 sobresale en condiciones de poca luz y tambi\u00e9n le brinda un mayor control sobre la profundidad de campo para trabajar con t\u00e9cnicas de enfoque selectivo. El dise\u00f1o \u00f3ptico avanzado incorpora dos elementos de dispersi\u00f3n ultrabaja, incluido un elemento Super ED, para reducir las aberraciones crom\u00e1ticas y un elemento XA (asf\u00e9rico extremo), que controla significativamente las aberraciones esf\u00e9ricas para un alto grado de nitidez y claridad de la imagen. Adem\u00e1s, se ha aplicado un recubrimiento Nano AR para limitar las im\u00e1genes fantasma y los destellos de la lente para aumentar el contraste y la fidelidad del color cuando se trabaja en condiciones de iluminaci\u00f3n intensa.   <\/p>\n<p>  Complementando los activos \u00f3pticos, este lente tambi\u00e9n se destaca por su inclusi\u00f3n de un diafragma circular de 11 hojas para producir un bokeh suave y de bordes suaves con im\u00e1genes de enfoque selectivo. Para controlar el enfoque, se emplea un sistema de motor lineal XD que es r\u00e1pido y silencioso, y tambi\u00e9n ofrece un control m\u00e1s sensible para la operaci\u00f3n de enfoque manual. El objetivo tambi\u00e9n cuenta con un dise\u00f1o a prueba de polvo y humedad para soportar disparos en condiciones adversas, y los botones de retenci\u00f3n de enfoque dedicados, el interruptor AF\/MF y el anillo de apertura manual proporcionan un mayor control durante el disparo.  <\/p>\n<ul>\n<li>  Como parte de la estimada serie G Master de Sony, este objetivo est\u00e1 dise\u00f1ado para lograr una resoluci\u00f3n y nitidez notablemente altas mediante la correcci\u00f3n de una amplia gama de aberraciones esf\u00e9ricas y crom\u00e1ticas. Adem\u00e1s, estos lentes cuentan con dise\u00f1os f\u00edsicos robustos que son intuitivos de manejar para beneficiar las aplicaciones de fotograf\u00eda y cine. <\/li>\n<li>  Con un teleobjetivo medio fijo dise\u00f1ado para c\u00e1maras sin espejo con montura E de fotograma completo, este 135 mm f\/1.8 tambi\u00e9n es compatible con los modelos APS-C, donde proporcionar\u00e1 una distancia focal equivalente a 202.5 mm.<\/li>\n<li>  La brillante apertura m\u00e1xima de f\/1.8 beneficia el trabajo en condiciones de iluminaci\u00f3n dif\u00edciles y tambi\u00e9n le brinda un amplio control sobre la posici\u00f3n de enfoque cuando se utilizan t\u00e9cnicas de poca profundidad de campo.<\/li>\n<li>  Se incorpora un elemento XA en el dise\u00f1o \u00f3ptico, que presenta una precisi\u00f3n de superficie superior para un control efectivo sobre el astigmatismo, la curvatura del campo, el coma y otras aberraciones esf\u00e9ricas.<\/li>\n<li>  Dos elementos de dispersi\u00f3n extra baja, incluido un elemento Super ED, se presentan en el dise\u00f1o de la lente y ayudan a reducir las aberraciones crom\u00e1ticas y las franjas de color para una mayor claridad y neutralidad del color.<\/li>\n<li>  Se ha aplicado un recubrimiento Nano AR para reducir los reflejos de la superficie, los destellos y las im\u00e1genes fantasma para aumentar el contraste y la reproducci\u00f3n del color en condiciones de iluminaci\u00f3n intensa.<\/li>\n<li>  Un sistema de motor lineal XD y un mecanismo de enfoque interno proporcionan un rendimiento de enfoque autom\u00e1tico r\u00e1pido, silencioso y preciso y tambi\u00e9n contribuyen a un control de enfoque manual m\u00e1s natural e intuitivo. Un interruptor AF\/MF se encuentra en el cilindro del objetivo para el control t\u00e1ctil de este ajuste. <\/li>\n<li>  Dos botones de retenci\u00f3n de enfoque personalizables est\u00e1n presentes en el cilindro de la lente para un control t\u00e1ctil intuitivo y un acceso r\u00e1pido a la configuraci\u00f3n seleccionada.<\/li>\n<li>  El anillo de apertura f\u00edsico se puede quitar para un cambio de apertura suave y silencioso para beneficiar las aplicaciones de video.<\/li>\n<li>  El dise\u00f1o sellado contra el polvo y la humedad le permite trabajar mejor en condiciones adversas, y los anillos de control de goma benefician el manejo en temperaturas m\u00e1s fr\u00edas.<\/li>\n<li>  El elemento frontal recubierto de fl\u00faor resiste el polvo, la humedad y las huellas dactilares y es f\u00e1cil de limpiar.<\/li>\n<li>  El diafragma redondeado de 11 hojas contribuye a una agradable calidad de bokeh cuando se emplean t\u00e9cnicas de enfoque selectivo.  <\/li>\n<\/ul>\n<table data-selenium=\"specsItemGroupTable\">\n<tbody>\n<tr data-selenium=\"specsItemGroupTableRow\">\n<td data-selenium=\"specsItemGroupTableColumnLabel\"> Distancia focal<\/td>\n<td data-selenium=\"specsItemGroupTableColumnValue\"> 135 mm <\/td>\n<\/tr>\n<tr data-selenium=\"specsItemGroupTableRow\">\n<td data-selenium=\"specsItemGroupTableColumnLabel\"> Apertura m\u00e1xima<\/td>\n<td data-selenium=\"specsItemGroupTableColumnValue\"> f\/1.8 <\/td>\n<\/tr>\n<tr data-selenium=\"specsItemGroupTableRow\">\n<td data-selenium=\"specsItemGroupTableColumnLabel\"> Apertura m\u00ednima<\/td>\n<td data-selenium=\"specsItemGroupTableColumnValue\"> f\/22 <\/td>\n<\/tr>\n<tr data-selenium=\"specsItemGroupTableRow\">\n<td data-selenium=\"specsItemGroupTableColumnValue\"> Montura de lente Sony E <\/td>\n<td data-selenium=\"specsItemGroupTableColumnLabel\"> <\/td>\n<\/tr>\n<tr data-selenium=\"specsItemGroupTableRow\">\n<td data-selenium=\"specsItemGroupTableColumnLabel\"> Compatibilidad con formato<\/td>\n<td data-selenium=\"specsItemGroupTableColumnValue\"> de fotograma completo <\/td>\n<\/tr>\n<tr data-selenium=\"specsItemGroupTableRow\">\n<td data-selenium=\"specsItemGroupTableColumnLabel\"> \u00c1ngulo de visi\u00f3n<\/td>\n<td data-selenium=\"specsItemGroupTableColumnValue\"> 18\u00b0 <\/td>\n<\/tr>\n<tr data-selenium=\"specsItemGroupTableRow\">\n<td data-selenium=\"specsItemGroupTableColumnLabel\"> Aumento m\u00e1ximo<\/td>\n<td data-selenium=\"specsItemGroupTableColumnValue\"> 0,25x <\/td>\n<\/tr>\n<tr data-selenium=\"specsItemGroupTableRow\">\n<td data-selenium=\"specsItemGroupTableColumnLabel\"> Distancia m\u00ednima de enfoque<\/td>\n<td data-selenium=\"specsItemGroupTableColumnValue\"> 2.3&#8242; \/ 70 cm <\/td>\n<\/tr>\n<tr data-selenium=\"specsItemGroupTableRow\">\n<td data-selenium=\"specsItemGroupTableColumnLabel\"> Dise\u00f1o \u00f3ptico<\/td>\n<td data-selenium=\"specsItemGroupTableColumnValue\"> 13 elementos en 10 grupos <\/td>\n<\/tr>\n<tr data-selenium=\"specsItemGroupTableRow\">\n<td data-selenium=\"specsItemGroupTableColumnLabel\"> Hojas de diafragma<\/td>\n<td data-selenium=\"specsItemGroupTableColumnValue\"> 11, redondeadas <\/td>\n<\/tr>\n<tr data-selenium=\"specsItemGroupTableRow\">\n<td data-selenium=\"specsItemGroupTableColumnLabel\"> Tipo de enfoque<\/td>\n<td data-selenium=\"specsItemGroupTableColumnValue\"> Enfoque autom\u00e1tico <\/td>\n<\/tr>\n<tr data-selenium=\"specsItemGroupTableRow\">\n<td data-selenium=\"specsItemGroupTableColumnLabel\"> Estabilizaci\u00f3n de imagen<\/td>\n<td data-selenium=\"specsItemGroupTableColumnValue\"> Ninguno <\/td>\n<\/tr>\n<tr data-selenium=\"specsItemGroupTableRow\">\n<td data-selenium=\"specsItemGroupTableColumnLabel\"> Tama\u00f1o del filtro<\/td>\n<td data-selenium=\"specsItemGroupTableColumnValue\"> 82 mm (frontal) <\/td>\n<\/tr>\n<tr data-selenium=\"specsItemGroupTableRow\">\n<td data-selenium=\"specsItemGroupTableColumnLabel\"> Dimensiones (\u00f8 x L)<\/td>\n<td data-selenium=\"specsItemGroupTableColumnValue\"> 3,5 x 5.000&#8243; \/ 89,5 x 127 mm <\/td>\n<\/tr>\n<tr data-selenium=\"specsItemGroupTableRow\">\n<td data-selenium=\"specsItemGroupTableColumnLabel\"> Peso<\/td>\n<td data-selenium=\"specsItemGroupTableColumnValue\"> 33.5 oz \/ 950 g<\/td>\n<\/tr>\n<\/tbody>\n<\/table>\n","protected":false},"excerpt":{"rendered":"<p>LUCES Lente con montura E\/formato de fotograma completo Rango de apertura: f\/1.8 a f\/22 Elemento XA, Super ED y elementos<\/p>\n","protected":false},"featured_media":54368,"comment_status":"closed","ping_status":"open","template":"","meta":{"_acf_changed":false},"product_brand":[2537],"product_cat":[1062],"product_tag":[],"class_list":{"0":"post-74007","1":"product","2":"type-product","3":"status-publish","4":"has-post-thumbnail","6":"product_brand-sony-es","7":"product_cat-mirrorless-objectivos","8":"pa_abertura-maxima-f-1-8-es","10":"first","11":"onbackorder","12":"taxable","13":"shipping-taxable","14":"purchasable","15":"product-type-simple"},"bundled_by":[],"bundle_stock_status":"onbackorder","bundle_stock_quantity":null,"bundle_virtual":false,"bundle_layout":"","bundle_add_to_cart_form_location":"","bundle_editable_in_cart":false,"bundle_sold_individually_context":"","bundle_item_grouping":"","bundle_min_size":"","bundle_max_size":"","bundle_price":[],"bundled_items":[],"bundle_sell_ids":[],"acf":[],"_links":{"self":[{"href":"https:\/\/hi-techwonder.com\/es\/wp-json\/wp\/v2\/product\/74007","targetHints":{"allow":["GET"]}}],"collection":[{"href":"https:\/\/hi-techwonder.com\/es\/wp-json\/wp\/v2\/product"}],"about":[{"href":"https:\/\/hi-techwonder.com\/es\/wp-json\/wp\/v2\/types\/product"}],"replies":[{"embeddable":true,"href":"https:\/\/hi-techwonder.com\/es\/wp-json\/wp\/v2\/comments?post=74007"}],"wp:featuredmedia":[{"embeddable":true,"href":"https:\/\/hi-techwonder.com\/es\/wp-json\/wp\/v2\/media\/54368"}],"wp:attachment":[{"href":"https:\/\/hi-techwonder.com\/es\/wp-json\/wp\/v2\/media?parent=74007"}],"wp:term":[{"taxonomy":"product_brand","embeddable":true,"href":"https:\/\/hi-techwonder.com\/es\/wp-json\/wp\/v2\/product_brand?post=74007"},{"taxonomy":"product_cat","embeddable":true,"href":"https:\/\/hi-techwonder.com\/es\/wp-json\/wp\/v2\/product_cat?post=74007"},{"taxonomy":"product_tag","embeddable":true,"href":"https:\/\/hi-techwonder.com\/es\/wp-json\/wp\/v2\/product_tag?post=74007"}],"curies":[{"name":"wp","href":"https:\/\/api.w.org\/{rel}","templated":true}]}}