{"id":74008,"date":"2025-07-29T09:47:58","date_gmt":"2025-07-29T09:47:58","guid":{"rendered":"https:\/\/fv6qoy3ls0.wpdns.site\/product\/sony-e-selp18105g-pz-18-105mm-f-4-g-oss\/"},"modified":"2026-01-30T09:13:25","modified_gmt":"2026-01-30T09:13:25","slug":"sony-e-selp18105g-pz-18-105mm-f-4-g-oss","status":"publish","type":"product","link":"https:\/\/hi-techwonder.com\/es\/producto\/sony-e-selp18105g-pz-18-105mm-f-4-g-oss\/","title":{"rendered":"SONY E SELP18105G PZ 18-105mm f\/4 G OSS"},"content":{"rendered":"<p><span style=\"font-size: small;\"><strong>ASPECTOS DESTACADOS DEL PRODUCTO<\/strong><\/p>\n<p><\/span><\/p>\n<ul>\n<li><span style=\"font-size: small;\">Lente de formato E-Mount\/APS-C<\/span><\/li>\n<li><span style=\"font-size: small;\">27-157,5 mm (equivalente a 35 mm)<\/span><\/li>\n<li><span style=\"font-size: small;\">Rango de apertura: f\/4 a f\/22<\/span><\/li>\n<li><span style=\"font-size: small;\">Dos elementos ED y tres asf\u00e9ricos<\/span><\/li>\n<li><span style=\"font-size: small;\">Potente palanca de zoom; Tecnolog\u00eda Handycam<\/span><\/li>\n<li><span style=\"font-size: small;\">Estabilizaci\u00f3n de imagen \u00f3ptica SteadyShot<\/span><\/li>\n<li><span style=\"font-size: small;\">Diafragma circular de siete hojas<\/span><\/li>\n<\/ul>\n<p><span style=\"font-size: small;\">&nbsp;<\/span><\/p>\n<p><span style=\"font-size: small;\">El objetivo Sony E PZ 18-105mm f\/4 G OSS es un objetivo zoom de amplio rango que proporciona un rango de distancia focal equivalente a 35 mm de 27-158 mm, que cubre perspectivas de gran angular a teleobjetivo. Una apertura m\u00e1xima constante de f\/4 proporciona un rendimiento constante en todo el rango de zoom y es especialmente beneficiosa cuando se trabaja con aumentos de zoom m\u00e1s altos en condiciones de poca luz. Tambi\u00e9n beneficia el trabajo con poca luz o en el extremo largo del rango de zoom la estabilizaci\u00f3n de imagen Optical SteadyShot, que funciona para minimizar la apariencia del movimiento de la c\u00e1mara hasta en cuatro pasos de velocidad de obturaci\u00f3n.  <\/span><\/p>\n<p><span style=\"font-size: small;\"><br \/>La construcci\u00f3n \u00f3ptica incorpora dos elementos de dispersi\u00f3n extra baja y tres elementos asf\u00e9ricos para minimizar la distorsi\u00f3n y las aberraciones crom\u00e1ticas, as\u00ed como para contribuir a im\u00e1genes generales m\u00e1s n\u00edtidas con contraste y claridad mejorados. La operaci\u00f3n de zoom interno utiliza la tecnolog\u00eda Handycam y un dise\u00f1o de eje flotante para ayudar a reducir el ruido durante el uso y proporcionar un zoom suave y controlado. Tambi\u00e9n se integra una palanca de zoom en el dise\u00f1o de la lente para facilitar el control de la velocidad del zoom con configuraciones de velocidad variables y fijas. Adem\u00e1s, est\u00e1 disponible un anillo de enfoque manual separado para proporcionar un manejo vers\u00e1til con respecto a la configuraci\u00f3n de las posiciones de enfoque y zoom simult\u00e1neamente.   <\/span><\/p>\n<p><span style=\"font-size: small;\">&nbsp;<\/span><\/p>\n<ul>\n<li><span style=\"font-size: small;\">El objetivo zoom proporciona un rango de distancia focal equivalente a 35 mm de 27-158 mm, que cubre perspectivas de gran angular a teleobjetivo.<\/span><\/li>\n<li><span style=\"font-size: small;\">La apertura m\u00e1xima constante de f\/4 permite una mayor consistencia en todo el rango del zoom y beneficia el trabajo en condiciones de poca luz con distancias focales m\u00e1s largas.<\/span><\/li>\n<li><span style=\"font-size: small;\">La estabilizaci\u00f3n de imagen SteadyShot \u00f3ptica funciona para minimizar la apariencia de movimiento de la c\u00e1mara hasta en cuatro pasos de velocidad de obturaci\u00f3n para beneficiar el disparo manual con poca luz y con aumentos de zoom m\u00e1s altos.<\/span><\/li>\n<li><span style=\"font-size: small;\">Dos elementos de dispersi\u00f3n extra baja y tres elementos asf\u00e9ricos ayudan a reducir las aberraciones crom\u00e1ticas y la distorsi\u00f3n en todo el rango del zoom, adem\u00e1s de contribuir a la nitidez y claridad general de la imagen.<\/span><\/li>\n<li><span style=\"font-size: small;\">Se utiliza la tecnolog\u00eda Handycam, junto con un dise\u00f1o de eje flotante, para proporcionar un rendimiento de zoom suave y silencioso adecuado para la grabaci\u00f3n de videos.<\/span><\/li>\n<li><span style=\"font-size: small;\">El zoom interno y el dise\u00f1o de enfoque ayudan a mantener una longitud de lente constante con un elemento frontal no giratorio para admitir el uso de filtros polarizadores.<\/span><\/li>\n<li><span style=\"font-size: small;\">La palanca de zoom permite un mayor control sobre la velocidad del zoom utilizando ajustes de velocidad variables o fijos.<\/span><\/li>\n<li><span style=\"font-size: small;\">El anillo de enfoque separado y dedicado permite la manipulaci\u00f3n directa del enfoque y le permite separar el zoom motorizado y los controles de enfoque manual para una mayor precisi\u00f3n.<\/span><\/li>\n<\/ul>\n<p><span style=\"font-size: small;\">&nbsp;<\/span><\/p>\n<p style=\"margin-bottom: 0cm;\"><span style=\"font-size: small;\">&nbsp;<\/span><\/p>\n<table style=\"width: 643px;\" border=\"0\" cellspacing=\"0\" cellpadding=\"2\">\n<colgroup>\n<col width=\"246\"><\/colgroup>\n<colgroup>\n<col width=\"389\"><\/colgroup>\n<tbody>\n<tr>\n<th colspan=\"2\" width=\"639\">\n<p style=\"padding: 0cm; font-style: normal; font-weight: normal;\"><span style=\"font-size: small;\"><a name=\"11011\"><\/a><span style=\"font-size: x-large;\">interino<\/span><\/span><\/p>\n<\/th>\n<\/tr>\n<tr>\n<td width=\"246\">\n<p style=\"padding: 0cm 0cm 0.53cm; border: medium medium 1px none none solid -moz-use-text-color -moz-use-text-color #e6e7e8;\"><span style=\"font-size: small;\">Distancia focal<\/span><\/p>\n<\/td>\n<td width=\"389\">\n<p style=\"padding: 0cm 0cm 0.53cm; border: medium medium 1px none none solid -moz-use-text-color -moz-use-text-color #e6e7e8;\"><span style=\"font-size: small;\">18 &#8211; 105 mm<br \/>Distancia focal comparable de 35 mm: 27 &#8211; 157,5 mm<\/span><\/p>\n<\/td>\n<\/tr>\n<tr>\n<td width=\"246\">\n<p style=\"padding: 0cm 0cm 0.53cm; border: medium medium 1px none none solid -moz-use-text-color -moz-use-text-color #e6e7e8;\"><span style=\"font-size: small;\">Abertura<\/span><\/p>\n<\/td>\n<td width=\"389\">\n<p style=\"padding: 0cm 0cm 0.53cm; border: medium medium 1px none none solid -moz-use-text-color -moz-use-text-color #e6e7e8;\"><span style=\"font-size: small;\">M\u00e1ximo: f\/4<br \/>M\u00ednimo: f\/22<\/span><\/p>\n<\/td>\n<\/tr>\n<tr>\n<td width=\"246\">\n<p style=\"padding: 0cm 0cm 0.53cm; border: medium medium 1px none none solid -moz-use-text-color -moz-use-text-color #e6e7e8;\"><span style=\"font-size: small;\">Tipo de montaje de la c\u00e1mara<\/span><\/p>\n<\/td>\n<td width=\"389\">\n<p style=\"padding: 0cm 0cm 0.53cm; border: medium medium 1px none none solid -moz-use-text-color -moz-use-text-color #e6e7e8;\"><span style=\"font-size: small;\">Sony (montura E para NEX)<\/span><\/p>\n<\/td>\n<\/tr>\n<tr>\n<td width=\"246\">\n<p style=\"padding: 0cm 0cm 0.53cm; border: medium medium 1px none none solid -moz-use-text-color -moz-use-text-color #e6e7e8;\"><span style=\"font-size: small;\">Compatibilidad de formatos<\/span><\/p>\n<\/td>\n<td width=\"389\">\n<p style=\"padding: 0cm 0cm 0.53cm; border: medium medium 1px none none solid -moz-use-text-color -moz-use-text-color #e6e7e8;\"><span style=\"font-size: small;\">APS-C<\/span><\/p>\n<\/td>\n<\/tr>\n<tr>\n<td width=\"246\">\n<p style=\"padding: 0cm 0cm 0.53cm; border: medium medium 1px none none solid -moz-use-text-color -moz-use-text-color #e6e7e8;\"><span style=\"font-size: small;\">\u00c1ngulo<\/span><\/p>\n<\/td>\n<td width=\"389\">\n<p style=\"padding: 0cm 0cm 0.53cm; border: medium medium 1px none none solid -moz-use-text-color -moz-use-text-color #e6e7e8;\"><span style=\"font-size: small;\">77,4\u00b0 &#8211; 15,6\u00b0<\/span><\/p>\n<\/td>\n<\/tr>\n<tr>\n<td width=\"246\">\n<p style=\"padding: 0cm 0cm 0.53cm; border: medium medium 1px none none solid -moz-use-text-color -moz-use-text-color #e6e7e8;\"><span style=\"font-size: small;\">Distancia m\u00ednima de enfoque<\/span><\/p>\n<\/td>\n<td width=\"389\">\n<p style=\"padding: 0cm 0cm 0.53cm; border: medium medium 1px none none solid -moz-use-text-color -moz-use-text-color #e6e7e8;\"><span style=\"font-size: small;\">1,48&#8242; (45 cm)<\/span><\/p>\n<\/td>\n<\/tr>\n<tr>\n<td width=\"246\">\n<p style=\"padding: 0cm 0cm 0.53cm; border: medium medium 1px none none solid -moz-use-text-color -moz-use-text-color #e6e7e8;\"><span style=\"font-size: small;\">Ampliaci\u00f3n<\/span><\/p>\n<\/td>\n<td width=\"389\">\n<p style=\"padding: 0cm 0cm 0.53cm; border: medium medium 1px none none solid -moz-use-text-color -moz-use-text-color #e6e7e8;\"><span style=\"font-size: small;\">0,11 veces<\/span><\/p>\n<\/td>\n<\/tr>\n<tr>\n<td width=\"246\">\n<p style=\"padding: 0cm 0cm 0.53cm; border: medium medium 1px none none solid -moz-use-text-color -moz-use-text-color #e6e7e8;\"><span style=\"font-size: small;\">Velocidad m\u00e1xima de reproducci\u00f3n<\/span><\/p>\n<\/td>\n<td width=\"389\">\n<p style=\"padding: 0cm 0cm 0.53cm; border: medium medium 1px none none solid -moz-use-text-color -moz-use-text-color #e6e7e8;\"><span style=\"font-size: small;\">1:9.1<\/span><\/p>\n<\/td>\n<\/tr>\n<tr>\n<td width=\"246\">\n<p style=\"padding: 0cm 0cm 0.53cm; border: medium medium 1px none none solid -moz-use-text-color -moz-use-text-color #e6e7e8;\"><span style=\"font-size: small;\">Elementos\/Grupos<\/span><\/p>\n<\/td>\n<td width=\"389\">\n<p style=\"padding: 0cm 0cm 0.53cm; border: medium medium 1px none none solid -moz-use-text-color -moz-use-text-color #e6e7e8;\"><span style=\"font-size: small;\">16\/12<\/span><\/p>\n<\/td>\n<\/tr>\n<tr>\n<td width=\"246\">\n<p style=\"padding: 0cm 0cm 0.53cm; border: medium medium 1px none none solid -moz-use-text-color -moz-use-text-color #e6e7e8;\"><span style=\"font-size: small;\">Hojas de diafragma<\/span><\/p>\n<\/td>\n<td width=\"389\">\n<p style=\"padding: 0cm 0cm 0.53cm; border: medium medium 1px none none solid -moz-use-text-color -moz-use-text-color #e6e7e8;\"><span style=\"font-size: small;\">7, redondeado<\/span><\/p>\n<\/td>\n<\/tr>\n<\/tbody>\n<\/table>\n<table style=\"width: 220px;\" border=\"0\" cellspacing=\"0\" cellpadding=\"2\">\n<colgroup>\n<col width=\"177\"><\/colgroup>\n<colgroup>\n<col width=\"35\"><\/colgroup>\n<tbody>\n<tr>\n<th colspan=\"2\" width=\"216\">\n<p style=\"padding: 0cm; font-style: normal; font-weight: normal;\"><span style=\"font-size: small;\"><a name=\"23001\"><\/a><span style=\"font-size: x-large;\">Recursos<\/span><\/span><\/p>\n<\/th>\n<\/tr>\n<tr>\n<td width=\"177\">\n<p style=\"padding: 0cm 0cm 0.53cm; border: medium medium 1px none none solid -moz-use-text-color -moz-use-text-color #e6e7e8;\"><span style=\"font-size: small;\">Estabilizaci\u00f3n de imagen<\/span><\/p>\n<\/td>\n<td width=\"35\">\n<p style=\"padding: 0cm 0cm 0.53cm; border: medium medium 1px none none solid -moz-use-text-color -moz-use-text-color #e6e7e8;\"><span style=\"font-size: small;\">S\u00ed<\/span><\/p>\n<\/td>\n<\/tr>\n<tr>\n<td width=\"177\">\n<p style=\"padding: 0cm 0cm 0.53cm; border: medium medium 1px none none solid -moz-use-text-color -moz-use-text-color #e6e7e8;\"><span style=\"font-size: small;\">Autom\u00e1tico<\/span><\/p>\n<\/td>\n<td width=\"35\">\n<p style=\"padding: 0cm 0cm 0.53cm; border: medium medium 1px none none solid -moz-use-text-color -moz-use-text-color #e6e7e8;\"><span style=\"font-size: small;\">S\u00ed<\/span><\/p>\n<\/td>\n<\/tr>\n<\/tbody>\n<\/table>\n<table style=\"width: 502px;\" border=\"0\" cellspacing=\"0\" cellpadding=\"2\">\n<colgroup>\n<col width=\"163\"><\/colgroup>\n<colgroup>\n<col width=\"331\"><\/colgroup>\n<tbody>\n<tr>\n<th colspan=\"2\" width=\"498\">\n<p style=\"padding: 0cm; font-style: normal; font-weight: normal;\"><span style=\"font-size: small;\"><a name=\"11501\"><\/a><span style=\"font-size: x-large;\">F\u00edsico<\/span><\/span><\/p>\n<\/th>\n<\/tr>\n<tr>\n<td width=\"163\">\n<p style=\"padding: 0cm 0cm 0.53cm; border: medium medium 1px none none solid -moz-use-text-color -moz-use-text-color #e6e7e8;\"><span style=\"font-size: small;\">Tema de filtro<\/span><\/p>\n<\/td>\n<td width=\"331\">\n<p style=\"padding: 0cm 0cm 0.53cm; border: medium medium 1px none none solid -moz-use-text-color -moz-use-text-color #e6e7e8;\"><span style=\"font-size: small;\">Frontal: 72 mm<\/span><\/p>\n<\/td>\n<\/tr>\n<tr>\n<td width=\"163\">\n<p style=\"padding: 0cm 0cm 0.53cm; border: medium medium 1px none none solid -moz-use-text-color -moz-use-text-color #e6e7e8;\"><span style=\"font-size: small;\">Dimensiones (DxL)<\/span><\/p>\n<\/td>\n<td width=\"331\">\n<p style=\"padding: 0cm 0cm 0.53cm; border: medium medium 1px none none solid -moz-use-text-color -moz-use-text-color #e6e7e8;\"><span style=\"font-size: small;\">Aproximadamente. 3,07 x 4,33&#8243; (78 x 110 mm) <\/span><\/p>\n<\/td>\n<\/tr>\n<tr>\n<td width=\"163\">\n<p style=\"padding: 0cm 0cm 0.53cm; border: medium medium 1px none none solid -moz-use-text-color -moz-use-text-color #e6e7e8;\"><span style=\"font-size: small;\">Peso<\/span><\/p>\n<\/td>\n<td width=\"331\">\n<p style=\"padding: 0cm 0cm 0.53cm; border: medium medium 1px none none solid -moz-use-text-color -moz-use-text-color #e6e7e8;\"><span style=\"font-size: small;\">427 g (15,06 oz)<\/span><\/p>\n<\/td>\n<\/tr>\n<\/tbody>\n<\/table>\n<p style=\"margin-bottom: 0cm;\"><span style=\"font-size: small;\">&nbsp;<\/span><\/p>\n<p><span style=\"font-size: small;\">&nbsp;<\/span><\/p>\n","protected":false},"excerpt":{"rendered":"<p>ASPECTOS DESTACADOS DEL PRODUCTO Lente de formato E-Mount\/APS-C 27-157,5 mm (equivalente a 35 mm) Rango de apertura: f\/4 a f\/22<\/p>\n","protected":false},"featured_media":54266,"comment_status":"closed","ping_status":"open","template":"","meta":{"_acf_changed":false},"product_brand":[2537],"product_cat":[1062],"product_tag":[],"class_list":{"0":"post-74008","1":"product","2":"type-product","3":"status-publish","4":"has-post-thumbnail","6":"product_brand-sony-es","7":"product_cat-mirrorless-objectivos","8":"pa_abertura-maxima-f-4-es","10":"first","11":"onbackorder","12":"taxable","13":"shipping-taxable","14":"purchasable","15":"product-type-simple"},"bundled_by":[],"bundle_stock_status":"onbackorder","bundle_stock_quantity":null,"bundle_virtual":false,"bundle_layout":"","bundle_add_to_cart_form_location":"","bundle_editable_in_cart":false,"bundle_sold_individually_context":"","bundle_item_grouping":"","bundle_min_size":"","bundle_max_size":"","bundle_price":[],"bundled_items":[],"bundle_sell_ids":[],"acf":[],"_links":{"self":[{"href":"https:\/\/hi-techwonder.com\/es\/wp-json\/wp\/v2\/product\/74008","targetHints":{"allow":["GET"]}}],"collection":[{"href":"https:\/\/hi-techwonder.com\/es\/wp-json\/wp\/v2\/product"}],"about":[{"href":"https:\/\/hi-techwonder.com\/es\/wp-json\/wp\/v2\/types\/product"}],"replies":[{"embeddable":true,"href":"https:\/\/hi-techwonder.com\/es\/wp-json\/wp\/v2\/comments?post=74008"}],"wp:featuredmedia":[{"embeddable":true,"href":"https:\/\/hi-techwonder.com\/es\/wp-json\/wp\/v2\/media\/54266"}],"wp:attachment":[{"href":"https:\/\/hi-techwonder.com\/es\/wp-json\/wp\/v2\/media?parent=74008"}],"wp:term":[{"taxonomy":"product_brand","embeddable":true,"href":"https:\/\/hi-techwonder.com\/es\/wp-json\/wp\/v2\/product_brand?post=74008"},{"taxonomy":"product_cat","embeddable":true,"href":"https:\/\/hi-techwonder.com\/es\/wp-json\/wp\/v2\/product_cat?post=74008"},{"taxonomy":"product_tag","embeddable":true,"href":"https:\/\/hi-techwonder.com\/es\/wp-json\/wp\/v2\/product_tag?post=74008"}],"curies":[{"name":"wp","href":"https:\/\/api.w.org\/{rel}","templated":true}]}}