{"id":74009,"date":"2025-07-29T09:47:21","date_gmt":"2025-07-29T09:47:21","guid":{"rendered":"https:\/\/fv6qoy3ls0.wpdns.site\/product\/lente-sony-fe-28-70mm-f-3-5-5-6-oss-bulk\/"},"modified":"2026-04-17T14:21:34","modified_gmt":"2026-04-17T13:21:34","slug":"sony-lente-sony-fe-28-70mm-f-3-5-5-6-oss-bulk","status":"publish","type":"product","link":"https:\/\/hi-techwonder.com\/es\/producto\/sony-lente-sony-fe-28-70mm-f-3-5-5-6-oss-bulk\/","title":{"rendered":"Lente SONY FE 28-70mm f\/3.5-5.6 OSS (BULK)"},"content":{"rendered":"<p><span style=\"font-size: small\"><strong>Lente nueva sin usar con una garant\u00eda de 3 a\u00f1os. Desde kits separados de c\u00e1mara + lente para la venta individual de componentes. &nbsp;<\/strong><\/span><\/p>\n<p><span style=\"font-size: small\"><strong><br \/><\/strong><\/span><\/p>\n<p><span style=\"font-size: small\"><strong>ASPECTOS DESTACADOS DEL PRODUCTO<\/strong><\/p>\n<p><\/span><\/p>\n<ul>\n<li> <span style=\"font-size: small\">Montura de fotograma completo Sony E<\/span><\/li>\n<li> <span style=\"font-size: small\">Rango de apertura: f\/3.5 a f\/36<\/span><\/li>\n<li> <span style=\"font-size: small\">Un ED y tres elementos asf\u00e9ricos<\/span><\/li>\n<li> <span style=\"font-size: small\">Estabilizaci\u00f3n de imagen \u00f3ptica SteadyShot<\/span><\/li>\n<li> <span style=\"font-size: small\">Construcci\u00f3n resistente al polvo y la humedad<\/span><\/li>\n<li> <span style=\"font-size: small\">Diafragma circular de siete hojas<\/span><\/li>\n<\/ul>\n<p> <span style=\"font-size: small\"><br \/>El objetivo Sony FE 28-70mm f\/3.5-5.6 OSS es un objetivo zoom gran angular vers\u00e1til, compacto y ligero dise\u00f1ado espec\u00edficamente para c\u00e1maras de fotograma completo con montura E. Tambi\u00e9n es compatible con sensores de imagen de tama\u00f1o APS-C y proporcionar\u00e1 un rango de distancia focal equivalente a 35 mm de 42-105 mm. Cuando se trata de dise\u00f1o \u00f3ptico, tres elementos asf\u00e9ricos y un elemento de dispersi\u00f3n extra baja ayudan a reducir las aberraciones y distorsiones, lo que contribuye a una notable nitidez y claridad de la imagen.  <\/p>\n<p>  Este objetivo tambi\u00e9n integra la estabilizaci\u00f3n de imagen Optical SteadyShot para disminuir la apariencia de movimiento de la c\u00e1mara cuando se trabaja en condiciones de poca luz o con distancias focales m\u00e1s largas. Adem\u00e1s, una construcci\u00f3n resistente al polvo y la humedad garantiza el uso de este objetivo en condiciones ambientales dif\u00edciles. <\/p>\n<p><\/span><\/p>\n<ul>\n<li> <span style=\"font-size: small\">Este objetivo zoom de gama media de 28-70 mm cubre perspectivas de gran angular a retrato y es compatible para su uso en sensores de imagen APS-C y de fotograma completo; cuando se usa en un sensor de tama\u00f1o APS-C, el rango de distancia focal equivalente a 35 mm ser\u00e1 de 42 a 105 mm.<\/span><\/li>\n<li> <span style=\"font-size: small\">Tres elementos asf\u00e9ricos y un elemento de dispersi\u00f3n extra baja ayudan a minimizar las aberraciones y distorsiones en todo el rango del zoom, lo que contribuye a una alta claridad general.<\/span><\/li>\n<li> <span style=\"font-size: small\">La estabilizaci\u00f3n de imagen \u00f3ptica SteadyShot minimiza la apariencia del movimiento de la c\u00e1mara para adaptarse mejor al trabajo con velocidades de obturaci\u00f3n y distancias focales de teleobjetivo m\u00e1s largas.<\/span><\/li>\n<li> <span style=\"font-size: small\">El dise\u00f1o resistente al polvo y la humedad proporciona un rendimiento constante cuando se trabaja en condiciones ambientales adversas.<\/span><\/li>\n<li> <span style=\"font-size: small\">El diafragma circular de siete hojas proporciona una calidad de desenfoque suave que es adecuada para im\u00e1genes de poca profundidad de campo.<\/span><\/li>\n<\/ul>\n<p> <span style=\"font-size: small\">&nbsp;<\/span> <\/p>\n<table style=\"font-size: 12px;border: 0px none;vertical-align: baseline;margin: 0px 0px 35px;padding: 0px;border-collapse: collapse;border-spacing: 0px;font-style: normal;font-variant: normal;font-weight: normal;line-height: 20px;clear: both;width: 866.667px;color: #595959;letter-spacing: normal;text-align: left;text-indent: 0px;text-transform: none;white-space: normal;background: transparent none repeat scroll 0% 0%\" border=\"1\">\n<tbody style=\"font-size: inherit;border: 0px none;vertical-align: baseline;margin: 0px;padding: 0px;font-style: inherit;font-variant: inherit;font-weight: inherit;line-height: inherit;background: transparent none repeat scroll 0% 0%\">\n<tr style=\"font-size: inherit;border-width: 0px 0px 1px;border-bottom: 1px solid #e4e5e4;vertical-align: baseline;margin: 0px;padding: 0px;font-style: inherit;font-variant: inherit;font-weight: inherit;line-height: inherit;background: transparent none repeat scroll 0% 0%\">\n<th style=\"border: 0px none;vertical-align: baseline;margin: 0px;padding: 0px 0px 5px;text-align: left;font-style: inherit;font-variant: inherit;font-weight: inherit;line-height: inherit;text-indent: 0px;background: transparent none repeat scroll 0% 0%\" colspan=\"2\"><span style=\"font-size: small\"><a name=\"11011\"><\/a><\/span> <\/th>\n<\/tr>\n<tr style=\"font-size: inherit;border-width: 0px 0px 1px;border-bottom: 1px solid #e4e5e4;vertical-align: baseline;margin: 0px;padding: 0px;font-style: inherit;font-variant: inherit;font-weight: inherit;line-height: inherit;background: transparent none repeat scroll 0% 0%\">\n<td style=\"border: 0px none;vertical-align: baseline;margin: 0px;padding: 10px 0px 10px 10px;font-style: inherit;font-variant: inherit;font-weight: bold;line-height: 21px;text-align: left;width: 175px;background: transparent none repeat scroll 0% 0%\"> <span style=\"font-size: small\">Distancia focal<\/span> <\/td>\n<td style=\"border: 0px none;vertical-align: baseline;margin: 0px;padding: 10px 0px 10px 10px;font-style: inherit;font-variant: inherit;font-weight: inherit;line-height: 21px;text-align: left;background: transparent none repeat scroll 0% 0%\"> <span style=\"font-size: small\">28 &#8211; 70 mm<br \/> Distancia focal APS-C comparable: 42 &#8211; 105 mm<\/span> <\/td>\n<\/tr>\n<tr style=\"font-size: inherit;border-width: 0px 0px 1px;border-bottom: 1px solid #e4e5e4;vertical-align: baseline;margin: 0px;padding: 0px;font-style: inherit;font-variant: inherit;font-weight: inherit;line-height: inherit;background: transparent none repeat scroll 0% 0%\">\n<td style=\"border: 0px none;vertical-align: baseline;margin: 0px;padding: 10px 0px 10px 10px;font-style: inherit;font-variant: inherit;font-weight: bold;line-height: 21px;text-align: left;width: 175px;background: transparent none repeat scroll 0% 0%\"> <span style=\"font-size: small\">Abertura<\/span> <\/td>\n<td style=\"border: 0px none;vertical-align: baseline;margin: 0px;padding: 10px 0px 10px 10px;font-style: inherit;font-variant: inherit;font-weight: inherit;line-height: 21px;text-align: left;background: transparent none repeat scroll 0% 0%\"> <span style=\"font-size: small\">M\u00e1ximo: f\/3.5 &#8211; 5.6<br \/> M\u00ednimo: f\/22 &#8211; 36<\/span> <\/td>\n<\/tr>\n<tr style=\"font-size: inherit;border-width: 0px 0px 1px;border-bottom: 1px solid #e4e5e4;vertical-align: baseline;margin: 0px;padding: 0px;font-style: inherit;font-variant: inherit;font-weight: inherit;line-height: inherit;background: transparent none repeat scroll 0% 0%\">\n<td style=\"border: 0px none;vertical-align: baseline;margin: 0px;padding: 10px 0px 10px 10px;font-style: inherit;font-variant: inherit;font-weight: bold;line-height: 21px;text-align: left;width: 175px;background: transparent none repeat scroll 0% 0%\"><span style=\"font-size: small\">Tipo de montaje de la c\u00e1mara<\/span> <\/td>\n<td style=\"border: 0px none;vertical-align: baseline;margin: 0px;padding: 10px 0px 10px 10px;font-style: inherit;font-variant: inherit;font-weight: inherit;line-height: 21px;text-align: left;background: transparent none repeat scroll 0% 0%\"> <span style=\"font-size: small\">Sony E (fotograma completo)<\/span> <\/td>\n<\/tr>\n<tr style=\"font-size: inherit;border-width: 0px 0px 1px;border-bottom: 1px solid #e4e5e4;vertical-align: baseline;margin: 0px;padding: 0px;font-style: inherit;font-variant: inherit;font-weight: inherit;line-height: inherit;background: transparent none repeat scroll 0% 0%\">\n<td style=\"border: 0px none;vertical-align: baseline;margin: 0px;padding: 10px 0px 10px 10px;font-style: inherit;font-variant: inherit;font-weight: bold;line-height: 21px;text-align: left;width: 175px;background: transparent none repeat scroll 0% 0%\"> <span style=\"font-size: small\">Compatibilidad de formatos<\/span> <\/td>\n<td style=\"border: 0px none;vertical-align: baseline;margin: 0px;padding: 10px 0px 10px 10px;font-style: inherit;font-variant: inherit;font-weight: inherit;line-height: 21px;text-align: left;background: transparent none repeat scroll 0% 0%\"> <span style=\"font-size: small\">Pel\u00edcula de 35 mm \/ sensor digital de fotograma completo<br \/> APS-C<\/span> <\/td>\n<\/tr>\n<tr style=\"font-size: inherit;border-width: 0px 0px 1px;border-bottom: 1px solid #e4e5e4;vertical-align: baseline;margin: 0px;padding: 0px;font-style: inherit;font-variant: inherit;font-weight: inherit;line-height: inherit;background: transparent none repeat scroll 0% 0%\">\n<td style=\"border: 0px none;vertical-align: baseline;margin: 0px;padding: 10px 0px 10px 10px;font-style: inherit;font-variant: inherit;font-weight: bold;line-height: 21px;text-align: left;width: 175px;background: transparent none repeat scroll 0% 0%\"> <span style=\"font-size: small\">\u00c1ngulo de visi\u00f3n<\/span> <\/td>\n<td style=\"border: 0px none;vertical-align: baseline;margin: 0px;padding: 10px 0px 10px 10px;font-style: inherit;font-variant: inherit;font-weight: inherit;line-height: 21px;text-align: left;background: transparent none repeat scroll 0% 0%\"> <span style=\"font-size: small\">75\u00b0 &#8211; 34\u00b0<br \/> \u00c1ngulo de imagen APS-C: 54\u00b0 &#8211; 23\u00b0<\/span> <\/td>\n<\/tr>\n<tr style=\"font-size: inherit;border-width: 0px 0px 1px;border-bottom: 1px solid #e4e5e4;vertical-align: baseline;margin: 0px;padding: 0px;font-style: inherit;font-variant: inherit;font-weight: inherit;line-height: inherit;background: transparent none repeat scroll 0% 0%\">\n<td style=\"border: 0px none;vertical-align: baseline;margin: 0px;padding: 10px 0px 10px 10px;font-style: inherit;font-variant: inherit;font-weight: bold;line-height: 21px;text-align: left;width: 175px;background: transparent none repeat scroll 0% 0%\"><span style=\"font-size: small\">Distancia m\u00ednima de enfoque<\/span> <\/td>\n<td style=\"border: 0px none;vertical-align: baseline;margin: 0px;padding: 10px 0px 10px 10px;font-style: inherit;font-variant: inherit;font-weight: inherit;line-height: 21px;text-align: left;background: transparent none repeat scroll 0% 0%\"> <span style=\"font-size: small\">11,81&#8243; (30 cm)<\/span> <\/td>\n<\/tr>\n<tr style=\"font-size: inherit;border-width: 0px 0px 1px;border-bottom: 1px solid #e4e5e4;vertical-align: baseline;margin: 0px;padding: 0px;font-style: inherit;font-variant: inherit;font-weight: inherit;line-height: inherit;background: transparent none repeat scroll 0% 0%\">\n<td style=\"border: 0px none;vertical-align: baseline;margin: 0px;padding: 10px 0px 10px 10px;font-style: inherit;font-variant: inherit;font-weight: bold;line-height: 21px;text-align: left;width: 175px;background: transparent none repeat scroll 0% 0%\"><span style=\"font-size: small\">Ampliaci\u00f3n<\/span> <\/td>\n<td style=\"border: 0px none;vertical-align: baseline;margin: 0px;padding: 10px 0px 10px 10px;font-style: inherit;font-variant: inherit;font-weight: inherit;line-height: 21px;text-align: left;background: transparent none repeat scroll 0% 0%\"> <span style=\"font-size: small\">0,19 veces<\/span> <\/td>\n<\/tr>\n<tr style=\"font-size: inherit;border-width: 0px 0px 1px;border-bottom: 1px solid #e4e5e4;vertical-align: baseline;margin: 0px;padding: 0px;font-style: inherit;font-variant: inherit;font-weight: inherit;line-height: inherit;background: transparent none repeat scroll 0% 0%\">\n<td style=\"border: 0px none;vertical-align: baseline;margin: 0px;padding: 10px 0px 10px 10px;font-style: inherit;font-variant: inherit;font-weight: bold;line-height: 21px;text-align: left;width: 175px;background: transparent none repeat scroll 0% 0%\"><span style=\"font-size: small\">Elementos\/Grupos<\/span> <\/td>\n<td style=\"border: 0px none;vertical-align: baseline;margin: 0px;padding: 10px 0px 10px 10px;font-style: inherit;font-variant: inherit;font-weight: inherit;line-height: 21px;text-align: left;background: transparent none repeat scroll 0% 0%\"> <span style=\"font-size: small\">08\/09<\/span> <\/td>\n<\/tr>\n<tr style=\"font-size: inherit;border-width: 0px 0px 1px;border-bottom: 1px solid #e4e5e4;vertical-align: baseline;margin: 0px;padding: 0px;font-style: inherit;font-variant: inherit;font-weight: inherit;line-height: inherit;background: transparent none repeat scroll 0% 0%\">\n<td style=\"border: 0px none;vertical-align: baseline;margin: 0px;padding: 10px 0px 10px 10px;font-style: inherit;font-variant: inherit;font-weight: inherit;line-height: 21px;text-align: left;background: transparent none repeat scroll 0% 0%\"> <span style=\"font-size: small\">Hojas de<\/span><\/td>\n<td style=\"border: 0px none;vertical-align: baseline;margin: 0px;padding: 10px 0px 10px 10px;font-style: inherit;font-variant: inherit;font-weight: bold;line-height: 21px;text-align: left;width: 175px;background: transparent none repeat scroll 0% 0%\"> <span style=\"font-size: small\">diafragma<\/span> <\/td>\n<p> 7<\/tr>\n<\/tbody>\n<\/table>\n<p><span style=\"font-size: small\"> <\/span><\/p>\n<table style=\"font-size: 12px;border: 0px none;vertical-align: baseline;margin: 0px 0px 35px;padding: 0px;border-collapse: collapse;border-spacing: 0px;font-style: normal;font-variant: normal;font-weight: normal;line-height: 20px;clear: both;width: 866.667px;color: #595959;letter-spacing: normal;text-align: left;text-indent: 0px;text-transform: none;white-space: normal;background: transparent none repeat scroll 0% 0%\" border=\"1\">\n<tbody style=\"font-size: inherit;border: 0px none;vertical-align: baseline;margin: 0px;padding: 0px;font-style: inherit;font-variant: inherit;font-weight: inherit;line-height: inherit;background: transparent none repeat scroll 0% 0%\">\n<tr style=\"font-size: inherit;border-width: 0px 0px 1px;border-bottom: 1px solid #e4e5e4;vertical-align: baseline;margin: 0px;padding: 0px;font-style: inherit;font-variant: inherit;font-weight: inherit;line-height: inherit;background: transparent none repeat scroll 0% 0%\">\n<th style=\"border: 0px none;vertical-align: baseline;margin: 0px;padding: 0px 0px 5px;text-align: left;font-style: inherit;font-variant: inherit;font-weight: inherit;line-height: inherit;text-indent: 0px;background: transparent none repeat scroll 0% 0%\" colspan=\"2\"><span style=\"font-size: small\"><a name=\"23001\"><\/a><\/span> <\/th>\n<\/tr>\n<tr style=\"font-size: inherit;border-width: 0px 0px 1px;border-bottom: 1px solid #e4e5e4;vertical-align: baseline;margin: 0px;padding: 0px;font-style: inherit;font-variant: inherit;font-weight: inherit;line-height: inherit;background: transparent none repeat scroll 0% 0%\">\n<td style=\"border: 0px none;vertical-align: baseline;margin: 0px;padding: 10px 0px 10px 10px;font-style: inherit;font-variant: inherit;font-weight: bold;line-height: 21px;text-align: left;width: 175px;background: transparent none repeat scroll 0% 0%\"><span style=\"font-size: small\">Estabilizaci\u00f3n de imagen<\/span> <\/td>\n<td style=\"border: 0px none;vertical-align: baseline;margin: 0px;padding: 10px 0px 10px 10px;font-style: inherit;font-variant: inherit;font-weight: inherit;line-height: 21px;text-align: left;background: transparent none repeat scroll 0% 0%\"> <span style=\"font-size: small\">S\u00ed<\/span> <\/td>\n<\/tr>\n<tr style=\"font-size: inherit;border-width: 0px 0px 1px;border-bottom: 1px solid #e4e5e4;vertical-align: baseline;margin: 0px;padding: 0px;font-style: inherit;font-variant: inherit;font-weight: inherit;line-height: inherit;background: transparent none repeat scroll 0% 0%\">\n<td style=\"border: 0px none;vertical-align: baseline;margin: 0px;padding: 10px 0px 10px 10px;font-style: inherit;font-variant: inherit;font-weight: bold;line-height: 21px;text-align: left;width: 175px;background: transparent none repeat scroll 0% 0%\"> <span style=\"font-size: small\">Enfoque autom\u00e1tico<\/span> <\/td>\n<td style=\"border: 0px none;vertical-align: baseline;margin: 0px;padding: 10px 0px 10px 10px;font-style: inherit;font-variant: inherit;font-weight: inherit;line-height: 21px;text-align: left;background: transparent none repeat scroll 0% 0%\"> <span style=\"font-size: small\">S\u00ed<\/span><\/td>\n<\/tr>\n<\/tbody>\n<\/table>\n<p><span style=\"font-size: small\"> <\/span><\/p>\n<table style=\"font-size: 12px;border: 0px none;vertical-align: baseline;margin: 0px 0px 35px;padding: 0px;border-collapse: collapse;border-spacing: 0px;font-style: normal;font-variant: normal;font-weight: normal;line-height: 20px;clear: both;width: 866.667px;color: #595959;letter-spacing: normal;text-align: left;text-indent: 0px;text-transform: none;white-space: normal;background: transparent none repeat scroll 0% 0%\" border=\"1\">\n<tbody style=\"font-size: inherit;border: 0px none;vertical-align: baseline;margin: 0px;padding: 0px;font-style: inherit;font-variant: inherit;font-weight: inherit;line-height: inherit;background: transparent none repeat scroll 0% 0%\">\n<tr style=\"font-size: inherit;border-width: 0px 0px 1px;border-bottom: 1px solid #e4e5e4;vertical-align: baseline;margin: 0px;padding: 0px;font-style: inherit;font-variant: inherit;font-weight: inherit;line-height: inherit;background: transparent none repeat scroll 0% 0%\">\n<th style=\"border: 0px none;vertical-align: baseline;margin: 0px;padding: 0px 0px 5px;text-align: left;font-style: inherit;font-variant: inherit;font-weight: inherit;line-height: inherit;text-indent: 0px;background: transparent none repeat scroll 0% 0%\" colspan=\"2\"><span style=\"font-size: small\"><a name=\"11501\"><\/a><\/span> <\/th>\n<\/tr>\n<tr style=\"font-size: inherit;border-width: 0px 0px 1px;border-bottom: 1px solid #e4e5e4;vertical-align: baseline;margin: 0px;padding: 0px;font-style: inherit;font-variant: inherit;font-weight: inherit;line-height: inherit;background: transparent none repeat scroll 0% 0%\">\n<td style=\"border: 0px none;vertical-align: baseline;margin: 0px;padding: 10px 0px 10px 10px;font-style: inherit;font-variant: inherit;font-weight: bold;line-height: 21px;text-align: left;width: 175px;background: transparent none repeat scroll 0% 0%\"><span style=\"font-size: small\">Tema de filtro<\/span> <\/td>\n<td style=\"border: 0px none;vertical-align: baseline;margin: 0px;padding: 10px 0px 10px 10px;font-style: inherit;font-variant: inherit;font-weight: inherit;line-height: 21px;text-align: left;background: transparent none repeat scroll 0% 0%\"> <span style=\"font-size: small\">Frontal: 55 mm<\/span> <\/td>\n<\/tr>\n<tr style=\"font-size: inherit;border-width: 0px 0px 1px;border-bottom: 1px solid #e4e5e4;vertical-align: baseline;margin: 0px;padding: 0px;font-style: inherit;font-variant: inherit;font-weight: inherit;line-height: inherit;background: transparent none repeat scroll 0% 0%\">\n<td style=\"border: 0px none;vertical-align: baseline;margin: 0px;padding: 10px 0px 10px 10px;font-style: inherit;font-variant: inherit;font-weight: bold;line-height: 21px;text-align: left;width: 175px;background: transparent none repeat scroll 0% 0%\"> <span style=\"font-size: small\">Dimensiones (DxL)<\/span> <\/td>\n<td style=\"border: 0px none;vertical-align: baseline;margin: 0px;padding: 10px 0px 10px 10px;font-style: inherit;font-variant: inherit;font-weight: inherit;line-height: 21px;text-align: left;background: transparent none repeat scroll 0% 0%\"> <span style=\"font-size: small\">Aproximadamente. 2,85 x 3,27&#8243; (72,5 x 83 mm) <\/span> <\/td>\n<\/tr>\n<tr style=\"font-size: inherit;border-width: 0px 0px 1px;border-bottom: 1px solid #e4e5e4;vertical-align: baseline;margin: 0px;padding: 0px;font-style: inherit;font-variant: inherit;font-weight: inherit;line-height: inherit;background: transparent none repeat scroll 0% 0%\">\n<td style=\"border: 0px none;vertical-align: baseline;margin: 0px;padding: 10px 0px 10px 10px;font-style: inherit;font-variant: inherit;font-weight: bold;line-height: 21px;text-align: left;width: 175px;background: transparent none repeat scroll 0% 0%\"> <span style=\"font-size: small\">Peso<\/span> <\/td>\n<td style=\"border: 0px none;vertical-align: baseline;margin: 0px;padding: 10px 0px 10px 10px;font-style: inherit;font-variant: inherit;font-weight: inherit;line-height: 21px;text-align: left;background: transparent none repeat scroll 0% 0%\"> <span style=\"font-size: small\">: 10,41 onzas (295 g)<\/span><\/td>\n<\/tr>\n<\/tbody>\n<\/table>\n<p> <span style=\"font-size: small\">&nbsp;<\/span><\/p>\n","protected":false},"excerpt":{"rendered":"<p>Lente nueva sin usar con una garant\u00eda de 3 a\u00f1os. Desde kits separados de c\u00e1mara + lente para la venta<\/p>\n","protected":false},"featured_media":54218,"comment_status":"closed","ping_status":"open","template":"","meta":{"_acf_changed":false},"product_brand":[2537],"product_cat":[1062],"product_tag":[],"class_list":{"0":"post-74009","1":"product","2":"type-product","3":"status-publish","4":"has-post-thumbnail","6":"product_brand-sony-es","7":"product_cat-mirrorless-objectivos","8":"pa_abertura-maxima-f-3-5-5-6-es","10":"first","11":"outofstock","12":"taxable","13":"shipping-taxable","14":"purchasable","15":"product-type-simple"},"bundled_by":[],"bundle_stock_status":"outofstock","bundle_stock_quantity":0,"bundle_virtual":false,"bundle_layout":"","bundle_add_to_cart_form_location":"","bundle_editable_in_cart":false,"bundle_sold_individually_context":"","bundle_item_grouping":"","bundle_min_size":"","bundle_max_size":"","bundle_price":[],"bundled_items":[],"bundle_sell_ids":[],"acf":[],"_links":{"self":[{"href":"https:\/\/hi-techwonder.com\/es\/wp-json\/wp\/v2\/product\/74009","targetHints":{"allow":["GET"]}}],"collection":[{"href":"https:\/\/hi-techwonder.com\/es\/wp-json\/wp\/v2\/product"}],"about":[{"href":"https:\/\/hi-techwonder.com\/es\/wp-json\/wp\/v2\/types\/product"}],"replies":[{"embeddable":true,"href":"https:\/\/hi-techwonder.com\/es\/wp-json\/wp\/v2\/comments?post=74009"}],"wp:featuredmedia":[{"embeddable":true,"href":"https:\/\/hi-techwonder.com\/es\/wp-json\/wp\/v2\/media\/54218"}],"wp:attachment":[{"href":"https:\/\/hi-techwonder.com\/es\/wp-json\/wp\/v2\/media?parent=74009"}],"wp:term":[{"taxonomy":"product_brand","embeddable":true,"href":"https:\/\/hi-techwonder.com\/es\/wp-json\/wp\/v2\/product_brand?post=74009"},{"taxonomy":"product_cat","embeddable":true,"href":"https:\/\/hi-techwonder.com\/es\/wp-json\/wp\/v2\/product_cat?post=74009"},{"taxonomy":"product_tag","embeddable":true,"href":"https:\/\/hi-techwonder.com\/es\/wp-json\/wp\/v2\/product_tag?post=74009"}],"curies":[{"name":"wp","href":"https:\/\/api.w.org\/{rel}","templated":true}]}}