{"id":74010,"date":"2025-07-29T09:48:12","date_gmt":"2025-07-29T09:48:12","guid":{"rendered":"https:\/\/fv6qoy3ls0.wpdns.site\/product\/sony-fe-70-200mm-f-2-8-gm-oss\/"},"modified":"2026-01-30T09:13:29","modified_gmt":"2026-01-30T09:13:29","slug":"sony-fe-70-200mm-f-2-8-gm-oss","status":"publish","type":"product","link":"https:\/\/hi-techwonder.com\/es\/producto\/sony-fe-70-200mm-f-2-8-gm-oss\/","title":{"rendered":"SONY FE 70-200mm f\/2.8 GM OSS"},"content":{"rendered":"<p><span style=\"font-size: small;\"><strong>ASPECTOS DESTACADOS DEL PRODUCTO<\/strong><\/p>\n<p><\/span><\/p>\n<ul>\n<li> <span style=\"font-size: small;\">Lente con montura E\/formato de fotograma completo<\/span><\/li>\n<li> <span style=\"font-size: small;\">Rango de apertura: f\/2.8 a f\/22<\/span><\/li>\n<li> <span style=\"font-size: small;\">Un elemento XA, dos elementos asf\u00e9ricos<\/span><\/li>\n<li> <span style=\"font-size: small;\">Cuatro elementos ED, dos elementos Super ED<\/span><\/li>\n<li> <span style=\"font-size: small;\">Recubrimiento Nano AR y recubrimiento de fl\u00faor<\/span><\/li>\n<li> <span style=\"font-size: small;\">Sistema de enfoque lineal SSM<\/span><\/li>\n<li> <span style=\"font-size: small;\">Estabilizaci\u00f3n de imagen \u00f3ptica SteadyShot<\/span><\/li>\n<li> <span style=\"font-size: small;\">Enfoque interno, limitador de rango de enfoque<\/span><\/li>\n<li> <span style=\"font-size: small;\">Construcci\u00f3n resistente al polvo y la humedad<\/span><\/li>\n<li> <span style=\"font-size: small;\">Diafragma circular de once hojas<\/span><\/li>\n<\/ul>\n<p> <span style=\"font-size: small;\"><br \/>El FE 70-200mm f\/2.8 GM OSS de Sony, una popular distancia focal de teleobjetivo con una apertura m\u00e1xima constante y brillante, cubre perspectivas de longitud de retrato a teleobjetivo y est\u00e1 dise\u00f1ado para c\u00e1maras sin espejo con montura E. Caracterizado por su r\u00e1pida apertura m\u00e1xima de f\/2.8 y la inclusi\u00f3n de estabilizaci\u00f3n de imagen OSS (Optical SteadyShot),  Este objetivo es ideal para fotografiar objetos distantes y que se mueven r\u00e1pidamente sin tr\u00edpode. Igualmente refinado, el dise\u00f1o \u00f3ptico incorpora un tr\u00edo de elementos asf\u00e9ricos, incluido un elemento XA (asf\u00e9rico extremo) y seis elementos de dispersi\u00f3n extra baja para minimizar las aberraciones esf\u00e9ricas y crom\u00e1ticas en todo el rango del zoom. Se ha aplicado un recubrimiento Nano AR a los elementos de la lente para reducir los destellos y las im\u00e1genes fantasma y el elemento frontal tambi\u00e9n tiene un recubrimiento de fl\u00faor para proteger contra manchas y marcas que no se adhieren a la superficie del vidrio. Combinando un rango vers\u00e1til y un dise\u00f1o sofisticado, este teleobjetivo zoom de calidad profesional es adecuado para una variedad de condiciones de trabajo.   <\/p>\n<p>  Beneficiando el rendimiento hay un sistema de enfoque autom\u00e1tico adecuado que consta de un actuador de motor lineal dual para impulsar los grupos traseros y un sistema SSM (motor de ondas supers\u00f3nicas) para controlar los grupos frontales para un control de AF r\u00e1pido, preciso y silencioso. Para complementar a\u00fan m\u00e1s el manejo y el enfoque, hay un bot\u00f3n de retenci\u00f3n de enfoque dedicado, un limitador de rango de enfoque y un interruptor AF \/ MF, y el collar de tr\u00edpode incluido tiene un dise\u00f1o giratorio para cambiar f\u00e1cilmente entre las orientaciones de disparo horizontal y vertical. Adem\u00e1s, la lente tiene un dise\u00f1o resistente al polvo y la humedad para su uso en condiciones ambientales dif\u00edciles.  <\/p>\n<p><\/span><\/p>\n<ul>\n<li> <span style=\"font-size: small;\">Como parte de la estimada serie G Master de Sony, este objetivo est\u00e1 dise\u00f1ado para lograr una resoluci\u00f3n y nitidez notablemente altas mediante la correcci\u00f3n de una amplia gama de aberraciones esf\u00e9ricas y crom\u00e1ticas. Adem\u00e1s, estos lentes cuentan con dise\u00f1os f\u00edsicos robustos que son intuitivos de manejar para beneficiar las aplicaciones de fotograf\u00eda y cine. <\/span><\/li>\n<li> <span style=\"font-size: small;\">Un popular zoom de teleobjetivo dise\u00f1ado para c\u00e1maras sin espejo con montura E de fotograma completo, este objetivo de 70-200 mm tambi\u00e9n es compatible con los modelos APS-C, donde proporciona un rango de distancia focal equivalente a 105-300 mm.<\/span><\/li>\n<li> <span style=\"font-size: small;\">Una apertura m\u00e1xima constante de f\/2.8 proporciona un rendimiento constante en todo el rango del zoom y tambi\u00e9n le brinda un mayor control sobre la posici\u00f3n de enfoque para t\u00e9cnicas de poca profundidad de campo.<\/span><\/li>\n<li> <span style=\"font-size: small;\">De los tres elementos asf\u00e9ricos incorporados en el dise\u00f1o de la lente, uno es un elemento XA con una precisi\u00f3n superficial superior para reducir eficazmente el astigmatismo, la curvatura del campo, el coma y otras aberraciones monocrom\u00e1ticas de las im\u00e1genes.<\/span><\/li>\n<li> <span style=\"font-size: small;\">Cuatro elementos de dispersi\u00f3n extra baja y dos elementos Super ED tambi\u00e9n se incluyen en el dise\u00f1o de la lente y ayudan a controlar las aberraciones crom\u00e1ticas y reducir las franjas de color para una mayor claridad y fidelidad del color.<\/span><\/li>\n<li> <span style=\"font-size: small;\">Se ha aplicado un recubrimiento Nano AR para reducir los reflejos de la superficie, los destellos y las im\u00e1genes fantasma para aumentar el contraste y la reproducci\u00f3n del color en condiciones de iluminaci\u00f3n intensa.<\/span><\/li>\n<li> <span style=\"font-size: small;\">El elemento frontal de la lente tiene un revestimiento de fl\u00faor para proteger contra las manchas y el polvo que se adhieren a la superficie del vidrio.<\/span><\/li>\n<li> <span style=\"font-size: small;\">Un diafragma redondeado de 11 hojas contribuye a una agradable calidad de bokeh cuando se emplean t\u00e9cnicas de enfoque selectivo.<\/span><\/li>\n<li> <span style=\"font-size: small;\">La estabilizaci\u00f3n de imagen \u00f3ptica SteadyShot ayuda a minimizar la apariencia de movimiento de la c\u00e1mara para obtener im\u00e1genes m\u00e1s n\u00edtidas cuando se dispara sin tr\u00edpode con velocidades de obturaci\u00f3n m\u00e1s lentas. Este sistema de estabilizaci\u00f3n tambi\u00e9n se puede combinar con la estabilizaci\u00f3n de imagen de tipo cambio de sensor de la c\u00e1mara seleccionada para un control m\u00e1s efectivo del desenfoque de la c\u00e1mara. <\/span><\/li>\n<li> <span style=\"font-size: small;\">Un interruptor de modo OSS le permite elegir el modo 1 para la estabilizaci\u00f3n de imagen general adecuada para la mayor\u00eda de los tipos de fotograf\u00eda, as\u00ed como una configuraci\u00f3n de modo 2 dise\u00f1ada espec\u00edficamente para usarse con la panor\u00e1mica.<\/span><\/li>\n<li> <span style=\"font-size: small;\">Un sistema SSM lineal y un mecanismo de enfoque interno proporcionan un rendimiento de enfoque autom\u00e1tico r\u00e1pido, silencioso y preciso, y tambi\u00e9n contribuyen a un control de enfoque manual m\u00e1s natural e intuitivo.<\/span><\/li>\n<li> <span style=\"font-size: small;\">Un sistema de elementos flotantes beneficia la calidad de la imagen al trabajar a una distancia m\u00ednima de enfoque de 3.15 &#8216;con un aumento de 0.25x.<\/span><\/li>\n<li> <span style=\"font-size: small;\">El dise\u00f1o a prueba de polvo y humedad le permite trabajar mejor en condiciones adversas.<\/span><\/li>\n<li> <span style=\"font-size: small;\">El collar de tr\u00edpode giratorio extra\u00edble permite cambiar r\u00e1pidamente las orientaciones de disparo horizontales a verticales.<\/span><\/li>\n<li> <span style=\"font-size: small;\">El limitador de rango de enfoque y los controles de retenci\u00f3n de enfoque ofrecen un manejo m\u00e1s intuitivo y un rendimiento m\u00e1s r\u00e1pido al fotografiar sujetos en movimiento.<\/span><\/li>\n<\/ul>\n<p> <span style=\"font-size: small;\">&nbsp;<\/span><\/p>\n<p style=\"margin-bottom: 0cm;\"> <span style=\"font-size: small;\">&nbsp;<\/span><\/p>\n<table style=\"width: 528px;\" border=\"0\" cellspacing=\"0\" cellpadding=\"2\">\n<colgroup>\n<col width=\"206\"><\/colgroup>\n<colgroup>\n<col width=\"314\"><\/colgroup>\n<tbody>\n<tr>\n<th colspan=\"2\" width=\"524\">\n<p style=\"padding: 0cm; font-style: normal; font-weight: normal;\"> <span style=\"font-size: small;\"><a name=\"11011\"><\/a><span style=\"font-size: x-large;\">interino<\/span><\/span> <\/p>\n<\/th>\n<\/tr>\n<tr>\n<td width=\"206\">\n<p style=\"padding: 0cm 0cm 0.53cm; border: medium medium 1px none none solid currentcolor currentcolor #e6e7e8;\"> <span style=\"font-size: small;\">Distancia focal<\/span> <\/p>\n<\/td>\n<td width=\"314\">\n<p style=\"padding: 0cm 0cm 0.53cm; border: medium medium 1px none none solid currentcolor currentcolor #e6e7e8;\"> <span style=\"font-size: small;\">70 &#8211; 200 mm<\/span> <\/p>\n<\/td>\n<\/tr>\n<tr>\n<td width=\"206\">\n<p style=\"padding: 0cm 0cm 0.53cm; border: medium medium 1px none none solid currentcolor currentcolor #e6e7e8;\"> <span style=\"font-size: small;\">Abertura<\/span> <\/p>\n<\/td>\n<td width=\"314\">\n<p style=\"padding: 0cm 0cm 0.53cm; border: medium medium 1px none none solid currentcolor currentcolor #e6e7e8;\"> <span style=\"font-size: small;\">M\u00e1ximo: f\/2.8<br \/> M\u00ednimo: f\/22<\/span> <\/p>\n<\/td>\n<\/tr>\n<tr>\n<td width=\"206\">\n<p style=\"padding: 0cm 0cm 0.53cm; border: medium medium 1px none none solid currentcolor currentcolor #e6e7e8;\"> <span style=\"font-size: small;\">Tipo de montaje de la c\u00e1mara<\/span> <\/p>\n<\/td>\n<td width=\"314\">\n<p style=\"padding: 0cm 0cm 0.53cm; border: medium medium 1px none none solid currentcolor currentcolor #e6e7e8;\"> <span style=\"font-size: small;\">Sony E<\/span> <\/p>\n<\/td>\n<\/tr>\n<tr>\n<td width=\"206\">\n<p style=\"padding: 0cm 0cm 0.53cm; border: medium medium 1px none none solid currentcolor currentcolor #e6e7e8;\"> <span style=\"font-size: small;\">Compatibilidad de formatos<\/span> <\/p>\n<\/td>\n<td width=\"314\">\n<p style=\"padding: 0cm 0cm 0.53cm; border: medium medium 1px none none solid currentcolor currentcolor #e6e7e8;\"> <span style=\"font-size: small;\">Pel\u00edcula de 35 mm \/ sensor digital de fotograma completo<\/span> <\/p>\n<\/td>\n<\/tr>\n<tr>\n<td width=\"206\">\n<p style=\"padding: 0cm 0cm 0.53cm; border: medium medium 1px none none solid currentcolor currentcolor #e6e7e8;\"> <span style=\"font-size: small;\">\u00c1ngulo<\/span> <\/p>\n<\/td>\n<td width=\"314\">\n<p style=\"padding: 0cm 0cm 0.53cm; border: medium medium 1px none none solid currentcolor currentcolor #e6e7e8;\"> <span style=\"font-size: small;\">34\u00b0 &#8211; 12\u00b0<\/span> <\/p>\n<\/td>\n<\/tr>\n<tr>\n<td width=\"206\">\n<p style=\"padding: 0cm 0cm 0.53cm; border: medium medium 1px none none solid currentcolor currentcolor #e6e7e8;\"> <span style=\"font-size: small;\">Distancia m\u00ednima de enfoque<\/span> <\/p>\n<\/td>\n<td width=\"314\">\n<p style=\"padding: 0cm 0cm 0.53cm; border: medium medium 1px none none solid currentcolor currentcolor #e6e7e8;\"> <span style=\"font-size: small;\">3,15&#8242; (96 cm)<\/span> <\/p>\n<\/td>\n<\/tr>\n<tr>\n<td width=\"206\">\n<p style=\"padding: 0cm 0cm 0.53cm; border: medium medium 1px none none solid currentcolor currentcolor #e6e7e8;\"> <span style=\"font-size: small;\">Ampliaci\u00f3n<\/span> <\/p>\n<\/td>\n<td width=\"314\">\n<p style=\"padding: 0cm 0cm 0.53cm; border: medium medium 1px none none solid currentcolor currentcolor #e6e7e8;\"> <span style=\"font-size: small;\">0,25 veces<\/span> <\/p>\n<\/td>\n<\/tr>\n<tr>\n<td width=\"206\">\n<p style=\"padding: 0cm 0cm 0.53cm; border: medium medium 1px none none solid currentcolor currentcolor #e6e7e8;\"> <span style=\"font-size: small;\">Elementos\/Grupos<\/span> <\/p>\n<\/td>\n<td width=\"314\">\n<p style=\"padding: 0cm 0cm 0.53cm; border: medium medium 1px none none solid currentcolor currentcolor #e6e7e8;\"> <span style=\"font-size: small;\">23\/18<\/span> <\/p>\n<\/td>\n<\/tr>\n<tr>\n<td width=\"206\">\n<p style=\"padding: 0cm 0cm 0.53cm; border: medium medium 1px none none solid currentcolor currentcolor #e6e7e8;\"> <span style=\"font-size: small;\">Hojas de diafragma<\/span> <\/p>\n<\/td>\n<td width=\"314\">\n<p style=\"padding: 0cm 0cm 0.53cm; border: medium medium 1px none none solid currentcolor currentcolor #e6e7e8;\"> <span style=\"font-size: small;\">11, redondeado<\/span> <\/p>\n<\/td>\n<\/tr>\n<\/tbody>\n<\/table>\n<table style=\"width: 373px;\" border=\"0\" cellspacing=\"0\" cellpadding=\"2\">\n<colgroup>\n<col width=\"156\"><\/colgroup>\n<colgroup>\n<col width=\"209\"><\/colgroup>\n<tbody>\n<tr>\n<th colspan=\"2\" width=\"369\">\n<p style=\"padding: 0cm; font-style: normal; font-weight: normal;\"> <span style=\"font-size: small;\"><a name=\"23001\"><\/a><span style=\"font-size: x-large;\">Recursos<\/span><\/span> <\/p>\n<\/th>\n<\/tr>\n<tr>\n<td width=\"156\">\n<p style=\"padding: 0cm 0cm 0.53cm; border: medium medium 1px none none solid currentcolor currentcolor #e6e7e8;\"> <span style=\"font-size: small;\">Estabilizaci\u00f3n de imagen<\/span> <\/p>\n<\/td>\n<td width=\"209\">\n<p style=\"padding: 0cm 0cm 0.53cm; border: medium medium 1px none none solid currentcolor currentcolor #e6e7e8;\"> <span style=\"font-size: small;\">S\u00ed<\/span> <\/p>\n<\/td>\n<\/tr>\n<tr>\n<td width=\"156\">\n<p style=\"padding: 0cm 0cm 0.53cm; border: medium medium 1px none none solid currentcolor currentcolor #e6e7e8;\"> <span style=\"font-size: small;\">Autom\u00e1tico<\/span> <\/p>\n<\/td>\n<td width=\"209\">\n<p style=\"padding: 0cm 0cm 0.53cm; border: medium medium 1px none none solid currentcolor currentcolor #e6e7e8;\"> <span style=\"font-size: small;\">S\u00ed<\/span> <\/p>\n<\/td>\n<\/tr>\n<tr>\n<td width=\"156\">\n<p style=\"padding: 0cm 0cm 0.53cm; border: medium medium 1px none none solid currentcolor currentcolor #e6e7e8;\"> <span style=\"font-size: small;\">Collar de tr\u00edpode<\/span> <\/p>\n<\/td>\n<td width=\"209\">\n<p style=\"padding: 0cm 0cm 0.53cm; border: medium medium 1px none none solid currentcolor currentcolor #e6e7e8;\"> <span style=\"font-size: small;\">S\u00ed Extra\u00edble &#8211; giratorio<\/span> <\/p>\n<\/td>\n<\/tr>\n<\/tbody>\n<\/table>\n<table style=\"width: 444px;\" border=\"0\" cellspacing=\"0\" cellpadding=\"2\">\n<colgroup>\n<col width=\"147\"><\/colgroup>\n<colgroup>\n<col width=\"289\"><\/colgroup>\n<tbody>\n<tr>\n<th colspan=\"2\" width=\"440\">\n<p style=\"padding: 0cm; font-style: normal; font-weight: normal;\"> <span style=\"font-size: small;\"><a name=\"11501\"><\/a><span style=\"font-size: x-large;\">F\u00edsico<\/span><\/span> <\/p>\n<\/th>\n<\/tr>\n<tr>\n<td width=\"147\">\n<p style=\"padding: 0cm 0cm 0.53cm; border: medium medium 1px none none solid currentcolor currentcolor #e6e7e8;\"> <span style=\"font-size: small;\">Tema de filtro<\/span> <\/p>\n<\/td>\n<td width=\"289\">\n<p style=\"padding: 0cm 0cm 0.53cm; border: medium medium 1px none none solid currentcolor currentcolor #e6e7e8;\"> <span style=\"font-size: small;\">Frontal: 77 mm<\/span> <\/p>\n<\/td>\n<\/tr>\n<tr>\n<td width=\"147\">\n<p style=\"padding: 0cm 0cm 0.53cm; border: medium medium 1px none none solid currentcolor currentcolor #e6e7e8;\"> <span style=\"font-size: small;\">Dimensiones (DxL)<\/span> <\/p>\n<\/td>\n<td width=\"289\">\n<p style=\"padding: 0cm 0cm 0.53cm; border: medium medium 1px none none solid currentcolor currentcolor #e6e7e8;\"> <span style=\"font-size: small;\">Aproximadamente. 3,46 x 7,87&#8243; (88 x 200 mm) <\/span> <\/p>\n<\/td>\n<\/tr>\n<tr>\n<td width=\"147\">\n<p style=\"padding: 0cm 0cm 0.53cm; border: medium medium 1px none none solid currentcolor currentcolor #e6e7e8;\"> <span style=\"font-size: small;\">Peso<\/span> <\/p>\n<\/td>\n<td width=\"289\">\n<p style=\"padding: 0cm 0cm 0.53cm; border: medium medium 1px none none solid currentcolor currentcolor #e6e7e8;\"> <span style=\"font-size: small;\">3,26 libras (1480 g) (1480 g)<\/span><\/p>\n<\/td>\n<\/tr>\n<\/tbody>\n<\/table>\n<p style=\"margin-bottom: 0cm;\"> <span style=\"font-size: small;\">&nbsp;<\/span><\/p>\n","protected":false},"excerpt":{"rendered":"<p>ASPECTOS DESTACADOS DEL PRODUCTO Lente con montura E\/formato de fotograma completo Rango de apertura: f\/2.8 a f\/22 Un elemento XA,<\/p>\n","protected":false},"featured_media":54278,"comment_status":"closed","ping_status":"open","template":"","meta":{"_acf_changed":false},"product_brand":[2537],"product_cat":[1062],"product_tag":[],"class_list":{"0":"post-74010","1":"product","2":"type-product","3":"status-publish","4":"has-post-thumbnail","6":"product_brand-sony-es","7":"product_cat-mirrorless-objectivos","8":"pa_abertura-maxima-f-2-8-es","10":"first","11":"onbackorder","12":"taxable","13":"shipping-taxable","14":"purchasable","15":"product-type-simple"},"bundled_by":[],"bundle_stock_status":"onbackorder","bundle_stock_quantity":null,"bundle_virtual":false,"bundle_layout":"","bundle_add_to_cart_form_location":"","bundle_editable_in_cart":false,"bundle_sold_individually_context":"","bundle_item_grouping":"","bundle_min_size":"","bundle_max_size":"","bundle_price":[],"bundled_items":[],"bundle_sell_ids":[],"acf":[],"_links":{"self":[{"href":"https:\/\/hi-techwonder.com\/es\/wp-json\/wp\/v2\/product\/74010","targetHints":{"allow":["GET"]}}],"collection":[{"href":"https:\/\/hi-techwonder.com\/es\/wp-json\/wp\/v2\/product"}],"about":[{"href":"https:\/\/hi-techwonder.com\/es\/wp-json\/wp\/v2\/types\/product"}],"replies":[{"embeddable":true,"href":"https:\/\/hi-techwonder.com\/es\/wp-json\/wp\/v2\/comments?post=74010"}],"wp:featuredmedia":[{"embeddable":true,"href":"https:\/\/hi-techwonder.com\/es\/wp-json\/wp\/v2\/media\/54278"}],"wp:attachment":[{"href":"https:\/\/hi-techwonder.com\/es\/wp-json\/wp\/v2\/media?parent=74010"}],"wp:term":[{"taxonomy":"product_brand","embeddable":true,"href":"https:\/\/hi-techwonder.com\/es\/wp-json\/wp\/v2\/product_brand?post=74010"},{"taxonomy":"product_cat","embeddable":true,"href":"https:\/\/hi-techwonder.com\/es\/wp-json\/wp\/v2\/product_cat?post=74010"},{"taxonomy":"product_tag","embeddable":true,"href":"https:\/\/hi-techwonder.com\/es\/wp-json\/wp\/v2\/product_tag?post=74010"}],"curies":[{"name":"wp","href":"https:\/\/api.w.org\/{rel}","templated":true}]}}