{"id":74011,"date":"2025-07-29T09:49:36","date_gmt":"2025-07-29T09:49:36","guid":{"rendered":"https:\/\/fv6qoy3ls0.wpdns.site\/product\/sony-fe-28-70mm-f-2-gm\/"},"modified":"2026-03-09T15:43:09","modified_gmt":"2026-03-09T15:43:09","slug":"sony-fe-28-70mm-f-2-gm","status":"publish","type":"product","link":"https:\/\/hi-techwonder.com\/es\/producto\/sony-fe-28-70mm-f-2-gm\/","title":{"rendered":"SONY FE 28-70mm f\/2 GM"},"content":{"rendered":"<h3>Sony FE 28-70mm F2 GM \u2013 Calidad G Master con versatilidad de zoom est\u00e1ndar para fotos y videos profesionales<\/h3>\n<hr>\n<p><iframe loading=\"lazy\" frameborder=\"0\" src=\"https:\/\/www.youtube.com\/embed\/7Y_O5YYQIl0\" width=\"640\" height=\"360\" class=\"note-video-clip\" referrerpolicy=\"strict-origin-when-cross-origin\"><\/iframe><strong><br \/><\/strong><\/p>\n<p><strong>Caracter\u00edsticas principales<\/strong><\/p>\n<ul>\n<li><strong>Apertura F2 constante<\/strong>: Rendimiento constante en todo el rango de zoom, perfecto para retratos, paisajes y situaciones de poca luz.<\/li>\n<li><strong>\u00d3ptica G Master avanzada<\/strong>: Tres elementos XA (asf\u00e9ricos extremos) y vidrio Super ED para una nitidez de borde a borde y un bokeh suave.<\/li>\n<li><strong>Compacto y ligero<\/strong>: Solo 918 g, ideal para fotograf\u00eda a largo plazo y uso en cardanes.<\/li>\n<li><strong>Enfoque autom\u00e1tico preciso y r\u00e1pido<\/strong>: Cuatro motores lineales XD garantizan un seguimiento eficiente del AF, incluso en secuencias continuas de alta velocidad.<\/li>\n<li><strong>Dise\u00f1o optimizado para video<\/strong>: reducci\u00f3n de la respiraci\u00f3n de enfoque y control suave para transiciones cinematogr\u00e1ficas.<\/li>\n<li><strong>Confiabilidad profesional<\/strong>: Construcci\u00f3n resistente al polvo y la humedad, con revestimiento de fl\u00faor en el elemento frontal.<\/li>\n<\/ul>\n<p><img decoding=\"async\" src=\"https:\/\/www.sony.pt\/image\/3fda0f4979b0a32682f750029180c3f7?fmt=jpeg&amp;wid=720&amp;qlt=85\" style=\"width: 25%;\" alt=\"\"><\/p>\n<hr>\n<p>El objetivo <strong>Sony FE 28-70mm F2 GM<\/strong> redefine el concepto de zoom est\u00e1ndar, ofreciendo una apertura <strong>F2<\/strong> constante, una calidad de imagen que rivaliza con los objetivos fijos y una versatilidad inmejorable para fotograf\u00edas y v\u00eddeos. Con una construcci\u00f3n \u00f3ptica avanzada, que incluye tres elementos XA, un cristal ED y tres gafas Super ED, ofrece im\u00e1genes de alta resoluci\u00f3n con un contraste impresionante a cualquier distancia focal. <\/p>\n<p>Desarrollado con tecnolog\u00edas de vanguardia, este objetivo combina un dise\u00f1o ligero y compacto (solo <strong>92,9 x 139,8 mm<\/strong>), lo que permite un f\u00e1cil transporte y manejo. El sistema de enfoque autom\u00e1tico funciona con <strong>cuatro motores lineales XD<\/strong>, lo que garantiza velocidad y precisi\u00f3n incluso en condiciones exigentes como bodas o eventos deportivos. <\/p>\n<p>Para los creadores de v\u00eddeo, el FE 28-70mm F2 GM es una opci\u00f3n premium, con reducci\u00f3n de la respiraci\u00f3n de enfoque, seguimiento de AF suave y soporte para <strong>grabaci\u00f3n 4K a 120p o FHD a 240p<\/strong>. El dise\u00f1o se complementa con controles intuitivos, que incluyen un <strong>anillo de apertura con interruptor de clic de encendido \/ apagado<\/strong>, dos botones de retenci\u00f3n de enfoque personalizables y un anillo de zoom ajustable. <\/p>\n<p><img decoding=\"async\" src=\"https:\/\/www.sony.pt\/image\/788cf2736a50b31d7bfa8eb3083f9a2e?fmt=jpeg&amp;wid=720&amp;qlt=85\" style=\"width: 25%;\" alt=\"\"><\/p>\n<hr>\n<p><strong>Especificaciones t\u00e9cnicas<\/strong><\/p>\n<ul>\n<li><strong>Soporte<\/strong>: Montura E de Sony<\/li>\n<li><strong>Formato<\/strong>: fotograma completo de 35 mm<\/li>\n<li><strong>Distancia focal<\/strong>: 28-70 mm (equivalente a 42-105 mm en APS-C)<\/li>\n<li><strong>Apertura<\/strong>: F2 (m\u00e1ximo) \/ F22 (m\u00ednimo)<\/li>\n<li><strong>Construcci\u00f3n \u00f3ptica<\/strong>: 20 elementos en 14 grupos<\/li>\n<li><strong>Cuchillas de apertura<\/strong>: 11 (dise\u00f1o circular)<\/li>\n<li><strong>Distancia m\u00ednima de enfoque<\/strong>: 0,38 m<\/li>\n<li><strong>Aumento m\u00e1ximo<\/strong>: 0.23x<\/li>\n<li><strong>Di\u00e1metro del filtro<\/strong>: 86 mm<\/li>\n<li><strong>Dimensiones<\/strong>: 92,9 x 139,8 mm<\/li>\n<li><strong>Peso<\/strong>: 918 g<\/li>\n<li><strong>Estabilizaci\u00f3n de imagen<\/strong>: No, apoyado en el cuerpo<\/li>\n<li><strong>Tipo de zoom<\/strong>: Manual<\/li>\n<\/ul>\n<hr>\n<p><strong>Contenido del paquete<\/strong><\/p>\n<ul>\n<li>1x Parasol de p\u00e9talo (ALC-SH182)<\/li>\n<li>1x Tapa frontal del objetivo (ALC-F86S)<\/li>\n<li>1x Tapa trasera del objetivo (ALC-R1EM)<\/li>\n<li>1x Estuche blando<\/li>\n<\/ul>\n<hr>\n<p><strong>Informaci\u00f3n adicional<\/strong><\/p>\n<ul>\n<li>Ideal para profesionales que buscan un zoom vers\u00e1til sin comprometer la calidad de imagen.<\/li>\n<li>Construcci\u00f3n robusta con resistencia al polvo y la humedad, adecuada para entornos desafiantes.<\/li>\n<li>Excelente opci\u00f3n para aplicaciones h\u00edbridas, con un rendimiento superior tanto en im\u00e1genes fijas como en grabaci\u00f3n de video.<\/li>\n<\/ul>\n","protected":false},"excerpt":{"rendered":"<p>Sony FE 28-70mm F2 GM \u2013 Calidad G Master con versatilidad de zoom est\u00e1ndar para fotos y videos profesionales Caracter\u00edsticas<\/p>\n","protected":false},"featured_media":54609,"comment_status":"closed","ping_status":"open","template":"","meta":{"_acf_changed":false},"product_brand":[2537],"product_cat":[1062],"product_tag":[],"class_list":{"0":"post-74011","1":"product","2":"type-product","3":"status-publish","4":"has-post-thumbnail","6":"product_brand-sony-es","7":"product_cat-mirrorless-objectivos","8":"pa_abertura-maxima-f-2-es","10":"first","11":"instock","12":"taxable","13":"shipping-taxable","14":"purchasable","15":"product-type-simple"},"bundled_by":[],"bundle_stock_status":"instock","bundle_stock_quantity":1,"bundle_virtual":false,"bundle_layout":"","bundle_add_to_cart_form_location":"","bundle_editable_in_cart":false,"bundle_sold_individually_context":"","bundle_item_grouping":"","bundle_min_size":"","bundle_max_size":"","bundle_price":[],"bundled_items":[],"bundle_sell_ids":[],"acf":[],"_links":{"self":[{"href":"https:\/\/hi-techwonder.com\/es\/wp-json\/wp\/v2\/product\/74011","targetHints":{"allow":["GET"]}}],"collection":[{"href":"https:\/\/hi-techwonder.com\/es\/wp-json\/wp\/v2\/product"}],"about":[{"href":"https:\/\/hi-techwonder.com\/es\/wp-json\/wp\/v2\/types\/product"}],"replies":[{"embeddable":true,"href":"https:\/\/hi-techwonder.com\/es\/wp-json\/wp\/v2\/comments?post=74011"}],"wp:featuredmedia":[{"embeddable":true,"href":"https:\/\/hi-techwonder.com\/es\/wp-json\/wp\/v2\/media\/54609"}],"wp:attachment":[{"href":"https:\/\/hi-techwonder.com\/es\/wp-json\/wp\/v2\/media?parent=74011"}],"wp:term":[{"taxonomy":"product_brand","embeddable":true,"href":"https:\/\/hi-techwonder.com\/es\/wp-json\/wp\/v2\/product_brand?post=74011"},{"taxonomy":"product_cat","embeddable":true,"href":"https:\/\/hi-techwonder.com\/es\/wp-json\/wp\/v2\/product_cat?post=74011"},{"taxonomy":"product_tag","embeddable":true,"href":"https:\/\/hi-techwonder.com\/es\/wp-json\/wp\/v2\/product_tag?post=74011"}],"curies":[{"name":"wp","href":"https:\/\/api.w.org\/{rel}","templated":true}]}}