{"id":74013,"date":"2025-07-29T09:48:40","date_gmt":"2025-07-29T09:48:40","guid":{"rendered":"https:\/\/fv6qoy3ls0.wpdns.site\/product\/sony-fe-24mm-f-1-4-gm\/"},"modified":"2026-01-30T09:13:37","modified_gmt":"2026-01-30T09:13:37","slug":"sony-fe-24mm-f-1-4-gm","status":"publish","type":"product","link":"https:\/\/hi-techwonder.com\/es\/producto\/sony-fe-24mm-f-1-4-gm\/","title":{"rendered":"SONY FE 24mm f\/1.4 GM"},"content":{"rendered":"<div id=\"_mcePaste\" style=\"position: absolute; left: -10000px; top: 0px; width: 1px; height: 1px; overflow: hidden;\">  Productos destacados  <\/div>\n<div id=\"_mcePaste\" style=\"position: absolute; left: -10000px; top: 0px; width: 1px; height: 1px; overflow: hidden;\">  Lente con montura E\/formato de fotograma completo  <\/div>\n<div id=\"_mcePaste\" style=\"position: absolute; left: -10000px; top: 0px; width: 1px; height: 1px; overflow: hidden;\">  Rango de apertura: f\/1.4 a f\/16  <\/div>\n<div id=\"_mcePaste\" style=\"position: absolute; left: -10000px; top: 0px; width: 1px; height: 1px; overflow: hidden;\">  Dos elementos XA, tres elementos ED  <\/div>\n<div id=\"_mcePaste\" style=\"position: absolute; left: -10000px; top: 0px; width: 1px; height: 1px; overflow: hidden;\">  Nano AR y recubrimientos de fl\u00faor  <\/div>\n<div id=\"_mcePaste\" style=\"position: absolute; left: -10000px; top: 0px; width: 1px; height: 1px; overflow: hidden;\">  Motor AF de onda supers\u00f3nica de accionamiento directo  <\/div>\n<div id=\"_mcePaste\" style=\"position: absolute; left: -10000px; top: 0px; width: 1px; height: 1px; overflow: hidden;\">  Interruptor AF\/MF; Enfoque interno  <\/div>\n<div id=\"_mcePaste\" style=\"position: absolute; left: -10000px; top: 0px; width: 1px; height: 1px; overflow: hidden;\">  Bot\u00f3n de retenci\u00f3n de enfoque  <\/div>\n<div id=\"_mcePaste\" style=\"position: absolute; left: -10000px; top: 0px; width: 1px; height: 1px; overflow: hidden;\">  Anillo de apertura f\u00edsico; Haga clic en cambiar  <\/div>\n<div id=\"_mcePaste\" style=\"position: absolute; left: -10000px; top: 0px; width: 1px; height: 1px; overflow: hidden;\">  Construcci\u00f3n resistente al polvo y la humedad  <\/div>\n<div id=\"_mcePaste\" style=\"position: absolute; left: -10000px; top: 0px; width: 1px; height: 1px; overflow: hidden;\">  Diafragma redondeado de 11 hojas<\/div>\n<p> <strong><span style=\"color: #000000;\">Productos destacados:<\/span><\/strong><\/p>\n<ul>\n<li> <span style=\"color: #000000;\">Lente con montura E\/formato de fotograma completo<\/span><\/li>\n<li> <span style=\"color: #000000;\">Rango de apertura: f\/1.4 a f\/16<\/span><\/li>\n<li> <span style=\"color: #000000;\">Dos elementos XA, tres elementos ED<\/span><\/li>\n<li> <span style=\"color: #000000;\">Nano AR y recubrimientos de fl\u00faor<\/span><\/li>\n<li> <span style=\"color: #000000;\">Motor AF de onda supers\u00f3nica de accionamiento directo<\/span><\/li>\n<li> <span style=\"color: #000000;\">Interruptor AF\/MF; Enfoque interno<\/span><\/li>\n<li> <span style=\"color: #000000;\">Bot\u00f3n de retenci\u00f3n de enfoque<\/span><\/li>\n<li> <span style=\"color: #000000;\">Anillo de apertura f\u00edsico; Haga clic en cambiar<\/span><\/li>\n<li> <span style=\"color: #000000;\">Construcci\u00f3n resistente al polvo y la humedad<\/span><\/li>\n<li> <span style=\"color: #000000;\">Diafragma redondeado de 11 hojas<\/span><\/li>\n<\/ul>\n<p> <span style=\"color: #000000;\">&nbsp;<\/span><\/p>\n<p> <span style=\"color: #000000;\">Combinando una distancia focal gran angular preferida con un dise\u00f1o especialmente brillante, el FE 24mm f\/1.4 GM de Sony es un objetivo r\u00e1pido y vers\u00e1til adecuado para la fotograf\u00eda de paisajes, naturaleza y calle. Su perspectiva amplia pero utilizable se complementa con la apertura m\u00e1xima de f\/1.4, que sobresale en condiciones de poca luz y tambi\u00e9n le brinda un mayor control sobre la profundidad de campo. El dise\u00f1o \u00f3ptico incorpora tres elementos de dispersi\u00f3n extra baja para reducir las aberraciones crom\u00e1ticas y dos elementos XA (asf\u00e9ricos extremos), que controlan significativamente las aberraciones esf\u00e9ricas para un alto grado de nitidez y claridad de la imagen. Adem\u00e1s, se ha aplicado un recubrimiento Nano AR para limitar las im\u00e1genes fantasma y los destellos de la lente para aumentar el contraste y la fidelidad del color cuando se trabaja en condiciones de iluminaci\u00f3n intensa.   <\/span><\/p>\n<p> <span style=\"color: #000000;\">&nbsp;<\/span><\/p>\n<p> <span style=\"color: #000000;\">Para controlar el enfoque, se emplea un SSM (motor de ondas supers\u00f3nicas) de accionamiento directo que es r\u00e1pido y silencioso y tambi\u00e9n ofrece un control m\u00e1s sensible para la operaci\u00f3n de enfoque manual. El objetivo tambi\u00e9n cuenta con un dise\u00f1o a prueba de polvo y humedad y un elemento frontal de lente recubierto de fl\u00faor para resistir disparos en condiciones adversas, y un bot\u00f3n de retenci\u00f3n de enfoque dedicado, un interruptor AF\/MF y un anillo de apertura manual proporcionan un mayor control durante el disparo. <\/span><\/p>\n<p> <span style=\"color: #000000;\">&nbsp;<\/span><\/p>\n<ul>\n<li> <span style=\"color: #000000;\">Como parte de la estimada serie G Master de Sony, este objetivo est\u00e1 dise\u00f1ado para lograr una resoluci\u00f3n y nitidez notablemente altas mediante la correcci\u00f3n de una amplia gama de aberraciones esf\u00e9ricas y crom\u00e1ticas. Adem\u00e1s, estos lentes cuentan con dise\u00f1os f\u00edsicos robustos que son intuitivos de manejar para beneficiar las aplicaciones de fotograf\u00eda y cine. <\/span><\/li>\n<li> <span style=\"color: #000000;\">El vers\u00e1til gran angular prime est\u00e1 dise\u00f1ado para c\u00e1maras sin espejo de fotograma completo con montura E de Sony, pero tambi\u00e9n se puede usar en modelos APS-C, donde proporciona una distancia focal equivalente a 36 mm.<\/span><\/li>\n<li> <span style=\"color: #000000;\">La apertura m\u00e1xima notablemente r\u00e1pida de f\/1.4 beneficia el trabajo en condiciones de iluminaci\u00f3n dif\u00edciles y tambi\u00e9n le brinda un mayor control sobre la profundidad de campo.<\/span><\/li>\n<li> <span style=\"color: #000000;\">Se incorporan dos elementos XA en el dise\u00f1o \u00f3ptico, que presenta una precisi\u00f3n de superficie superior para un control efectivo sobre el astigmatismo, la curvatura del campo, el coma y otras aberraciones esf\u00e9ricas.<\/span><\/li>\n<li> <span style=\"color: #000000;\">El dise\u00f1o de la lente presenta tres elementos de dispersi\u00f3n extra baja que ayudan a reducir las aberraciones crom\u00e1ticas y las franjas de color para una mayor claridad y neutralidad del color.<\/span><\/li>\n<li> <span style=\"color: #000000;\">Se ha aplicado un recubrimiento Nano AR para reducir los reflejos de la superficie, los destellos y las im\u00e1genes fantasma para aumentar el contraste y la reproducci\u00f3n del color en condiciones de iluminaci\u00f3n intensa.<\/span><\/li>\n<li> <span style=\"color: #000000;\">Un sistema AF de motor de onda Super Sonic Direct Drive y un mecanismo de enfoque interno proporcionan un rendimiento de enfoque autom\u00e1tico r\u00e1pido, silencioso y preciso, y tambi\u00e9n contribuyen a un control de enfoque manual m\u00e1s natural e intuitivo.<\/span><\/li>\n<li> <span style=\"color: #000000;\">Un bot\u00f3n de retenci\u00f3n de enfoque est\u00e1 presente en el cilindro de la lente para un control t\u00e1ctil intuitivo y un acceso r\u00e1pido a la configuraci\u00f3n seleccionada.<\/span><\/li>\n<li> <span style=\"color: #000000;\">El anillo de apertura f\u00edsico se puede quitar para un cambio de apertura suave y silencioso para beneficiar las aplicaciones de video.<\/span><\/li>\n<li> <span style=\"color: #000000;\">El dise\u00f1o sellado contra el polvo y la humedad le permite trabajar mejor en condiciones adversas, y los anillos de control de goma benefician el manejo en temperaturas m\u00e1s fr\u00edas.<\/span><\/li>\n<li> <span style=\"color: #000000;\">El elemento frontal recubierto de fl\u00faor resiste el polvo, la humedad y las huellas dactilares y es f\u00e1cil de limpiar.<\/span><\/li>\n<li> <span style=\"color: #000000;\">El diafragma redondeado de 11 hojas contribuye a una agradable calidad de bokeh cuando se emplean t\u00e9cnicas de enfoque selectivo.<\/span><\/li>\n<\/ul>\n<h2 class=\"western\"> <span style=\"color: #000000;\">&nbsp;<\/span> <\/h2>\n<table style=\"width: 626px;\" border=\"0\" cellspacing=\"0\" cellpadding=\"2\">\n<colgroup>\n<col width=\"270\">\n<col width=\"349\"><\/colgroup>\n<tbody>\n<tr>\n<th colspan=\"2\" width=\"622\">\n<p class=\"western\" style=\"border: none; padding: 0cm; font-weight: normal;\"> <span style=\"color: #000000;\"><a name=\"11011\"><\/a><span style=\"font-size: x-large;\">interino<\/span><\/span> <\/p>\n<\/th>\n<\/tr>\n<tr>\n<td width=\"270\">\n<p style=\"border-top: none; border-bottom: 1px solid #e6e7e8; border-left: none; border-right: none; padding: 0cm 0cm 0.53cm 0cm;\"> <span style=\"color: #000000;\">Distancia focal<\/span> <\/p>\n<\/td>\n<td width=\"349\">\n<p style=\"border-top: none; border-bottom: 1px solid #e6e7e8; border-left: none; border-right: none; padding: 0cm 0cm 0.53cm 0cm;\"> <span style=\"color: #000000;\">24 mil\u00edmetros<\/span> <\/p>\n<\/td>\n<\/tr>\n<tr>\n<td width=\"270\">\n<p style=\"border-top: none; border-bottom: 1px solid #e6e7e8; border-left: none; border-right: none; padding: 0cm 0cm 0.53cm 0cm;\"> <span style=\"color: #000000;\">Abertura<\/span> <\/p>\n<\/td>\n<td width=\"349\">\n<p style=\"border-top: none; border-bottom: 1px solid #e6e7e8; border-left: none; border-right: none; padding: 0cm 0cm 0.53cm 0cm;\"> <span style=\"color: #000000;\">M\u00e1ximo: f\/1.4<br \/> M\u00ednimo: f\/16<\/span> <\/p>\n<\/td>\n<\/tr>\n<tr>\n<td width=\"270\">\n<p style=\"border-top: none; border-bottom: 1px solid #e6e7e8; border-left: none; border-right: none; padding: 0cm 0cm 0.53cm 0cm;\"> <span style=\"color: #000000;\">Tipo de montaje de la c\u00e1mara<\/span> <\/p>\n<\/td>\n<td width=\"349\">\n<p style=\"border-top: none; border-bottom: 1px solid #e6e7e8; border-left: none; border-right: none; padding: 0cm 0cm 0.53cm 0cm;\"> <span style=\"color: #000000;\">Sony E<\/span> <\/p>\n<\/td>\n<\/tr>\n<tr>\n<td width=\"270\">\n<p style=\"border-top: none; border-bottom: 1px solid #e6e7e8; border-left: none; border-right: none; padding: 0cm 0cm 0.53cm 0cm;\"> <span style=\"color: #000000;\">Compatibilidad de formatos<\/span> <\/p>\n<\/td>\n<td width=\"349\">\n<p style=\"border-top: none; border-bottom: 1px solid #e6e7e8; border-left: none; border-right: none; padding: 0cm 0cm 0.53cm 0cm;\"> <span style=\"color: #000000;\">Pel\u00edcula de 35 mm \/ sensor digital de fotograma completo<\/span> <\/p>\n<\/td>\n<\/tr>\n<tr>\n<td width=\"270\">\n<p style=\"border-top: none; border-bottom: 1px solid #e6e7e8; border-left: none; border-right: none; padding: 0cm 0cm 0.53cm 0cm;\"> <span style=\"color: #000000;\">\u00c1ngulo<\/span> <\/p>\n<\/td>\n<td width=\"349\">\n<p style=\"border-top: none; border-bottom: 1px solid #e6e7e8; border-left: none; border-right: none; padding: 0cm 0cm 0.53cm 0cm;\"> <span style=\"color: #000000;\">84\u00b0<\/span> <\/p>\n<\/td>\n<\/tr>\n<tr>\n<td width=\"270\">\n<p style=\"border-top: none; border-bottom: 1px solid #e6e7e8; border-left: none; border-right: none; padding: 0cm 0cm 0.53cm 0cm;\"> <span style=\"color: #000000;\">Distancia m\u00ednima de enfoque<\/span> <\/p>\n<\/td>\n<td width=\"349\">\n<p style=\"border-top: none; border-bottom: 1px solid #e6e7e8; border-left: none; border-right: none; padding: 0cm 0cm 0.53cm 0cm;\"> <span style=\"color: #000000;\">24 cm<\/span> <\/p>\n<\/td>\n<\/tr>\n<tr>\n<td width=\"270\">\n<p style=\"border-top: none; border-bottom: 1px solid #e6e7e8; border-left: none; border-right: none; padding: 0cm 0cm 0.53cm 0cm;\"> <span style=\"color: #000000;\">Ampliaci\u00f3n<\/span> <\/p>\n<\/td>\n<td width=\"349\">\n<p style=\"border-top: none; border-bottom: 1px solid #e6e7e8; border-left: none; border-right: none; padding: 0cm 0cm 0.53cm 0cm;\"> <span style=\"color: #000000;\">0,17 veces<\/span> <\/p>\n<\/td>\n<\/tr>\n<tr>\n<td width=\"270\">\n<p style=\"border-top: none; border-bottom: 1px solid #e6e7e8; border-left: none; border-right: none; padding: 0cm 0cm 0.53cm 0cm;\"> <span style=\"color: #000000;\">Velocidad m\u00e1xima de reproducci\u00f3n<\/span> <\/p>\n<\/td>\n<td width=\"349\">\n<p style=\"border-top: none; border-bottom: 1px solid #e6e7e8; border-left: none; border-right: none; padding: 0cm 0cm 0.53cm 0cm;\"> <span style=\"color: #000000;\">1:5,85<\/span> <\/p>\n<\/td>\n<\/tr>\n<tr>\n<td width=\"270\">\n<p style=\"border-top: none; border-bottom: 1px solid #e6e7e8; border-left: none; border-right: none; padding: 0cm 0cm 0.53cm 0cm;\"> <span style=\"color: #000000;\">Dise\u00f1o \u00f3ptico<\/span> <\/p>\n<\/td>\n<td width=\"349\">\n<p style=\"border-top: none; border-bottom: 1px solid #e6e7e8; border-left: none; border-right: none; padding: 0cm 0cm 0.53cm 0cm;\"> <span style=\"color: #000000;\">13 elementos en 10 grupos<\/span> <\/p>\n<\/td>\n<\/tr>\n<tr>\n<td width=\"270\">\n<p style=\"border-top: none; border-bottom: 1px solid #e6e7e8; border-left: none; border-right: none; padding: 0cm 0cm 0.53cm 0cm;\"> <span style=\"color: #000000;\">Hojas de diafragma<\/span> <\/p>\n<\/td>\n<td width=\"349\">\n<p style=\"border-top: none; border-bottom: 1px solid #e6e7e8; border-left: none; border-right: none; padding: 0cm 0cm 0.53cm 0cm;\"> <span style=\"color: #000000;\">11, redondeado<\/span> <\/p>\n<\/td>\n<\/tr>\n<tr>\n<td width=\"270\">\n<p style=\"border-top: none; border-bottom: 1px solid #e6e7e8; border-left: none; border-right: none; padding: 0cm 0cm 0.53cm 0cm;\"> <span style=\"color: #000000;\">Estabilizaci\u00f3n de imagen<\/span><\/p>\n<\/td>\n<td width=\"349\">\n<p style=\"border: none; padding: 0cm;\"> <em><span style=\"color: #000000;\">Ninguno<\/em><\/span> <\/p>\n<\/td>\n<\/tr>\n<tr>\n<td width=\"270\">\n<p style=\"border-top: none; border-bottom: 1px solid #e6e7e8; border-left: none; border-right: none; padding: 0cm 0cm 0.53cm 0cm;\"> <span style=\"color: #000000;\">Autom\u00e1tico<\/span> <\/p>\n<\/td>\n<td width=\"349\">\n<p style=\"border-top: none; border-bottom: 1px solid #e6e7e8; border-left: none; border-right: none; padding: 0cm 0cm 0.53cm 0cm;\"> <span style=\"color: #000000;\">S\u00ed<\/span> <\/p>\n<\/td>\n<\/tr>\n<\/tbody>\n<\/table>\n<table style=\"width: 448px;\" border=\"0\" cellspacing=\"0\" cellpadding=\"2\">\n<colgroup>\n<col width=\"163\">\n<col width=\"277\"><\/colgroup>\n<tbody>\n<tr>\n<th colspan=\"2\" width=\"444\">\n<p class=\"western\" style=\"border: none; padding: 0cm; font-weight: normal;\"> <span style=\"color: #000000;\"><a name=\"11501\"><\/a><span style=\"font-size: x-large;\">F\u00edsico<\/span><\/span> <\/p>\n<\/th>\n<\/tr>\n<tr>\n<td width=\"163\">\n<p style=\"border-top: none; border-bottom: 1px solid #e6e7e8; border-left: none; border-right: none; padding: 0cm 0cm 0.53cm 0cm;\"> <span style=\"color: #000000;\">Tema de filtro<\/span> <\/p>\n<\/td>\n<td width=\"277\">\n<p style=\"border-top: none; border-bottom: 1px solid #e6e7e8; border-left: none; border-right: none; padding: 0cm 0cm 0.53cm 0cm;\"> <span style=\"color: #000000;\">Frontal: 67 mm<\/span> <\/p>\n<\/td>\n<\/tr>\n<tr>\n<td width=\"163\">\n<p style=\"border-top: none; border-bottom: 1px solid #e6e7e8; border-left: none; border-right: none; padding: 0cm 0cm 0.53cm 0cm;\"> <span style=\"color: #000000;\">Dimensiones (DxL)<\/span> <\/p>\n<\/td>\n<td width=\"277\">\n<p style=\"border-top: none; border-bottom: 1px solid #e6e7e8; border-left: none; border-right: none; padding: 0cm 0cm 0.53cm 0cm;\"> <span style=\"color: #000000;\">75,4 x 92,4 mil\u00edmetros<\/span> <\/p>\n<\/td>\n<\/tr>\n<tr>\n<td width=\"163\">\n<p style=\"border-top: none; border-bottom: 1px solid #e6e7e8; border-left: none; border-right: none; padding: 0cm 0cm 0.53cm 0cm;\"> <span style=\"color: #000000;\">Peso<\/span> <\/p>\n<\/td>\n<td width=\"277\">\n<p style=\"border-top: none; border-bottom: 1px solid #e6e7e8; border-left: none; border-right: none; padding: 0cm 0cm 0.53cm 0cm;\"> <span style=\"color: #000000;\">445 gramos<\/span><\/p>\n<\/td>\n<\/tr>\n<\/tbody>\n<\/table>\n<p> <span style=\"color: #000000;\">&nbsp;<\/span><\/p>\n<p> <strong><span style=\"color: #000000;\">En la caja:<\/span><\/strong><\/p>\n<ul>\n<li> <span style=\"color: #000000;\">Lente Sony FE 24mm f\/1.4 GM<\/span><\/li>\n<li> <span style=\"color: #000000;\">ALC-F67S Tapa frontal del objetivo de 67 mm<\/span><\/li>\n<li> <span style=\"color: #000000;\">Tapa trasera del objetivo ALC-R1EM<\/span><\/li>\n<li> <span style=\"color: #000000;\">ALC-SH154 Parasol<\/span><\/li>\n<li> <span style=\"color: #000000;\">Estuche de lentes<\/span> <\/li>\n<\/ul>\n<p><object data=\"https:\/\/www.youtube.com\/v\/85hNcM_Zgng\" type=\"application\/x-shockwave-flash\" width=\"425\" height=\"350\"><param name=\"src\" value=\"https:\/\/www.youtube.com\/v\/85hNcM_Zgng\"><\/object><\/p>\n","protected":false},"excerpt":{"rendered":"<p>Productos destacados Lente con montura E\/formato de fotograma completo Rango de apertura: f\/1.4 a f\/16 Dos elementos XA, tres elementos<\/p>\n","protected":false},"featured_media":54350,"comment_status":"closed","ping_status":"open","template":"","meta":{"_acf_changed":false},"product_brand":[2537],"product_cat":[1062],"product_tag":[],"class_list":{"0":"post-74013","1":"product","2":"type-product","3":"status-publish","4":"has-post-thumbnail","6":"product_brand-sony-es","7":"product_cat-mirrorless-objectivos","8":"pa_abertura-maxima-f-1-4-es","10":"first","11":"onbackorder","12":"taxable","13":"shipping-taxable","14":"purchasable","15":"product-type-simple"},"bundled_by":[],"bundle_stock_status":"onbackorder","bundle_stock_quantity":null,"bundle_virtual":false,"bundle_layout":"","bundle_add_to_cart_form_location":"","bundle_editable_in_cart":false,"bundle_sold_individually_context":"","bundle_item_grouping":"","bundle_min_size":"","bundle_max_size":"","bundle_price":[],"bundled_items":[],"bundle_sell_ids":[],"acf":[],"_links":{"self":[{"href":"https:\/\/hi-techwonder.com\/es\/wp-json\/wp\/v2\/product\/74013","targetHints":{"allow":["GET"]}}],"collection":[{"href":"https:\/\/hi-techwonder.com\/es\/wp-json\/wp\/v2\/product"}],"about":[{"href":"https:\/\/hi-techwonder.com\/es\/wp-json\/wp\/v2\/types\/product"}],"replies":[{"embeddable":true,"href":"https:\/\/hi-techwonder.com\/es\/wp-json\/wp\/v2\/comments?post=74013"}],"wp:featuredmedia":[{"embeddable":true,"href":"https:\/\/hi-techwonder.com\/es\/wp-json\/wp\/v2\/media\/54350"}],"wp:attachment":[{"href":"https:\/\/hi-techwonder.com\/es\/wp-json\/wp\/v2\/media?parent=74013"}],"wp:term":[{"taxonomy":"product_brand","embeddable":true,"href":"https:\/\/hi-techwonder.com\/es\/wp-json\/wp\/v2\/product_brand?post=74013"},{"taxonomy":"product_cat","embeddable":true,"href":"https:\/\/hi-techwonder.com\/es\/wp-json\/wp\/v2\/product_cat?post=74013"},{"taxonomy":"product_tag","embeddable":true,"href":"https:\/\/hi-techwonder.com\/es\/wp-json\/wp\/v2\/product_tag?post=74013"}],"curies":[{"name":"wp","href":"https:\/\/api.w.org\/{rel}","templated":true}]}}