{"id":74015,"date":"2025-07-29T09:50:14","date_gmt":"2025-07-29T09:50:14","guid":{"rendered":"https:\/\/fv6qoy3ls0.wpdns.site\/product\/sony-fe-400-800mm-f-6-3-8-g-oss\/"},"modified":"2026-01-30T09:14:18","modified_gmt":"2026-01-30T09:14:18","slug":"sony-fe-400-800mm-f-6-3-8-g-oss","status":"publish","type":"product","link":"https:\/\/hi-techwonder.com\/es\/producto\/sony-fe-400-800mm-f-6-3-8-g-oss\/","title":{"rendered":"SONY FE 400-800mm f\/6.3-8 G OSS"},"content":{"rendered":"<h3><strong>Sony FE 400-800mm f\/6.3-8 G OSS<\/strong><\/h3>\n<hr>\n<h3><strong>Funciones<\/strong><\/h3>\n<ul>\n<li>\n<p><strong>Gama Supertele 400-800 mm<\/strong><br \/>Ideal para fotografiar fauna, deportes o cualquier aplicaci\u00f3n que necesite un largo alcance. El zoom te da flexibilidad al ajustarte a las distancias focales que mejor se adaptan a cada sujeto. <\/p>\n<\/li>\n<li>\n<p><strong>Apertura de f\/6.3\u20138<\/strong><br \/>El dise\u00f1o de apertura variable contribuye a reducir las dimensiones y el peso, manteniendo la calidad de imagen de la l\u00ednea G y asegurando una buena portabilidad en un superteleobjetivo.<\/p>\n<\/li>\n<li>\n<p><strong>\u00d3ptica de alta calidad G<\/strong><br \/>Dise\u00f1ado con elementos especiales (como ED), minimiza las aberraciones crom\u00e1ticas y garantiza nitidez y contraste, incluso en distancias focales extremas.<\/p>\n<\/li>\n<li>\n<p><strong>Enfoque autom\u00e1tico r\u00e1pido y silencioso<\/strong><br \/>Equipado con motores lineales (XD u otra tecnolog\u00eda de Sony), el enfoque es r\u00e1pido y pr\u00e1cticamente silencioso. Perfecto para sujetos que se mueven r\u00e1pidamente y grabaci\u00f3n de video. <\/p>\n<\/li>\n<li>\n<p><strong>Estabilizaci\u00f3n \u00f3ptica de imagen SteadyShot<\/strong><br \/>Compensa las vibraciones y movimientos no deseados. Cuando se combina con la estabilizaci\u00f3n en cuerpos Sony Alpha compatibles, aumenta la eficacia general, fundamental para minimizar el movimiento a 800 mm. <\/p>\n<\/li>\n<li>\n<p><strong>Construcci\u00f3n robusta<\/strong><br \/>Estructura resistente al polvo y la humedad, lo que permite la captura externa en condiciones adversas. El revestimiento de fl\u00faor en el elemento frontal facilita la limpieza y protege la \u00f3ptica de manchas o suciedad. <\/p>\n<\/li>\n<\/ul>\n<p><em>(Consulte la p\u00e1gina oficial de Sony para obtener datos y confirmaciones de compatibilidad).<\/em><\/p>\n<p><iframe loading=\"lazy\" frameborder=\"0\" src=\"https:\/\/www.youtube.com\/embed\/P7om9s8E6Fk\" width=\"640\" height=\"360\" class=\"note-video-clip\" referrerpolicy=\"strict-origin-when-cross-origin\"><\/iframe><em><br \/><\/em><\/p>\n<hr>\n<h3><strong>Contenido del paquete<\/strong><\/h3>\n<ul>\n<li><strong>1 pieza<\/strong> <strong>de lente Sony FE 400-800 mm f\/6.3-8 G OSS<\/strong><\/li>\n<li><strong>1Un.<\/strong>  Parasol (compatible con montura de objetivo)<\/li>\n<li><strong>1Un.<\/strong>  Portada<\/li>\n<li><strong>1Un.<\/strong>  Contraportada<\/li>\n<li><strong>1Un.<\/strong>  Estuche o estuche de transporte (seg\u00fan la versi\u00f3n\/regi\u00f3n)<\/li>\n<li><strong>Manual<\/strong> y <strong>documentaci\u00f3n de<\/strong> garant\u00eda<\/li>\n<\/ul>\n<p><em>(Los accesorios pueden variar seg\u00fan el pa\u00eds o promociones espec\u00edficas).<\/em><\/p>\n<hr>\n<h3><strong>Descripci\u00f3n detallada<\/strong><\/h3>\n<p>El <strong>Sony FE 400-800mm f\/6.3-8 G OSS ampl\u00eda<\/strong> las capacidades de supertele en la l\u00ednea de montura E, lo que le permite cubrir un impresionante rango de 400 a 800 mm en un solo lente. Dirigido a fot\u00f3grafos de deportes, naturaleza y situaciones en las que la distancia al sujeto es obligatoria, este objetivo garantiza una calidad de imagen notable t\u00edpica de la serie G, combinada con una estabilidad robusta gracias al sistema de estabilizaci\u00f3n \u00f3ptica SteadyShot integrado. <\/p>\n<p>Con su construcci\u00f3n robusta y sellada contra el polvo y la humedad, es ideal para entornos exteriores. Los motores de enfoque lineal proporcionan el AF \u00e1gil y silencioso que es esencial para la fotograf\u00eda de naturaleza y la grabaci\u00f3n de v\u00eddeo. Adem\u00e1s, incluye caracter\u00edsticas ergon\u00f3micas como el anillo de zoom de acci\u00f3n suave, el anillo de enfoque y los botones de bloqueo AF estrat\u00e9gicamente ubicados, as\u00ed como un tr\u00edpode giratorio fijo que facilita el cambio de orientaci\u00f3n horizontal\/vertical. Un paquete equilibrado que hace que este 400-800 mm sea la elecci\u00f3n l\u00f3gica para aquellos que desean versatilidad y rendimiento en distancias focales ultralargas.   <\/p>\n<hr>\n<h3><strong>Especificaciones t\u00e9cnicas<\/strong><\/h3>\n<p><em>(Datos aproximados; consulte la hoja de datos oficial para conocer los valores definitivos).<\/em><\/p>\n<ul>\n<li><strong>Mortaja:<\/strong> Sony E (fotograma completo)<\/li>\n<li><strong>Distancia focal:<\/strong> 400-800 mm<\/li>\n<li><strong>Apertura m\u00e1xima:<\/strong> f\/6.3-8<\/li>\n<li><strong>Apertura m\u00ednima:<\/strong> f\/36-45<\/li>\n<li><strong>Formato de cobertura:<\/strong> Fotograma completo (compatible con APS-C)<\/li>\n<li><strong>\u00c1ngulo de visi\u00f3n:<\/strong> 6\u00b010&#8242; a 3\u00b010&#8242;<\/li>\n<li><strong>Distancia m\u00ednima. Centro de atenci\u00f3n: <\/strong>  1,7 m (a 400 mm) \u2013 3,5 m (a 800 mm)<\/li>\n<li><strong>Aumento m\u00e1ximo:<\/strong> ~0.23x<\/li>\n<li><strong>Dise\u00f1o \u00f3ptico:<\/strong> 27 elementos en 19 grupos (incluidos los elementos ED)<\/li>\n<li><strong>Diafragma:<\/strong> 11 cuchillas circulares<\/li>\n<li><strong>Enfoque motor:<\/strong> Enfoque autom\u00e1tico (lineal), con limitador de enfoque<\/li>\n<li><strong>Estabilizaci\u00f3n:<\/strong> SteadyShot \u00f3ptico (OSS)<\/li>\n<li><strong>Montaje en tr\u00edpode:<\/strong> Soporte fijo giratorio (rosca de 1\/4&#8243;-20 y 3\/8&#8243;-16)<\/li>\n<li><strong>Tama\u00f1o del filtro:<\/strong> 105 mm (frontal)<\/li>\n<li><strong>Dimensiones (\u00d8 \u00d7 L):<\/strong> 12,0 \u00d7 34,6 cm (aprox.)<\/li>\n<li><strong>Peso:<\/strong> ~2,47 kg<\/li>\n<\/ul>\n<hr>\n<h3><strong>Informaci\u00f3n adicional<\/strong><\/h3>\n<p>Nota: Im\u00e1genes ilustrativas. Otro equipo no incluido. Consulte el contenido exacto del paquete y las especificaciones para obtener m\u00e1s detalles.  <\/p>\n","protected":false},"excerpt":{"rendered":"<p>Sony FE 400-800mm f\/6.3-8 G OSS Funciones Gama Supertele 400-800 mmIdeal para fotografiar fauna, deportes o cualquier aplicaci\u00f3n que necesite<\/p>\n","protected":false},"featured_media":54730,"comment_status":"closed","ping_status":"closed","template":"","meta":{"_acf_changed":false},"product_brand":[2537],"product_cat":[1062],"product_tag":[],"class_list":{"0":"post-74015","1":"product","2":"type-product","3":"status-publish","4":"has-post-thumbnail","6":"product_brand-sony-es","7":"product_cat-mirrorless-objectivos","8":"pa_abertura-maxima-f-6-3-8-es","9":"custom-price-on-request","11":"first","12":"pre-order","13":"taxable","14":"shipping-taxable","15":"product-type-simple"},"bundled_by":[],"bundle_stock_status":"pre-order","bundle_stock_quantity":null,"bundle_virtual":false,"bundle_layout":"","bundle_add_to_cart_form_location":"","bundle_editable_in_cart":false,"bundle_sold_individually_context":"","bundle_item_grouping":"","bundle_min_size":"","bundle_max_size":"","bundle_price":[],"bundled_items":[],"bundle_sell_ids":[],"acf":[],"_links":{"self":[{"href":"https:\/\/hi-techwonder.com\/es\/wp-json\/wp\/v2\/product\/74015","targetHints":{"allow":["GET"]}}],"collection":[{"href":"https:\/\/hi-techwonder.com\/es\/wp-json\/wp\/v2\/product"}],"about":[{"href":"https:\/\/hi-techwonder.com\/es\/wp-json\/wp\/v2\/types\/product"}],"replies":[{"embeddable":true,"href":"https:\/\/hi-techwonder.com\/es\/wp-json\/wp\/v2\/comments?post=74015"}],"wp:featuredmedia":[{"embeddable":true,"href":"https:\/\/hi-techwonder.com\/es\/wp-json\/wp\/v2\/media\/54730"}],"wp:attachment":[{"href":"https:\/\/hi-techwonder.com\/es\/wp-json\/wp\/v2\/media?parent=74015"}],"wp:term":[{"taxonomy":"product_brand","embeddable":true,"href":"https:\/\/hi-techwonder.com\/es\/wp-json\/wp\/v2\/product_brand?post=74015"},{"taxonomy":"product_cat","embeddable":true,"href":"https:\/\/hi-techwonder.com\/es\/wp-json\/wp\/v2\/product_cat?post=74015"},{"taxonomy":"product_tag","embeddable":true,"href":"https:\/\/hi-techwonder.com\/es\/wp-json\/wp\/v2\/product_tag?post=74015"}],"curies":[{"name":"wp","href":"https:\/\/api.w.org\/{rel}","templated":true}]}}