{"id":74017,"date":"2025-07-29T09:49:47","date_gmt":"2025-07-29T09:49:47","guid":{"rendered":"https:\/\/fv6qoy3ls0.wpdns.site\/product\/sony-fe-300mm-f-2-8-gm-oss-sony-e\/"},"modified":"2026-01-30T09:14:08","modified_gmt":"2026-01-30T09:14:08","slug":"sony-fe-300mm-f-2-8-gm-oss-sony-e","status":"publish","type":"product","link":"https:\/\/hi-techwonder.com\/es\/producto\/sony-fe-300mm-f-2-8-gm-oss-sony-e\/","title":{"rendered":"SONY FE 300mm f\/2.8 GM OSS &#8211; Sony E"},"content":{"rendered":"<h3><strong>Sony SEL300F28GM &#8211; Teleobjetivo 300mm F2.8 G Master<\/strong><\/h3>\n<h4><iframe loading=\"lazy\" frameborder=\"0\" src=\"https:\/\/www.youtube.com\/embed\/DHuPeArd43I\" width=\"640\" height=\"360\" class=\"note-video-clip\" referrerpolicy=\"strict-origin-when-cross-origin\"><\/iframe><br \/><\/h4>\n<p>Transforma tu enfoque de la fotograf\u00eda de acci\u00f3n y naturaleza con Sony SEL300F28GM. Como el teleobjetivo de 300 mm F2.8 m\u00e1s ligero de su clase, combina una resoluci\u00f3n G Master superior, un bokeh impresionante y un rendimiento de enfoque autom\u00e1tico que maximiza el potencial de las c\u00e1maras de la serie\u2122 A. El dise\u00f1o innovador con equilibrio optimizado ofrece comodidad durante largas sesiones de disparo, mientras que la robustez y la resistencia al polvo y la humedad garantizan la fiabilidad en cualquier entorno.  <\/p>\n<p>Con Sony SEL300F28GM, eleva tu fotograf\u00eda de deportes y naturaleza con la m\u00e1xima ligereza, precisi\u00f3n y calidad \u00f3ptica. \u00a1Ideal para profesionales exigentes y entusiastas apasionados! <\/p>\n<p><img decoding=\"async\" src=\"https:\/\/www.sony.pt\/image\/ae1f589bbaafc475cfebebe4a5923205?fmt=jpeg&amp;wid=720&amp;qlt=85\" style=\"width: 25%;\" alt=\"\"><\/p>\n<hr>\n<h4><strong>Caracter\u00edsticas principales<\/strong><\/h4>\n<ul>\n<li><strong>Rendimiento \u00f3ptico superior<\/strong>: Los elementos Super ED y ED minimizan las aberraciones crom\u00e1ticas para una resoluci\u00f3n y un contraste incre\u00edbles.<\/li>\n<li><strong>Impresionante bokeh<\/strong>: la apertura circular de 11 hojas y el dise\u00f1o optimizado proporcionan transiciones suaves y un bokeh natural.<\/li>\n<li><strong>AF r\u00e1pido y preciso<\/strong>: los motores lineales XD permiten una respuesta y un seguimiento de alta velocidad, perfectos para sujetos que se mueven r\u00e1pidamente.<\/li>\n<li><strong>Ligero y equilibrado<\/strong>: con solo 1470 g, el dise\u00f1o optimizado reduce la fatiga y mejora el control manual.<\/li>\n<li><strong>Estabilizaci\u00f3n \u00f3ptica incorporada<\/strong>: SteadyShot \u00f3ptico con modos espec\u00edficos para acci\u00f3n din\u00e1mica y panor\u00e1mica.<\/li>\n<li><strong>Durabilidad y resistencia<\/strong>: Dise\u00f1o resistente al polvo y la humedad con revestimiento de fl\u00faor para su uso en condiciones dif\u00edciles.<\/li>\n<li><strong>Compatibilidad con teleconvertidores<\/strong>: soporte para SEL14TC (1.4x) y SEL20TC (2.0x) para un mayor alcance sin comprometer el rendimiento.<\/li>\n<\/ul>\n<p><img decoding=\"async\" src=\"https:\/\/www.sony.pt\/image\/5f1e0100b72fb5963bd808d795ef5b4a?fmt=jpeg&amp;wid=720&amp;qlt=85\" style=\"width: 25%;\" alt=\"\"><\/p>\n<hr>\n<h4><strong>Contenido<\/strong><\/h4>\n<ul>\n<li>Parasol (modelo ALC-SH175)<\/li>\n<li>Tapa frontal del objetivo (suministrada)<\/li>\n<li>Tapa trasera del objetivo (ALC-R1EM)<\/li>\n<li>Estuche blando<\/li>\n<li>Tr\u00edpode<\/li>\n<li>Correa de lente<\/li>\n<li>Filtro directo<\/li>\n<\/ul>\n<p><img decoding=\"async\" src=\"https:\/\/www.sony.pt\/image\/3b6fb685f0a0dea78942b5e9e81f5023?fmt=jpeg&amp;wid=720&amp;qlt=85\" style=\"width: 25%;\" alt=\"\"><\/p>\n<hr>\n<h4><strong>Especificaciones t\u00e9cnicas<\/strong><\/h4>\n<p><strong>\u00d3ptica:<\/strong><\/p>\n<ul>\n<li><strong>Formato<\/strong>: fotograma completo de 35 mm<\/li>\n<li><strong>Distancia focal<\/strong>: 300 mm (450 mm en APS-C)<\/li>\n<li><strong>Apertura m\u00e1xima<\/strong>: f\/2.8<\/li>\n<li><strong>Apertura m\u00ednima<\/strong>: f\/22<\/li>\n<li><strong>Grupos\/Elementos<\/strong>: 17 grupos, 21 elementos (incluido un filtro)<\/li>\n<li><strong>Cuchillas de apertura<\/strong>: 11 (circular)<\/li>\n<li><strong>Distancia m\u00ednima de enfoque<\/strong>: 2 m<\/li>\n<li><strong>Aumento m\u00e1ximo<\/strong>: 0.16x<\/li>\n<\/ul>\n<p><strong>Construcci\u00f3n:<\/strong><\/p>\n<ul>\n<li><strong>Di\u00e1metro del filtro<\/strong>: 40,5 mm (drop-in)<\/li>\n<li><strong>Dimensiones<\/strong>: 124 x 265 mm<\/li>\n<li><strong>Peso<\/strong>: 1470 g (sin soporte para tr\u00edpode)<\/li>\n<\/ul>\n<p><strong>Estabilizaci\u00f3n y compatibilidad:<\/strong><\/p>\n<ul>\n<li><strong>Estabilizaci\u00f3n de imagen<\/strong>: SteadyShot \u00f3ptico<\/li>\n<li><strong>Teleconvertidores compatibles<\/strong>: SEL14TC (1.4x), SEL20TC (2.0x)<\/li>\n<\/ul>\n<p><\/p>\n","protected":false},"excerpt":{"rendered":"<p>Sony SEL300F28GM &#8211; Teleobjetivo 300mm F2.8 G Master Transforma tu enfoque de la fotograf\u00eda de acci\u00f3n y naturaleza con Sony<\/p>\n","protected":false},"featured_media":54641,"comment_status":"closed","ping_status":"open","template":"","meta":{"_acf_changed":false},"product_brand":[2537],"product_cat":[1062],"product_tag":[],"class_list":{"0":"post-74017","1":"product","2":"type-product","3":"status-publish","4":"has-post-thumbnail","6":"product_brand-sony-es","7":"product_cat-mirrorless-objectivos","8":"pa_abertura-maxima-f-2-8-es","9":"custom-price-on-request","11":"first","12":"onbackorder","13":"taxable","14":"shipping-taxable","15":"product-type-simple"},"bundled_by":[],"bundle_stock_status":"onbackorder","bundle_stock_quantity":null,"bundle_virtual":false,"bundle_layout":"","bundle_add_to_cart_form_location":"","bundle_editable_in_cart":false,"bundle_sold_individually_context":"","bundle_item_grouping":"","bundle_min_size":"","bundle_max_size":"","bundle_price":[],"bundled_items":[],"bundle_sell_ids":[],"acf":[],"_links":{"self":[{"href":"https:\/\/hi-techwonder.com\/es\/wp-json\/wp\/v2\/product\/74017","targetHints":{"allow":["GET"]}}],"collection":[{"href":"https:\/\/hi-techwonder.com\/es\/wp-json\/wp\/v2\/product"}],"about":[{"href":"https:\/\/hi-techwonder.com\/es\/wp-json\/wp\/v2\/types\/product"}],"replies":[{"embeddable":true,"href":"https:\/\/hi-techwonder.com\/es\/wp-json\/wp\/v2\/comments?post=74017"}],"wp:featuredmedia":[{"embeddable":true,"href":"https:\/\/hi-techwonder.com\/es\/wp-json\/wp\/v2\/media\/54641"}],"wp:attachment":[{"href":"https:\/\/hi-techwonder.com\/es\/wp-json\/wp\/v2\/media?parent=74017"}],"wp:term":[{"taxonomy":"product_brand","embeddable":true,"href":"https:\/\/hi-techwonder.com\/es\/wp-json\/wp\/v2\/product_brand?post=74017"},{"taxonomy":"product_cat","embeddable":true,"href":"https:\/\/hi-techwonder.com\/es\/wp-json\/wp\/v2\/product_cat?post=74017"},{"taxonomy":"product_tag","embeddable":true,"href":"https:\/\/hi-techwonder.com\/es\/wp-json\/wp\/v2\/product_tag?post=74017"}],"curies":[{"name":"wp","href":"https:\/\/api.w.org\/{rel}","templated":true}]}}