{"id":74019,"date":"2025-07-29T09:48:59","date_gmt":"2025-07-29T09:48:59","guid":{"rendered":"https:\/\/fv6qoy3ls0.wpdns.site\/product\/sony-fe-200-600mm-f-5-6-6-3-g-oss\/"},"modified":"2026-01-30T09:13:49","modified_gmt":"2026-01-30T09:13:49","slug":"sony-fe-200-600mm-f-5-6-6-3-g-oss","status":"publish","type":"product","link":"https:\/\/hi-techwonder.com\/es\/producto\/sony-fe-200-600mm-f-5-6-6-3-g-oss\/","title":{"rendered":"SONY FE 200-600mm f\/5.6-6.3 G OSS"},"content":{"rendered":"<p>Ideal para la vida silvestre, el zoom superteleobjetivo de 200-600 mm alcanza los 840 mm o 1200 mm con teleconvertidores de 1,4x y 2,0x, alta calidad de lente G y rendimiento de AF. Los elementos de vidrio esf\u00e9rico y ED ofrecen una resoluci\u00f3n excelente en todo el rango de zoom, y el recubrimiento Nano AR de Sony elimina los destellos y las im\u00e1genes fantasma. El bokeh es hermoso.  &nbsp;<\/p>\n<p><strong>Zoom a 600 mm o 1200 con teleconvertidor<\/strong><\/p>\n<p>Compatible con teleconvertidores de 1,4x y 2,0x, para una distancia focal de 840 mm o 1200 mm a F13. Ambos teleconvertidores tienen una calidad de primer nivel al tiempo que mantienen una excelente calidad de imagen y rendimiento AF. El rango de zoom y apertura con el teleconvertidor de 1.4x es de 280-840 mm, F8-9. Con el teleconvertidor 2.0x, los rangos son 400-1200 mm, F11-13.   <\/p>\n<p><strong>Alta resoluci\u00f3n en todo el rango de zoom<\/strong><\/p>\n<p>Cinco elementos de vidrio ED (dispersi\u00f3n ultrabaja) y un elemento esf\u00e9rico con un nuevo dise\u00f1o \u00f3ptico ofrecen una excelente resoluci\u00f3n y calidad de imagen en todo el rango del zoom. El elemento esf\u00e9rico suprime la aberraci\u00f3n y la distorsi\u00f3n esf\u00e9ricas, y los elementos de vidrio ED minimizan la aberraci\u00f3n crom\u00e1tica, un problema con las distancias focales de superteleobjetivo. <\/p>\n<p><strong>El AF r\u00e1pido y preciso se mantiene al d\u00eda con los sujetos r\u00e1pidos<\/strong><\/p>\n<p>El sistema DDSSM (Direct Drive SSM) ofrece la potencia y la precisi\u00f3n que necesita el mecanismo de la lente para garantizar un enfoque r\u00e1pido y preciso. Con la precisi\u00f3n de posicionamiento, no se pierde ning\u00fan movimiento. El enfoque autom\u00e1tico de precisi\u00f3n es r\u00e1pido. El sistema DDSSM tambi\u00e9n es silencioso.   <\/p>\n<p><strong>Hermoso efecto bokeh natural de la lente G<\/strong><\/p>\n<p>Un mecanismo de apertura circular de 11 hojas se suma a la belleza del efecto bokeh producido por este objetivo, lo que permite utilizar la estrecha profundidad de campo disponible en distancias focales de superteleobjetivo para producir im\u00e1genes incre\u00edbles con el efecto bokeh profundo y suave del objetivo G.<\/p>\n<p><strong>Excelente control y fiabilidad en el campo<\/strong><\/p>\n<p>Con el mecanismo de zoom interno, la distancia de la lente no cambia durante el aumento, para una operaci\u00f3n manual estable y equilibrada. Hay botones de retenci\u00f3n de enfoque en tres ubicaciones con una separaci\u00f3n de 90\u00b0, para facilitar el acceso al disparar en cualquier direcci\u00f3n. El revestimiento de fl\u00faor del elemento frontal y el dise\u00f1o resistente al polvo y la humedad garantizan la m\u00e1xima fiabilidad.  <\/p>\n<p><iframe loading=\"lazy\" style=\"width: 100%; min-height: 500px;\" src=\"\/\/www.youtube.com\/embed\/rMlMOBuBGhM\" width=\"100%\" height=\"auto\" allowfullscreen=\"allowfullscreen\"><\/iframe><\/p>\n<p><strong>Caracter\u00edsticas principales:<\/strong><\/p>\n<ul>\n<li>Lente con montura E\/formato de fotograma completo<\/li>\n<li>Rango de apertura: f\/5.6 a f\/36<\/li>\n<li>Cinco elementos ED, un elemento asf\u00e9rico<\/li>\n<li>Recubrimiento Nano AR y recubrimiento de fl\u00faor<\/li>\n<li>Motor AF de onda supers\u00f3nica de accionamiento directo<\/li>\n<li>Estabilizaci\u00f3n de imagen \u00f3ptica SteadyShot<\/li>\n<li>Construcci\u00f3n resistente al polvo y la humedad<\/li>\n<li>Collar de tr\u00edpode giratorio extra\u00edble<\/li>\n<li>Diafragma redondeado de 11 hojas<\/li>\n<\/ul>\n<p>Con un rango de teleobjetivo vers\u00e1til, el FE 200-600 mm f\/5.6-6.3 G OSS de Sony es un zoom flexible perfectamente adecuado para aplicaciones de naturaleza, vida silvestre y deportes. Su largo alcance se combina con un modesto rango de apertura m\u00e1xima para ofrecer un dise\u00f1o relativamente liviano y port\u00e1til, lo que beneficia el uso port\u00e1til. El dise\u00f1o \u00f3ptico incorpora una serie de elementos asf\u00e9ricos y de baja dispersi\u00f3n, que suprimen una variedad de aberraciones, franjas de color y distorsi\u00f3n para producir im\u00e1genes bien corregidas con alta nitidez, fidelidad de color y representaci\u00f3n precisa. Tambi\u00e9n se ha aplicado un recubrimiento Nano AR para reducir a\u00fan m\u00e1s los reflejos y destellos de la superficie para mejorar el contraste cuando se trabaja en condiciones brillantes y de contraluz.   <\/p>\n<p>Como complemento de la \u00f3ptica, este objetivo tambi\u00e9n cuenta con un sofisticado dise\u00f1o f\u00edsico, que incorpora un motor de ondas supers\u00f3nicas de accionamiento directo para lograr un rendimiento de enfoque autom\u00e1tico r\u00e1pido y casi silencioso, as\u00ed como una anulaci\u00f3n del enfoque manual a tiempo completo. La estabilizaci\u00f3n de imagen \u00f3ptica SteadyShot minimiza la apariencia del movimiento de la c\u00e1mara para producir im\u00e1genes m\u00e1s n\u00edtidas cuando se trabaja sin tr\u00edpode y tambi\u00e9n se presenta un collar de tr\u00edpode giratorio extra\u00edble para un montaje estable en tr\u00edpode y monopie. Adem\u00e1s, un diafragma redondeado de 11 hojas contribuye a una calidad bokeh especialmente agradable y la lente luce un dise\u00f1o sellado contra la intemperie junto con un elemento frontal recubierto de fl\u00faor.  <\/p>\n<ul>\n<li>Un zoom de teleobjetivo de gran alcance dise\u00f1ado para c\u00e1maras sin espejo con montura E de fotograma completo, este objetivo de 200-600 mm tambi\u00e9n es compatible con los modelos APS-C, donde proporciona un rango de distancia focal equivalente a 300-900 mm.<\/li>\n<li>El rango de apertura m\u00e1ximo de f\/5.6-6.3 ayuda a minimizar el tama\u00f1o y el peso al tiempo que proporciona un excelente rendimiento en una variedad de aplicaciones.<\/li>\n<li>Cinco elementos de dispersi\u00f3n extra baja se presentan en el dise\u00f1o de la lente y ayudan a controlar las aberraciones crom\u00e1ticas y reducir las franjas de color para aumentar la claridad y la fidelidad del color.<\/li>\n<li>Un elemento asf\u00e9rico se coloca en la parte posterior del dise\u00f1o \u00f3ptico y reduce la distorsi\u00f3n y las aberraciones esf\u00e9ricas para producir un alto grado de nitidez y una representaci\u00f3n precisa.<\/li>\n<li>Se ha aplicado un recubrimiento Nano AR para minimizar los reflejos de la superficie, los destellos y las im\u00e1genes fantasma para aumentar el contraste y la reproducci\u00f3n del color en condiciones de iluminaci\u00f3n intensa.<\/li>\n<li>La estabilizaci\u00f3n de imagen \u00f3ptica SteadyShot ayuda a minimizar la apariencia de movimiento de la c\u00e1mara para obtener im\u00e1genes m\u00e1s n\u00edtidas cuando se dispara sin tr\u00edpode con velocidades de obturaci\u00f3n m\u00e1s lentas. Este sistema de estabilizaci\u00f3n tiene tres modos dedicados, que incluyen ajustes de prioridad de estabilizaci\u00f3n panor\u00e1mica y del visor, y tambi\u00e9n se puede combinar con la estabilizaci\u00f3n de imagen de tipo cambio de sensor de la c\u00e1mara seleccionada para un control m\u00e1s efectivo del desenfoque de la c\u00e1mara. <\/li>\n<li>Un sistema AF Direct Drive Super Sonic Wave Motor (DDSSM) proporciona un rendimiento de enfoque autom\u00e1tico r\u00e1pido, silencioso y preciso y una anulaci\u00f3n de MF a tiempo completo, y Linear Response MF tambi\u00e9n contribuye a un control de enfoque manual m\u00e1s natural e intuitivo.<\/li>\n<li>La distancia m\u00ednima de enfoque de 2,4 m, junto con un aumento m\u00e1ximo de 0,66x, beneficia los retratos, las tomas de rostros y otras aplicaciones de toma de primeros planos.<\/li>\n<li>Los controles de limitaci\u00f3n de rango de enfoque y retenci\u00f3n de enfoque ofrecen un manejo m\u00e1s intuitivo y un rendimiento m\u00e1s r\u00e1pido al fotografiar sujetos en movimiento.<\/li>\n<li>El dise\u00f1o de zoom interno limita la longitud total de la lente mientras se hace zoom para un manejo m\u00e1s intuitivo y c\u00f3modo.<\/li>\n<li>La construcci\u00f3n sellada contra el polvo y la intemperie beneficia el uso del objetivo en condiciones de disparo adversas.<\/li>\n<li>El elemento frontal de la lente cuenta con un revestimiento de fl\u00faor para proteger contra las manchas y el polvo que se adhieren a la superficie del vidrio.<\/li>\n<li>Un diafragma redondeado de 11 hojas contribuye a una agradable calidad de bokeh cuando se emplean t\u00e9cnicas de enfoque selectivo.<\/li>\n<li>El soporte de tr\u00edpode giratorio extra\u00edble permite cambiar r\u00e1pidamente de orientaciones de disparo horizontales a verticales.<\/li>\n<li>Compatible con teleconvertidores FE opcionales de 1,4x y 2x para aumentar a\u00fan m\u00e1s el alcance del objetivo.<\/li>\n<\/ul>\n<h2 class=\"title_1tNQ83iPOOgJ6m5fVkxmSw\" style=\"box-sizing: inherit; margin: 0px; padding: 2.8125rem 0px; text-transform: capitalize; font-size: 2.125rem; font-weight: 400; color: #333333; line-height: 3.1875rem; font-family: OpenSans, 'Segoe UI', Helvetica, Roboto, Arial, sans-serif; background-color: #ffffff;\" data-selenium=\"specsItemTitle\"><strong><span style=\"color: #1e6add;\">Sony FE 200-600mm F\/5.6-6.3 G OSS Ficha Tecnica<\/strong><\/span><\/h2>\n<div class=\"group_K7YrQottgVsRZ4B6zAaGG\" style=\"box-sizing: inherit; margin-bottom: 2.1875rem; background-color: #ffffff;\">\n<table class=\"table_o418fscimQZEg1oshu4aX\" style=\"font-family: OpenSans, 'Segoe UI', Helvetica, Roboto, Arial, sans-serif; font-size: 16px; box-sizing: inherit; width: 726.667px; height: 337px;\" data-selenium=\"specsItemGroupTable\">\n<tbody style=\"box-sizing: inherit;\">\n<tr class=\"pair_3u9fnESIQrtuEu6ye_zM4k\" style=\"box-sizing: inherit; border-bottom: 0.0625rem solid #e7e7e7; height: 22px;\" data-selenium=\"specsItemGroupTableRow\">\n<td class=\"label_3bLwbW8ibvYc5tUwpKVQsL firstSpecWhenNoGroupName_2L9ob5rxYHNpmiwoNrY0FE\" style=\"box-sizing: inherit; width: 275.556px; padding: 0px 0px 1.25rem; border-top: none; vertical-align: baseline; font-size: 1.125rem; color: #666666; line-height: 1.375rem; height: 22px;\" data-selenium=\"specsItemGroupTableColumnLabel\"><strong>Distancia<\/strong><\/td>\n<p> focal<\/p>\n<td class=\"value_11Av1yGkVYn9TX48mQeu9v firstSpecWhenNoGroupName_2L9ob5rxYHNpmiwoNrY0FE\" style=\"box-sizing: inherit; padding: 0px 0px 1.25rem 2.5rem; vertical-align: baseline; font-size: 1.125rem; color: #666666; line-height: 1.375rem; height: 22px; width: 407.778px;\" data-selenium=\"specsItemGroupTableColumnValue\">De 200 a 600 mm<\/td>\n<\/tr>\n<tr class=\"pair_3u9fnESIQrtuEu6ye_zM4k\" style=\"box-sizing: inherit; border-bottom: 0.0625rem solid #e7e7e7; height: 21px;\" data-selenium=\"specsItemGroupTableRow\">\n<td class=\"label_3bLwbW8ibvYc5tUwpKVQsL\" style=\"box-sizing: inherit; width: 275.556px; padding: 1.25rem 0px; border-top: none; vertical-align: baseline; font-size: 1.125rem; color: #666666; line-height: 1.375rem; height: 21px;\" data-selenium=\"specsItemGroupTableColumnLabel\"><strong>Apertura<\/strong><\/td>\n<p> m\u00e1xima<\/p>\n<td class=\"value_11Av1yGkVYn9TX48mQeu9v\" style=\"box-sizing: inherit; padding: 1.25rem 0px 1.25rem 2.5rem; vertical-align: baseline; font-size: 1.125rem; color: #666666; line-height: 1.375rem; height: 21px; width: 407.778px;\" data-selenium=\"specsItemGroupTableColumnValue\">f\/5.6 a 6.3<\/td>\n<\/tr>\n<tr class=\"pair_3u9fnESIQrtuEu6ye_zM4k\" style=\"box-sizing: inherit; border-bottom: 0.0625rem solid #e7e7e7; height: 21px;\" data-selenium=\"specsItemGroupTableRow\">\n<td class=\"label_3bLwbW8ibvYc5tUwpKVQsL\" style=\"box-sizing: inherit; width: 275.556px; padding: 1.25rem 0px; border-top: none; vertical-align: baseline; font-size: 1.125rem; color: #666666; line-height: 1.375rem; height: 21px;\" data-selenium=\"specsItemGroupTableColumnLabel\"><strong><span style=\"color: #000000;\">Apertura m\u00ednima<\/strong><\/span><\/td>\n<td class=\"value_11Av1yGkVYn9TX48mQeu9v\" style=\"box-sizing: inherit; padding: 1.25rem 0px 1.25rem 2.5rem; vertical-align: baseline; font-size: 1.125rem; color: #666666; line-height: 1.375rem; height: 21px; width: 407.778px;\" data-selenium=\"specsItemGroupTableColumnValue\">f\/32 a 36<\/td>\n<\/tr>\n<tr class=\"pair_3u9fnESIQrtuEu6ye_zM4k\" style=\"box-sizing: inherit; border-bottom: 0.0625rem solid #e7e7e7; height: 21px;\" data-selenium=\"specsItemGroupTableRow\">\n<td class=\"label_3bLwbW8ibvYc5tUwpKVQsL\" style=\"box-sizing: inherit; width: 275.556px; padding: 1.25rem 0px; border-top: none; vertical-align: baseline; font-size: 1.125rem; color: #666666; line-height: 1.375rem; height: 21px;\" data-selenium=\"specsItemGroupTableColumnLabel\"><strong><span style=\"color: #000000;\">Montura de lente<\/strong><\/span><\/td>\n<td class=\"value_11Av1yGkVYn9TX48mQeu9v\" style=\"box-sizing: inherit; padding: 1.25rem 0px 1.25rem 2.5rem; vertical-align: baseline; font-size: 1.125rem; color: #666666; line-height: 1.375rem; height: 21px; width: 407.778px;\" data-selenium=\"specsItemGroupTableColumnValue\">Sony E<\/td>\n<\/tr>\n<tr class=\"pair_3u9fnESIQrtuEu6ye_zM4k\" style=\"box-sizing: inherit; border-bottom: 0.0625rem solid #e7e7e7; height: 21px;\" data-selenium=\"specsItemGroupTableRow\">\n<td class=\"label_3bLwbW8ibvYc5tUwpKVQsL\" style=\"box-sizing: inherit; width: 275.556px; padding: 1.25rem 0px; border-top: none; vertical-align: baseline; font-size: 1.125rem; color: #666666; line-height: 1.375rem; height: 21px;\" data-selenium=\"specsItemGroupTableColumnLabel\"><strong><span style=\"color: #000000;\">Compatibilidad de formatos<\/strong><\/span><\/td>\n<td class=\"value_11Av1yGkVYn9TX48mQeu9v\" style=\"box-sizing: inherit; padding: 1.25rem 0px 1.25rem 2.5rem; vertical-align: baseline; font-size: 1.125rem; color: #666666; line-height: 1.375rem; height: 21px; width: 407.778px;\" data-selenium=\"specsItemGroupTableColumnValue\">Fotograma completo<\/td>\n<\/tr>\n<tr class=\"pair_3u9fnESIQrtuEu6ye_zM4k\" style=\"box-sizing: inherit; border-bottom: 0.0625rem solid #e7e7e7; height: 21px;\" data-selenium=\"specsItemGroupTableRow\">\n<td class=\"label_3bLwbW8ibvYc5tUwpKVQsL\" style=\"box-sizing: inherit; width: 275.556px; padding: 1.25rem 0px; border-top: none; vertical-align: baseline; font-size: 1.125rem; color: #666666; line-height: 1.375rem; height: 21px;\" data-selenium=\"specsItemGroupTableColumnLabel\"><strong><span style=\"color: #000000;\">\u00c1ngulo de visi\u00f3n<\/strong><\/span><\/td>\n<td class=\"value_11Av1yGkVYn9TX48mQeu9v\" style=\"box-sizing: inherit; padding: 1.25rem 0px 1.25rem 2.5rem; vertical-align: baseline; font-size: 1.125rem; color: #666666; line-height: 1.375rem; height: 21px; width: 407.778px;\" data-selenium=\"specsItemGroupTableColumnValue\">12\u00b0 30&#8242; a 4\u00b0 10&#8242;<\/td>\n<\/tr>\n<tr class=\"pair_3u9fnESIQrtuEu6ye_zM4k\" style=\"box-sizing: inherit; border-bottom: 0.0625rem solid #e7e7e7; height: 21px;\" data-selenium=\"specsItemGroupTableRow\">\n<td class=\"label_3bLwbW8ibvYc5tUwpKVQsL\" style=\"box-sizing: inherit; width: 275.556px; padding: 1.25rem 0px; border-top: none; vertical-align: baseline; font-size: 1.125rem; color: #666666; line-height: 1.375rem; height: 21px;\" data-selenium=\"specsItemGroupTableColumnLabel\"><strong><span style=\"color: #000000;\">Aumento m\u00e1ximo<\/strong><\/span><\/td>\n<td class=\"value_11Av1yGkVYn9TX48mQeu9v\" style=\"box-sizing: inherit; padding: 1.25rem 0px 1.25rem 2.5rem; vertical-align: baseline; font-size: 1.125rem; color: #666666; line-height: 1.375rem; height: 21px; width: 407.778px;\" data-selenium=\"specsItemGroupTableColumnValue\">0,66 veces<\/td>\n<\/tr>\n<tr class=\"pair_3u9fnESIQrtuEu6ye_zM4k\" style=\"box-sizing: inherit; border-bottom: 0.0625rem solid #e7e7e7; height: 21px;\" data-selenium=\"specsItemGroupTableRow\">\n<td class=\"label_3bLwbW8ibvYc5tUwpKVQsL\" style=\"box-sizing: inherit; width: 275.556px; padding: 1.25rem 0px; border-top: none; vertical-align: baseline; font-size: 1.125rem; color: #666666; line-height: 1.375rem; height: 21px;\" data-selenium=\"specsItemGroupTableColumnLabel\"><strong><span style=\"color: #000000;\">Distancia m\u00ednima de enfoque<\/strong><\/span><\/td>\n<td class=\"value_11Av1yGkVYn9TX48mQeu9v\" style=\"box-sizing: inherit; padding: 1.25rem 0px 1.25rem 2.5rem; vertical-align: baseline; font-size: 1.125rem; color: #666666; line-height: 1.375rem; height: 21px; width: 407.778px;\" data-selenium=\"specsItemGroupTableColumnValue\">2,4 m<\/td>\n<\/tr>\n<tr class=\"pair_3u9fnESIQrtuEu6ye_zM4k\" style=\"box-sizing: inherit; border-bottom: 0.0625rem solid #e7e7e7; height: 21px;\" data-selenium=\"specsItemGroupTableRow\">\n<td class=\"label_3bLwbW8ibvYc5tUwpKVQsL\" style=\"box-sizing: inherit; width: 275.556px; padding: 1.25rem 0px; border-top: none; vertical-align: baseline; font-size: 1.125rem; color: #666666; line-height: 1.375rem; height: 21px;\" data-selenium=\"specsItemGroupTableColumnLabel\"><strong><span style=\"color: #000000;\">Dise\u00f1o \u00f3ptico<\/strong><\/span><\/td>\n<td class=\"value_11Av1yGkVYn9TX48mQeu9v\" style=\"box-sizing: inherit; padding: 1.25rem 0px 1.25rem 2.5rem; vertical-align: baseline; font-size: 1.125rem; color: #666666; line-height: 1.375rem; height: 21px; width: 407.778px;\" data-selenium=\"specsItemGroupTableColumnValue\">24 elementos en 17 grupos<\/td>\n<\/tr>\n<tr class=\"pair_3u9fnESIQrtuEu6ye_zM4k\" style=\"box-sizing: inherit; border-bottom: 0.0625rem solid #e7e7e7; height: 21px;\" data-selenium=\"specsItemGroupTableRow\">\n<td class=\"label_3bLwbW8ibvYc5tUwpKVQsL\" style=\"box-sizing: inherit; width: 275.556px; padding: 1.25rem 0px; border-top: none; vertical-align: baseline; font-size: 1.125rem; color: #666666; line-height: 1.375rem; height: 21px;\" data-selenium=\"specsItemGroupTableColumnLabel\"><strong><span style=\"color: #000000;\">Hojas de diafragma<\/strong><\/span><\/td>\n<td class=\"value_11Av1yGkVYn9TX48mQeu9v\" style=\"box-sizing: inherit; padding: 1.25rem 0px 1.25rem 2.5rem; vertical-align: baseline; font-size: 1.125rem; color: #666666; line-height: 1.375rem; height: 21px; width: 407.778px;\" data-selenium=\"specsItemGroupTableColumnValue\">11, redondeado<\/td>\n<\/tr>\n<tr class=\"pair_3u9fnESIQrtuEu6ye_zM4k\" style=\"box-sizing: inherit; border-bottom: 0.0625rem solid #e7e7e7; height: 21px;\" data-selenium=\"specsItemGroupTableRow\">\n<td class=\"label_3bLwbW8ibvYc5tUwpKVQsL\" style=\"box-sizing: inherit; width: 275.556px; padding: 1.25rem 0px; border-top: none; vertical-align: baseline; font-size: 1.125rem; color: #666666; line-height: 1.375rem; height: 21px;\" data-selenium=\"specsItemGroupTableColumnLabel\"><strong><span style=\"color: #000000;\">Tipo de enfoque<\/strong><\/span><\/td>\n<td class=\"value_11Av1yGkVYn9TX48mQeu9v\" style=\"box-sizing: inherit; padding: 1.25rem 0px 1.25rem 2.5rem; vertical-align: baseline; font-size: 1.125rem; color: #666666; line-height: 1.375rem; height: 21px; width: 407.778px;\" data-selenium=\"specsItemGroupTableColumnValue\">Enfoque autom\u00e1tico<\/td>\n<\/tr>\n<tr class=\"pair_3u9fnESIQrtuEu6ye_zM4k\" style=\"box-sizing: inherit; border-bottom: 0.0625rem solid #e7e7e7; height: 21px;\" data-selenium=\"specsItemGroupTableRow\">\n<td class=\"label_3bLwbW8ibvYc5tUwpKVQsL\" style=\"box-sizing: inherit; width: 275.556px; padding: 1.25rem 0px; border-top: none; vertical-align: baseline; font-size: 1.125rem; color: #666666; line-height: 1.375rem; height: 21px;\" data-selenium=\"specsItemGroupTableColumnLabel\"><strong><span style=\"color: #000000;\">Estabilizaci\u00f3n de imagen<\/strong><\/span><\/td>\n<td class=\"value_11Av1yGkVYn9TX48mQeu9v\" style=\"box-sizing: inherit; padding: 1.25rem 0px 1.25rem 2.5rem; vertical-align: baseline; font-size: 1.125rem; color: #666666; line-height: 1.375rem; height: 21px; width: 407.778px;\" data-selenium=\"specsItemGroupTableColumnValue\">S\u00ed<\/td>\n<\/tr>\n<tr class=\"pair_3u9fnESIQrtuEu6ye_zM4k\" style=\"box-sizing: inherit; border-bottom: 0.0625rem solid #e7e7e7; height: 21px;\" data-selenium=\"specsItemGroupTableRow\">\n<td class=\"label_3bLwbW8ibvYc5tUwpKVQsL\" style=\"box-sizing: inherit; width: 275.556px; padding: 1.25rem 0px; border-top: none; vertical-align: baseline; font-size: 1.125rem; color: #666666; line-height: 1.375rem; height: 21px;\" data-selenium=\"specsItemGroupTableColumnLabel\"><strong><span style=\"color: #000000;\">Collar de tr\u00edpode<\/strong><\/span><\/td>\n<td class=\"value_11Av1yGkVYn9TX48mQeu9v\" style=\"box-sizing: inherit; padding: 1.25rem 0px 1.25rem 2.5rem; vertical-align: baseline; font-size: 1.125rem; color: #666666; line-height: 1.375rem; height: 21px; width: 407.778px;\" data-selenium=\"specsItemGroupTableColumnValue\">Desmontable y giratorio<\/td>\n<\/tr>\n<tr class=\"pair_3u9fnESIQrtuEu6ye_zM4k\" style=\"box-sizing: inherit; border-bottom: 0.0625rem solid #e7e7e7; height: 21px;\" data-selenium=\"specsItemGroupTableRow\">\n<td class=\"label_3bLwbW8ibvYc5tUwpKVQsL\" style=\"box-sizing: inherit; width: 275.556px; padding: 1.25rem 0px; border-top: none; vertical-align: baseline; font-size: 1.125rem; color: #666666; line-height: 1.375rem; height: 21px;\" data-selenium=\"specsItemGroupTableColumnLabel\"><strong><span style=\"color: #000000;\">Tama\u00f1o del filtro<\/strong><\/span><\/td>\n<td class=\"value_11Av1yGkVYn9TX48mQeu9v\" style=\"box-sizing: inherit; padding: 1.25rem 0px 1.25rem 2.5rem; vertical-align: baseline; font-size: 1.125rem; color: #666666; line-height: 1.375rem; height: 21px; width: 407.778px;\" data-selenium=\"specsItemGroupTableColumnValue\">95 mm (delantero)<\/td>\n<\/tr>\n<tr class=\"pair_3u9fnESIQrtuEu6ye_zM4k\" style=\"box-sizing: inherit; border-bottom: 0.0625rem solid #e7e7e7; height: 21px;\" data-selenium=\"specsItemGroupTableRow\">\n<td class=\"label_3bLwbW8ibvYc5tUwpKVQsL\" style=\"box-sizing: inherit; width: 275.556px; padding: 1.25rem 0px; border-top: none; vertical-align: baseline; font-size: 1.125rem; color: #666666; line-height: 1.375rem; height: 21px;\" data-selenium=\"specsItemGroupTableColumnLabel\"><strong><span style=\"color: #000000;\">Dimensiones (\u00f8 x L)<\/strong><\/span><\/td>\n<td class=\"value_11Av1yGkVYn9TX48mQeu9v\" style=\"box-sizing: inherit; padding: 1.25rem 0px 1.25rem 2.5rem; vertical-align: baseline; font-size: 1.125rem; color: #666666; line-height: 1.375rem; height: 21px; width: 407.778px;\" data-selenium=\"specsItemGroupTableColumnValue\">111,5 x 318 mil\u00edmetros<\/td>\n<\/tr>\n<tr class=\"pair_3u9fnESIQrtuEu6ye_zM4k\" style=\"box-sizing: inherit; border-bottom: 0.0625rem solid #e7e7e7; height: 21px;\" data-selenium=\"specsItemGroupTableRow\">\n<td class=\"label_3bLwbW8ibvYc5tUwpKVQsL\" style=\"box-sizing: inherit; width: 275.556px; padding: 1.25rem 0px; border-top: none; vertical-align: baseline; font-size: 1.125rem; color: #666666; line-height: 1.375rem; height: 21px;\" data-selenium=\"specsItemGroupTableColumnLabel\"><strong><span style=\"color: #000000;\">Peso<\/strong><\/span><\/td>\n<td class=\"value_11Av1yGkVYn9TX48mQeu9v\" style=\"box-sizing: inherit; padding: 1.25rem 0px 1.25rem 2.5rem; vertical-align: baseline; font-size: 1.125rem; color: #666666; line-height: 1.375rem; height: 21px; width: 407.778px;\" data-selenium=\"specsItemGroupTableColumnValue\">2115 gramos<\/td>\n<\/tr>\n<\/tbody>\n<\/table>\n<p><strong>En la caja:<\/strong><\/p>\n<ul>\n<li>Lente Sony FE 200-600 mm f\/5.6-6.3 G OSS<\/li>\n<li>ALC-F95S Tapa frontal del objetivo<\/li>\n<li>Tapa trasera del objetivo Sony ALC-R1EM<\/li>\n<li>ALC-SH157 Parasol<\/li>\n<li>Correa de lente<\/li>\n<li>Collar de tr\u00edpode<\/li>\n<li>Estuche de lentes<\/li>\n<\/ul>\n<\/div>\n","protected":false},"excerpt":{"rendered":"<p>Ideal para la vida silvestre, el zoom superteleobjetivo de 200-600 mm alcanza los 840 mm o 1200 mm con teleconvertidores<\/p>\n","protected":false},"featured_media":54382,"comment_status":"closed","ping_status":"open","template":"","meta":{"_acf_changed":false},"product_brand":[2537],"product_cat":[1062],"product_tag":[],"class_list":{"0":"post-74019","1":"product","2":"type-product","3":"status-publish","4":"has-post-thumbnail","6":"product_brand-sony-es","7":"product_cat-mirrorless-objectivos","8":"pa_abertura-maxima-f-5-6-6-3-es","10":"first","11":"onbackorder","12":"taxable","13":"shipping-taxable","14":"purchasable","15":"product-type-simple"},"bundled_by":[],"bundle_stock_status":"onbackorder","bundle_stock_quantity":null,"bundle_virtual":false,"bundle_layout":"","bundle_add_to_cart_form_location":"","bundle_editable_in_cart":false,"bundle_sold_individually_context":"","bundle_item_grouping":"","bundle_min_size":"","bundle_max_size":"","bundle_price":[],"bundled_items":[],"bundle_sell_ids":[],"acf":[],"_links":{"self":[{"href":"https:\/\/hi-techwonder.com\/es\/wp-json\/wp\/v2\/product\/74019","targetHints":{"allow":["GET"]}}],"collection":[{"href":"https:\/\/hi-techwonder.com\/es\/wp-json\/wp\/v2\/product"}],"about":[{"href":"https:\/\/hi-techwonder.com\/es\/wp-json\/wp\/v2\/types\/product"}],"replies":[{"embeddable":true,"href":"https:\/\/hi-techwonder.com\/es\/wp-json\/wp\/v2\/comments?post=74019"}],"wp:featuredmedia":[{"embeddable":true,"href":"https:\/\/hi-techwonder.com\/es\/wp-json\/wp\/v2\/media\/54382"}],"wp:attachment":[{"href":"https:\/\/hi-techwonder.com\/es\/wp-json\/wp\/v2\/media?parent=74019"}],"wp:term":[{"taxonomy":"product_brand","embeddable":true,"href":"https:\/\/hi-techwonder.com\/es\/wp-json\/wp\/v2\/product_brand?post=74019"},{"taxonomy":"product_cat","embeddable":true,"href":"https:\/\/hi-techwonder.com\/es\/wp-json\/wp\/v2\/product_cat?post=74019"},{"taxonomy":"product_tag","embeddable":true,"href":"https:\/\/hi-techwonder.com\/es\/wp-json\/wp\/v2\/product_tag?post=74019"}],"curies":[{"name":"wp","href":"https:\/\/api.w.org\/{rel}","templated":true}]}}