{"id":74021,"date":"2025-07-29T09:47:27","date_gmt":"2025-07-29T09:47:27","guid":{"rendered":"https:\/\/fv6qoy3ls0.wpdns.site\/product\/sony-e-50mm-f-1-8-oss-negro\/"},"modified":"2026-02-06T18:01:30","modified_gmt":"2026-02-06T18:01:30","slug":"sony-e-50mm-f-1-8-oss-negro","status":"publish","type":"product","link":"https:\/\/hi-techwonder.com\/es\/producto\/sony-e-50mm-f-1-8-oss-negro\/","title":{"rendered":"SONY E 50mm f\/1.8 OSS Negro"},"content":{"rendered":"<p><span style=\"font-size: small;\"><strong>ASPECTOS DESTACADOS DEL PRODUCTO<\/strong><br \/><\/span><\/p>\n<ul>\n<li><span style=\"font-size: small;\">Soporte t\u00e9cnico de Sony E<\/span><\/li>\n<li><span style=\"font-size: small;\">75 mm (equivalente a 35 mm)<\/span><\/li>\n<li><span style=\"font-size: small;\">Rango de apertura: f\/1.8-22<\/span><\/li>\n<li><span style=\"font-size: small;\">Estabilizaci\u00f3n de imagen \u00f3ptica SteadyShot<\/span><\/li>\n<li><span style=\"font-size: small;\">Motor de enfoque autom\u00e1tico lineal<\/span><\/li>\n<li><span style=\"font-size: small;\">Enfoque manual directo (DMF)<\/span><\/li>\n<li><span style=\"font-size: small;\">Dise\u00f1o de apertura circular<\/span><\/li>\n<li><span style=\"font-size: small;\">Cilindro de lente de aleaci\u00f3n de aluminio<\/span><\/li>\n<\/ul>\n<p><span style=\"font-size: small;\"><br \/>El lente Sony E 50mm f\/1.8 OSS negro es un lente fijo de longitud vertical con una apertura m\u00e1xima brillante de f\/1.8 y una distancia focal equivalente a 35 mm de 75 mm. La lente tiene un dise\u00f1o liviano y compacto con un cilindro de aleaci\u00f3n de aluminio y un anillo de enfoque grabado para proporcionar un mayor manejo y una apariencia est\u00e9tica. El uso port\u00e1til con gran beneficio con esta lente es la estabilizaci\u00f3n de imagen Optical SteadyShot, que funciona para minimizar la apariencia de movimiento de la c\u00e1mara hasta en cuatro pasos de velocidad de obturaci\u00f3n para admitir el uso en condiciones de poca luz.<br \/>Se incorpora un motor de enfoque autom\u00e1tico lineal en el dise\u00f1o de la lente para proporcionar un rendimiento suave y silencioso y se emplea un motor paso a paso para proporcionar una actuaci\u00f3n de apertura silenciosa que es adecuada para aplicaciones de video. Para un control detallado sobre el enfoque, se admite el enfoque manual directo (DMF), que permite el ajuste manual del enfoque en el modo AF para mejorar el trabajo con im\u00e1genes de enfoque selectivo. Tambi\u00e9n contribuye a las aplicaciones de poca profundidad de campo una apertura circular de siete hojas que proporciona una calidad suave para fondos desenfocados.    <br \/><\/span><\/p>\n<ul>\n<li><span style=\"font-size: small;\">La lente principal de longitud vertical proporciona una distancia focal equivalente a 35 mm desde 75 mm.<\/span><\/li>\n<li><span style=\"font-size: small;\">La apertura m\u00e1xima grande y brillante de f\/1.8 es adecuada para su uso en condiciones de poca luz y para im\u00e1genes de poca profundidad de campo.<\/span><\/li>\n<li><span style=\"font-size: small;\">La estabilizaci\u00f3n de imagen SteadyShot \u00f3ptica funciona para minimizar la apariencia de movimiento de la c\u00e1mara hasta en cuatro pasos de velocidad de obturaci\u00f3n para beneficiar el disparo manual con poca luz y con aumentos de zoom m\u00e1s altos.<\/span><\/li>\n<li><span style=\"font-size: small;\">El motor de enfoque autom\u00e1tico lineal y el control de actuaci\u00f3n de apertura escalonada proporcionan un rendimiento suave y silencioso que es especialmente beneficioso para aplicaciones de video.<\/span><\/li>\n<li><span style=\"font-size: small;\">El enfoque manual directo (DMF) le permite ajustar el enfoque manualmente mientras trabaja en los modos de enfoque autom\u00e1tico.<\/span><\/li>\n<li><span style=\"font-size: small;\">El cilindro de la lente de aleaci\u00f3n de aluminio es ligero y elegante en apariencia.<\/span><\/li>\n<\/ul>\n<p><span style=\"font-size: small;\">&nbsp;<\/span><\/p>\n<p style=\"margin-bottom: 0cm;\"><span style=\"font-size: small;\">&nbsp;<\/span><\/p>\n<p><span style=\"font-size: small;\"> <\/span><\/p>\n<table style=\"width: 609px;\" border=\"0\" cellspacing=\"0\" cellpadding=\"2\">\n<colgroup>\n<col width=\"228\"><\/colgroup>\n<colgroup>\n<col width=\"374\"><\/colgroup>\n<tbody>\n<tr>\n<th colspan=\"2\" width=\"605\">\n<p style=\"padding: 0cm; font-style: normal; font-weight: normal;\"><span style=\"font-size: small;\"><a name=\"11011\"><\/a><span style=\"color: #000000;\"><span style=\"font-size: x-large;\">interino<\/span><\/span><\/span><\/p>\n<\/th>\n<\/tr>\n<tr>\n<td width=\"228\">\n<p style=\"padding: 0cm 0cm 0.53cm; border: medium medium 1px none none solid -moz-use-text-color -moz-use-text-color #e6e7e8;\"><span style=\"font-size: small;\">Distancia focal<\/span><\/p>\n<\/td>\n<td width=\"374\">\n<p style=\"padding: 0cm 0cm 0.53cm; border: medium medium 1px none none solid -moz-use-text-color -moz-use-text-color #e6e7e8;\"><span style=\"font-size: small;\">50 mil\u00edmetros<br \/>Distancia focal comparable de 35 mm: 75 mm<\/span><\/p>\n<\/td>\n<\/tr>\n<tr>\n<td width=\"228\">\n<p style=\"padding: 0cm 0cm 0.53cm; border: medium medium 1px none none solid -moz-use-text-color -moz-use-text-color #e6e7e8;\"><span style=\"font-size: small;\">Abertura<\/span><\/p>\n<\/td>\n<td width=\"374\">\n<p style=\"padding: 0cm 0cm 0.53cm; border: medium medium 1px none none solid -moz-use-text-color -moz-use-text-color #e6e7e8;\"><span style=\"font-size: small;\">M\u00e1ximo: f\/1.8<br \/>M\u00ednimo: f\/22<\/span><\/p>\n<\/td>\n<\/tr>\n<tr>\n<td width=\"228\">\n<p style=\"padding: 0cm 0cm 0.53cm; border: medium medium 1px none none solid -moz-use-text-color -moz-use-text-color #e6e7e8;\"><span style=\"font-size: small;\">Tipo de montaje de la c\u00e1mara<\/span><\/p>\n<\/td>\n<td width=\"374\">\n<p style=\"padding: 0cm 0cm 0.53cm; border: medium medium 1px none none solid -moz-use-text-color -moz-use-text-color #e6e7e8;\"><span style=\"font-size: small;\">Sony (montura E para NEX)<\/span><\/p>\n<\/td>\n<\/tr>\n<tr>\n<td width=\"228\">\n<p style=\"padding: 0cm 0cm 0.53cm; border: medium medium 1px none none solid -moz-use-text-color -moz-use-text-color #e6e7e8;\"><span style=\"font-size: small;\">Compatibilidad de formatos<\/span><\/p>\n<\/td>\n<td width=\"374\">\n<p style=\"padding: 0cm 0cm 0.53cm; border: medium medium 1px none none solid -moz-use-text-color -moz-use-text-color #e6e7e8;\"><span style=\"font-size: small;\">APS-C<\/span><\/p>\n<\/td>\n<\/tr>\n<tr>\n<td width=\"228\">\n<p style=\"padding: 0cm 0cm 0.53cm; border: medium medium 1px none none solid -moz-use-text-color -moz-use-text-color #e6e7e8;\"><span style=\"font-size: small;\">\u00c1ngulo<\/span><\/p>\n<\/td>\n<td width=\"374\">\n<p style=\"padding: 0cm 0cm 0.53cm; border: medium medium 1px none none solid -moz-use-text-color -moz-use-text-color #e6e7e8;\"><span style=\"font-size: small;\">32\u00b0<\/span><\/p>\n<\/td>\n<\/tr>\n<tr>\n<td width=\"228\">\n<p style=\"padding: 0cm 0cm 0.53cm; border: medium medium 1px none none solid -moz-use-text-color -moz-use-text-color #e6e7e8;\"><span style=\"font-size: small;\">Distancia m\u00ednima de enfoque<\/span><\/p>\n<\/td>\n<td width=\"374\">\n<p style=\"padding: 0cm 0cm 0.53cm; border: medium medium 1px none none solid -moz-use-text-color -moz-use-text-color #e6e7e8;\"><span style=\"font-size: small;\">1,28&#8242; (39 cm)<\/span><\/p>\n<\/td>\n<\/tr>\n<tr>\n<td width=\"228\">\n<p style=\"padding: 0cm 0cm 0.53cm; border: medium medium 1px none none solid -moz-use-text-color -moz-use-text-color #e6e7e8;\"><span style=\"font-size: small;\">Ampliaci\u00f3n<\/span><\/p>\n<\/td>\n<td width=\"374\">\n<p style=\"padding: 0cm 0cm 0.53cm; border: medium medium 1px none none solid -moz-use-text-color -moz-use-text-color #e6e7e8;\"><span style=\"font-size: small;\">0,16 veces<\/span><\/p>\n<\/td>\n<\/tr>\n<tr>\n<td width=\"228\">\n<p style=\"padding: 0cm 0cm 0.53cm; border: medium medium 1px none none solid -moz-use-text-color -moz-use-text-color #e6e7e8;\"><span style=\"font-size: small;\">Elementos\/Grupos<\/span><\/p>\n<\/td>\n<td width=\"374\">\n<p style=\"padding: 0cm 0cm 0.53cm; border: medium medium 1px none none solid -moz-use-text-color -moz-use-text-color #e6e7e8;\"><span style=\"font-size: small;\">08\/09<\/span><\/p>\n<\/td>\n<\/tr>\n<tr>\n<td width=\"228\">\n<p style=\"padding: 0cm 0cm 0.53cm; border: medium medium 1px none none solid -moz-use-text-color -moz-use-text-color #e6e7e8;\"><span style=\"font-size: small;\">Hojas de diafragma<\/span><\/p>\n<\/td>\n<td width=\"374\">\n<p style=\"padding: 0cm 0cm 0.53cm; border: medium medium 1px none none solid -moz-use-text-color -moz-use-text-color #e6e7e8;\"><span style=\"font-size: small;\">7<\/span><\/p>\n<\/td>\n<\/tr>\n<\/tbody>\n<\/table>\n<p><span style=\"font-size: small;\"> <\/span><\/p>\n<table style=\"width: 220px;\" border=\"0\" cellspacing=\"0\" cellpadding=\"2\">\n<colgroup>\n<col width=\"177\"><\/colgroup>\n<colgroup>\n<col width=\"35\"><\/colgroup>\n<tbody>\n<tr>\n<th colspan=\"2\" width=\"216\">\n<p style=\"padding: 0cm; font-style: normal; font-weight: normal;\"><span style=\"font-size: small;\"><a name=\"23001\"><\/a><span style=\"color: #000000;\"><span style=\"font-size: x-large;\">Recursos<\/span><\/span><\/span><\/p>\n<\/th>\n<\/tr>\n<tr>\n<td width=\"177\">\n<p style=\"padding: 0cm 0cm 0.53cm; border: medium medium 1px none none solid -moz-use-text-color -moz-use-text-color #e6e7e8;\"><span style=\"font-size: small;\">Estabilizaci\u00f3n de imagen<\/span><\/p>\n<\/td>\n<td width=\"35\">\n<p style=\"padding: 0cm 0cm 0.53cm; border: medium medium 1px none none solid -moz-use-text-color -moz-use-text-color #e6e7e8;\"><span style=\"font-size: small;\">S\u00ed<\/span><\/p>\n<\/td>\n<\/tr>\n<tr>\n<td width=\"177\">\n<p style=\"padding: 0cm 0cm 0.53cm; border: medium medium 1px none none solid -moz-use-text-color -moz-use-text-color #e6e7e8;\"><span style=\"font-size: small;\">Autom\u00e1tico<\/span><\/p>\n<\/td>\n<td width=\"35\">\n<p style=\"padding: 0cm 0cm 0.53cm; border: medium medium 1px none none solid -moz-use-text-color -moz-use-text-color #e6e7e8;\"><span style=\"font-size: small;\">S\u00ed<\/span><\/p>\n<\/td>\n<\/tr>\n<\/tbody>\n<\/table>\n<p><span style=\"font-size: small;\"> <\/span><\/p>\n<table style=\"width: 491px;\" border=\"0\" cellspacing=\"0\" cellpadding=\"2\">\n<colgroup>\n<col width=\"163\"><\/colgroup>\n<colgroup>\n<col width=\"320\"><\/colgroup>\n<tbody>\n<tr>\n<th colspan=\"2\" width=\"487\">\n<p style=\"padding: 0cm; font-style: normal; font-weight: normal;\"><span style=\"font-size: small;\"><a name=\"11501\"><\/a><span style=\"color: #000000;\"><span style=\"font-size: x-large;\">F\u00edsico<\/span><\/span><\/span><\/p>\n<\/th>\n<\/tr>\n<tr>\n<td width=\"163\">\n<p style=\"padding: 0cm 0cm 0.53cm; border: medium medium 1px none none solid -moz-use-text-color -moz-use-text-color #e6e7e8;\"><span style=\"font-size: small;\">Tema de filtro<\/span><\/p>\n<\/td>\n<td width=\"320\">\n<p style=\"padding: 0cm 0cm 0.53cm; border: medium medium 1px none none solid -moz-use-text-color -moz-use-text-color #e6e7e8;\"><span style=\"font-size: small;\">Delantero: 49 mm<\/span><\/p>\n<\/td>\n<\/tr>\n<tr>\n<td width=\"163\">\n<p style=\"padding: 0cm 0cm 0.53cm; border: medium medium 1px none none solid -moz-use-text-color -moz-use-text-color #e6e7e8;\"><span style=\"font-size: small;\">Dimensiones (DxL)<\/span><\/p>\n<\/td>\n<td width=\"320\">\n<p style=\"padding: 0cm 0cm 0.53cm; border: medium medium 1px none none solid -moz-use-text-color -moz-use-text-color #e6e7e8;\"><span style=\"font-size: small;\">Aproximadamente. 2,44 x 2,44&#8243; (62 x 62 mm) <\/span><\/p>\n<\/td>\n<\/tr>\n<tr>\n<td width=\"163\">\n<p style=\"padding: 0cm 0cm 0.53cm; border: medium medium 1px none none solid -moz-use-text-color -moz-use-text-color #e6e7e8;\"><span style=\"font-size: small;\">Peso<\/span><\/p>\n<\/td>\n<td width=\"320\">\n<p style=\"padding: 0cm 0cm 0.53cm; border: medium medium 1px none none solid -moz-use-text-color -moz-use-text-color #e6e7e8;\"><span style=\"font-size: small;\">7,13 oz (202 g) (7,13 oz)<\/span><\/p>\n<\/td>\n<\/tr>\n<\/tbody>\n<\/table>\n<p><span style=\"font-size: small;\"> <\/span><\/p>\n<p style=\"margin-bottom: 0cm;\"><span style=\"font-size: small;\">&nbsp;<\/span><\/p>\n<p><span style=\"font-size: small;\">&nbsp;<\/span><\/p>\n","protected":false},"excerpt":{"rendered":"<p>ASPECTOS DESTACADOS DEL PRODUCTO Soporte t\u00e9cnico de Sony E 75 mm (equivalente a 35 mm) Rango de apertura: f\/1.8-22 Estabilizaci\u00f3n<\/p>\n","protected":false},"featured_media":54236,"comment_status":"closed","ping_status":"open","template":"","meta":{"_acf_changed":false},"product_brand":[2537],"product_cat":[1062],"product_tag":[],"class_list":{"0":"post-74021","1":"product","2":"type-product","3":"status-publish","4":"has-post-thumbnail","6":"product_brand-sony-es","7":"product_cat-mirrorless-objectivos","8":"pa_abertura-maxima-f-1-8-es","10":"first","11":"instock","12":"taxable","13":"shipping-taxable","14":"purchasable","15":"product-type-simple"},"bundled_by":[],"bundle_stock_status":"instock","bundle_stock_quantity":1,"bundle_virtual":false,"bundle_layout":"","bundle_add_to_cart_form_location":"","bundle_editable_in_cart":false,"bundle_sold_individually_context":"","bundle_item_grouping":"","bundle_min_size":"","bundle_max_size":"","bundle_price":[],"bundled_items":[],"bundle_sell_ids":[],"acf":[],"_links":{"self":[{"href":"https:\/\/hi-techwonder.com\/es\/wp-json\/wp\/v2\/product\/74021","targetHints":{"allow":["GET"]}}],"collection":[{"href":"https:\/\/hi-techwonder.com\/es\/wp-json\/wp\/v2\/product"}],"about":[{"href":"https:\/\/hi-techwonder.com\/es\/wp-json\/wp\/v2\/types\/product"}],"replies":[{"embeddable":true,"href":"https:\/\/hi-techwonder.com\/es\/wp-json\/wp\/v2\/comments?post=74021"}],"wp:featuredmedia":[{"embeddable":true,"href":"https:\/\/hi-techwonder.com\/es\/wp-json\/wp\/v2\/media\/54236"}],"wp:attachment":[{"href":"https:\/\/hi-techwonder.com\/es\/wp-json\/wp\/v2\/media?parent=74021"}],"wp:term":[{"taxonomy":"product_brand","embeddable":true,"href":"https:\/\/hi-techwonder.com\/es\/wp-json\/wp\/v2\/product_brand?post=74021"},{"taxonomy":"product_cat","embeddable":true,"href":"https:\/\/hi-techwonder.com\/es\/wp-json\/wp\/v2\/product_cat?post=74021"},{"taxonomy":"product_tag","embeddable":true,"href":"https:\/\/hi-techwonder.com\/es\/wp-json\/wp\/v2\/product_tag?post=74021"}],"curies":[{"name":"wp","href":"https:\/\/api.w.org\/{rel}","templated":true}]}}