{"id":74022,"date":"2025-07-29T09:47:44","date_gmt":"2025-07-29T09:47:44","guid":{"rendered":"https:\/\/fv6qoy3ls0.wpdns.site\/product\/sony-e-24mm-f-1-8-za-carl-zeiss-sonnar\/"},"modified":"2026-01-30T09:13:20","modified_gmt":"2026-01-30T09:13:20","slug":"sony-e-24mm-f-1-8-za-carl-zeiss-sonnar","status":"publish","type":"product","link":"https:\/\/hi-techwonder.com\/es\/producto\/sony-e-24mm-f-1-8-za-carl-zeiss-sonnar\/","title":{"rendered":"SONY E 24mm f\/1.8 ZA Carl Zeiss Sonnar"},"content":{"rendered":"<p><span style=\"font-size: small;\"><strong>ASPECTOS DESTACADOS DEL PRODUCTO<\/strong><\/p>\n<p><\/span><\/p>\n<ul>\n<li> <span style=\"font-size: small;\">\u00d3ptica Carl Zeiss Sonnar<\/span><\/li>\n<li> <span style=\"font-size: small;\">Gran apertura f\/1.8<\/span><\/li>\n<li> <span style=\"font-size: small;\">Lentes asf\u00e9ricas &#8211; Control de distorsi\u00f3n<\/span><\/li>\n<li> <span style=\"font-size: small;\">Enfoque autom\u00e1tico suave y silencioso para video<\/span><\/li>\n<li> <span style=\"font-size: small;\">El elemento ED combate la aberraci\u00f3n crom\u00e1tica<\/span><\/li>\n<li> <span style=\"font-size: small;\">Apertura circular<\/span><\/li>\n<li> <span style=\"font-size: small;\">Enfoque manual directo para ajustar el enfoque<\/span><\/li>\n<\/ul>\n<p> <span style=\"font-size: small;\">&nbsp;<\/span><\/p>\n<p> <span style=\"font-size: small;\">El lente Carl Zeiss Sonnar E-Mount 24mm f\/1.8 ZA de Sony abre un mundo completamente nuevo para los propietarios de c\u00e1maras NEX. El equivalente a 36 mm en formato de fotograma completo o 35 mm, este objetivo es una distancia focal gran angular vers\u00e1til con un excelente dise\u00f1o \u00f3ptico Zeiss Sonnar. La apertura m\u00e1xima extremadamente amplia de f\/1.8 es ideal para disparar en condiciones de poca luz, y con las siete hojas que forman una apertura casi circular, tambi\u00e9n puede crear tomas con una hermosa profundidad de campo reducida (lo que proporciona una poderosa sensaci\u00f3n de espacio).  <\/span><\/p>\n<p> <span style=\"font-size: small;\"><br \/>El dise\u00f1o incluye lentes asf\u00e9ricas que compensan la distorsi\u00f3n y un elemento ED que suprime la aberraci\u00f3n crom\u00e1tica, para una excelente nitidez de esquina a esquina (incluso cuando la apertura est\u00e1 completamente abierta). El enfoque manual directo (DMF) le permite enfocar manualmente despu\u00e9s de que el enfoque autom\u00e1tico se haya bloqueado, para que pueda ajustar f\u00e1cilmente su enfoque sin cambiar de modo. Esto es especialmente \u00fatil cuando se dispara con muy poca profundidad de campo. Un motor lineal utilizado para la unidad de enfoque autom\u00e1tico ayuda a que este objetivo sea ideal para v\u00eddeo: una operaci\u00f3n de enfoque de muy bajo ruido, con un motor paso a paso integrado en el objetivo para un accionamiento de apertura suave y silencioso. Este objetivo es una maravillosa adici\u00f3n a la bolsa de la c\u00e1mara de cualquier fot\u00f3grafo.    <\/span><\/p>\n<p> <span style=\"font-size: small;\"><br \/><strong>\u00d3ptica Carl Zeiss Sonnar<\/strong><br \/> Este es el primer lente Carl Zeiss que se lanza en la l\u00ednea de montura E de Sony, empleando el legendario dise\u00f1o \u00f3ptico \u00abSonnar\u00bb para resaltar la dimensionalidad y la presencia de la imagen. Las lentes asf\u00e9ricas ubicadas a ambos lados de la apertura compensan eficazmente la distorsi\u00f3n, mientras que un elemento ED suprime la aberraci\u00f3n crom\u00e1tica. El resultado general es una excelente nitidez de borde a esquina, incluso con la apertura completamente abierta, para una resoluci\u00f3n general impresionante.  <br \/><\/span><\/p>\n<p> <span style=\"font-size: small;\"><strong>Gran apertura f\/1.8<\/strong><br \/> La gran apertura de f\/1.8 es una opci\u00f3n ideal para fotografiar interiores con poca luz, as\u00ed como un excelente desenfoque de fondo. A pesar de ser un objetivo gran angular (36 mm en formato de 35 mm), este objetivo permite disparar 1\/4 macro con un enfoque preciso de hasta 16 cm (6,2&#8243;). La capacidad de acercarse al sujeto aumenta la capacidad de este objetivo para crear fondos bellamente borrosos, proporcionando una fuerte sensaci\u00f3n de espacio.  <br \/><\/span><\/p>\n<p> <span style=\"font-size: small;\"><strong>Enfoque autom\u00e1tico suave y silencioso para video<\/strong><br \/> El funcionamiento del objetivo es r\u00e1pido, pero al mismo tiempo suave y silencioso, lo que minimiza el ruido y la inestabilidad de la imagen al grabar v\u00eddeos. Un motor lineal utilizado para la activaci\u00f3n del enfoque contribuye a una operaci\u00f3n de enfoque de bajo ruido, mientras que un motor paso a paso integrado en la lente proporciona una activaci\u00f3n de apertura suave y silenciosa que es ideal para la grabaci\u00f3n de videos. <br \/><\/span><\/p>\n<p> <span style=\"font-size: small;\"><strong>Apertura circular<\/strong><br \/> La lente tiene siete hojas de apertura que forman un c\u00edrculo cerrado. Esto da como resultado un bonito efecto circular borroso en el fondo de su imagen cuando la apertura est\u00e1 completamente abierta. <br \/><\/span><\/p>\n<p> <span style=\"font-size: small;\"><strong>Enfoque manual directo<\/strong><br \/> El enfoque manual directo (DMF) permite el enfoque manual directo despu\u00e9s de que se bloquea el enfoque autom\u00e1tico sin tener que cambiar entre modos. En los casos en que el enfoque autom\u00e1tico tiene problemas para fijarse en el sujeto, o cuando el usuario desea enfocar en un punto espec\u00edfico, esta funci\u00f3n permite un ajuste r\u00e1pido y f\u00e1cil. Esto puede ser particularmente \u00fatil para retratos y tomas macro donde la profundidad de campo puede ser extremadamente baja.  <\/span><\/p>\n<p> <span style=\"font-size: small;\">&nbsp;<\/span><\/p>\n<p style=\"margin-bottom: 0cm;\"> <span style=\"font-size: small;\">&nbsp;<\/span> <\/p>\n<table style=\"width: 606px;\" border=\"0\" cellspacing=\"0\" cellpadding=\"2\">\n<colgroup>\n<col width=\"228\">\n<col width=\"370\"><\/colgroup>\n<tbody>\n<tr>\n<th colspan=\"2\" width=\"602\">\n<p style=\"padding: 0cm; font-style: normal; font-weight: normal;\"> <span style=\"font-size: small;\"><a name=\"11011\"><\/a><span style=\"font-size: x-large;\">interino<\/span><\/span> <\/p>\n<\/th>\n<\/tr>\n<tr>\n<td width=\"228\">\n<p style=\"padding: 0cm 0cm 0.53cm; border: medium medium 1px none none solid -moz-use-text-color -moz-use-text-color #e6e7e8;\"> <span style=\"font-size: small;\">Distancia focal<\/span> <\/p>\n<\/td>\n<td width=\"370\">\n<p style=\"padding: 0cm 0cm 0.53cm; border: medium medium 1px none none solid -moz-use-text-color -moz-use-text-color #e6e7e8;\"> <span style=\"font-size: small;\">24 mil\u00edmetros<br \/> Distancia focal APS-C comparable: 36 mm<\/span> <\/p>\n<\/td>\n<\/tr>\n<tr>\n<td width=\"228\">\n<p style=\"padding: 0cm 0cm 0.53cm; border: medium medium 1px none none solid -moz-use-text-color -moz-use-text-color #e6e7e8;\"> <span style=\"font-size: small;\">Abertura<\/span> <\/p>\n<\/td>\n<td width=\"370\">\n<p style=\"padding: 0cm 0cm 0.53cm; border: medium medium 1px none none solid -moz-use-text-color -moz-use-text-color #e6e7e8;\"> <span style=\"font-size: small;\">M\u00e1ximo: f\/1.8<br \/> M\u00ednimo: f\/22<\/span> <\/p>\n<\/td>\n<\/tr>\n<tr>\n<td width=\"228\">\n<p style=\"padding: 0cm 0cm 0.53cm; border: medium medium 1px none none solid -moz-use-text-color -moz-use-text-color #e6e7e8;\"> <span style=\"font-size: small;\">Tipo de montaje de la c\u00e1mara<\/span> <\/p>\n<\/td>\n<td width=\"370\">\n<p style=\"padding: 0cm 0cm 0.53cm; border: medium medium 1px none none solid -moz-use-text-color -moz-use-text-color #e6e7e8;\"> <span style=\"font-size: small;\">Sony (montura E para NEX)<\/span> <\/p>\n<\/td>\n<\/tr>\n<tr>\n<td width=\"228\">\n<p style=\"padding: 0cm 0cm 0.53cm; border: medium medium 1px none none solid -moz-use-text-color -moz-use-text-color #e6e7e8;\"> <span style=\"font-size: small;\">Compatibilidad de formatos<\/span> <\/p>\n<\/td>\n<td width=\"370\">\n<p style=\"padding: 0cm 0cm 0.53cm; border: medium medium 1px none none solid -moz-use-text-color -moz-use-text-color #e6e7e8;\"> <span style=\"font-size: small;\">DSLR (sensor APS-C)<\/span> <\/p>\n<\/td>\n<\/tr>\n<tr>\n<td width=\"228\">\n<p style=\"padding: 0cm 0cm 0.53cm; border: medium medium 1px none none solid -moz-use-text-color -moz-use-text-color #e6e7e8;\"> <span style=\"font-size: small;\">Distancia m\u00ednima de enfoque<\/span> <\/p>\n<\/td>\n<td width=\"370\">\n<p style=\"padding: 0cm 0cm 0.53cm; border: medium medium 1px none none solid -moz-use-text-color -moz-use-text-color #e6e7e8;\"> <span style=\"font-size: small;\">6,2&#8243; (15,75 cm)<\/span> <\/p>\n<\/td>\n<\/tr>\n<tr>\n<td width=\"228\">\n<p style=\"padding: 0cm 0cm 0.53cm; border: medium medium 1px none none solid -moz-use-text-color -moz-use-text-color #e6e7e8;\"> <span style=\"font-size: small;\">Ampliaci\u00f3n<\/span> <\/p>\n<\/td>\n<td width=\"370\">\n<p style=\"padding: 0cm 0cm 0.53cm; border: medium medium 1px none none solid -moz-use-text-color -moz-use-text-color #e6e7e8;\"> <span style=\"font-size: small;\">0,25 veces<\/span> <\/p>\n<\/td>\n<\/tr>\n<tr>\n<td width=\"228\">\n<p style=\"padding: 0cm 0cm 0.53cm; border: medium medium 1px none none solid -moz-use-text-color -moz-use-text-color #e6e7e8;\"> <span style=\"font-size: small;\">Elementos\/Grupos<\/span> <\/p>\n<\/td>\n<td width=\"370\">\n<p style=\"padding: 0cm 0cm 0.53cm; border: medium medium 1px none none solid -moz-use-text-color -moz-use-text-color #e6e7e8;\"> <span style=\"font-size: small;\">07\/08<\/span> <\/p>\n<\/td>\n<\/tr>\n<tr>\n<td width=\"228\">\n<p style=\"padding: 0cm 0cm 0.53cm; border: medium medium 1px none none solid -moz-use-text-color -moz-use-text-color #e6e7e8;\"> <span style=\"font-size: small;\">Hojas de diafragma<\/span> <\/p>\n<\/td>\n<td width=\"370\">\n<p style=\"padding: 0cm 0cm 0.53cm; border: medium medium 1px none none solid -moz-use-text-color -moz-use-text-color #e6e7e8;\"> <span style=\"font-size: small;\">7<\/span> <\/p>\n<\/td>\n<\/tr>\n<\/tbody>\n<\/table>\n<table style=\"width: 220px;\" border=\"0\" cellspacing=\"0\" cellpadding=\"2\">\n<colgroup>\n<col width=\"177\">\n<col width=\"35\"><\/colgroup>\n<tbody>\n<tr>\n<th colspan=\"2\" width=\"216\">\n<p style=\"padding: 0cm; font-style: normal; font-weight: normal;\"> <span style=\"font-size: small;\"><a name=\"23001\"><\/a><span style=\"font-size: x-large;\">Recursos<\/span><\/span> <\/p>\n<\/th>\n<\/tr>\n<tr>\n<td width=\"177\">\n<p style=\"padding: 0cm 0cm 0.53cm; border: medium medium 1px none none solid -moz-use-text-color -moz-use-text-color #e6e7e8;\"> <span style=\"font-size: small;\">Estabilizaci\u00f3n de imagen<\/span> <\/p>\n<\/td>\n<td width=\"35\">\n<p style=\"padding: 0cm 0cm 0.53cm; border: medium medium 1px none none solid -moz-use-text-color -moz-use-text-color #e6e7e8;\"> <span style=\"font-size: small;\">No<\/span> <\/p>\n<\/td>\n<\/tr>\n<tr>\n<td width=\"177\">\n<p style=\"padding: 0cm 0cm 0.53cm; border: medium medium 1px none none solid -moz-use-text-color -moz-use-text-color #e6e7e8;\"> <span style=\"font-size: small;\">Autom\u00e1tico<\/span> <\/p>\n<\/td>\n<td width=\"35\">\n<p style=\"padding: 0cm 0cm 0.53cm; border: medium medium 1px none none solid -moz-use-text-color -moz-use-text-color #e6e7e8;\"> <span style=\"font-size: small;\">S\u00ed<\/span> <\/p>\n<\/td>\n<\/tr>\n<tr>\n<td width=\"177\">\n<p style=\"padding: 0cm 0cm 0.53cm; border: medium medium 1px none none solid -moz-use-text-color -moz-use-text-color #e6e7e8;\"> <span style=\"font-size: small;\">Collar de tr\u00edpode<\/span> <\/p>\n<\/td>\n<td width=\"35\">\n<p style=\"padding: 0cm 0cm 0.53cm; border: medium medium 1px none none solid -moz-use-text-color -moz-use-text-color #e6e7e8;\"> <span style=\"font-size: small;\">No<\/span> <\/p>\n<\/td>\n<\/tr>\n<\/tbody>\n<\/table>\n<table style=\"width: 508px;\" border=\"0\" cellspacing=\"0\" cellpadding=\"2\">\n<colgroup>\n<col width=\"163\">\n<col width=\"337\"><\/colgroup>\n<tbody>\n<tr>\n<th colspan=\"2\" width=\"504\">\n<p style=\"padding: 0cm; font-style: normal; font-weight: normal;\"> <span style=\"font-size: small;\"><a name=\"11501\"><\/a><span style=\"font-size: x-large;\">F\u00edsico<\/span><\/span> <\/p>\n<\/th>\n<\/tr>\n<tr>\n<td width=\"163\">\n<p style=\"padding: 0cm 0cm 0.53cm; border: medium medium 1px none none solid -moz-use-text-color -moz-use-text-color #e6e7e8;\"> <span style=\"font-size: small;\">Tema de filtro<\/span> <\/p>\n<\/td>\n<td width=\"337\">\n<p style=\"padding: 0cm 0cm 0.53cm; border: medium medium 1px none none solid -moz-use-text-color -moz-use-text-color #e6e7e8;\"> <span style=\"font-size: small;\">Delantero: 49 mm<\/span> <\/p>\n<\/td>\n<\/tr>\n<tr>\n<td width=\"163\">\n<p style=\"padding: 0cm 0cm 0.53cm; border: medium medium 1px none none solid -moz-use-text-color -moz-use-text-color #e6e7e8;\"> <span style=\"font-size: small;\">Dimensiones (DxL)<\/span> <\/p>\n<\/td>\n<td width=\"337\">\n<p style=\"padding: 0cm 0cm 0.53cm; border: medium medium 1px none none solid -moz-use-text-color -moz-use-text-color #e6e7e8;\"> <span style=\"font-size: small;\">Aproximadamente. 2,48 x 2,58&#8243; (63 x 65,5 mm) <\/span> <\/p>\n<\/td>\n<\/tr>\n<tr>\n<td width=\"163\">\n<p style=\"padding: 0cm 0cm 0.53cm; border: medium medium 1px none none solid -moz-use-text-color -moz-use-text-color #e6e7e8;\"> <span style=\"font-size: small;\">Peso<\/span> <\/p>\n<\/td>\n<td width=\"337\">\n<p style=\"padding: 0cm 0cm 0.53cm; border: medium medium 1px none none solid -moz-use-text-color -moz-use-text-color #e6e7e8;\"> <span style=\"font-size: small;\">7,9 onzas (224 g)<\/span><\/p>\n<\/td>\n<\/tr>\n<\/tbody>\n<\/table>\n<p style=\"margin-bottom: 0cm;\"> <span style=\"font-size: small;\">&nbsp;<\/span><\/p>\n<p> <span style=\"font-size: small;\">&nbsp;<\/span><\/p>\n","protected":false},"excerpt":{"rendered":"<p>ASPECTOS DESTACADOS DEL PRODUCTO \u00d3ptica Carl Zeiss Sonnar Gran apertura f\/1.8 Lentes asf\u00e9ricas &#8211; Control de distorsi\u00f3n Enfoque autom\u00e1tico suave<\/p>\n","protected":false},"featured_media":54251,"comment_status":"closed","ping_status":"open","template":"","meta":{"_acf_changed":false},"product_brand":[2537],"product_cat":[1062],"product_tag":[],"class_list":{"0":"post-74022","1":"product","2":"type-product","3":"status-publish","4":"has-post-thumbnail","6":"product_brand-sony-es","7":"product_cat-mirrorless-objectivos","8":"pa_abertura-maxima-f-1-8-es","10":"first","11":"onbackorder","12":"taxable","13":"shipping-taxable","14":"purchasable","15":"product-type-simple"},"bundled_by":[],"bundle_stock_status":"onbackorder","bundle_stock_quantity":null,"bundle_virtual":false,"bundle_layout":"","bundle_add_to_cart_form_location":"","bundle_editable_in_cart":false,"bundle_sold_individually_context":"","bundle_item_grouping":"","bundle_min_size":"","bundle_max_size":"","bundle_price":[],"bundled_items":[],"bundle_sell_ids":[],"acf":[],"_links":{"self":[{"href":"https:\/\/hi-techwonder.com\/es\/wp-json\/wp\/v2\/product\/74022","targetHints":{"allow":["GET"]}}],"collection":[{"href":"https:\/\/hi-techwonder.com\/es\/wp-json\/wp\/v2\/product"}],"about":[{"href":"https:\/\/hi-techwonder.com\/es\/wp-json\/wp\/v2\/types\/product"}],"replies":[{"embeddable":true,"href":"https:\/\/hi-techwonder.com\/es\/wp-json\/wp\/v2\/comments?post=74022"}],"wp:featuredmedia":[{"embeddable":true,"href":"https:\/\/hi-techwonder.com\/es\/wp-json\/wp\/v2\/media\/54251"}],"wp:attachment":[{"href":"https:\/\/hi-techwonder.com\/es\/wp-json\/wp\/v2\/media?parent=74022"}],"wp:term":[{"taxonomy":"product_brand","embeddable":true,"href":"https:\/\/hi-techwonder.com\/es\/wp-json\/wp\/v2\/product_brand?post=74022"},{"taxonomy":"product_cat","embeddable":true,"href":"https:\/\/hi-techwonder.com\/es\/wp-json\/wp\/v2\/product_cat?post=74022"},{"taxonomy":"product_tag","embeddable":true,"href":"https:\/\/hi-techwonder.com\/es\/wp-json\/wp\/v2\/product_tag?post=74022"}],"curies":[{"name":"wp","href":"https:\/\/api.w.org\/{rel}","templated":true}]}}