{"id":74024,"date":"2025-07-29T09:48:53","date_gmt":"2025-07-29T09:48:53","guid":{"rendered":"https:\/\/fv6qoy3ls0.wpdns.site\/product\/sony-e-16-55mm-f-2-8-g\/"},"modified":"2026-01-30T09:13:47","modified_gmt":"2026-01-30T09:13:47","slug":"sony-e-16-55mm-f-2-8-g","status":"publish","type":"product","link":"https:\/\/hi-techwonder.com\/es\/producto\/sony-e-16-55mm-f-2-8-g\/","title":{"rendered":"SONY E 16-55mm f\/2.8 G"},"content":{"rendered":"<p>El primer zoom APS-C de 16-55 mm de Sony (equivalente a fotograma completo de 24-82,5 mm) con una apertura constante de F2.8 es notablemente compacto y tiene un rendimiento digno de la lente G. El nuevo dise\u00f1o \u00f3ptico ofrece una excelente resoluci\u00f3n de esquina a esquina y un hermoso bokeh siempre que sea necesario. Ligero, compacto e ideal para una gran variedad de objetos. <\/p>\n<p><strong>Compacto, ligero y brillante<\/strong><br \/>El dise\u00f1o \u00f3ptico y mec\u00e1nico optimizado ofrece un peso de solo 494 gramos en un constante y compacto F2.8 16-55 mm (24-82.5 mm de fotograma completo equiv. Este objetivo es ideal para todo, desde retratos hasta instant\u00e1neas cotidianas, y se combina con cuerpos compactos con montura E para ofrecer un sistema altamente m\u00f3vil para una variedad de aplicaciones fotogr\u00e1ficas. <\/p>\n<p><strong>Motor lineal XD para un AF y un seguimiento r\u00e1pidos y precisos<\/strong><br \/>El mismo tipo de motor lineal XD (\u00abeXtreme Dynamic\u00bb) que maximiza el rendimiento de enfoque en los objetivos de la serie G Master se utiliza en este objetivo APS-C. El motor lineal XD utiliza el potencial de velocidad del cuerpo de la c\u00e1mara al enfocar y rastrear objetos en movimiento con una velocidad y precisi\u00f3n extraordinarias. Funciona silenciosamente, lo que permite a los vide\u00f3grafos aprovechar la apertura constante de F2.8.  <\/p>\n<p><strong>Control profesional y fiabilidad<\/strong><br \/>Un bot\u00f3n de retenci\u00f3n de enfoque personalizable, un interruptor de modo AF\/MF y MF de respuesta lineal aumentan la versatilidad y la precisi\u00f3n del control para obtener la toma que desea. El elemento frontal de la lente cuenta con un revestimiento de fl\u00faor para repeler el agua y la grasa, y la lente es resistente al polvo y la humedad3 para que pueda usarla en entornos m\u00e1s dif\u00edciles. <br \/><iframe loading=\"lazy\" style=\"min-height: 500px; width: 100%; height: auto;\" src=\"\/\/www.youtube.com\/embed\/F3JsQ_GAaTk\" width=\"100%\" height=\"auto\" allowfullscreen=\"allowfullscreen\"><\/iframe><\/p>\n<p><strong>Caracter\u00edsticas principales:<\/strong><\/p>\n<ul>\n<li>Lente con montura E\/formato APS-C<\/li>\n<li>24-82,5 mm (equivalente a 35 mm)<\/li>\n<li>Rango de apertura: f\/2.8 a f\/22<\/li>\n<li>Cuatro elementos asf\u00e9ricos<\/li>\n<li>Tres elementos de dispersi\u00f3n extra baja<\/li>\n<li>Recubrimiento Nano AR y recubrimiento de fl\u00faor<\/li>\n<li>Sistema AF de motor lineal XD<\/li>\n<li>Resistente al polvo y la humedad<\/li>\n<li>Diafragma redondeado de 9 hojas<\/li>\n<\/ul>\n<p>Posicionado como el objetivo principal de APS-C, el Sony E 16-55mm f\/2.8 G es un zoom flexible de gran angular a longitud vertical con una apertura m\u00e1xima constante y brillante de f\/2.8. Este dise\u00f1o r\u00e1pido se adapta al trabajo en una variedad de condiciones de iluminaci\u00f3n en todo el rango de zoom y tambi\u00e9n ofrece un mayor control sobre la profundidad de campo. Para distinguirse a\u00fan m\u00e1s, este objetivo tiene cuatro elementos asf\u00e9ricos y tres elementos de dispersi\u00f3n extra baja para controlar las aberraciones esf\u00e9ricas y crom\u00e1ticas para una mayor nitidez y claridad. Tambi\u00e9n se ha aplicado un recubrimiento Nano AR para reducir a\u00fan m\u00e1s los reflejos y destellos de la superficie para mejorar el contraste cuando se trabaja en condiciones brillantes y de contraluz. Beneficiando a la \u00f3ptica, este objetivo tambi\u00e9n cuenta con un sistema de motor lineal XD que es r\u00e1pido y silencioso, y tambi\u00e9n brinda un control m\u00e1s sensible para la operaci\u00f3n de enfoque manual. El objetivo tambi\u00e9n tiene un dise\u00f1o sellado contra el polvo y la humedad, junto con un revestimiento de fl\u00faor, para facilitar la grabaci\u00f3n en condiciones adversas.     <\/p>\n<ul>\n<li>El zoom de 16-55 mm de gran angular a vertical est\u00e1 dise\u00f1ado para c\u00e1maras sin espejo con montura E de Sony de formato APS-C y proporciona un rango de distancia focal equivalente a 24-82,5 mm.<\/li>\n<li>La apertura m\u00e1xima constante brillante de f\/2.8 permite un mayor control sobre la profundidad de campo y tambi\u00e9n se adapta al trabajo en condiciones de iluminaci\u00f3n dif\u00edciles.<\/li>\n<li>Cuatro elementos asf\u00e9ricos, incluidos dos elementos AA (asf\u00e9ricos avanzados), ayudan a reducir en gran medida la distorsi\u00f3n y las aberraciones esf\u00e9ricas para representar con precisi\u00f3n escenas con un alto grado de nitidez.<\/li>\n<li>Tres elementos de dispersi\u00f3n extra baja reducen las franjas de color y las aberraciones crom\u00e1ticas para mejorar la claridad y la precisi\u00f3n del color.<\/li>\n<li>Se ha aplicado un recubrimiento Nano AR para minimizar los reflejos de la superficie, los destellos y las im\u00e1genes fantasma para aumentar el contraste y la reproducci\u00f3n del color en condiciones de iluminaci\u00f3n intensa.<\/li>\n<li>Un sistema de motor lineal XD proporciona un rendimiento de enfoque autom\u00e1tico r\u00e1pido, silencioso y preciso y tambi\u00e9n contribuye a un control de enfoque manual m\u00e1s natural e intuitivo. Un interruptor AF\/MF se encuentra en el cilindro del objetivo para el control t\u00e1ctil de este ajuste. <\/li>\n<li>Los botones de retenci\u00f3n de enfoque personalizables est\u00e1n presentes en el cilindro de la lente para un control t\u00e1ctil intuitivo y un acceso r\u00e1pido a configuraciones seleccionadas.<\/li>\n<li>El dise\u00f1o sellado contra el polvo y la humedad permite trabajar mejor en condiciones adversas y los anillos de control de goma benefician el manejo en temperaturas m\u00e1s fr\u00edas.<\/li>\n<li>El elemento frontal recubierto de fl\u00faor resiste el polvo, la humedad y las huellas dactilares y es f\u00e1cil de limpiar.<\/li>\n<li>El diafragma redondeado de nueve hojas contribuye a una agradable calidad de bokeh cuando se emplean t\u00e9cnicas de enfoque selectivo.<\/li>\n<\/ul>\n<h2 class=\"western\" style=\"font-style: normal; font-weight: normal;\"><strong>Sony E 16-55mm F\/2.8 G<\/strong><\/h2>\n<table border=\"0\" width=\"567\" cellspacing=\"0\" cellpadding=\"2\">\n<colgroup>\n<col width=\"168\">\n<col width=\"391\"> <\/colgroup>\n<tbody>\n<tr>\n<td width=\"168\">\n<p style=\"border: none; padding: 0cm; font-weight: normal;\" align=\"LEFT\"><strong>  Distancia focal<\/strong><\/p>\n<\/td>\n<td width=\"391\">\n<p style=\"border: none; padding: 0cm; font-weight: normal;\">De 16 a 55 mm (distancia focal equivalente a 35 mm: de 24 a 82,5 mm)<\/p>\n<\/td>\n<\/tr>\n<tr>\n<td width=\"168\">\n<p style=\"border: none; padding: 0cm; font-weight: normal;\" align=\"LEFT\"><strong>  Apertura m\u00e1xima<\/strong><\/p>\n<\/td>\n<td width=\"391\">\n<p style=\"border: none; padding: 0cm; font-weight: normal;\">f\/2.8<\/p>\n<\/td>\n<\/tr>\n<tr>\n<td width=\"168\">\n<p style=\"border: none; padding: 0cm; font-weight: normal;\" align=\"LEFT\"><strong>  Apertura m\u00ednima<\/strong><\/p>\n<\/td>\n<td width=\"391\">\n<p style=\"border: none; padding: 0cm; font-weight: normal;\">f\/22<\/p>\n<\/td>\n<\/tr>\n<tr>\n<td width=\"168\">\n<p style=\"border: none; padding: 0cm; font-weight: normal;\" align=\"LEFT\"><strong>  Montura de lente<\/strong><\/p>\n<\/td>\n<td width=\"391\">\n<p style=\"border: none; padding: 0cm; font-weight: normal;\">Sony E<\/p>\n<\/td>\n<\/tr>\n<tr>\n<td width=\"168\">\n<p style=\"border: none; padding: 0cm; font-weight: normal;\" align=\"LEFT\"><strong>  Compatibilidad de formatos<\/strong><\/p>\n<\/td>\n<td width=\"391\">\n<p style=\"border: none; padding: 0cm; font-weight: normal;\">APS-C<\/p>\n<\/td>\n<\/tr>\n<tr>\n<td width=\"168\">\n<p style=\"border: none; padding: 0cm; font-weight: normal;\" align=\"LEFT\"><strong>  \u00c1ngulo de visi\u00f3n<\/strong><\/p>\n<\/td>\n<td width=\"391\">\n<p style=\"border: none; padding: 0cm; font-weight: normal;\">De 83\u00b0 a 29\u00b0<\/p>\n<\/td>\n<\/tr>\n<tr>\n<td width=\"168\">\n<p style=\"border: none; padding: 0cm; font-weight: normal;\" align=\"LEFT\"><strong>  Aumento m\u00e1ximo<\/strong><\/p>\n<\/td>\n<td width=\"391\">\n<p style=\"border: none; padding: 0cm; font-weight: normal;\">0,2 veces<\/p>\n<\/td>\n<\/tr>\n<tr>\n<td width=\"168\">\n<p style=\"border: none; padding: 0cm; font-weight: normal;\" align=\"LEFT\"><strong>  Distancia m\u00ednima de enfoque<\/strong><\/p>\n<\/td>\n<td width=\"391\">\n<p style=\"border: none; padding: 0cm; font-weight: normal;\">33 cm<\/p>\n<\/td>\n<\/tr>\n<tr>\n<td width=\"168\">\n<p style=\"border: none; padding: 0cm; font-weight: normal;\" align=\"LEFT\"><strong>  Dise\u00f1o \u00f3ptico<\/strong><\/p>\n<\/td>\n<td width=\"391\">\n<p style=\"border: none; padding: 0cm; font-weight: normal;\">17 elementos en 12 grupos<\/p>\n<\/td>\n<\/tr>\n<tr>\n<td width=\"168\">\n<p style=\"border: none; padding: 0cm; font-weight: normal;\" align=\"LEFT\"><strong>  Hojas de diafragma<\/strong><\/p>\n<\/td>\n<td width=\"391\">\n<p style=\"border: none; padding: 0cm; font-weight: normal;\">9, redondeado<\/p>\n<\/td>\n<\/tr>\n<tr>\n<td width=\"168\">\n<p style=\"border: none; padding: 0cm; font-weight: normal;\" align=\"LEFT\"><strong>  Tipo de enfoque<\/strong><\/p>\n<\/td>\n<td width=\"391\">\n<p style=\"border: none; padding: 0cm; font-weight: normal;\">Enfoque autom\u00e1tico<\/p>\n<\/td>\n<\/tr>\n<tr>\n<td width=\"168\">\n<p style=\"border: none; padding: 0cm; font-weight: normal;\" align=\"LEFT\"><strong>  Estabilizaci\u00f3n de imagen<\/strong><\/p>\n<\/td>\n<td width=\"391\">\n<p style=\"border: none; padding: 0cm; font-weight: normal;\"><em>Ninguno<\/em><\/p>\n<\/td>\n<\/tr>\n<tr>\n<td width=\"168\">\n<p style=\"border: none; padding: 0cm; font-weight: normal;\" align=\"LEFT\"><strong>  Tama\u00f1o del filtro<\/strong><\/p>\n<\/td>\n<td width=\"391\">\n<p style=\"border: none; padding: 0cm; font-weight: normal;\">67 mm (Frontal)<\/p>\n<\/td>\n<\/tr>\n<tr>\n<td width=\"168\">\n<p style=\"border: none; padding: 0cm; font-weight: normal;\" align=\"LEFT\"><strong>  Dimensiones (\u00f8 x L)<\/strong><\/p>\n<\/td>\n<td width=\"391\">\n<p style=\"border: none; padding: 0cm; font-weight: normal;\">73 x 100 mm<\/p>\n<\/td>\n<\/tr>\n<tr>\n<td width=\"168\">\n<p style=\"border: none; padding: 0cm; font-weight: normal;\" align=\"LEFT\"><strong>  Peso<\/strong><\/p>\n<\/td>\n<td width=\"391\">\n<p style=\"border: none; padding: 0cm; font-weight: normal;\">494 gramos<\/p>\n<\/td>\n<\/tr>\n<\/tbody>\n<\/table>\n<p><strong>En la caja:<\/strong><\/p>\n<ul>\n<li>Lente Sony E 16-55mm f\/2.8 G<\/li>\n<li>Sony ALC-F67S 67mm Tapa frontal del objetivo<\/li>\n<li>Tapa trasera del objetivo Sony ALC-R1EM<\/li>\n<li>ALC-SH161 Parasol<\/li>\n<li>Estuche de lentes<\/li>\n<\/ul>\n","protected":false},"excerpt":{"rendered":"<p>El primer zoom APS-C de 16-55 mm de Sony (equivalente a fotograma completo de 24-82,5 mm) con una apertura constante<\/p>\n","protected":false},"featured_media":54376,"comment_status":"closed","ping_status":"open","template":"","meta":{"_acf_changed":false},"product_brand":[2537],"product_cat":[1062],"product_tag":[],"class_list":{"0":"post-74024","1":"product","2":"type-product","3":"status-publish","4":"has-post-thumbnail","6":"product_brand-sony-es","7":"product_cat-mirrorless-objectivos","8":"pa_abertura-maxima-f-2-8-es","10":"first","11":"onbackorder","12":"taxable","13":"shipping-taxable","14":"purchasable","15":"product-type-simple"},"bundled_by":[],"bundle_stock_status":"onbackorder","bundle_stock_quantity":null,"bundle_virtual":false,"bundle_layout":"","bundle_add_to_cart_form_location":"","bundle_editable_in_cart":false,"bundle_sold_individually_context":"","bundle_item_grouping":"","bundle_min_size":"","bundle_max_size":"","bundle_price":[],"bundled_items":[],"bundle_sell_ids":[],"acf":[],"_links":{"self":[{"href":"https:\/\/hi-techwonder.com\/es\/wp-json\/wp\/v2\/product\/74024","targetHints":{"allow":["GET"]}}],"collection":[{"href":"https:\/\/hi-techwonder.com\/es\/wp-json\/wp\/v2\/product"}],"about":[{"href":"https:\/\/hi-techwonder.com\/es\/wp-json\/wp\/v2\/types\/product"}],"replies":[{"embeddable":true,"href":"https:\/\/hi-techwonder.com\/es\/wp-json\/wp\/v2\/comments?post=74024"}],"wp:featuredmedia":[{"embeddable":true,"href":"https:\/\/hi-techwonder.com\/es\/wp-json\/wp\/v2\/media\/54376"}],"wp:attachment":[{"href":"https:\/\/hi-techwonder.com\/es\/wp-json\/wp\/v2\/media?parent=74024"}],"wp:term":[{"taxonomy":"product_brand","embeddable":true,"href":"https:\/\/hi-techwonder.com\/es\/wp-json\/wp\/v2\/product_brand?post=74024"},{"taxonomy":"product_cat","embeddable":true,"href":"https:\/\/hi-techwonder.com\/es\/wp-json\/wp\/v2\/product_cat?post=74024"},{"taxonomy":"product_tag","embeddable":true,"href":"https:\/\/hi-techwonder.com\/es\/wp-json\/wp\/v2\/product_tag?post=74024"}],"curies":[{"name":"wp","href":"https:\/\/api.w.org\/{rel}","templated":true}]}}