{"id":74025,"date":"2025-07-29T09:48:07","date_gmt":"2025-07-29T09:48:07","guid":{"rendered":"https:\/\/fv6qoy3ls0.wpdns.site\/product\/sony-e-sel18200le-18-200mm-f-3-5-6-3-oss-le\/"},"modified":"2026-01-30T09:13:27","modified_gmt":"2026-01-30T09:13:27","slug":"sony-e-sel18200le-18-200mm-f-3-5-6-3-oss-le","status":"publish","type":"product","link":"https:\/\/hi-techwonder.com\/es\/producto\/sony-e-sel18200le-18-200mm-f-3-5-6-3-oss-le\/","title":{"rendered":"SONY E SEL18200LE 18-200mm f\/3.5-6.3 OSS LE"},"content":{"rendered":"<p><span style=\"font-size: small;\"><strong>ASPECTOS DESTACADOS DEL PRODUCTO<\/strong><\/p>\n<p><\/span><\/p>\n<ul>\n<li> <span style=\"font-size: small;\">Lente de formato E-Mount\/APS-C<\/span><\/li>\n<li> <span style=\"font-size: small;\">27-300 mm (equivalente a 35 mm)<\/span><\/li>\n<li> <span style=\"font-size: small;\">Rango de apertura: f\/3.5-6.3 a f\/22-40<\/span><\/li>\n<li> <span style=\"font-size: small;\">Cuatro elementos asf\u00e9ricos y dos ED<\/span><\/li>\n<li> <span style=\"font-size: small;\">Motor de enfoque autom\u00e1tico lineal; Enfoque interno<\/span><\/li>\n<li> <span style=\"font-size: small;\">Estabilizaci\u00f3n de imagen \u00f3ptica SteadyShot<\/span><\/li>\n<li> <span style=\"font-size: small;\">Distancia m\u00ednima de enfoque: 1.6&#8242;<\/span><\/li>\n<li> <span style=\"font-size: small;\">Di\u00e1metro del filtro: 62 mm<\/span><\/li>\n<li> <span style=\"font-size: small;\">Diafragma circular de siete hojas<\/span><\/li>\n<\/ul>\n<p> <span style=\"font-size: small;\">&nbsp;<\/span><\/p>\n<p> <span style=\"font-size: small;\">El objetivo E 18-200mm f\/3.5-6.3 OSS LE de Sony es significativamente m\u00e1s peque\u00f1o y ligero que los objetivos comparables, y es un objetivo zoom de gran aumento perfecto para una amplia gama de situaciones de disparo con las c\u00e1maras o videoc\u00e1maras mirrorless con montura NEX y formato E APS-C de Sony. Con un tama\u00f1o compacto, logrado en parte al reducir el motor de enfoque autom\u00e1tico y la unidad de estabilizaci\u00f3n \u00f3ptica de imagen, la lente ofrece una poderosa combinaci\u00f3n de versatilidad y calidad de imagen. Esto es perfecto para disparar donde una combinaci\u00f3n liviana y compacta de c\u00e1mara y lente es ideal.  <\/span><\/p>\n<p> <span style=\"font-size: small;\"><br \/>Con la amplia cobertura de distancia focal de la lente, desde gran angular de 18 mm hasta teleobjetivo de 200 mm, tambi\u00e9n es una lente ideal de \u00abviaje\u00bb de gran aumento. Con \u00e9l, puede capturar grandes paisajes, retratos encantadores e incluso tomas de deportes y naturaleza. La tecnolog\u00eda Optical SteadyShot (OSS) ayuda con esto al reducir el desenfoque causado por el movimiento de la c\u00e1mara, reduciendo la dependencia de configuraciones ISO altas cuando se dispara en entornos oscuros.  <\/span><\/p>\n<p> <span style=\"font-size: small;\"><br \/><strong>Zoom largo de 18-200 mm 11x<\/strong><br \/> La amplia cobertura de distancia focal del objetivo, de 18 mm a 200 mm, lo convierte en un objetivo ideal de \u00abviaje\u00bb de gran aumento para una amplia gama de fotograf\u00edas. Con el equivalente de 35 mm de una lente de 27-300 mm, los usuarios pueden capturar f\u00e1cilmente paisajes amplios, retratos con fondos ligeramente borrosos y m\u00e1s. La capacidad de teleobjetivo del objetivo tambi\u00e9n lo convierte en una buena opci\u00f3n para la fotograf\u00eda deportiva y de naturaleza  <br \/><\/span><\/p>\n<p> <span style=\"font-size: small;\"><strong>Alto rendimiento de imagen<\/strong><br \/> Con dos elementos de vidrio ED (dispersi\u00f3n ultrabaja) y cuatro elementos asf\u00e9ricos, la lente emplea la misma apertura circular popular que se encuentra en muchas lentes A, lo que permite que los fondos tengan efectos bokeh redondos y borrosos<br \/><\/span><\/p>\n<p> <span style=\"font-size: small;\"><strong>Estabilizaci\u00f3n \u00f3ptica SteadyShot<\/strong><br \/> Equipado con Optical SteadyShot (OSS) de Sony, la lente en s\u00ed misma compensa el desenfoque causado por el movimiento de la c\u00e1mara, independientemente de la c\u00e1mara a la que est\u00e9 conectada. Adem\u00e1s de reducir el desenfoque para la fotograf\u00eda manual normal, SteadyShot \u00f3ptico tambi\u00e9n reduce la dependencia de los ajustes ISO altos cuando se dispara en entornos oscuros. <\/span><\/p>\n<p> <span style=\"font-size: small;\">&nbsp;<\/span><\/p>\n<p style=\"margin-bottom: 0cm;\"> <span style=\"font-size: small;\">&nbsp;<\/span><\/p>\n<table style=\"width: 643px;\" border=\"0\" cellspacing=\"0\" cellpadding=\"2\">\n<colgroup>\n<col width=\"223\"><\/colgroup>\n<colgroup>\n<col width=\"412\"><\/colgroup>\n<tbody>\n<tr>\n<th colspan=\"2\" width=\"639\">\n<p style=\"padding: 0cm; font-style: normal; font-weight: normal;\"> <span style=\"font-size: small;\"><a name=\"11011\"><\/a><span style=\"font-size: x-large;\">interino<\/span><\/span> <\/p>\n<\/th>\n<\/tr>\n<tr>\n<td width=\"223\">\n<p style=\"padding: 0cm 0cm 0.53cm; border: medium medium 1px none none solid -moz-use-text-color -moz-use-text-color #e6e7e8;\"> <span style=\"font-size: small;\">Distancia focal<\/span> <\/p>\n<\/td>\n<td width=\"412\">\n<p style=\"padding: 0cm 0cm 0.53cm; border: medium medium 1px none none solid -moz-use-text-color -moz-use-text-color #e6e7e8;\"> <span style=\"font-size: small;\">18 &#8211; 200 mil\u00edmetros<br \/> Distancia focal comparable de 35 mm: 27 &#8211; 300 mm<\/span> <\/p>\n<\/td>\n<\/tr>\n<tr>\n<td width=\"223\">\n<p style=\"padding: 0cm 0cm 0.53cm; border: medium medium 1px none none solid -moz-use-text-color -moz-use-text-color #e6e7e8;\"> <span style=\"font-size: small;\">Abertura<\/span> <\/p>\n<\/td>\n<td width=\"412\">\n<p style=\"padding: 0cm 0cm 0.53cm; border: medium medium 1px none none solid -moz-use-text-color -moz-use-text-color #e6e7e8;\"> <span style=\"font-size: small;\">M\u00e1ximo: f\/3.5 &#8211; 6.3<br \/> M\u00ednimo: f\/22 &#8211; 40<\/span> <\/p>\n<\/td>\n<\/tr>\n<tr>\n<td width=\"223\">\n<p style=\"padding: 0cm 0cm 0.53cm; border: medium medium 1px none none solid -moz-use-text-color -moz-use-text-color #e6e7e8;\"> <span style=\"font-size: small;\">Tipo de montaje de la c\u00e1mara<\/span> <\/p>\n<\/td>\n<td width=\"412\">\n<p style=\"padding: 0cm 0cm 0.53cm; border: medium medium 1px none none solid -moz-use-text-color -moz-use-text-color #e6e7e8;\"> <span style=\"font-size: small;\">Sony (montura E para NEX)<\/span> <\/p>\n<\/td>\n<\/tr>\n<tr>\n<td width=\"223\">\n<p style=\"padding: 0cm 0cm 0.53cm; border: medium medium 1px none none solid -moz-use-text-color -moz-use-text-color #e6e7e8;\"> <span style=\"font-size: small;\">Compatibilidad de formatos<\/span> <\/p>\n<\/td>\n<td width=\"412\">\n<p style=\"padding: 0cm 0cm 0.53cm; border: medium medium 1px none none solid -moz-use-text-color -moz-use-text-color #e6e7e8;\"> <span style=\"font-size: small;\">APS-C<\/span> <\/p>\n<\/td>\n<\/tr>\n<tr>\n<td width=\"223\">\n<p style=\"padding: 0cm 0cm 0.53cm; border: medium medium 1px none none solid -moz-use-text-color -moz-use-text-color #e6e7e8;\"> <span style=\"font-size: small;\">\u00c1ngulo<\/span> <\/p>\n<\/td>\n<td width=\"412\">\n<p style=\"padding: 0cm 0cm 0.53cm; border: medium medium 1px none none solid -moz-use-text-color -moz-use-text-color #e6e7e8;\"> <span style=\"font-size: small;\">76\u00b0 &#8211; 8\u00b0<\/span> <\/p>\n<\/td>\n<\/tr>\n<tr>\n<td width=\"223\">\n<p style=\"padding: 0cm 0cm 0.53cm; border: medium medium 1px none none solid -moz-use-text-color -moz-use-text-color #e6e7e8;\"> <span style=\"font-size: small;\">Distancia m\u00ednima de enfoque<\/span> <\/p>\n<\/td>\n<td width=\"412\">\n<p style=\"padding: 0cm 0cm 0.53cm; border: medium medium 1px none none solid -moz-use-text-color -moz-use-text-color #e6e7e8;\"> <span style=\"font-size: small;\">1,64&#8242; (50 cm)<\/span> <\/p>\n<\/td>\n<\/tr>\n<tr>\n<td width=\"223\">\n<p style=\"padding: 0cm 0cm 0.53cm; border: medium medium 1px none none solid -moz-use-text-color -moz-use-text-color #e6e7e8;\"> <span style=\"font-size: small;\">Ampliaci\u00f3n<\/span> <\/p>\n<\/td>\n<td width=\"412\">\n<p style=\"padding: 0cm 0cm 0.53cm; border: medium medium 1px none none solid -moz-use-text-color -moz-use-text-color #e6e7e8;\"> <span style=\"font-size: small;\">0,27 veces<\/span> <\/p>\n<\/td>\n<\/tr>\n<tr>\n<td width=\"223\">\n<p style=\"padding: 0cm 0cm 0.53cm; border: medium medium 1px none none solid -moz-use-text-color -moz-use-text-color #e6e7e8;\"> <span style=\"font-size: small;\">Elementos\/Grupos<\/span> <\/p>\n<\/td>\n<td width=\"412\">\n<p style=\"padding: 0cm 0cm 0.53cm; border: medium medium 1px none none solid -moz-use-text-color -moz-use-text-color #e6e7e8;\"> <span style=\"font-size: small;\">17\/13<\/span> <\/p>\n<\/td>\n<\/tr>\n<tr>\n<td width=\"223\">\n<p style=\"padding: 0cm 0cm 0.53cm; border: medium medium 1px none none solid -moz-use-text-color -moz-use-text-color #e6e7e8;\"> <span style=\"font-size: small;\">Hojas de diafragma<\/span> <\/p>\n<\/td>\n<td width=\"412\">\n<p style=\"padding: 0cm 0cm 0.53cm; border: medium medium 1px none none solid -moz-use-text-color -moz-use-text-color #e6e7e8;\"> <span style=\"font-size: small;\">7, redondeado<\/span> <\/p>\n<\/td>\n<\/tr>\n<\/tbody>\n<\/table>\n<table style=\"width: 220px;\" border=\"0\" cellspacing=\"0\" cellpadding=\"2\">\n<colgroup>\n<col width=\"177\"><\/colgroup>\n<colgroup>\n<col width=\"35\"><\/colgroup>\n<tbody>\n<tr>\n<th colspan=\"2\" width=\"216\">\n<p style=\"padding: 0cm; font-style: normal; font-weight: normal;\"> <span style=\"font-size: small;\"><a name=\"23001\"><\/a><span style=\"font-size: x-large;\">Recursos<\/span><\/span> <\/p>\n<\/th>\n<\/tr>\n<tr>\n<td width=\"177\">\n<p style=\"padding: 0cm 0cm 0.53cm; border: medium medium 1px none none solid -moz-use-text-color -moz-use-text-color #e6e7e8;\"> <span style=\"font-size: small;\">Estabilizaci\u00f3n de imagen<\/span> <\/p>\n<\/td>\n<td width=\"35\">\n<p style=\"padding: 0cm 0cm 0.53cm; border: medium medium 1px none none solid -moz-use-text-color -moz-use-text-color #e6e7e8;\"> <span style=\"font-size: small;\">S\u00ed<\/span> <\/p>\n<\/td>\n<\/tr>\n<tr>\n<td width=\"177\">\n<p style=\"padding: 0cm 0cm 0.53cm; border: medium medium 1px none none solid -moz-use-text-color -moz-use-text-color #e6e7e8;\"> <span style=\"font-size: small;\">Autom\u00e1tico<\/span> <\/p>\n<\/td>\n<td width=\"35\">\n<p style=\"padding: 0cm 0cm 0.53cm; border: medium medium 1px none none solid -moz-use-text-color -moz-use-text-color #e6e7e8;\"> <span style=\"font-size: small;\">S\u00ed<\/span> <\/p>\n<\/td>\n<\/tr>\n<tr>\n<td width=\"177\">\n<p style=\"padding: 0cm 0cm 0.53cm; border: medium medium 1px none none solid -moz-use-text-color -moz-use-text-color #e6e7e8;\"> <span style=\"font-size: small;\">Collar de tr\u00edpode<\/span> <\/p>\n<\/td>\n<td width=\"35\">\n<p style=\"padding: 0cm 0cm 0.53cm; border: medium medium 1px none none solid -moz-use-text-color -moz-use-text-color #e6e7e8;\"> <span style=\"font-size: small;\">No<\/span> <\/p>\n<\/td>\n<\/tr>\n<\/tbody>\n<\/table>\n<table style=\"width: 508px;\" border=\"0\" cellspacing=\"0\" cellpadding=\"2\">\n<colgroup>\n<col width=\"163\"><\/colgroup>\n<colgroup>\n<col width=\"337\"><\/colgroup>\n<tbody>\n<tr>\n<th colspan=\"2\" width=\"504\">\n<p style=\"padding: 0cm; font-style: normal; font-weight: normal;\"> <span style=\"font-size: small;\"><a name=\"11501\"><\/a><span style=\"font-size: x-large;\">F\u00edsico<\/span><\/span> <\/p>\n<\/th>\n<\/tr>\n<tr>\n<td width=\"163\">\n<p style=\"padding: 0cm 0cm 0.53cm; border: medium medium 1px none none solid -moz-use-text-color -moz-use-text-color #e6e7e8;\"> <span style=\"font-size: small;\">Tema de filtro<\/span> <\/p>\n<\/td>\n<td width=\"337\">\n<p style=\"padding: 0cm 0cm 0.53cm; border: medium medium 1px none none solid -moz-use-text-color -moz-use-text-color #e6e7e8;\"> <span style=\"font-size: small;\">Frontal: 62 mm<\/span> <\/p>\n<\/td>\n<\/tr>\n<tr>\n<td width=\"163\">\n<p style=\"padding: 0cm 0cm 0.53cm; border: medium medium 1px none none solid -moz-use-text-color -moz-use-text-color #e6e7e8;\"> <span style=\"font-size: small;\">Dimensiones (DxL)<\/span> <\/p>\n<\/td>\n<td width=\"337\">\n<p style=\"padding: 0cm 0cm 0.53cm; border: medium medium 1px none none solid -moz-use-text-color -moz-use-text-color #e6e7e8;\"> <span style=\"font-size: small;\">Aproximadamente. 2,68 x 3,82&#8243; (68 x 97,1 mm) <\/span> <\/p>\n<\/td>\n<\/tr>\n<tr>\n<td width=\"163\">\n<p style=\"padding: 0cm 0cm 0.53cm; border: medium medium 1px none none solid -moz-use-text-color -moz-use-text-color #e6e7e8;\"> <span style=\"font-size: small;\">Peso<\/span> <\/p>\n<\/td>\n<td width=\"337\">\n<p style=\"padding: 0cm 0cm 0.53cm; border: medium medium 1px none none solid -moz-use-text-color -moz-use-text-color #e6e7e8;\"> <span style=\"font-size: small;\">460 g (16,23 oz)<\/span><\/p>\n<\/td>\n<\/tr>\n<\/tbody>\n<\/table>\n<p style=\"margin-bottom: 0cm;\"> <span style=\"font-size: small;\">&nbsp;<\/span><\/p>\n","protected":false},"excerpt":{"rendered":"<p>ASPECTOS DESTACADOS DEL PRODUCTO Lente de formato E-Mount\/APS-C 27-300 mm (equivalente a 35 mm) Rango de apertura: f\/3.5-6.3 a f\/22-40<\/p>\n","protected":false},"featured_media":54272,"comment_status":"closed","ping_status":"open","template":"","meta":{"_acf_changed":false},"product_brand":[2537],"product_cat":[1062],"product_tag":[],"class_list":{"0":"post-74025","1":"product","2":"type-product","3":"status-publish","4":"has-post-thumbnail","6":"product_brand-sony-es","7":"product_cat-mirrorless-objectivos","8":"pa_abertura-maxima-f-3-5-6-3-es","10":"first","11":"onbackorder","12":"taxable","13":"shipping-taxable","14":"purchasable","15":"product-type-simple"},"bundled_by":[],"bundle_stock_status":"onbackorder","bundle_stock_quantity":null,"bundle_virtual":false,"bundle_layout":"","bundle_add_to_cart_form_location":"","bundle_editable_in_cart":false,"bundle_sold_individually_context":"","bundle_item_grouping":"","bundle_min_size":"","bundle_max_size":"","bundle_price":[],"bundled_items":[],"bundle_sell_ids":[],"acf":[],"_links":{"self":[{"href":"https:\/\/hi-techwonder.com\/es\/wp-json\/wp\/v2\/product\/74025","targetHints":{"allow":["GET"]}}],"collection":[{"href":"https:\/\/hi-techwonder.com\/es\/wp-json\/wp\/v2\/product"}],"about":[{"href":"https:\/\/hi-techwonder.com\/es\/wp-json\/wp\/v2\/types\/product"}],"replies":[{"embeddable":true,"href":"https:\/\/hi-techwonder.com\/es\/wp-json\/wp\/v2\/comments?post=74025"}],"wp:featuredmedia":[{"embeddable":true,"href":"https:\/\/hi-techwonder.com\/es\/wp-json\/wp\/v2\/media\/54272"}],"wp:attachment":[{"href":"https:\/\/hi-techwonder.com\/es\/wp-json\/wp\/v2\/media?parent=74025"}],"wp:term":[{"taxonomy":"product_brand","embeddable":true,"href":"https:\/\/hi-techwonder.com\/es\/wp-json\/wp\/v2\/product_brand?post=74025"},{"taxonomy":"product_cat","embeddable":true,"href":"https:\/\/hi-techwonder.com\/es\/wp-json\/wp\/v2\/product_cat?post=74025"},{"taxonomy":"product_tag","embeddable":true,"href":"https:\/\/hi-techwonder.com\/es\/wp-json\/wp\/v2\/product_tag?post=74025"}],"curies":[{"name":"wp","href":"https:\/\/api.w.org\/{rel}","templated":true}]}}