{"id":74026,"date":"2025-07-29T09:49:12","date_gmt":"2025-07-29T09:49:12","guid":{"rendered":"https:\/\/fv6qoy3ls0.wpdns.site\/product\/sony-e-15mm-f-1-4-g\/"},"modified":"2026-01-30T09:13:59","modified_gmt":"2026-01-30T09:13:59","slug":"sony-e-15mm-f-1-4-g","status":"publish","type":"product","link":"https:\/\/hi-techwonder.com\/es\/producto\/sony-e-15mm-f-1-4-g\/","title":{"rendered":"SONY E 15mm f\/1.4 G"},"content":{"rendered":"<p><strong>Ultrarr\u00e1pido, ultracompacto<\/strong><\/p>\n<p>El lente APS-C m\u00e1s r\u00e1pido de Sony, el E 15 mm f\/1.4G, es un lente brillante y gran angular equivalente a 22.5 mm con \u00f3ptica avanzada de la serie G y un dise\u00f1o elegante que es ideal para viajes, paisajes y caminatas. Adem\u00e1s de priorizar la calidad y la velocidad de la imagen, este objetivo tambi\u00e9n cuenta con un dise\u00f1o intuitivo y un rendimiento de enfoque suave que se adapta a las aplicaciones de vlogging y grabaci\u00f3n de v\u00eddeo. <\/p>\n<p><iframe loading=\"lazy\" style=\"width: 889px; height: 500px;\" title=\"Presentamos E 15mm F1.4 G | Sony | Lente\" src=\"https:\/\/www.youtube.com\/embed\/pOLfAP6gA38\" width=\"889\" height=\"500\" frameborder=\"0\" allowfullscreen=\"allowfullscreen\"><\/iframe><\/p>\n<p><strong>Lente de la serie G<\/strong><\/p>\n<ul>\n<li>El gran angular prime ofrece una distancia focal equivalente a 22,5 mm, lo que lo convierte en una opci\u00f3n vers\u00e1til para cualquier cosa, desde la calle hasta el paisaje y los viajes, as\u00ed como para las necesidades de vlogging de estilo selfie.<\/li>\n<li>La r\u00e1pida apertura m\u00e1xima de f\/1.4 es ideal para t\u00e9cnicas de enfoque selectivo y poca profundidad de campo, y tambi\u00e9n sobresale en condiciones de poca luz.<\/li>\n<li>Tres elementos asf\u00e9ricos ayudan a lograr una alta nitidez y suprimen las distorsiones y aberraciones esf\u00e9ricas.<\/li>\n<li>Un elemento Super ED y dos elementos ED promueven una mayor claridad y precisi\u00f3n de color, reduciendo las aberraciones crom\u00e1ticas.<\/li>\n<li>El diafragma redondeado de 7 hojas contribuye a una calidad de bokeh suave y natural.<\/li>\n<\/ul>\n<p><strong>Rendimiento de enfoque refinado<\/strong><\/p>\n<p>El sistema de motor lineal utiliza dos motores separados para proporcionar un enfoque autom\u00e1tico y un rendimiento de seguimiento r\u00e1pidos, silenciosos y precisos. Este dise\u00f1o tambi\u00e9n contribuye a una respuesta lineal m\u00e1s natural e intuitiva: control de enfoque manual y un interruptor AF\/MF ubicado en el cilindro de la lente para cambiar r\u00e1pidamente el modo de enfoque. <\/p>\n<ul>\n<li>El dise\u00f1o de enfoque interno proporciona un rendimiento de enfoque m\u00e1s sensible y mantiene una longitud total de lente constante durante la operaci\u00f3n.<\/li>\n<li>Adecuado para tomas de primeros planos, la distancia m\u00ednima de enfoque es de 6.7 &#8220;con un aumento m\u00e1ximo de 0.15x cuando se usa el enfoque manual o de 7.9&#8221; con un aumento de 0.12x cuando se usa el enfoque autom\u00e1tico.<\/li>\n<li>La \u00f3ptica de movimiento suave (SMO) suprime la respiraci\u00f3n de enfoque para ayudar a mantener la precisi\u00f3n de la composici\u00f3n al cambiar el enfoque. Este objetivo tambi\u00e9n es compatible con la funci\u00f3n de compensaci\u00f3n de la respiraci\u00f3n en algunas c\u00e1maras Alpha. <\/li>\n<\/ul>\n<p><strong>Dise\u00f1o robusto y manejo intuitivo<\/strong><\/p>\n<ul>\n<li>El dise\u00f1o resistente al polvo y la humedad funciona en condiciones adversas.<\/li>\n<li>El anillo de apertura f\u00edsico se puede quitar para un cambio de apertura suave y silencioso para beneficiar las aplicaciones de video.<\/li>\n<li>Bot\u00f3n de retenci\u00f3n de enfoque personalizable en el cilindro del objetivo para un control t\u00e1ctil intuitivo y un acceso r\u00e1pido a los ajustes seleccionados.<\/li>\n<li>La lente mide 2.7 &#8220;de largo y pesa 7.7 onzas, lo que la convierte en una excelente opci\u00f3n port\u00e1til adecuada para el tama\u00f1o m\u00e1s elegante de los cuerpos APS-C.<\/li>\n<\/ul>\n","protected":false},"excerpt":{"rendered":"<p>Ultrarr\u00e1pido, ultracompacto El lente APS-C m\u00e1s r\u00e1pido de Sony, el E 15 mm f\/1.4G, es un lente brillante y gran<\/p>\n","protected":false},"featured_media":54422,"comment_status":"closed","ping_status":"open","template":"","meta":{"_acf_changed":false},"product_brand":[2537],"product_cat":[1062],"product_tag":[],"class_list":{"0":"post-74026","1":"product","2":"type-product","3":"status-publish","4":"has-post-thumbnail","6":"product_brand-sony-es","7":"product_cat-mirrorless-objectivos","8":"pa_abertura-maxima-f-1-4-es","10":"first","11":"onbackorder","12":"taxable","13":"shipping-taxable","14":"purchasable","15":"product-type-simple"},"bundled_by":[],"bundle_stock_status":"onbackorder","bundle_stock_quantity":null,"bundle_virtual":false,"bundle_layout":"","bundle_add_to_cart_form_location":"","bundle_editable_in_cart":false,"bundle_sold_individually_context":"","bundle_item_grouping":"","bundle_min_size":"","bundle_max_size":"","bundle_price":[],"bundled_items":[],"bundle_sell_ids":[],"acf":[],"_links":{"self":[{"href":"https:\/\/hi-techwonder.com\/es\/wp-json\/wp\/v2\/product\/74026","targetHints":{"allow":["GET"]}}],"collection":[{"href":"https:\/\/hi-techwonder.com\/es\/wp-json\/wp\/v2\/product"}],"about":[{"href":"https:\/\/hi-techwonder.com\/es\/wp-json\/wp\/v2\/types\/product"}],"replies":[{"embeddable":true,"href":"https:\/\/hi-techwonder.com\/es\/wp-json\/wp\/v2\/comments?post=74026"}],"wp:featuredmedia":[{"embeddable":true,"href":"https:\/\/hi-techwonder.com\/es\/wp-json\/wp\/v2\/media\/54422"}],"wp:attachment":[{"href":"https:\/\/hi-techwonder.com\/es\/wp-json\/wp\/v2\/media?parent=74026"}],"wp:term":[{"taxonomy":"product_brand","embeddable":true,"href":"https:\/\/hi-techwonder.com\/es\/wp-json\/wp\/v2\/product_brand?post=74026"},{"taxonomy":"product_cat","embeddable":true,"href":"https:\/\/hi-techwonder.com\/es\/wp-json\/wp\/v2\/product_cat?post=74026"},{"taxonomy":"product_tag","embeddable":true,"href":"https:\/\/hi-techwonder.com\/es\/wp-json\/wp\/v2\/product_tag?post=74026"}],"curies":[{"name":"wp","href":"https:\/\/api.w.org\/{rel}","templated":true}]}}