{"id":74027,"date":"2025-07-29T09:48:25","date_gmt":"2025-07-29T09:48:25","guid":{"rendered":"https:\/\/fv6qoy3ls0.wpdns.site\/product\/sony-e-sel18135-18-135mm-f3-5-5-6-oss\/"},"modified":"2026-01-30T09:13:33","modified_gmt":"2026-01-30T09:13:33","slug":"sony-e-sel18135-18-135mm-f3-5-5-6-oss","status":"publish","type":"product","link":"https:\/\/hi-techwonder.com\/es\/producto\/sony-e-sel18135-18-135mm-f3-5-5-6-oss\/","title":{"rendered":"SONY E SEL18135 18-135mm F3.5-5.6 OSS"},"content":{"rendered":"<p><strong>Productos destacados<\/strong><\/p>\n<ul>\n<li>  Lente de formato E-Mount\/APS-C<\/li>\n<li>  Rango de apertura: f\/3.5 a f\/36<\/li>\n<li>  27-202,5 mm (equivalente a 35 mm)<\/li>\n<li>  Rango de apertura m\u00e1ximo: f\/3.5-5.6<\/li>\n<li>  Dos elementos ED y un elemento asf\u00e9rico<\/li>\n<li>  Estabilizaci\u00f3n de imagen \u00f3ptica SteadyShot<\/li>\n<li>  Motor AF lineal<\/li>\n<li>  Distancia m\u00ednima de enfoque: 1.5&#8242;<\/li>\n<li>  Diafragma circular de siete hojas<\/li>\n<\/ul>\n<p><strong>En la caja:<\/strong><\/p>\n<ul>\n<li>  Lente Sony E 18-135mm f\/3.5-5.6 OSS<\/li>\n<li>  ALC-F55S Tapa frontal del objetivo de 55 mm<\/li>\n<li>  Tapa trasera del objetivo ALC-R1EM<\/li>\n<li>  ALC-SH153 Parasol<\/li>\n<\/ul>\n<p>Abarcando un rango \u00fatil desde gran angular hasta teleobjetivo medio, el E 18-135 mm f\/3.5-5.6 OSS de Sony es un zoom vers\u00e1til equivalente a 27-202.5 mm para c\u00e1maras sin espejo con montura E de formato APS-C. Complementando el rango de distancias focales hay un sistema de estabilizaci\u00f3n de imagen Optical SteadyShot, que minimiza la apariencia del movimiento de la c\u00e1mara para una fotograf\u00eda de mano m\u00e1s n\u00edtida. Tambi\u00e9n ayuda a producir im\u00e1genes m\u00e1s n\u00edtidas un motor de enfoque autom\u00e1tico lineal, que ofrece un rendimiento de enfoque r\u00e1pido y preciso que tambi\u00e9n es silencioso para adaptarse a las aplicaciones de grabaci\u00f3n de video. Equilibrando con los atributos de manejo, este lente tambi\u00e9n presenta un dise\u00f1o \u00f3ptico inteligente que utiliza vidrio de dispersi\u00f3n extra baja y elementos asf\u00e9ricos para controlar las aberraciones esf\u00e9ricas y crom\u00e1ticas para una alta nitidez y claridad en todo el rango del zoom.   <\/p>\n<ul>\n<li>  Zoom vers\u00e1til dise\u00f1ado para c\u00e1maras sin espejo con montura E de formato APS-C, este objetivo de 18-135 mm ofrece un rango de distancia focal equivalente a 27-202,5 mm.<\/li>\n<li>  Dos elementos de dispersi\u00f3n extra baja ayudan a reducir las franjas de color y las aberraciones crom\u00e1ticas para producir una mayor claridad y precisi\u00f3n de color.<\/li>\n<li>  Un elemento asf\u00e9rico ayuda a controlar la distorsi\u00f3n y reducir las aberraciones esf\u00e9ricas para una mayor nitidez y una representaci\u00f3n precisa.<\/li>\n<li>  La estabilizaci\u00f3n de imagen \u00f3ptica SteadyShot ayuda a minimizar la apariencia de movimiento de la c\u00e1mara para obtener im\u00e1genes m\u00e1s n\u00edtidas cuando se dispara sin tr\u00edpode con velocidades de obturaci\u00f3n m\u00e1s lentas. Este sistema de estabilizaci\u00f3n tambi\u00e9n se puede combinar con la estabilizaci\u00f3n de imagen de tipo cambio de sensor de la c\u00e1mara seleccionada para un control m\u00e1s efectivo del desenfoque de la c\u00e1mara. <\/li>\n<li>  Un motor de enfoque autom\u00e1tico lineal proporciona un rendimiento de enfoque autom\u00e1tico r\u00e1pido y preciso y permite un enfoque preciso y silencioso durante la grabaci\u00f3n de videos. Adem\u00e1s, un interruptor AF\/MF dedicado permite cambiar r\u00e1pidamente entre los m\u00e9todos de enfoque. <\/li>\n<li>  La distancia m\u00ednima de enfoque de 1.5 &#8216;junto con un aumento m\u00e1ximo de 0.29x se benefician al trabajar con sujetos en primer plano.<\/li>\n<li>  El diafragma redondeado de siete hojas contribuye a una agradable calidad de bokeh cuando se emplean t\u00e9cnicas de enfoque selectivo.<\/li>\n<\/ul>\n<h2>  Sony 18-135mm f\/3.5-5.6 ficha tecnica  <\/h2>\n<table style=\"width: 528px;\" border=\"0\" cellspacing=\"0\" cellpadding=\"2\">\n<colgroup>\n<col width=\"202\"><\/col>\n<col width=\"319\"><\/col>\n<\/colgroup>\n<tbody>\n<tr>\n<th colspan=\"2\" width=\"524\">\n<p> <a name=\"11011\"><\/a>interino<\/p>\n<\/th>\n<\/tr>\n<tr>\n<td width=\"202\">\n<p>  Distancia focal<\/p>\n<\/td>\n<td width=\"319\">\n<p>  18 &#8211; 135 mil\u00edmetros<br \/> Distancia focal comparable de 35 mm: 27 &#8211; 202,5 mm<\/p>\n<\/td>\n<\/tr>\n<tr>\n<td width=\"202\">\n<p>  Abertura<\/p>\n<\/td>\n<td width=\"319\">\n<p>  M\u00e1ximo: f\/3.5 &#8211; 5.6<br \/> M\u00ednimo: f\/22 &#8211; 36<\/p>\n<\/td>\n<\/tr>\n<tr>\n<td width=\"202\">\n<p>  Tipo de montaje de la c\u00e1mara<\/p>\n<\/td>\n<td width=\"319\">\n<p>  Sony E<\/p>\n<\/td>\n<\/tr>\n<tr>\n<td width=\"202\">\n<p>  Compatibilidad de formatos<\/p>\n<\/td>\n<td width=\"319\">\n<p>  APS-C<\/p>\n<\/td>\n<\/tr>\n<tr>\n<td width=\"202\">\n<p>  \u00c1ngulo<\/p>\n<\/td>\n<td width=\"319\">\n<p>  76\u00b0 &#8211; 12\u00b0<\/p>\n<\/td>\n<\/tr>\n<tr>\n<td width=\"202\">\n<p>  Distancia m\u00ednima de enfoque<\/p>\n<\/td>\n<td width=\"319\">\n<p>  45 cm<\/p>\n<\/td>\n<\/tr>\n<tr>\n<td width=\"202\">\n<p>  Ampliaci\u00f3n<\/p>\n<\/td>\n<td width=\"319\">\n<p>  0,29 veces<\/p>\n<\/td>\n<\/tr>\n<tr>\n<td width=\"202\">\n<p>  Velocidad m\u00e1xima de reproducci\u00f3n<\/p>\n<\/td>\n<td width=\"319\">\n<p>  1:3.4<\/p>\n<\/td>\n<\/tr>\n<tr>\n<td width=\"202\">\n<p>  Elementos\/Grupos<\/p>\n<\/td>\n<td width=\"319\">\n<p>  16\/12<\/p>\n<\/td>\n<\/tr>\n<tr>\n<td width=\"202\">\n<p>  Hojas de diafragma<\/p>\n<\/td>\n<td width=\"319\">\n<p>  7, redondeado  <\/p>\n<\/td>\n<\/tr>\n<\/tbody>\n<\/table>\n<table style=\"width: 528px;\" border=\"0\" cellspacing=\"0\" cellpadding=\"2\">\n<colgroup>\n<col width=\"201\"><\/col>\n<col width=\"319\"><\/col>\n<\/colgroup>\n<tbody>\n<tr>\n<th colspan=\"2\" width=\"524\">\n<p> <a name=\"23001\"><\/a>Recursos<\/p>\n<\/th>\n<\/tr>\n<tr>\n<td width=\"201\">\n<p>  Estabilizaci\u00f3n de imagen<\/p>\n<\/td>\n<td width=\"319\">\n<p>  S\u00ed<\/p>\n<\/td>\n<\/tr>\n<tr>\n<td width=\"201\">\n<p>  Autom\u00e1tico<\/p>\n<\/td>\n<td width=\"319\">\n<p>  S\u00ed  <\/p>\n<\/td>\n<\/tr>\n<\/tbody>\n<\/table>\n<table style=\"width: 528px;\" border=\"0\" cellspacing=\"0\" cellpadding=\"2\">\n<colgroup>\n<col width=\"202\"><\/col>\n<col width=\"318\"><\/col>\n<\/colgroup>\n<tbody>\n<tr>\n<th colspan=\"2\" width=\"524\">\n<p> <a name=\"11501\"><\/a>F\u00edsico<\/p>\n<\/th>\n<\/tr>\n<tr>\n<td width=\"202\">\n<p>  Tema de filtro<\/p>\n<\/td>\n<td width=\"318\">\n<p>  Frontal: 55 mm<\/p>\n<\/td>\n<\/tr>\n<tr>\n<td width=\"202\">\n<p>  Dimensiones (DxL)<\/p>\n<\/td>\n<td width=\"318\">\n<p>  Aproximadamente. 67,2 x 88 mil\u00edmetros <\/p>\n<\/td>\n<\/tr>\n<tr>\n<td width=\"202\">\n<p>  Peso<\/p>\n<\/td>\n<td width=\"318\">\n<p>  326 gramos  <\/p>\n<\/td>\n<\/tr>\n<\/tbody>\n<\/table>\n<table style=\"width: 527px;\" border=\"0\" cellspacing=\"0\" cellpadding=\"2\">\n<colgroup>\n<col width=\"203\"><\/col>\n<col width=\"316\"><\/col>\n<\/colgroup>\n<tbody>\n<tr>\n<th colspan=\"2\" width=\"523\">\n<p> <a name=\"shipping\"><\/a>Informaci\u00f3n de embalaje<\/p>\n<\/th>\n<\/tr>\n<tr>\n<td width=\"203\">\n<p>  Peso del paquete<\/p>\n<\/td>\n<td width=\"316\">\n<p>  522 gramos<\/p>\n<\/td>\n<\/tr>\n<tr>\n<td width=\"203\">\n<p>  Dimensiones de la caja (LxWxH)<\/p>\n<\/td>\n<td width=\"316\">\n<p>  132 x 124 x 107 mm<\/p>\n<\/td>\n<\/tr>\n<\/tbody>\n<\/table>\n","protected":false},"excerpt":{"rendered":"<p>Productos destacados Lente de formato E-Mount\/APS-C Rango de apertura: f\/3.5 a f\/36 27-202,5 mm (equivalente a 35 mm) Rango de<\/p>\n","protected":false},"featured_media":54305,"comment_status":"closed","ping_status":"open","template":"","meta":{"_acf_changed":false},"product_brand":[2537],"product_cat":[1062],"product_tag":[],"class_list":{"0":"post-74027","1":"product","2":"type-product","3":"status-publish","4":"has-post-thumbnail","6":"product_brand-sony-es","7":"product_cat-mirrorless-objectivos","8":"pa_abertura-maxima-f-3-5-5-6-es","10":"first","11":"onbackorder","12":"taxable","13":"shipping-taxable","14":"purchasable","15":"product-type-simple"},"bundled_by":[],"bundle_stock_status":"onbackorder","bundle_stock_quantity":null,"bundle_virtual":false,"bundle_layout":"","bundle_add_to_cart_form_location":"","bundle_editable_in_cart":false,"bundle_sold_individually_context":"","bundle_item_grouping":"","bundle_min_size":"","bundle_max_size":"","bundle_price":[],"bundled_items":[],"bundle_sell_ids":[],"acf":[],"_links":{"self":[{"href":"https:\/\/hi-techwonder.com\/es\/wp-json\/wp\/v2\/product\/74027","targetHints":{"allow":["GET"]}}],"collection":[{"href":"https:\/\/hi-techwonder.com\/es\/wp-json\/wp\/v2\/product"}],"about":[{"href":"https:\/\/hi-techwonder.com\/es\/wp-json\/wp\/v2\/types\/product"}],"replies":[{"embeddable":true,"href":"https:\/\/hi-techwonder.com\/es\/wp-json\/wp\/v2\/comments?post=74027"}],"wp:featuredmedia":[{"embeddable":true,"href":"https:\/\/hi-techwonder.com\/es\/wp-json\/wp\/v2\/media\/54305"}],"wp:attachment":[{"href":"https:\/\/hi-techwonder.com\/es\/wp-json\/wp\/v2\/media?parent=74027"}],"wp:term":[{"taxonomy":"product_brand","embeddable":true,"href":"https:\/\/hi-techwonder.com\/es\/wp-json\/wp\/v2\/product_brand?post=74027"},{"taxonomy":"product_cat","embeddable":true,"href":"https:\/\/hi-techwonder.com\/es\/wp-json\/wp\/v2\/product_cat?post=74027"},{"taxonomy":"product_tag","embeddable":true,"href":"https:\/\/hi-techwonder.com\/es\/wp-json\/wp\/v2\/product_tag?post=74027"}],"curies":[{"name":"wp","href":"https:\/\/api.w.org\/{rel}","templated":true}]}}