{"id":74028,"date":"2025-07-29T09:47:37","date_gmt":"2025-07-29T09:47:37","guid":{"rendered":"https:\/\/fv6qoy3ls0.wpdns.site\/product\/sony-e-sel1018-10-18mm-f-4-oss\/"},"modified":"2026-01-30T09:13:17","modified_gmt":"2026-01-30T09:13:17","slug":"sony-e-sel1018-10-18mm-f-4-oss","status":"publish","type":"product","link":"https:\/\/hi-techwonder.com\/es\/producto\/sony-e-sel1018-10-18mm-f-4-oss\/","title":{"rendered":"SONY E SEL1018 10-18mm f\/4 OSS"},"content":{"rendered":"<p><span style=\"font-size: small;\"><strong>ASPECTOS DESTACADOS DEL PRODUCTO<\/strong><\/p>\n<p><\/span><\/p>\n<ul>\n<li> <span style=\"font-size: small;\">Lente de formato E-Mount\/APS-C<\/span><\/li>\n<li> <span style=\"font-size: small;\">15-27 mm (equivalente a 35 mm)<\/span><\/li>\n<li> <span style=\"font-size: small;\">Rango de apertura: f\/4 a f\/22<\/span><\/li>\n<li> <span style=\"font-size: small;\">Un Super ED y tres elementos asf\u00e9ricos<\/span><\/li>\n<li> <span style=\"font-size: small;\">Motor de enfoque autom\u00e1tico lineal; Enfoque interno<\/span><\/li>\n<li> <span style=\"font-size: small;\">Estabilizaci\u00f3n de imagen \u00f3ptica SteadyShot<\/span><\/li>\n<li> <span style=\"font-size: small;\">Di\u00e1metro del filtro: 62 mm<\/span><\/li>\n<li> <span style=\"font-size: small;\">Diafragma circular de siete hojas<\/span><\/li>\n<\/ul>\n<p> <span style=\"font-size: small;\">&nbsp;<\/span><\/p>\n<p> <span style=\"font-size: small;\">El objetivo zoom gran angular con montura E Alpha 10-18mm f\/4 OSS de Sony es un objetivo zoom con montura E ultra gran angular compatible con las c\u00e1maras Alpha NEX y las videoc\u00e1maras NEX Handycam. En el formato de 35 mm, las distancias focales equivalen a un campo de visi\u00f3n de 15-27 mm que es extremadamente gran angular con perspectivas exageradas, ideal para paisajes extensos, ciertos interiores y retratos creativos y tomas grupales. <\/span><\/p>\n<p> <span style=\"font-size: small;\"><br \/>Con una apertura de f\/4 en todo el rango de zoom, se pueden usar velocidades de obturaci\u00f3n r\u00e1pidas y configuraciones ISO bajas incluso con poca luz para obtener im\u00e1genes n\u00edtidas y brillantes. Con el sistema de estabilizaci\u00f3n de imagen Optical SteadyShot, es a\u00fan m\u00e1s f\u00e1cil tomar fotos y videos sin desenfoque con poca luz, independientemente del movimiento de la c\u00e1mara. Tres elementos de lente asf\u00e9rica reducen la aberraci\u00f3n esf\u00e9rica y la distorsi\u00f3n, y el vidrio de dispersi\u00f3n s\u00faper extra baja reduce la aberraci\u00f3n crom\u00e1tica para obtener im\u00e1genes de alta calidad, incluso con la apertura m\u00e1xima. El enfoque autom\u00e1tico r\u00e1pido se ve facilitado por el movimiento de los elementos de la lente en la parte posterior de la lente, y la apertura circular de 7 hojas crea un bokeh circular suave en las \u00e1reas desenfocadas dentro del marco.   <\/span><\/p>\n<p> <span style=\"font-size: small;\"><br \/><strong>Lente de zoom s\u00faper gran angular de 10-18 mm f\/4<\/strong><br \/> Este objetivo ofrece una apertura m\u00e1xima constante de f\/4 en todo el rango de distancias focales, lo que permite utilizar la apertura m\u00e1s amplia en cada distancia focal. Incluso en entornos con poca luz, como al aire libre al atardecer, los usuarios podr\u00e1n aprovechar la apertura brillante y usar velocidades de obturaci\u00f3n r\u00e1pidas sin aumentar innecesariamente la sensibilidad ISO. El 10-18 mm (15-27 mm en formato de 35 mm) proporciona un zoom ultra gran angular para fotografiar paisajes, en espacios reducidos o para perspectivas creativas exageradas.  <br \/><\/span><\/p>\n<p> <span style=\"font-size: small;\"><strong>Estabilizaci\u00f3n de imagen<\/strong><br \/> El sistema de estabilizaci\u00f3n de imagen Optical SteadyShot incorporado ofrece una ventaja de velocidad de obturaci\u00f3n de 4 pasos (aproximadamente), lo que facilita significativamente la obtenci\u00f3n de im\u00e1genes y videos n\u00edtidos y sin desenfoque.<br \/><\/span><\/p>\n<p> <span style=\"font-size: small;\"><strong>Sistema de enfoque interno<\/strong><br \/> Los elementos de la lente en la parte posterior del sistema \u00f3ptico se mueven, lo que permite una respuesta de enfoque autom\u00e1tico r\u00e1pida.<br \/><\/span><\/p>\n<p> <span style=\"font-size: small;\"><strong>\u00d3ptica<\/strong><br \/> Tres elementos de lente asf\u00e9rica corrigen la aberraci\u00f3n y la distorsi\u00f3n esf\u00e9rica, lo que permite capturar im\u00e1genes de alto contraste y alta calidad con mucho menos sangrado, incluso con la apertura m\u00e1xima. Adem\u00e1s, el sistema \u00f3ptico emplea vidrio de dispersi\u00f3n s\u00faper extrabaja, lo que permite obtener im\u00e1genes muy detalladas con una aberraci\u00f3n de color reducida, incluso a una distancia focal de 10 mm. <br \/><\/span><\/p>\n<p> <span style=\"font-size: small;\"><strong>Apertura circular<\/strong><br \/> En fotos con poca luz o paisajes nocturnos, las fuentes de luz borrosas tienen un bonito efecto circular borroso.<\/span><\/p>\n<p> <span style=\"font-size: small;\">&nbsp;<\/span><\/p>\n<p style=\"margin-bottom: 0cm;\"> <span style=\"font-size: small;\">&nbsp;<\/span><\/p>\n<p><span style=\"font-size: small;\"> <\/span><\/p>\n<table style=\"width: 643px;\" border=\"0\" cellspacing=\"0\" cellpadding=\"2\">\n<colgroup>\n<col width=\"253\"><\/colgroup>\n<colgroup>\n<col width=\"381\"><\/colgroup>\n<tbody>\n<tr>\n<th colspan=\"2\" width=\"639\">\n<p style=\"padding: 0cm; font-style: normal; font-weight: normal;\"> <span style=\"font-size: small;\"><a name=\"11011\"><\/a><span style=\"font-size: x-large;\">interino<\/span><\/span> <\/p>\n<\/th>\n<\/tr>\n<tr>\n<td width=\"253\">\n<p style=\"padding: 0cm 0cm 0.53cm; border: medium medium 1px none none solid -moz-use-text-color -moz-use-text-color #e6e7e8;\"> <span style=\"font-size: small;\">Distancia focal<\/span> <\/p>\n<\/td>\n<td width=\"381\">\n<p style=\"padding: 0cm 0cm 0.53cm; border: medium medium 1px none none solid -moz-use-text-color -moz-use-text-color #e6e7e8;\"> <span style=\"font-size: small;\">10 &#8211; 18 mm<br \/> Distancia focal comparable de 35 mm: 15 &#8211; 27 mm<\/span> <\/p>\n<\/td>\n<\/tr>\n<tr>\n<td width=\"253\">\n<p style=\"padding: 0cm 0cm 0.53cm; border: medium medium 1px none none solid -moz-use-text-color -moz-use-text-color #e6e7e8;\"> <span style=\"font-size: small;\">Abertura<\/span> <\/p>\n<\/td>\n<td width=\"381\">\n<p style=\"padding: 0cm 0cm 0.53cm; border: medium medium 1px none none solid -moz-use-text-color -moz-use-text-color #e6e7e8;\"> <span style=\"font-size: small;\">M\u00e1ximo: f\/4<br \/> M\u00ednimo: f\/22<\/span> <\/p>\n<\/td>\n<\/tr>\n<tr>\n<td width=\"253\">\n<p style=\"padding: 0cm 0cm 0.53cm; border: medium medium 1px none none solid -moz-use-text-color -moz-use-text-color #e6e7e8;\"> <span style=\"font-size: small;\">Tipo de montaje de la c\u00e1mara<\/span> <\/p>\n<\/td>\n<td width=\"381\">\n<p style=\"padding: 0cm 0cm 0.53cm; border: medium medium 1px none none solid -moz-use-text-color -moz-use-text-color #e6e7e8;\"> <span style=\"font-size: small;\">Sony (montura E para NEX)<\/span> <\/p>\n<\/td>\n<\/tr>\n<tr>\n<td width=\"253\">\n<p style=\"padding: 0cm 0cm 0.53cm; border: medium medium 1px none none solid -moz-use-text-color -moz-use-text-color #e6e7e8;\"> <span style=\"font-size: small;\">Compatibilidad de formatos<\/span> <\/p>\n<\/td>\n<td width=\"381\">\n<p style=\"padding: 0cm 0cm 0.53cm; border: medium medium 1px none none solid -moz-use-text-color -moz-use-text-color #e6e7e8;\"> <span style=\"font-size: small;\">APS-C<\/span> <\/p>\n<\/td>\n<\/tr>\n<tr>\n<td width=\"253\">\n<p style=\"padding: 0cm 0cm 0.53cm; border: medium medium 1px none none solid -moz-use-text-color -moz-use-text-color #e6e7e8;\"> <span style=\"font-size: small;\">\u00c1ngulo<\/span> <\/p>\n<\/td>\n<td width=\"381\">\n<p style=\"padding: 0cm 0cm 0.53cm; border: medium medium 1px none none solid -moz-use-text-color -moz-use-text-color #e6e7e8;\"> <span style=\"font-size: small;\">109\u00b0 &#8211; 76\u00b0<\/span> <\/p>\n<\/td>\n<\/tr>\n<tr>\n<td width=\"253\">\n<p style=\"padding: 0cm 0cm 0.53cm; border: medium medium 1px none none solid -moz-use-text-color -moz-use-text-color #e6e7e8;\"> <span style=\"font-size: small;\">Distancia m\u00ednima de enfoque<\/span> <\/p>\n<\/td>\n<td width=\"381\">\n<p style=\"padding: 0cm 0cm 0.53cm; border: medium medium 1px none none solid -moz-use-text-color -moz-use-text-color #e6e7e8;\"> <span style=\"font-size: small;\">9,84&#8243; (25 cm)<\/span> <\/p>\n<\/td>\n<\/tr>\n<tr>\n<td width=\"253\">\n<p style=\"padding: 0cm 0cm 0.53cm; border: medium medium 1px none none solid -moz-use-text-color -moz-use-text-color #e6e7e8;\"> <span style=\"font-size: small;\">Ampliaci\u00f3n<\/span> <\/p>\n<\/td>\n<td width=\"381\">\n<p style=\"padding: 0cm 0cm 0.53cm; border: medium medium 1px none none solid -moz-use-text-color -moz-use-text-color #e6e7e8;\"> <span style=\"font-size: small;\">0,1 veces<\/span> <\/p>\n<\/td>\n<\/tr>\n<tr>\n<td width=\"253\">\n<p style=\"padding: 0cm 0cm 0.53cm; border: medium medium 1px none none solid -moz-use-text-color -moz-use-text-color #e6e7e8;\"> <span style=\"font-size: small;\">Velocidad m\u00e1xima de reproducci\u00f3n<\/span> <\/p>\n<\/td>\n<td width=\"381\">\n<p style=\"padding: 0cm 0cm 0.53cm; border: medium medium 1px none none solid -moz-use-text-color -moz-use-text-color #e6e7e8;\"> <span style=\"font-size: small;\">1:10<\/span> <\/p>\n<\/td>\n<\/tr>\n<tr>\n<td width=\"253\">\n<p style=\"padding: 0cm 0cm 0.53cm; border: medium medium 1px none none solid -moz-use-text-color -moz-use-text-color #e6e7e8;\"> <span style=\"font-size: small;\">Elementos\/Grupos<\/span> <\/p>\n<\/td>\n<td width=\"381\">\n<p style=\"padding: 0cm 0cm 0.53cm; border: medium medium 1px none none solid -moz-use-text-color -moz-use-text-color #e6e7e8;\"> <span style=\"font-size: small;\">8\/10<\/span> <\/p>\n<\/td>\n<\/tr>\n<tr>\n<td width=\"253\">\n<p style=\"padding: 0cm 0cm 0.53cm; border: medium medium 1px none none solid -moz-use-text-color -moz-use-text-color #e6e7e8;\"> <span style=\"font-size: small;\">Hojas de diafragma<\/span> <\/p>\n<\/td>\n<td width=\"381\">\n<p style=\"padding: 0cm 0cm 0.53cm; border: medium medium 1px none none solid -moz-use-text-color -moz-use-text-color #e6e7e8;\"> <span style=\"font-size: small;\">7, redondeado<\/span><\/p>\n<\/td>\n<\/tr>\n<\/tbody>\n<\/table>\n<p><span style=\"font-size: small;\"> <\/span><\/p>\n<table style=\"width: 220px;\" border=\"0\" cellspacing=\"0\" cellpadding=\"2\">\n<colgroup>\n<col width=\"177\"><\/colgroup>\n<colgroup>\n<col width=\"35\"><\/colgroup>\n<tbody>\n<tr>\n<th colspan=\"2\" width=\"216\">\n<p style=\"padding: 0cm; font-style: normal; font-weight: normal;\"> <span style=\"font-size: small;\"><a name=\"23001\"><\/a><span style=\"font-size: x-large;\">Recursos<\/span><\/span> <\/p>\n<\/th>\n<\/tr>\n<tr>\n<td width=\"177\">\n<p style=\"padding: 0cm 0cm 0.53cm; border: medium medium 1px none none solid -moz-use-text-color -moz-use-text-color #e6e7e8;\"> <span style=\"font-size: small;\">Estabilizaci\u00f3n de imagen<\/span> <\/p>\n<\/td>\n<td width=\"35\">\n<p style=\"padding: 0cm 0cm 0.53cm; border: medium medium 1px none none solid -moz-use-text-color -moz-use-text-color #e6e7e8;\"> <span style=\"font-size: small;\">S\u00ed<\/span> <\/p>\n<\/td>\n<\/tr>\n<tr>\n<td width=\"177\">\n<p style=\"padding: 0cm 0cm 0.53cm; border: medium medium 1px none none solid -moz-use-text-color -moz-use-text-color #e6e7e8;\"> <span style=\"font-size: small;\">Autom\u00e1tico<\/span> <\/p>\n<\/td>\n<td width=\"35\">\n<p style=\"padding: 0cm 0cm 0.53cm; border: medium medium 1px none none solid -moz-use-text-color -moz-use-text-color #e6e7e8;\"> <span style=\"font-size: small;\">S\u00ed<\/span> <\/p>\n<\/td>\n<\/tr>\n<tr>\n<td width=\"177\">\n<p style=\"padding: 0cm 0cm 0.53cm; border: medium medium 1px none none solid -moz-use-text-color -moz-use-text-color #e6e7e8;\"> <span style=\"font-size: small;\">Collar de tr\u00edpode<\/span> <\/p>\n<\/td>\n<td width=\"35\">\n<p style=\"padding: 0cm 0cm 0.53cm; border: medium medium 1px none none solid -moz-use-text-color -moz-use-text-color #e6e7e8;\"> <span style=\"font-size: small;\">No<\/span><\/p>\n<\/td>\n<\/tr>\n<\/tbody>\n<\/table>\n<p><span style=\"font-size: small;\"> <\/span><\/p>\n<table style=\"width: 508px;\" border=\"0\" cellspacing=\"0\" cellpadding=\"2\">\n<colgroup>\n<col width=\"163\"><\/colgroup>\n<colgroup>\n<col width=\"337\"><\/colgroup>\n<tbody>\n<tr>\n<th colspan=\"2\" width=\"504\">\n<p style=\"padding: 0cm; font-style: normal; font-weight: normal;\"> <span style=\"font-size: small;\"><a name=\"11501\"><\/a><span style=\"font-size: x-large;\">F\u00edsico<\/span><\/span> <\/p>\n<\/th>\n<\/tr>\n<tr>\n<td width=\"163\">\n<p style=\"padding: 0cm 0cm 0.53cm; border: medium medium 1px none none solid -moz-use-text-color -moz-use-text-color #e6e7e8;\"> <span style=\"font-size: small;\">Tema de filtro<\/span> <\/p>\n<\/td>\n<td width=\"337\">\n<p style=\"padding: 0cm 0cm 0.53cm; border: medium medium 1px none none solid -moz-use-text-color -moz-use-text-color #e6e7e8;\"> <span style=\"font-size: small;\">Frontal: 62 mm<\/span> <\/p>\n<\/td>\n<\/tr>\n<tr>\n<td width=\"163\">\n<p style=\"padding: 0cm 0cm 0.53cm; border: medium medium 1px none none solid -moz-use-text-color -moz-use-text-color #e6e7e8;\"> <span style=\"font-size: small;\">Dimensiones (DxL)<\/span> <\/p>\n<\/td>\n<td width=\"337\">\n<p style=\"padding: 0cm 0cm 0.53cm; border: medium medium 1px none none solid -moz-use-text-color -moz-use-text-color #e6e7e8;\"> <span style=\"font-size: small;\">Aproximadamente. 2,76 x 2,50&#8243; (70 x 63,5 mm) <\/span> <\/p>\n<\/td>\n<\/tr>\n<tr>\n<td width=\"163\">\n<p style=\"padding: 0cm 0cm 0.53cm; border: medium medium 1px none none solid -moz-use-text-color -moz-use-text-color #e6e7e8;\"> <span style=\"font-size: small;\">Peso<\/span> <\/p>\n<\/td>\n<td width=\"337\">\n<p style=\"padding: 0cm 0cm 0.53cm; border: medium medium 1px none none solid -moz-use-text-color -moz-use-text-color #e6e7e8;\"> <span style=\"font-size: small;\">7,94 onzas (225 g)<\/span><\/p>\n<\/td>\n<\/tr>\n<\/tbody>\n<\/table>\n<p><span style=\"font-size: small;\"> <\/span><\/p>\n<p style=\"margin-bottom: 0cm;\"><span style=\"font-size: small;\">&nbsp;<\/span><\/p>\n<p> <span style=\"font-size: small;\">&nbsp;<\/span><\/p>\n","protected":false},"excerpt":{"rendered":"<p>ASPECTOS DESTACADOS DEL PRODUCTO Lente de formato E-Mount\/APS-C 15-27 mm (equivalente a 35 mm) Rango de apertura: f\/4 a f\/22<\/p>\n","protected":false},"featured_media":54242,"comment_status":"closed","ping_status":"open","template":"","meta":{"_acf_changed":false},"product_brand":[2537],"product_cat":[1062],"product_tag":[],"class_list":{"0":"post-74028","1":"product","2":"type-product","3":"status-publish","4":"has-post-thumbnail","6":"product_brand-sony-es","7":"product_cat-mirrorless-objectivos","8":"pa_abertura-maxima-f-4-es","10":"first","11":"onbackorder","12":"taxable","13":"shipping-taxable","14":"purchasable","15":"product-type-simple"},"bundled_by":[],"bundle_stock_status":"onbackorder","bundle_stock_quantity":null,"bundle_virtual":false,"bundle_layout":"","bundle_add_to_cart_form_location":"","bundle_editable_in_cart":false,"bundle_sold_individually_context":"","bundle_item_grouping":"","bundle_min_size":"","bundle_max_size":"","bundle_price":[],"bundled_items":[],"bundle_sell_ids":[],"acf":[],"_links":{"self":[{"href":"https:\/\/hi-techwonder.com\/es\/wp-json\/wp\/v2\/product\/74028","targetHints":{"allow":["GET"]}}],"collection":[{"href":"https:\/\/hi-techwonder.com\/es\/wp-json\/wp\/v2\/product"}],"about":[{"href":"https:\/\/hi-techwonder.com\/es\/wp-json\/wp\/v2\/types\/product"}],"replies":[{"embeddable":true,"href":"https:\/\/hi-techwonder.com\/es\/wp-json\/wp\/v2\/comments?post=74028"}],"wp:featuredmedia":[{"embeddable":true,"href":"https:\/\/hi-techwonder.com\/es\/wp-json\/wp\/v2\/media\/54242"}],"wp:attachment":[{"href":"https:\/\/hi-techwonder.com\/es\/wp-json\/wp\/v2\/media?parent=74028"}],"wp:term":[{"taxonomy":"product_brand","embeddable":true,"href":"https:\/\/hi-techwonder.com\/es\/wp-json\/wp\/v2\/product_brand?post=74028"},{"taxonomy":"product_cat","embeddable":true,"href":"https:\/\/hi-techwonder.com\/es\/wp-json\/wp\/v2\/product_cat?post=74028"},{"taxonomy":"product_tag","embeddable":true,"href":"https:\/\/hi-techwonder.com\/es\/wp-json\/wp\/v2\/product_tag?post=74028"}],"curies":[{"name":"wp","href":"https:\/\/api.w.org\/{rel}","templated":true}]}}