{"id":74029,"date":"2025-07-28T23:29:32","date_gmt":"2025-07-28T23:29:32","guid":{"rendered":"https:\/\/fv6qoy3ls0.wpdns.site\/product\/bateria-sony-np-fw50-1020mah\/"},"modified":"2026-01-31T03:54:06","modified_gmt":"2026-01-31T03:54:06","slug":"sony-bateria-sony-np-fw50-1020mah","status":"publish","type":"product","link":"https:\/\/hi-techwonder.com\/es\/producto\/sony-bateria-sony-np-fw50-1020mah\/","title":{"rendered":"Bater\u00eda SONY NP-FW50 &#8211; 1020mAh"},"content":{"rendered":"<p><span style=\"font-size: small\"><strong>ASPECTOS DESTACADOS DEL PRODUCTO<\/strong><\/p>\n<p><\/span><\/p>\n<ul>\n<li><span style=\"font-size: small\">Para: Sony Alpha NEX-3, 5, 6 y 7, DSLR-SLT-A33, DSLR-SLT-A55<\/span><\/li>\n<li><span style=\"font-size: small\">Tipo: Litio<\/span><\/li>\n<li><span style=\"font-size: small\">Capacidad: 1020mAh<\/span><\/li>\n<li><span style=\"font-size: small\">Voltaje: 7,2 V<\/span><\/li>\n<\/ul>\n<p><span style=\"font-size: small\">&nbsp;<\/span><\/p>\n<p><span style=\"font-size: small\">La bater\u00eda recargable de iones de litio NP-FW50 de Sony es \u00fanica en su dise\u00f1o, ya que no solo proporciona energ\u00eda a su c\u00e1mara, sino que tambi\u00e9n muestra la capacidad restante de la bater\u00eda. Peque\u00f1as y livianas, las bater\u00edas de iones de litio se pueden cargar o descargar en cualquier momento sin desarrollar efectos de memoria. <\/span><\/p>\n<p><span style=\"font-size: small\">&nbsp;<\/span><\/p>\n<p><span style=\"font-size: small\"><strong>Ayuntamientos:<\/strong><br \/><\/span><\/p>\n<ul>\n<li><span style=\"font-size: small\">Sony NEX-3A NEX3A<\/span><\/li>\n<li><span style=\"font-size: small\">Sony NEX-3D NEX3D<\/span><\/li>\n<li><span style=\"font-size: small\">Sony NEX-3K NEX3K<\/span><\/li>\n<\/ul>\n<p><span style=\"font-size: small\">&nbsp;<\/span><\/p>\n<ul>\n<li><span style=\"font-size: small\">Sony NEX-5A NEX5A<\/span><\/li>\n<li><span style=\"font-size: small\">Sony NEX-5D NEX5D<\/span><\/li>\n<li><span style=\"font-size: small\">Sony NEX-5H NEX5H<\/span><\/li>\n<li><span style=\"font-size: small\">Sony NEX-5K NEX5K<\/span><\/li>\n<\/ul>\n<p><span style=\"font-size: small\">&nbsp;<\/span><\/p>\n<ul>\n<li><span style=\"font-size: small\">Sony SLT-A33 SLTA33<\/span><\/li>\n<li><span style=\"font-size: small\">Sony SLT-A33L SLTA33L<\/span><\/li>\n<li><span style=\"font-size: small\">Sony SLT-A33Y SLTA33Y<\/span><\/li>\n<\/ul>\n<p><span style=\"font-size: small\">&nbsp;<\/span><\/p>\n<ul>\n<li><span style=\"font-size: small\">Sony SLT-A55 SLTA55<\/span><\/li>\n<li><span style=\"font-size: small\">Sony SLT-A55V SLTA55V<\/span><\/li>\n<li><span style=\"font-size: small\">Sony SLT-A55VL SLTA55VL<\/span><\/li>\n<li><span style=\"font-size: small\">Sony SLT-A55VY SLTA55VY<\/span><\/li>\n<\/ul>\n<p><span style=\"font-size: small\">&nbsp;<\/span><\/p>\n<ul>\n<li><span style=\"font-size: small\">Sony Alpha A7<\/span><\/li>\n<li><span style=\"font-size: small\">Sony Alpha A7R<\/span><\/li>\n<li><span style=\"font-size: small\">SonyRX10<\/span><\/li>\n<\/ul>\n","protected":false},"excerpt":{"rendered":"<p>ASPECTOS DESTACADOS DEL PRODUCTO Para: Sony Alpha NEX-3, 5, 6 y 7, DSLR-SLT-A33, DSLR-SLT-A55 Tipo: Litio Capacidad: 1020mAh Voltaje: 7,2<\/p>\n","protected":false},"featured_media":22759,"comment_status":"closed","ping_status":"closed","template":"","meta":{"_acf_changed":false},"product_brand":[2537],"product_cat":[864],"product_tag":[],"class_list":{"0":"post-74029","1":"product","2":"type-product","3":"status-publish","4":"has-post-thumbnail","6":"product_brand-sony-es","7":"product_cat-sony-es","9":"first","10":"instock","11":"taxable","12":"shipping-taxable","13":"purchasable","14":"product-type-simple"},"bundled_by":[],"bundle_stock_status":"instock","bundle_stock_quantity":1,"bundle_virtual":false,"bundle_layout":"","bundle_add_to_cart_form_location":"","bundle_editable_in_cart":false,"bundle_sold_individually_context":"","bundle_item_grouping":"","bundle_min_size":"","bundle_max_size":"","bundle_price":[],"bundled_items":[],"bundle_sell_ids":[],"acf":[],"_links":{"self":[{"href":"https:\/\/hi-techwonder.com\/es\/wp-json\/wp\/v2\/product\/74029","targetHints":{"allow":["GET"]}}],"collection":[{"href":"https:\/\/hi-techwonder.com\/es\/wp-json\/wp\/v2\/product"}],"about":[{"href":"https:\/\/hi-techwonder.com\/es\/wp-json\/wp\/v2\/types\/product"}],"replies":[{"embeddable":true,"href":"https:\/\/hi-techwonder.com\/es\/wp-json\/wp\/v2\/comments?post=74029"}],"wp:featuredmedia":[{"embeddable":true,"href":"https:\/\/hi-techwonder.com\/es\/wp-json\/wp\/v2\/media\/22759"}],"wp:attachment":[{"href":"https:\/\/hi-techwonder.com\/es\/wp-json\/wp\/v2\/media?parent=74029"}],"wp:term":[{"taxonomy":"product_brand","embeddable":true,"href":"https:\/\/hi-techwonder.com\/es\/wp-json\/wp\/v2\/product_brand?post=74029"},{"taxonomy":"product_cat","embeddable":true,"href":"https:\/\/hi-techwonder.com\/es\/wp-json\/wp\/v2\/product_cat?post=74029"},{"taxonomy":"product_tag","embeddable":true,"href":"https:\/\/hi-techwonder.com\/es\/wp-json\/wp\/v2\/product_tag?post=74029"}],"curies":[{"name":"wp","href":"https:\/\/api.w.org\/{rel}","templated":true}]}}