{"id":74030,"date":"2025-07-29T09:49:08","date_gmt":"2025-07-29T09:49:08","guid":{"rendered":"https:\/\/fv6qoy3ls0.wpdns.site\/product\/sony-e-11mm-f-1-8\/"},"modified":"2026-01-30T09:13:58","modified_gmt":"2026-01-30T09:13:58","slug":"sony-e-11mm-f-1-8","status":"publish","type":"product","link":"https:\/\/hi-techwonder.com\/es\/producto\/sony-e-11mm-f-1-8\/","title":{"rendered":"SONY E 11mm f\/1.8"},"content":{"rendered":"<p><strong>Elegante y r\u00e1pido S\u00faper ancho<\/strong><\/p>\n<p>Con un dise\u00f1o especialmente elegante y liviano, el Sony E 11 mm f\/1.8 tambi\u00e9n se encuentra entre los lentes APS-C m\u00e1s anchos, ofreciendo una distancia focal equivalente a 16.5 mm junto con un brillante dise\u00f1o f\/1.8. Perfecto para vlogs estilo selfie, sujetos arquitect\u00f3nicos y tomas de paisajes, el dise\u00f1o liviano y port\u00e1til de esta lente tambi\u00e9n la convierte en una opci\u00f3n imprescindible para aplicaciones de grabaci\u00f3n de viajes y giras. <\/p>\n<p><iframe loading=\"lazy\" style=\"width: 889px; height: 500px;\" title=\"Presentamos E 11mm F1.8 | Sony | Lente\" src=\"https:\/\/www.youtube.com\/embed\/9hX7NlngUMI\" width=\"889\" height=\"500\" frameborder=\"0\" allowfullscreen=\"allowfullscreen\"><\/iframe><\/p>\n<p><strong>Dise\u00f1o \u00f3ptico<\/strong><\/p>\n<ul>\n<li>El gran angular prime ofrece una distancia focal equivalente a 16,5 mm, lo que lo convierte en una opci\u00f3n vers\u00e1til para temas que van desde la arquitectura hasta los paisajes, as\u00ed como para las necesidades de vlogging port\u00e1tiles.<\/li>\n<li>La brillante apertura m\u00e1xima de f\/1.8 es ideal para disparar con poca profundidad de campo, y tambi\u00e9n sobresale en condiciones de poca luz.<\/li>\n<li>El dise\u00f1o \u00f3ptico ofrece una nitidez asombrosa en todo el encuadre y tambi\u00e9n contribuye a una alta claridad al reducir las franjas de color y una variedad de aberraciones.<\/li>\n<li>El diafragma redondeado de 7 hojas contribuye a una calidad de bokeh suave y natural.<\/li>\n<\/ul>\n<p><strong>Rendimiento de enfoque refinado<\/strong><\/p>\n<p>El sistema de motor lineal utiliza dos motores separados para proporcionar un enfoque autom\u00e1tico y un rendimiento de seguimiento r\u00e1pidos, silenciosos y precisos. Este dise\u00f1o tambi\u00e9n contribuye a una respuesta lineal m\u00e1s natural e intuitiva: control de enfoque manual y un interruptor AF\/MF ubicado en el cilindro de la lente para cambiar r\u00e1pidamente el modo de enfoque. <\/p>\n<ul>\n<li>El dise\u00f1o de enfoque interno proporciona un rendimiento de enfoque m\u00e1s sensible y mantiene una longitud total de lente constante durante la operaci\u00f3n.<\/li>\n<li>Adecuado para tomas de primeros planos, la distancia m\u00ednima de enfoque es de 4.7&#8243; con un aumento m\u00e1ximo de 0.2x cuando se usa el enfoque manual o de 5.9&#8243; con un aumento de 0.13x cuando se usa el enfoque autom\u00e1tico.<\/li>\n<li>La \u00f3ptica de movimiento suave (SMO) suprime la respiraci\u00f3n de enfoque para ayudar a mantener la precisi\u00f3n de la composici\u00f3n al cambiar el enfoque. Este objetivo tambi\u00e9n es compatible con la funci\u00f3n de compensaci\u00f3n de la respiraci\u00f3n en algunas c\u00e1maras Alpha. <\/li>\n<\/ul>\n<p><strong>Dise\u00f1o peque\u00f1o y manejo intuitivo<\/strong><\/p>\n<ul>\n<li>El dise\u00f1o resistente al polvo y la humedad funciona en condiciones adversas.<\/li>\n<li>Bot\u00f3n de retenci\u00f3n de enfoque personalizable en el cilindro del objetivo para un control t\u00e1ctil intuitivo y un acceso r\u00e1pido a los ajustes seleccionados.<\/li>\n<li>Cuando se combina con una c\u00e1mara con estabilizaci\u00f3n de modo activo, la distancia focal ultra gran angular funciona perfectamente para producir fotos estables. mientras camina, junto con un buen equilibrio entre el sujeto y el fondo en el marco cuando se usa con el brazo extendido.<\/li>\n<li>La lente mide 2.3&#8243; de largo y pesa 6.4 onzas, lo que la convierte en una excelente opci\u00f3n port\u00e1til adecuada para el tama\u00f1o m\u00e1s elegante de los cuerpos APS-C.<\/li>\n<\/ul>\n","protected":false},"excerpt":{"rendered":"<p>Elegante y r\u00e1pido S\u00faper ancho Con un dise\u00f1o especialmente elegante y liviano, el Sony E 11 mm f\/1.8 tambi\u00e9n se<\/p>\n","protected":false},"featured_media":54417,"comment_status":"closed","ping_status":"open","template":"","meta":{"_acf_changed":false},"product_brand":[2537],"product_cat":[1062],"product_tag":[],"class_list":{"0":"post-74030","1":"product","2":"type-product","3":"status-publish","4":"has-post-thumbnail","6":"product_brand-sony-es","7":"product_cat-mirrorless-objectivos","8":"pa_abertura-maxima-f-1-8-es","10":"first","11":"pre-order","12":"taxable","13":"shipping-taxable","14":"purchasable","15":"product-type-simple"},"bundled_by":[],"bundle_stock_status":"pre-order","bundle_stock_quantity":null,"bundle_virtual":false,"bundle_layout":"","bundle_add_to_cart_form_location":"","bundle_editable_in_cart":false,"bundle_sold_individually_context":"","bundle_item_grouping":"","bundle_min_size":"","bundle_max_size":"","bundle_price":[],"bundled_items":[],"bundle_sell_ids":[],"acf":[],"_links":{"self":[{"href":"https:\/\/hi-techwonder.com\/es\/wp-json\/wp\/v2\/product\/74030","targetHints":{"allow":["GET"]}}],"collection":[{"href":"https:\/\/hi-techwonder.com\/es\/wp-json\/wp\/v2\/product"}],"about":[{"href":"https:\/\/hi-techwonder.com\/es\/wp-json\/wp\/v2\/types\/product"}],"replies":[{"embeddable":true,"href":"https:\/\/hi-techwonder.com\/es\/wp-json\/wp\/v2\/comments?post=74030"}],"wp:featuredmedia":[{"embeddable":true,"href":"https:\/\/hi-techwonder.com\/es\/wp-json\/wp\/v2\/media\/54417"}],"wp:attachment":[{"href":"https:\/\/hi-techwonder.com\/es\/wp-json\/wp\/v2\/media?parent=74030"}],"wp:term":[{"taxonomy":"product_brand","embeddable":true,"href":"https:\/\/hi-techwonder.com\/es\/wp-json\/wp\/v2\/product_brand?post=74030"},{"taxonomy":"product_cat","embeddable":true,"href":"https:\/\/hi-techwonder.com\/es\/wp-json\/wp\/v2\/product_cat?post=74030"},{"taxonomy":"product_tag","embeddable":true,"href":"https:\/\/hi-techwonder.com\/es\/wp-json\/wp\/v2\/product_tag?post=74030"}],"curies":[{"name":"wp","href":"https:\/\/api.w.org\/{rel}","templated":true}]}}