{"id":74031,"date":"2025-07-29T09:49:08","date_gmt":"2025-07-29T09:49:08","guid":{"rendered":"https:\/\/fv6qoy3ls0.wpdns.site\/product\/sony-e-10-20mm-f-4-pz-g\/"},"modified":"2026-01-30T09:13:57","modified_gmt":"2026-01-30T09:13:57","slug":"sony-e-10-20mm-f-4-pz-g","status":"publish","type":"product","link":"https:\/\/hi-techwonder.com\/es\/producto\/sony-e-10-20mm-f-4-pz-g\/","title":{"rendered":"SONY E 10-20mm f\/4 PZ G"},"content":{"rendered":"<p><strong>Ligero, ultra gran angular, zoom motorizado<\/strong><\/p>\n<p>Un objetivo construido pensando en el fot\u00f3grafo h\u00edbrido, el Sony E 10-20mm f\/4 PZ G es un zoom APS-C ultra gran angular ligero y vers\u00e1til que es ideal para la creaci\u00f3n de contenido y las necesidades de vlogging. Con Power Zoom, manejo intuitivo y \u00f3ptica avanzada, esta lente de mano sobresale en las aplicaciones fotogr\u00e1ficas diarias, y el rendimiento mejorado del enfoque autom\u00e1tico tambi\u00e9n lo actualiza a impresionantes capacidades de producci\u00f3n de video. <\/p>\n<p><iframe loading=\"lazy\" style=\"width: 889px; height: 500px;\" title=\"Presentamos E PZ 10-20mm F4 G | Sony | Lente\" src=\"https:\/\/www.youtube.com\/embed\/OIy06iVYG3M\" width=\"889\" height=\"500\" frameborder=\"0\" allowfullscreen=\"allowfullscreen\"><\/iframe><\/p>\n<p><strong>Optimizado para video y vlogs<\/strong><\/p>\n<p>Construido pensando en los vlogs, los atributos clave de este objetivo est\u00e1n relacionados con el rendimiento de la grabaci\u00f3n de v\u00eddeo, la facilidad de uso y el dise\u00f1o muy vers\u00e1til:<\/p>\n<ul>\n<li>El mecanismo de zoom motorizado controlado electr\u00f3nicamente y controlado internamente le permite acercar suavemente durante las tomas, con control posible a trav\u00e9s del cilindro del objetivo, utilizando la palanca del zoom o el anillo del zoom, o desde los cuerpos de c\u00e1mara seleccionados.<\/li>\n<li>El zoom interno y el dise\u00f1o de enfoque interno mantienen la longitud total de la lente durante la operaci\u00f3n y tambi\u00e9n ayudan a reducir cualquier cambio en el centro de gravedad de la lente para un mejor rendimiento cuando se monta en un card\u00e1n de mano.<\/li>\n<li>El sistema AF lineal es especialmente silencioso y suave, y tambi\u00e9n es compatible con Linear Response MF para un control de enfoque manual natural.<\/li>\n<li>La \u00f3ptica de movimiento suave (SMO) suprime la respiraci\u00f3n de enfoque para ayudar a mantener la precisi\u00f3n de la composici\u00f3n al cambiar el enfoque. Este objetivo tambi\u00e9n es compatible con la funci\u00f3n de compensaci\u00f3n de la respiraci\u00f3n en algunas c\u00e1maras Alpha. <\/li>\n<\/ul>\n<p><strong>\u00d3ptica de la serie G<\/strong><\/p>\n<p>El zoom ultra gran angular ofrece un rango de distancia focal vers\u00e1til equivalente a 15-30 mm, logrando un equilibrio ideal entre ser lo suficientemente amplio para vlogs port\u00e1tiles estilo selfie y lo suficientemente estrecho para la grabaci\u00f3n diaria natural. Adem\u00e1s, la apertura m\u00e1xima constante de f\/4 ofrece consistencia en todo el rango del zoom y combina brillo con un dise\u00f1o compacto. <\/p>\n<ul>\n<li>Tres elementos asf\u00e9ricos ayudan a lograr una alta nitidez y suprimen las distorsiones y aberraciones esf\u00e9ricas.<\/li>\n<li>Dos elementos de los elementos ED promueven una mayor claridad y precisi\u00f3n de color al reducir las aberraciones crom\u00e1ticas.<\/li>\n<li>Un elemento ED asf\u00e9rico contribuye a\u00fan m\u00e1s a una calidad de imagen impresionante al corregir una variedad de aberraciones.<\/li>\n<li>El diafragma circular contribuye a una calidad de bokeh suave y natural.<\/li>\n<\/ul>\n<p><strong>Rendimiento de enfoque refinado<\/strong><\/p>\n<p>El sistema de motor lineal utiliza dos motores separados para proporcionar un enfoque autom\u00e1tico y un rendimiento de seguimiento r\u00e1pidos, silenciosos y precisos. Este dise\u00f1o tambi\u00e9n contribuye a una respuesta lineal m\u00e1s natural e intuitiva: control de enfoque manual y un interruptor AF\/MF ubicado en el cilindro de la lente para cambiar r\u00e1pidamente el modo de enfoque. <\/p>\n<ul>\n<li>El dise\u00f1o de enfoque interno proporciona un rendimiento de enfoque m\u00e1s sensible y mantiene una longitud total de lente constante durante la operaci\u00f3n.<\/li>\n<li>Adecuado para primeros planos, la distancia m\u00ednima de enfoque en la posici\u00f3n de 10 mm es de 5,1&#8243; y, en la posici\u00f3n de 20 mm, es de 6,7&#8243; con un aumento m\u00e1ximo de 0,18x; Ambas distancias cercanas solo son posibles con enfoque manual. Cuando se utiliza el enfoque autom\u00e1tico, la distancia m\u00ednima de enfoque es de 7,9&#8243; con un aumento m\u00e1ximo de 0,14x. <\/li>\n<\/ul>\n<p><strong>Dise\u00f1o ligero, manejo intuitivo<\/strong><\/p>\n<p>Este 10-20 mm f\/4 prioriza la compacidad y tiene un dise\u00f1o liviano al mismo tiempo que logra un rendimiento \u00f3ptico impresionante y una notable apertura m\u00e1xima constante de f\/4. El objetivo tambi\u00e9n es resistente a la intemperie y tiene un dise\u00f1o intuitivo para facilitar su manejo, lo que lo convierte en un objetivo gran angular vers\u00e1til para fot\u00f3grafos h\u00edbridos y creadores de contenido. <\/p>\n<ul>\n<li>El dise\u00f1o impresionantemente liviano pesa 6.3 onzas y el dise\u00f1o elegante mide 2.2&#8243; de largo; lo que hace que esta lente sea ideal para el uso diario en aplicaciones port\u00e1tiles y de viaje.<\/li>\n<li>El dise\u00f1o resistente al polvo y la humedad funciona en condiciones adversas.<\/li>\n<li>Se puede usar tanto una palanca de Power Zoom integrada en el cilindro de la lente como un anillo de zoom dedicado ?? para un f\u00e1cil ajuste de la distancia focal. Cuando se usa en c\u00e1maras Sony seleccionadas, el zoom motorizado tambi\u00e9n se puede usar a trav\u00e9s de los controles de la c\u00e1mara.<\/li>\n<li>Con las c\u00e1maras Alpha seleccionadas, tambi\u00e9n se puede ajustar la direcci\u00f3n de rotaci\u00f3n del anillo del zoom.<\/li>\n<li>El control remoto del zoom tambi\u00e9n es posible a trav\u00e9s de la manija de disparo inal\u00e1mbrica GP-VPT2BT opcional o un tel\u00e9fono inteligente vinculado.<\/li>\n<\/ul>\n<p><strong>Sony E 10-20mm f\/4 PZ G Ficha Tecnica<\/strong><\/p>\n<p>Distancia focal de 10 a 20 mm (distancia focal equivalente a 35 mm: 15 a 30 mm)<\/p>\n<p>Apertura m\u00e1xima f\/4<\/p>\n<p>Apertura m\u00ednima f\/22<\/p>\n<p>Montura de lente Sony E<\/p>\n<p>Cobertura del formato de lente APS-C<\/p>\n<p>\u00c1ngulo de visi\u00f3n de 109\u00b0 a 70\u00b0<\/p>\n<p>Distancia m\u00ednima de enfoque 5.1&#8243; \/ 13cm<\/p>\n<p>Aumento m\u00e1ximo 0,18x<\/p>\n<p>Dise\u00f1o \u00f3ptico 11 elementos en 8 grupos<\/p>\n<p>7 hojas de diafragma, redondeadas<\/p>\n<p>Tipo de enfoque Enfoque autom\u00e1tico<\/p>\n<p>Estabilizaci\u00f3n de imagen No<\/p>\n<p>Tama\u00f1o del filtro 62 mm (frontal)<\/p>\n<p>Dimensiones (\u00f8 x L) 2,7 x 2,2&#8243; \/ 69,8 x 55 mm<\/p>\n<p>Peso: 6.3 oz \/ 178 g<\/p>\n","protected":false},"excerpt":{"rendered":"<p>Ligero, ultra gran angular, zoom motorizado Un objetivo construido pensando en el fot\u00f3grafo h\u00edbrido, el Sony E 10-20mm f\/4 PZ<\/p>\n","protected":false},"featured_media":54412,"comment_status":"closed","ping_status":"open","template":"","meta":{"_acf_changed":false},"product_brand":[2537],"product_cat":[1062],"product_tag":[],"class_list":{"0":"post-74031","1":"product","2":"type-product","3":"status-publish","4":"has-post-thumbnail","6":"product_brand-sony-es","7":"product_cat-mirrorless-objectivos","8":"pa_abertura-maxima-f-4-es","10":"first","11":"onbackorder","12":"taxable","13":"shipping-taxable","14":"purchasable","15":"product-type-simple"},"bundled_by":[],"bundle_stock_status":"onbackorder","bundle_stock_quantity":null,"bundle_virtual":false,"bundle_layout":"","bundle_add_to_cart_form_location":"","bundle_editable_in_cart":false,"bundle_sold_individually_context":"","bundle_item_grouping":"","bundle_min_size":"","bundle_max_size":"","bundle_price":[],"bundled_items":[],"bundle_sell_ids":[],"acf":[],"_links":{"self":[{"href":"https:\/\/hi-techwonder.com\/es\/wp-json\/wp\/v2\/product\/74031","targetHints":{"allow":["GET"]}}],"collection":[{"href":"https:\/\/hi-techwonder.com\/es\/wp-json\/wp\/v2\/product"}],"about":[{"href":"https:\/\/hi-techwonder.com\/es\/wp-json\/wp\/v2\/types\/product"}],"replies":[{"embeddable":true,"href":"https:\/\/hi-techwonder.com\/es\/wp-json\/wp\/v2\/comments?post=74031"}],"wp:featuredmedia":[{"embeddable":true,"href":"https:\/\/hi-techwonder.com\/es\/wp-json\/wp\/v2\/media\/54412"}],"wp:attachment":[{"href":"https:\/\/hi-techwonder.com\/es\/wp-json\/wp\/v2\/media?parent=74031"}],"wp:term":[{"taxonomy":"product_brand","embeddable":true,"href":"https:\/\/hi-techwonder.com\/es\/wp-json\/wp\/v2\/product_brand?post=74031"},{"taxonomy":"product_cat","embeddable":true,"href":"https:\/\/hi-techwonder.com\/es\/wp-json\/wp\/v2\/product_cat?post=74031"},{"taxonomy":"product_tag","embeddable":true,"href":"https:\/\/hi-techwonder.com\/es\/wp-json\/wp\/v2\/product_tag?post=74031"}],"curies":[{"name":"wp","href":"https:\/\/api.w.org\/{rel}","templated":true}]}}