{"id":74041,"date":"2025-07-29T00:24:31","date_gmt":"2025-07-29T00:24:31","guid":{"rendered":"https:\/\/fv6qoy3ls0.wpdns.site\/product\/sony-alpha-a7-iii-fe-24-105mm-f-4-g-oss\/"},"modified":"2025-09-19T11:42:11","modified_gmt":"2025-09-19T11:42:11","slug":"sony-alpha-a7-iii-fe-24-105mm-f-4-g-oss","status":"publish","type":"product","link":"https:\/\/hi-techwonder.com\/es\/producto\/sony-alpha-a7-iii-fe-24-105mm-f-4-g-oss\/","title":{"rendered":"SONY Alpha a7 III + FE 24-105mm f\/4 G OSS"},"content":{"rendered":"<p><span style=\"font-size: medium;\"><strong>Sony Alpha a7 III + FE 24-105mm f\/4 G OSS<\/strong><\/p>\n<p><strong>Sony Alpha a7 III<\/strong><br \/>Captura m\u00e1s momentos decisivos con la \u03b17 III de Sony, equipada con el sensor CMOS de fotograma completo retroiluminado recientemente desarrollado y otras innovaciones avanzadas, respuesta de alta velocidad, facilidad de operaci\u00f3n y durabilidad confiable para una variedad de necesidades de disparo.<\/p>\n<p>Un sensor de imagen y un sistema de procesamiento de im\u00e1genes completamente renovados mejoran a\u00fan m\u00e1s la calidad de la imagen. El rendimiento general mejorado del AF, el disparo continuo de alta velocidad a hasta 10 fps, la funci\u00f3n de grabaci\u00f3n de v\u00eddeo 4K y la operatividad que se ha mejorado significativamente con respecto a la \u03b17 II son caracter\u00edsticas que le permiten capturar momentos m\u00e1s decisivos. <\/p>\n<p><strong>Lente FE 24-105 mm F4 G OSS<\/strong><br \/>De 24 mm a 105 mm y apertura F4 con zoom completo, el objetivo G de alto rendimiento ofrece una alta calidad de imagen. Adem\u00e1s de un rendimiento \u00f3ptico excepcional, el dise\u00f1o compacto y liviano facilita su transporte y traslado a un sistema de montura E. El AF r\u00e1pido y preciso y la alta confiabilidad son parte de este excelente lente zoom. <br \/><\/span><\/p>\n<p>Productos destacados<\/p>\n<p>Sensor CMOS BSI Exmor R de fotograma completo de 24 MP<\/p>\n<p>Procesador de imagen BIONZ X y LSI front-end<\/p>\n<p>Sistema AF h\u00edbrido de 693 puntos<\/p>\n<p>Video UHD 4K30p con gamas HLG y S-Log3<\/p>\n<p>EVF OLED Tru-Finder de 2,36 m<\/p>\n<p>LCD de pantalla t\u00e1ctil inclinable de 3.0&#8243; y 922k puntos<\/p>\n<p>Estabilizaci\u00f3n SteadyShot INSIDE de 5 ejes<\/p>\n<p>Disparo a ISO 204800 y 10 fps<\/p>\n<p>Wi-Fi y NFC integrados, ranuras SD duales<\/p>\n<p>Lente FE 24-105 mm f\/4 G OSS<\/p>\n<p>En la caja<\/p>\n<p>C\u00e1mara digital sin espejo Alpha a7 III<\/p>\n<p>Lente FE 24-105 mm f\/4 G OSS<\/p>\n<p>Bater\u00eda recargable de iones de litio NP-FZ100 (2280 mAh)<\/p>\n<p>Adaptador de CA<\/p>\n<p>Cable micro USB<\/p>\n<p>ALC-B1EM Tapa del cuerpo para c\u00e1maras con montura E<\/p>\n<p>Tapa de zapato accesorio<\/p>\n<p>Copa del ojo<\/p>\n<p>Asa<\/p>\n<p>La c\u00e1mara digital sin espejo Sony Alpha a7 III con kit de lentes de 24-105 mm combina el vers\u00e1til cuerpo sin espejo de fotograma completo con el lente gran angular corto flexible FE 24-105mm f\/4G OSS a teleobjetivo.<\/p>\n<p>C\u00e1mara digital sin espejo Sony Alpha a7 III<\/p>\n<p>Distinguida por su dise\u00f1o de sensor mejorado, la c\u00e1mara digital sin espejo Alpha a7 III de Sony es una c\u00e1mara todo en uno adecuada para aplicaciones de fotograf\u00eda y video en una variedad de situaciones de trabajo. Refinado para mejorar la velocidad y el rendimiento con poca luz, el sensor CMOS BSI Exmor R de fotograma completo de 24,2 MP y el procesador de imagen BIONZ X se combinan para lograr una impresionante velocidad de disparo continuo de 10 fps y un rendimiento de enfoque autom\u00e1tico mejorado para un seguimiento del sujeto m\u00e1s r\u00e1pido y confiable, as\u00ed como una amplia cobertura de fotograma. Este sistema de AF h\u00edbrido r\u00e1pido mejorado emplea una combinaci\u00f3n de 693 puntos de detecci\u00f3n de fase y 425 \u00e1reas de detecci\u00f3n de contraste para una adquisici\u00f3n de enfoque m\u00e1s r\u00e1pida en una variedad de condiciones de iluminaci\u00f3n y tambi\u00e9n mantiene el enfoque en los sujetos de manera m\u00e1s efectiva. Adem\u00e1s de la velocidad y el AF, las mejoras de procesamiento tambi\u00e9n ayudan a lograr una mayor claridad de imagen y un ruido reducido en todo el rango de sensibilidad de ISO 100-51200, que se puede ampliar a ISO 50-204800. Las capacidades de grabaci\u00f3n de video tambi\u00e9n se han ampliado para mejorar la calidad al grabar video 4K UHD con todo el ancho del sensor de fotograma completo para minimizar el muar\u00e9 y el aliasing. Adem\u00e1s, beneficiando tanto la operaci\u00f3n de foto como de video, la a7 III utiliza una estabilizaci\u00f3n de imagen de cambio de sensor SteadyShot INSIDE de 5 ejes, que ahora es efectiva para minimizar la apariencia de movimiento de la c\u00e1mara hasta en 5 paradas.     <\/p>\n<p>Adem\u00e1s de las actualizaciones del sistema de im\u00e1genes, el dise\u00f1o del cuerpo del a7 III tambi\u00e9n se ha revisado para incluir una pantalla t\u00e1ctil trasera LCD de 3.0&#8243; y 922k puntos, que tiene un dise\u00f1o inclinable para soportar mejor el trabajo de \u00e1ngulo alto y bajo. -El buscador OLED EVF tambi\u00e9n se presenta para un monitoreo claro y claro a la altura de los ojos. Para mayor flexibilidad de disparo, ahora hay dos ranuras para tarjetas de memoria SD y tambi\u00e9n se emplea una bater\u00eda NP-FZ100 m\u00e1s grande para obtener hasta aproximadamente 710 disparos por carga. Adecuado para el uso de la c\u00e1mara en condiciones dif\u00edciles, el chasis de aleaci\u00f3n de magnesio y el sellado contra la intemperie tambi\u00e9n hacen que el a7 III sea resistente al polvo y la humedad.   <\/p>\n<p>Sensor CMOS BSI Exmor R de 24,2 MP y procesador de imagen BIONZ X<\/p>\n<p>Con un dise\u00f1o retroiluminado, el sensor CMOS Exmor R de fotograma completo de 24,2 megap\u00edxeles funciona con el procesador de imagen BIONZ X para ofrecer fotos y v\u00eddeos de alta resoluci\u00f3n al tiempo que minimiza el ruido y mejora la velocidad. Esta estructura de sensor funciona con un dise\u00f1o de lente en chip sin espacios y un revestimiento antirreflectante para mejorar la recolecci\u00f3n de luz y mejorar los detalles. Adem\u00e1s, la capa de cableado de cobre mejora dr\u00e1sticamente la velocidad de transmisi\u00f3n de datos para crear fotos de alta resoluci\u00f3n de 14 bits con un rango de sensibilidad nativo de ISO 100-51200, que se puede expandir a ISO 50-204800. Adem\u00e1s, permite la grabaci\u00f3n interna de v\u00eddeo UHD 4K con un amplio rango din\u00e1mico utilizando todo el ancho del sensor de fotograma completo. El procesador BIONZ X tambi\u00e9n funciona junto con un LSI frontal de alta velocidad para tiempos de procesamiento m\u00e1s r\u00e1pidos, as\u00ed como la capacidad de capturar un impresionante rango din\u00e1mico de 15 paradas con valores de sensibilidad bajos.    <\/p>\n<p>La combinaci\u00f3n de sensor y procesador tambi\u00e9n ofrece disparos continuos r\u00e1pidos de hasta 10 fps a resoluci\u00f3n completa, para hasta 177 fotogramas consecutivos, y con AF\/AE a tiempo completo cuando se trabaja con un obturador mec\u00e1nico o electr\u00f3nico. Si se dispara en modo de visi\u00f3n en directo, tambi\u00e9n es posible una velocidad de disparo continuo de hasta 8 fps. <\/p>\n<p>Sistema AF h\u00edbrido r\u00e1pido<\/p>\n<p>Un sistema 4D FOCUS evolucionado ahora emplea una combinaci\u00f3n de 693 puntos de detecci\u00f3n de fase, que cubren aproximadamente el 93% del encuadre, junto con 425 \u00e1reas de detecci\u00f3n de contraste para un enfoque autom\u00e1tico confiable y r\u00e1pido y un rendimiento de seguimiento del sujeto. Este sistema de AF h\u00edbrido r\u00e1pido ahora logra el doble de velocidad de enfoque y un seguimiento m\u00e1s confiable en comparaci\u00f3n con los modelos a7 anteriores, as\u00ed como un enfoque mejorado con poca luz. El uso de puntos de detecci\u00f3n de fase tambi\u00e9n permite el uso de lentes con montura A a trav\u00e9s de los adaptadores de montura de lente LA-EA3 o LA-EA1 opcionales con compatibilidad total con seguimiento continuo AF\/AE.  <\/p>\n<p> <\/p>\n<div id=\"_mcePaste\" style=\"position: absolute; left: -10000px; top: 126px; width: 1px; height: 1px; overflow: hidden;\">\n<p><strong>C\u00e1mara digital sin espejo Sony Alpha a7 III<\/strong><\/p>\n<table style=\"width: 617px;\" border=\"0\" cellspacing=\"0\" cellpadding=\"2\">\n<colgroup>\n<col width=\"157\">\n<col width=\"452\"> <\/colgroup>\n<tbody>\n<tr>\n<th colspan=\"2\" width=\"613\">\n<p><a name=\"9002\"><\/a>Imagenol\u00f3gico<\/p>\n<\/th>\n<\/tr>\n<tr>\n<td width=\"157\">\n<p>Montura de lente<\/p>\n<\/td>\n<td width=\"452\">\n<p>Montura E de Sony<\/p>\n<\/td>\n<\/tr>\n<tr>\n<td width=\"157\">\n<p>Formato de c\u00e1mara<\/p>\n<\/td>\n<td width=\"452\">\n<p>Fotograma completo<\/p>\n<\/td>\n<\/tr>\n<tr>\n<td width=\"157\">\n<p>P\u00edxeles<\/p>\n<\/td>\n<td width=\"452\">\n<p>Corriente: 25,3 megap\u00edxeles<br \/>Efectivo: 24.2 megap\u00edxeles<\/p>\n<\/td>\n<\/tr>\n<tr>\n<td width=\"157\">\n<p>Resoluci\u00f3n m\u00e1xima<\/p>\n<\/td>\n<td width=\"452\">\n<p>24 MP: 6000 x 4000<\/p>\n<\/td>\n<\/tr>\n<tr>\n<td width=\"157\">\n<p>Relaci\u00f3n de aspecto<\/p>\n<\/td>\n<td width=\"452\">\n<p>3:2, 16:9<\/p>\n<\/td>\n<\/tr>\n<tr>\n<td width=\"157\">\n<p>Tipo \/ tama\u00f1o del sensor<\/p>\n<\/td>\n<td width=\"452\">\n<p>CMOS, 35,6 x 23,8 mm<\/p>\n<\/td>\n<\/tr>\n<tr>\n<td width=\"157\">\n<p>Formatos de archivo<\/p>\n<\/td>\n<td width=\"452\">\n<p><strong>Im\u00e1genes fijas: <\/strong>JPEG, RAW<br \/><strong>Cine: <\/strong>AVCHD 2.0, XAVC S<br \/><strong>Audio: <\/strong>AC3, Dolby Digital de 2 canales, PCM lineal (est\u00e9reo)<\/p>\n<\/td>\n<\/tr>\n<tr>\n<td width=\"157\">\n<p>Profundidad de bits<\/p>\n<\/td>\n<td width=\"452\">\n<p>14 bits<\/p>\n<\/td>\n<\/tr>\n<tr>\n<td width=\"157\">\n<p>Sistema de reducci\u00f3n de polvo<\/p>\n<\/td>\n<td width=\"452\">\n<p>S\u00ed<\/p>\n<\/td>\n<\/tr>\n<tr>\n<td width=\"157\">\n<p>Tipo de tarjeta de memoria<\/p>\n<\/td>\n<td width=\"452\">\n<p>SD<br \/>SDHC<br \/>S\u00edgueme<br \/>Memory Stick Pro Duo<br \/>Memory Stick PRO HG-Duo<\/p>\n<\/td>\n<\/tr>\n<tr>\n<td width=\"157\">\n<p>Estabilizaci\u00f3n de imagen<\/p>\n<\/td>\n<td width=\"452\">\n<p>Cambio de sensor, 5 v\u00edas<\/p>\n<\/td>\n<\/tr>\n<\/tbody>\n<\/table>\n<table style=\"width: 617px;\" border=\"0\" cellspacing=\"0\" cellpadding=\"2\">\n<colgroup>\n<col width=\"157\">\n<col width=\"453\"> <\/colgroup>\n<tbody>\n<tr>\n<th colspan=\"2\" width=\"613\">\n<p><a name=\"41504\"><\/a>Grabaci\u00f3n AV<\/p>\n<\/th>\n<\/tr>\n<tr>\n<td width=\"157\">\n<p>Grabaci\u00f3n de video<\/p>\n<\/td>\n<td width=\"453\">\n<p>S\u00ed, NTSC\/PAL<\/p>\n<\/td>\n<\/tr>\n<tr>\n<td width=\"157\">\n<p>Formato de video<\/p>\n<\/td>\n<td width=\"453\">\n<p>3840 x 2160p a 23.98\/25\/29.97&nbsp;FPS (100&nbsp;MB\/s&nbsp;XAVC S a trav\u00e9s de H.264)<br \/>3840 x 2160p a 23.98\/25\/29.97&nbsp;FPS (60&nbsp;MB\/s&nbsp;XAVC S a trav\u00e9s de H.264)<br \/>1920 x 1080p a 100\/120&nbsp;FPS (100&nbsp;MB\/s&nbsp;XAVC S a trav\u00e9s de H.264)<br \/>1920 x 1080p a 100\/120&nbsp;FPS (60&nbsp;MB\/s&nbsp;XAVC S a trav\u00e9s de H.264)<br \/>1920 x 1080p a 23.98\/25\/29.97\/50\/59.94&nbsp;FPS (50&nbsp;MB\/s&nbsp;XAVC S a trav\u00e9s de H.264)<br \/>1920 x 1080p a 50\/59,94&nbsp;FPS (25&nbsp;MB\/s&nbsp;XAVC S a trav\u00e9s de H.264)<br \/>1920 x 1080p a 25\/29.97&nbsp;FPS (16&nbsp;MB\/s&nbsp;XAVC S a trav\u00e9s de H.264)<br \/>1920 x 1080i a 50\/59.94&nbsp;FPS (24&nbsp;MB\/s&nbsp;AVCHD a trav\u00e9s de H.264)<br \/>1920 x 1080i a 50\/59.94&nbsp;FPS (17&nbsp;MB\/s&nbsp;AVCHD a trav\u00e9s de H.264)<\/p>\n<\/td>\n<\/tr>\n<tr>\n<td width=\"157\">\n<p>Relaci\u00f3n de aspecto<\/p>\n<\/td>\n<td width=\"453\">\n<p>16:9<\/p>\n<\/td>\n<\/tr>\n<tr>\n<td width=\"157\">\n<p>Duraci\u00f3n del videoclip<\/p>\n<\/td>\n<td width=\"453\">\n<p>Hasta 29 minutos<\/p>\n<\/td>\n<\/tr>\n<tr>\n<td width=\"157\">\n<p>Grabaci\u00f3n de audio<\/p>\n<\/td>\n<td width=\"453\">\n<p>Micr\u00f3fono incorporado: con video (est\u00e9reo)<br \/>Micr\u00f3fono externo opcional: con video (est\u00e9reo)<\/p>\n<\/td>\n<\/tr>\n<\/tbody>\n<\/table>\n<table style=\"width: 617px;\" border=\"0\" cellspacing=\"0\" cellpadding=\"2\">\n<colgroup>\n<col width=\"157\">\n<col width=\"453\"> <\/colgroup>\n<tbody>\n<tr>\n<th colspan=\"2\" width=\"613\">\n<p><a name=\"43001\"><\/a>Centro de atenci\u00f3n<\/p>\n<\/th>\n<\/tr>\n<tr>\n<td width=\"157\">\n<p>Tipo de enfoque<\/p>\n<\/td>\n<td width=\"453\">\n<p>Enfoque autom\u00e1tico y manual<\/p>\n<\/td>\n<\/tr>\n<tr>\n<td width=\"157\">\n<p>Modo de enfoque<\/p>\n<\/td>\n<td width=\"453\">\n<p>Autom\u00e1tico (A), AF servo continuo (C), Enfoque manual directo (DMF), Enfoque manual (M), AF servo \u00fanico (S)<\/p>\n<\/td>\n<\/tr>\n<tr>\n<td width=\"157\">\n<p>Puntos de enfoque autom\u00e1tico<\/p>\n<\/td>\n<td width=\"453\">\n<p>Detecci\u00f3n de fase: 693<br \/>Detecci\u00f3n de contraste: 425<\/p>\n<\/td>\n<\/tr>\n<\/tbody>\n<\/table>\n<table style=\"width: 617px;\" border=\"0\" cellspacing=\"0\" cellpadding=\"2\">\n<colgroup>\n<col width=\"157\">\n<col width=\"453\"> <\/colgroup>\n<tbody>\n<tr>\n<th colspan=\"2\" width=\"613\">\n<p><a name=\"12001\"><\/a>Visor\/Pantalla<\/p>\n<\/th>\n<\/tr>\n<tr>\n<td width=\"157\">\n<p>Tipo de visor<\/p>\n<\/td>\n<td width=\"453\">\n<p>Electr\u00f3nico<\/p>\n<\/td>\n<\/tr>\n<tr>\n<td width=\"157\">\n<p>Tama\u00f1o del visor<\/p>\n<\/td>\n<td width=\"453\">\n<p>0.5&#8243;<\/p>\n<\/td>\n<\/tr>\n<tr>\n<td width=\"157\">\n<p>Resoluci\u00f3n del visor<\/p>\n<\/td>\n<td width=\"453\">\n<p>2.359.000 puntos<\/p>\n<\/td>\n<\/tr>\n<tr>\n<td width=\"157\">\n<p>Punto de vista del visor<\/p>\n<\/td>\n<td width=\"453\">\n<p>23 mil\u00edmetros<\/p>\n<\/td>\n<\/tr>\n<tr>\n<td width=\"157\">\n<p>Cobertura del visor<\/p>\n<\/td>\n<td width=\"453\">\n<p>100%<\/p>\n<\/td>\n<\/tr>\n<tr>\n<td width=\"157\">\n<p>Ampliaci\u00f3n del visor<\/p>\n<\/td>\n<td width=\"453\">\n<p>Aprox. 0,78 veces <\/p>\n<\/td>\n<\/tr>\n<tr>\n<td width=\"157\">\n<p>Ajuste de dioptr\u00edas<\/p>\n<\/td>\n<td width=\"453\">\n<p>De -4 a +3 m<\/p>\n<\/td>\n<\/tr>\n<tr>\n<td width=\"157\">\n<p>Pantalla de visualizaci\u00f3n<\/p>\n<\/td>\n<td width=\"453\">\n<p>Pantalla t\u00e1ctil trasera de 3&#8243; LCD inclinable (921.600)<\/p>\n<\/td>\n<\/tr>\n<tr>\n<td width=\"157\">\n<p>Cobertura de pantalla<\/p>\n<\/td>\n<td width=\"453\">\n<p>100%<\/p>\n<\/td>\n<\/tr>\n<\/tbody>\n<\/table>\n<table style=\"width: 617px;\" border=\"0\" cellspacing=\"0\" cellpadding=\"2\">\n<colgroup>\n<col width=\"158\">\n<col width=\"452\"> <\/colgroup>\n<tbody>\n<tr>\n<th colspan=\"2\" width=\"613\">\n<p><a name=\"10001\"><\/a>Control de exposici\u00f3n<\/p>\n<\/th>\n<\/tr>\n<tr>\n<td width=\"158\">\n<p>Sensibilidad ISO<\/p>\n<\/td>\n<td width=\"452\">\n<p>Autom\u00e1tico, 100 a 51200 (modo extendido: 50 a 204800)<\/p>\n<\/td>\n<\/tr>\n<tr>\n<td width=\"158\">\n<p>Contraventana<\/p>\n<\/td>\n<td width=\"452\">\n<p>30 a 1\/8000 segundos, modo Bulb<\/p>\n<\/td>\n<\/tr>\n<tr>\n<td width=\"158\">\n<p>Control remoto<\/p>\n<\/td>\n<td width=\"452\">\n<p>RM-VPR1, VCT-XPR10, VCT-VPR1, RM-SPR1, RMT-VP1K (opcional)<\/p>\n<\/td>\n<\/tr>\n<tr>\n<td width=\"158\">\n<p>M\u00e9todo de medici\u00f3n<\/p>\n<\/td>\n<td width=\"452\">\n<p>Medici\u00f3n media ponderada al centro, medici\u00f3n multizona, medici\u00f3n puntual, ponderaci\u00f3n por altas luces<\/p>\n<\/td>\n<\/tr>\n<tr>\n<td width=\"158\">\n<p>Modos de exposici\u00f3n<\/p>\n<\/td>\n<td width=\"452\">\n<p>Modos: Prioridad de apertura, Autom\u00e1tico, Manual, V\u00eddeo, Programa, Prioridad de obturaci\u00f3n<br \/>Rango de medici\u00f3n: EV -3.0 a EV 20.0<br \/>Compensaci\u00f3n: -5 EV a +5 EV (en pasos de 1\/3 o 1\/2 EV)<\/p>\n<\/td>\n<\/tr>\n<tr>\n<td width=\"158\">\n<p>Balance de blancos<\/p>\n<\/td>\n<td width=\"452\">\n<p>Autom\u00e1tico, Nublado, Temperatura de color, Personalizado, Luz diurna, Flash, Fluorescente (blanco fr\u00edo), Fluorescente (luz diurna), Fluorescente (blanco c\u00e1lido), Incandescente, Sombra, Bajo el agua<\/p>\n<\/td>\n<\/tr>\n<tr>\n<td width=\"158\">\n<p>Disparo continuo<\/p>\n<\/td>\n<td width=\"452\">\n<p>Hasta 10 fps a 24,2 MP para hasta 89 exposiciones (formato RAW)<br \/>Hasta 10 fps a 24,2 MP para hasta 177 exposiciones (formato JPEG)<br \/>Hasta 8 fps a 24,2 MP<br \/>Hasta 6 fps a 24,2 MP<br \/>Hasta 3 fps a 24,2 MP<\/p>\n<\/td>\n<\/tr>\n<\/tbody>\n<\/table>\n<table style=\"width: 617px;\" border=\"0\" cellspacing=\"0\" cellpadding=\"2\">\n<colgroup>\n<col width=\"157\">\n<col width=\"453\"> <\/colgroup>\n<tbody>\n<tr>\n<th colspan=\"2\" width=\"613\">\n<p><a name=\"11005\"><\/a>Flash<\/p>\n<\/th>\n<\/tr>\n<tr>\n<td width=\"157\">\n<p>Modos de flash<\/p>\n<\/td>\n<td width=\"453\">\n<p>Autom\u00e1tico<br \/>Relleno<br \/>Sincronizaci\u00f3n de alta velocidad<br \/>Apagado<br \/>Sincronizaci\u00f3n trasera<br \/>Reducci\u00f3n de ojos rojos<br \/>Sincronizaci\u00f3n lenta<br \/>Inal\u00e1mbrico<\/p>\n<\/td>\n<\/tr>\n<tr>\n<td width=\"157\">\n<p>Flash incorporado<\/p>\n<\/td>\n<td width=\"453\">\n<p>En<\/p>\n<\/td>\n<\/tr>\n<tr>\n<td width=\"157\">\n<p>Velocidad m\u00e1xima de sincronizaci\u00f3n<\/p>\n<\/td>\n<td width=\"453\">\n<p>1 \/ 250 segundos<\/p>\n<\/td>\n<\/tr>\n<tr>\n<td width=\"157\">\n<p>Compensaci\u00f3n de flash<\/p>\n<\/td>\n<td width=\"453\">\n<p>De -3 EV a +3 EV (en pasos de 1\/3 o 1\/2 EV)<\/p>\n<\/td>\n<\/tr>\n<tr>\n<td width=\"157\">\n<p>Sistema flash dedicado<\/p>\n<\/td>\n<td width=\"453\">\n<p>TTL<\/p>\n<\/td>\n<\/tr>\n<tr>\n<td width=\"157\">\n<p>Conexi\u00f3n flash externa<\/p>\n<\/td>\n<td width=\"453\">\n<p>Zapata<\/p>\n<\/td>\n<\/tr>\n<\/tbody>\n<\/table>\n<table style=\"width: 617px;\" border=\"0\" cellspacing=\"0\" cellpadding=\"2\">\n<colgroup>\n<col width=\"157\">\n<col width=\"453\"> <\/colgroup>\n<tbody>\n<tr>\n<th colspan=\"2\" width=\"613\">\n<p><a name=\"11011\"><\/a>Rendimiento<\/p>\n<\/th>\n<\/tr>\n<tr>\n<td width=\"157\">\n<p>Temporizador<\/p>\n<\/td>\n<td width=\"453\">\n<p>2, 5, 10 segundos<\/p>\n<\/td>\n<\/tr>\n<tr>\n<td width=\"157\">\n<p>Conectividad<\/p>\n<\/td>\n<td width=\"453\">\n<p>Auriculares de 1\/8&#8243;, micr\u00f3fono de 1\/8&#8243;, HDMI D (micro), USB 2.0 Micro-B, USB 3.0, USB tipo C<\/p>\n<\/td>\n<\/tr>\n<tr>\n<td width=\"157\">\n<p>Compatible con Wi-Fi<\/p>\n<\/td>\n<td width=\"453\">\n<p>S\u00ed<\/p>\n<\/td>\n<\/tr>\n<\/tbody>\n<\/table>\n<table style=\"width: 617px;\" border=\"0\" cellspacing=\"0\" cellpadding=\"2\">\n<colgroup>\n<col width=\"157\">\n<col width=\"453\"> <\/colgroup>\n<tbody>\n<tr>\n<th colspan=\"2\" width=\"613\">\n<p><a name=\"11504\"><\/a>Poder<\/p>\n<\/th>\n<\/tr>\n<tr>\n<td width=\"157\">\n<p>Bater\u00eda<\/p>\n<\/td>\n<td width=\"453\">\n<p><strong>1 x <\/strong>NP-FZ100 Bater\u00eda recargable de iones de litio, 7.2 VDC, 2280 mAh<\/p>\n<\/td>\n<\/tr>\n<tr>\n<td width=\"157\">\n<p>Temperatura de funcionamiento<\/p>\n<\/td>\n<td width=\"453\">\n<p>De 0 a 40 \u00b0C<\/p>\n<\/td>\n<\/tr>\n<\/tbody>\n<\/table>\n<table style=\"width: 617px;\" border=\"0\" cellspacing=\"0\" cellpadding=\"2\">\n<colgroup>\n<col width=\"163\">\n<col width=\"446\"> <\/colgroup>\n<tbody>\n<tr>\n<th colspan=\"2\" width=\"613\">\n<p><a name=\"11501\"><\/a>F\u00edsico<\/p>\n<\/th>\n<\/tr>\n<tr>\n<td width=\"163\">\n<p>Dimensiones (ancho x alto x profundidad)<\/p>\n<\/td>\n<td width=\"446\">\n<p>126,9 x 95,6 x 73,7 mm<\/p>\n<\/td>\n<\/tr>\n<tr>\n<td width=\"163\">\n<p>Peso<\/p>\n<\/td>\n<td width=\"446\">\n<p>650 gramos<\/p>\n<\/td>\n<\/tr>\n<\/tbody>\n<\/table>\n<p><strong>Lente Sony FE 24-105mm f\/4 G OSS<\/strong><\/p>\n<table style=\"width: 617px;\" border=\"0\" cellspacing=\"0\" cellpadding=\"2\">\n<colgroup>\n<col width=\"163\">\n<col width=\"446\"> <\/colgroup>\n<tbody>\n<tr>\n<td width=\"163\">\n<p>Distancia focal<\/p>\n<\/td>\n<td width=\"446\">\n<p>De 24 a 105 mm<\/p>\n<\/td>\n<\/tr>\n<tr>\n<td width=\"163\">\n<p>Apertura m\u00e1xima<\/p>\n<\/td>\n<td width=\"446\">\n<p>f\/4<\/p>\n<\/td>\n<\/tr>\n<tr>\n<td width=\"163\">\n<p>Apertura m\u00ednima<\/p>\n<\/td>\n<td width=\"446\">\n<p>f\/22<\/p>\n<\/td>\n<\/tr>\n<tr>\n<td width=\"163\">\n<p>Montura de lente<\/p>\n<\/td>\n<td width=\"446\">\n<p>Sony E<\/p>\n<\/td>\n<\/tr>\n<tr>\n<td width=\"163\">\n<p>Compatibilidad de formatos<\/p>\n<\/td>\n<td width=\"446\">\n<p>Fotograma completo<\/p>\n<\/td>\n<\/tr>\n<tr>\n<td width=\"163\">\n<p>\u00c1ngulo de visi\u00f3n<\/p>\n<\/td>\n<td width=\"446\">\n<p>De 84\u00b0 a 23\u00b0<\/p>\n<\/td>\n<\/tr>\n<tr>\n<td width=\"163\">\n<p>Aumento m\u00e1ximo<\/p>\n<\/td>\n<td width=\"446\">\n<p>0,31 veces<\/p>\n<\/td>\n<\/tr>\n<tr>\n<td width=\"163\">\n<p>Distancia m\u00ednima de enfoque<\/p>\n<\/td>\n<td width=\"446\">\n<p>38 cm<\/p>\n<\/td>\n<\/tr>\n<tr>\n<td width=\"163\">\n<p>Dise\u00f1o \u00f3ptico<\/p>\n<\/td>\n<td width=\"446\">\n<p>17 elementos en 14 grupos<\/p>\n<\/td>\n<\/tr>\n<tr>\n<td width=\"163\">\n<p>Hojas de diafragma<\/p>\n<\/td>\n<td width=\"446\">\n<p>9, redondeado<\/p>\n<\/td>\n<\/tr>\n<tr>\n<td width=\"163\">\n<p>Tipo de enfoque<\/p>\n<\/td>\n<td width=\"446\">\n<p>Enfoque autom\u00e1tico<\/p>\n<\/td>\n<\/tr>\n<tr>\n<td width=\"163\">\n<p>Estabilizaci\u00f3n de imagen<\/p>\n<\/td>\n<td width=\"446\">\n<p>S\u00ed<\/p>\n<\/td>\n<\/tr>\n<tr>\n<td width=\"163\">\n<p>Tama\u00f1o del filtro<\/p>\n<\/td>\n<td width=\"446\">\n<p>77 mm (delantero)<\/p>\n<\/td>\n<\/tr>\n<tr>\n<td width=\"163\">\n<p>Dimensiones (DxL)<\/p>\n<\/td>\n<td width=\"446\">\n<p>83,4 x 113,3 mil\u00edmetros<\/p>\n<\/td>\n<\/tr>\n<tr>\n<td width=\"163\">\n<p>Peso<\/p>\n<\/td>\n<td width=\"446\">\n<p>663 gramos<\/p>\n<\/td>\n<\/tr>\n<\/tbody>\n<\/table>\n<\/div>\n","protected":false},"excerpt":{"rendered":"<p>Sony Alpha a7 III + FE 24-105mm f\/4 G OSS Sony Alpha a7 IIICaptura m\u00e1s momentos decisivos con la \u03b17<\/p>\n","protected":false},"featured_media":39810,"comment_status":"closed","ping_status":"closed","template":"","meta":{"_acf_changed":false},"product_brand":[2537],"product_cat":[932],"product_tag":[],"class_list":{"0":"post-74041","1":"product","2":"type-product","3":"status-publish","4":"has-post-thumbnail","6":"product_brand-sony-es","7":"product_cat-mirrorless-es","8":"pa_cartoes-memoria-compativeis-sd-es","9":"pa_cor-negro","10":"pa_estabilizacao-de-imagem-si","11":"pa_iso-51200-es","12":"pa_montagem-sony-e-es","13":"pa_resolucao-de-video-4k-es","14":"pa_resolucao-mp-24-mp-es","15":"pa_sensor-fotograma-completo","16":"pa_tamanho-resolucao-lcd-3-0-920k-puntos","17":"pa_tipo-de-lcd-articulada","19":"first","20":"onbackorder","21":"taxable","22":"shipping-taxable","23":"purchasable","24":"product-type-simple"},"bundled_by":[],"bundle_stock_status":"onbackorder","bundle_stock_quantity":null,"bundle_virtual":false,"bundle_layout":"","bundle_add_to_cart_form_location":"","bundle_editable_in_cart":false,"bundle_sold_individually_context":"","bundle_item_grouping":"","bundle_min_size":"","bundle_max_size":"","bundle_price":[],"bundled_items":[],"bundle_sell_ids":[],"acf":[],"_links":{"self":[{"href":"https:\/\/hi-techwonder.com\/es\/wp-json\/wp\/v2\/product\/74041","targetHints":{"allow":["GET"]}}],"collection":[{"href":"https:\/\/hi-techwonder.com\/es\/wp-json\/wp\/v2\/product"}],"about":[{"href":"https:\/\/hi-techwonder.com\/es\/wp-json\/wp\/v2\/types\/product"}],"replies":[{"embeddable":true,"href":"https:\/\/hi-techwonder.com\/es\/wp-json\/wp\/v2\/comments?post=74041"}],"wp:featuredmedia":[{"embeddable":true,"href":"https:\/\/hi-techwonder.com\/es\/wp-json\/wp\/v2\/media\/39810"}],"wp:attachment":[{"href":"https:\/\/hi-techwonder.com\/es\/wp-json\/wp\/v2\/media?parent=74041"}],"wp:term":[{"taxonomy":"product_brand","embeddable":true,"href":"https:\/\/hi-techwonder.com\/es\/wp-json\/wp\/v2\/product_brand?post=74041"},{"taxonomy":"product_cat","embeddable":true,"href":"https:\/\/hi-techwonder.com\/es\/wp-json\/wp\/v2\/product_cat?post=74041"},{"taxonomy":"product_tag","embeddable":true,"href":"https:\/\/hi-techwonder.com\/es\/wp-json\/wp\/v2\/product_tag?post=74041"}],"curies":[{"name":"wp","href":"https:\/\/api.w.org\/{rel}","templated":true}]}}