{"id":74044,"date":"2025-07-29T00:24:15","date_gmt":"2025-07-29T00:24:15","guid":{"rendered":"https:\/\/fv6qoy3ls0.wpdns.site\/product\/sony-alpha-a6400-18-135-mm-f-3-5-5-6-oss\/"},"modified":"2025-09-10T22:46:49","modified_gmt":"2025-09-10T22:46:49","slug":"sony-alpha-a6400-18-135-mm-f-3-5-5-6-oss","status":"publish","type":"product","link":"https:\/\/hi-techwonder.com\/es\/producto\/sony-alpha-a6400-18-135-mm-f-3-5-5-6-oss\/","title":{"rendered":"SONY Alpha a6400 + 18-135 mm f\/3.5-5.6 OSS"},"content":{"rendered":"<p><strong>Sony Alpha a6400 con 18-135 mm f\/3.5-5.6 OSS<\/strong><\/p>\n<p>Ligera, compacta y robusta, la \u03b16400 est\u00e1 repleta de caracter\u00edsticas impresionantes. Con un AF ultrarr\u00e1pido y un seguimiento del sujeto de alta precisi\u00f3n, es ideal para capturar acciones en movimiento r\u00e1pido, mientras que el amplio rango de sensibilidad y la excelente calidad de imagen son ideales para cualquier oportunidad de fotograf\u00eda o pel\u00edcula. <\/p>\n<p><strong>Productos destacados:<\/strong><\/p>\n<ul>\n<li>AF de detecci\u00f3n de fase r\u00e1pida de 0,02 segundos. con 425 puntos   <\/li>\n<li>Seguimiento en tiempo real y Eye AF<\/li>\n<li>Seguimiento en tiempo real para detectar y rastrear objetos en movimiento  <\/li>\n<li>Sensor CMOS Exmor de 24,2 megap\u00edxeles con una sensibilidad a la luz excepcional  <\/li>\n<li>Grabaci\u00f3n de v\u00eddeo 4K de alta resoluci\u00f3n para una producci\u00f3n de v\u00eddeo de calidad  <\/li>\n<li>Pantalla t\u00e1ctil LCD inclinable de 180\u00b0 para autorretratos f\u00e1ciles y disparos de \u00e1ngulo alto y bajo<\/li>\n<li>Wi-Fi integrado con NFC<\/li>\n<li>Incluye el 18-135 mm f\/3.5-5.6 OSS<\/li>\n<\/ul>\n<p><strong>El paquete contiene:<br \/><\/strong><\/p>\n<ul>\n<li>Cuerpo Sony Alpha a6400<\/li>\n<li>Lente Sony SEL18135 18-135mm f\/3.5-5.6 OSS  <\/li>\n<li>Correa cruzada<\/li>\n<li>Bater\u00eda recargable NP-FW50<\/li>\n<li>Cable de alimentaci\u00f3n<\/li>\n<li>Cable micro USB<\/li>\n<li>Parasol<\/li>\n<li>Protecci\u00f3n del soporte de accesorios<\/li>\n<li>Proteccion ocular<\/li>\n<li>Protecci\u00f3n para la estructura<\/li>\n<li>Tapa trasera del objetivo<\/li>\n<li>Adaptador de CA: AC-UUE12<\/li>\n<\/ul>\n<div>&nbsp;<\/div>\n<div>\n<p style=\"widows: 1;\" align=\"LEFT\"><strong>C\u00e1mara digital sin espejo Alpha a6400 (solo cuerpo)<\/strong><\/p>\n<table style=\"width: 642px;\" border=\"0\" cellspacing=\"0\" cellpadding=\"2\">\n<colgroup>\n<col width=\"157\"><\/colgroup>\n<colgroup>\n<col width=\"477\"> <\/colgroup>\n<tbody>\n<tr>\n<th colspan=\"2\" width=\"638\">\n<p><a name=\"9002\"><\/a>Imagenol\u00f3gico  <\/p>\n<\/th>\n<\/tr>\n<tr>\n<td width=\"157\">\n<p>Montura de lente  <\/p>\n<\/td>\n<td width=\"477\">\n<p>Montura E de Sony  <\/p>\n<\/td>\n<\/tr>\n<tr>\n<td width=\"157\">\n<p>Formato de c\u00e1mara  <\/p>\n<\/td>\n<td width=\"477\">\n<p>APS-C (factor de recorte 1.5x)  <\/p>\n<\/td>\n<\/tr>\n<tr>\n<td width=\"157\">\n<p>P\u00edxeles  <\/p>\n<\/td>\n<td width=\"477\">\n<p>Corriente: 25 megap\u00edxeles<br \/>Efectivo: 24.2 megap\u00edxeles  <\/p>\n<\/td>\n<\/tr>\n<tr>\n<td width=\"157\">\n<p>Resoluci\u00f3n m\u00e1xima  <\/p>\n<\/td>\n<td width=\"477\">\n<p>24 MP: 6000 x 4000  <\/p>\n<\/td>\n<\/tr>\n<tr>\n<td width=\"157\">\n<p>Relaci\u00f3n de aspecto  <\/p>\n<\/td>\n<td width=\"477\">\n<p>3:2, 16:9  <\/p>\n<\/td>\n<\/tr>\n<tr>\n<td width=\"157\">\n<p>Tipo \/ tama\u00f1o del sensor  <\/p>\n<\/td>\n<td width=\"477\">\n<p>CMOS, 23,5 x 15,6 mm  <\/p>\n<\/td>\n<\/tr>\n<tr>\n<td width=\"157\">\n<p>Formatos de archivo  <\/p>\n<\/td>\n<td width=\"477\">\n<p><strong>Im\u00e1genes fijas: <\/strong>JPEG, RAW<br \/><strong>Cine: <\/strong>AVCHD 2.0, MP4, XAVC S<br \/><strong>Audio: <\/strong>AC3, Dolby Digital de 2 canales, PCM lineal  <\/p>\n<\/td>\n<\/tr>\n<tr>\n<td width=\"157\">\n<p>Profundidad de bits  <\/p>\n<\/td>\n<td width=\"477\">\n<p>14 bits  <\/p>\n<\/td>\n<\/tr>\n<tr>\n<td width=\"157\">\n<p>Sistema de reducci\u00f3n de polvo  <\/p>\n<\/td>\n<td width=\"477\">\n<p>S\u00ed  <\/p>\n<\/td>\n<\/tr>\n<tr>\n<td width=\"157\">\n<p>Tipo de tarjeta de memoria  <\/p>\n<\/td>\n<td width=\"477\">\n<p>SD<br \/>SDHC<br \/>S\u00edgueme<br \/>Memory Stick Pro Duo<br \/>Memory Stick PRO HG-Duo<br \/>Memory Stick Micro (M2)  <\/p>\n<\/td>\n<\/tr>\n<tr>\n<td width=\"157\">\n<p>Estabilizaci\u00f3n de imagen  <\/p>\n<\/td>\n<td width=\"477\">\n<p><em>Ninguno<\/em><\/p>\n<\/td>\n<\/tr>\n<\/tbody>\n<\/table>\n<table style=\"width: 100%;\" border=\"0\" cellspacing=\"0\" cellpadding=\"2\">\n<colgroup>\n<col width=\"64*\"><\/colgroup>\n<colgroup>\n<col width=\"192*\"> <\/colgroup>\n<tbody>\n<tr>\n<th colspan=\"2\" width=\"100%\">\n<p><a name=\"41504\"><\/a>Grabaci\u00f3n AV  <\/p>\n<\/th>\n<\/tr>\n<tr>\n<td width=\"25%\">\n<p>Grabaci\u00f3n de video  <\/p>\n<\/td>\n<td width=\"75%\">\n<p>S\u00ed, NTSC\/PAL  <\/p>\n<\/td>\n<\/tr>\n<tr>\n<td width=\"25%\">\n<p>Formato de video  <\/p>\n<\/td>\n<td width=\"75%\">\n<p>3840 x 2160p a 24\/25\/30&nbsp;FPS (100, 60&nbsp;MB\/s&nbsp;XAVC S)<br \/>1920 x 1080p a 100\/120&nbsp;FPS (100, 60&nbsp;MB\/s&nbsp;XAVC S)<br \/>1920 x 1080p a 24\/25\/30\/50\/60&nbsp;FPS (50&nbsp;MB\/s&nbsp;XAVC S)<br \/>1920 x 1080p a 50\/60&nbsp;FPS (25&nbsp;MB\/s&nbsp;XAVC S)<br \/>1920 x 1080p a 25\/30&nbsp;FPS (16&nbsp;MB\/s&nbsp;XAVC S)<br \/>1920 x 1080i a 50\/60&nbsp;FPS (24, 17&nbsp;MB\/s&nbsp;AVCHD)  <\/p>\n<\/td>\n<\/tr>\n<tr>\n<td width=\"25%\">\n<p>Relaci\u00f3n de aspecto  <\/p>\n<\/td>\n<td width=\"75%\">\n<p>16:9  <\/p>\n<\/td>\n<\/tr>\n<tr>\n<td width=\"25%\">\n<p>Grabaci\u00f3n de audio  <\/p>\n<\/td>\n<td width=\"75%\">\n<p>Micr\u00f3fono incorporado: con video (est\u00e9reo)<br \/>Micr\u00f3fono externo opcional: con video (est\u00e9reo)  <\/p>\n<\/td>\n<\/tr>\n<\/tbody>\n<\/table>\n<table style=\"width: 643px;\" border=\"0\" cellspacing=\"0\" cellpadding=\"2\">\n<colgroup>\n<col width=\"159\"><\/colgroup>\n<colgroup>\n<col width=\"476\"> <\/colgroup>\n<tbody>\n<tr>\n<th colspan=\"2\" width=\"639\">\n<p><a name=\"43001\"><\/a>Control de enfoque  <\/p>\n<\/th>\n<\/tr>\n<tr>\n<td width=\"159\">\n<p>Tipo de enfoque  <\/p>\n<\/td>\n<td width=\"476\">\n<p>Enfoque autom\u00e1tico y manual  <\/p>\n<\/td>\n<\/tr>\n<tr>\n<td width=\"159\">\n<p>Modo de enfoque  <\/p>\n<\/td>\n<td width=\"476\">\n<p>Autom\u00e1tico (A), AF servo continuo (C), Enfoque manual directo (DMF), Enfoque manual (M), AF servo \u00fanico (S)  <\/p>\n<\/td>\n<\/tr>\n<tr>\n<td width=\"159\">\n<p>Puntos de enfoque autom\u00e1tico  <\/p>\n<\/td>\n<td width=\"476\">\n<p>Detecci\u00f3n de fase: 425<br \/>Detecci\u00f3n de contraste: 425  <\/p>\n<\/td>\n<\/tr>\n<\/tbody>\n<\/table>\n<table style=\"width: 642px;\" border=\"0\" cellspacing=\"0\" cellpadding=\"2\">\n<colgroup>\n<col width=\"173\"><\/colgroup>\n<colgroup>\n<col width=\"460\"> <\/colgroup>\n<tbody>\n<tr>\n<th colspan=\"2\" width=\"638\">\n<p><a name=\"12001\"><\/a>Visor\/Pantalla  <\/p>\n<\/th>\n<\/tr>\n<tr>\n<td width=\"173\">\n<p>Tipo de visor  <\/p>\n<\/td>\n<td width=\"460\">\n<p>Electr\u00f3nico  <\/p>\n<\/td>\n<\/tr>\n<tr>\n<td width=\"173\">\n<p>Tama\u00f1o del visor  <\/p>\n<\/td>\n<td width=\"460\">\n<p>0.39&#8243;  <\/p>\n<\/td>\n<\/tr>\n<tr>\n<td width=\"173\">\n<p>Recuento de p\u00edxeles del visor  <\/p>\n<\/td>\n<td width=\"460\">\n<p>2,359,296  <\/p>\n<\/td>\n<\/tr>\n<tr>\n<td width=\"173\">\n<p>Punto de vista del visor  <\/p>\n<\/td>\n<td width=\"460\">\n<p>23,00 mil\u00edmetros  <\/p>\n<\/td>\n<\/tr>\n<tr>\n<td width=\"173\">\n<p>Cobertura del visor  <\/p>\n<\/td>\n<td width=\"460\">\n<p>100%  <\/p>\n<\/td>\n<\/tr>\n<tr>\n<td width=\"173\">\n<p>Ampliaci\u00f3n del visor  <\/p>\n<\/td>\n<td width=\"460\">\n<p>Aprox. 1.07x   <\/p>\n<\/td>\n<\/tr>\n<tr>\n<td width=\"173\">\n<p>Ajuste de dioptr\u00edas  <\/p>\n<\/td>\n<td width=\"460\">\n<p>De -4,0 a +3,0 m  <\/p>\n<\/td>\n<\/tr>\n<tr>\n<td width=\"173\">\n<p>Pantalla de visualizaci\u00f3n  <\/p>\n<\/td>\n<td width=\"460\">\n<p>Pantalla t\u00e1ctil LCD inclinable de 3&#8243; (921.600)  <\/p>\n<\/td>\n<\/tr>\n<\/tbody>\n<\/table>\n<table style=\"width: 643px;\" border=\"0\" cellspacing=\"0\" cellpadding=\"2\">\n<colgroup>\n<col width=\"110\"><\/colgroup>\n<colgroup>\n<col width=\"524\"> <\/colgroup>\n<tbody>\n<tr>\n<th colspan=\"2\" width=\"639\">\n<p><a name=\"10001\"><\/a>Control de exposici\u00f3n  <\/p>\n<\/th>\n<\/tr>\n<tr>\n<td width=\"110\">\n<p>Sensibilidad ISO  <\/p>\n<\/td>\n<td width=\"524\">\n<p>De 100 a 32000 (modo extendido: de 100 a 102400)  <\/p>\n<\/td>\n<\/tr>\n<tr>\n<td width=\"110\">\n<p>Contraventana  <\/p>\n<\/td>\n<td width=\"524\">\n<p>Tipo: Electr\u00f3nico y mec\u00e1nico<br \/>Velocidad: 30 a 1\/4000 segundos, modo Bulb  <\/p>\n<\/td>\n<\/tr>\n<tr>\n<td width=\"110\">\n<p>Control remoto  <\/p>\n<\/td>\n<td width=\"524\">\n<p>RMT-DSLR2 (opcional)  <\/p>\n<\/td>\n<\/tr>\n<tr>\n<td width=\"110\">\n<p>M\u00e9todo de medici\u00f3n  <\/p>\n<\/td>\n<td width=\"524\">\n<p>Medici\u00f3n media, Medici\u00f3n media ponderada al centro, Medici\u00f3n multizona, Medici\u00f3n puntual, Ponderaci\u00f3n por altas luces  <\/p>\n<\/td>\n<\/tr>\n<tr>\n<td width=\"110\">\n<p>Modos de exposici\u00f3n  <\/p>\n<\/td>\n<td width=\"524\">\n<p>Modos: Prioridad de apertura, Autom\u00e1tico, Autom\u00e1tico inteligente, Manual, V\u00eddeo, Programa, Selecci\u00f3n de escena, Prioridad de obturaci\u00f3n, Autom\u00e1tico superior, Barrido panor\u00e1mico<br \/>Rango de medici\u00f3n: EV -2.0 a EV 20.0<br \/>Compensaci\u00f3n: de -5 EV a +5 EV (en pasos de 1\/3, 1\/2 EV)  <\/p>\n<\/td>\n<\/tr>\n<tr>\n<td width=\"110\">\n<p>Modos de balance de blancos  <\/p>\n<\/td>\n<td width=\"524\">\n<p>Autom\u00e1tico, Nublado, Temperatura de color, Filtro de temperatura de color, Personalizado, Luz diurna, Flash, Fluorescente (blanco fr\u00edo), Fluorescente (blanco diurno), Fluorescente (luz diurna), Fluorescente (blanco c\u00e1lido), Incandescente, Sombra, Bajo el agua  <\/p>\n<\/td>\n<\/tr>\n<tr>\n<td width=\"110\">\n<p>Buffer\/Disparo continuo  <\/p>\n<\/td>\n<td width=\"524\">\n<p>Hasta 11&nbsp;fps a 24,2 MP&nbsp;para hasta&nbsp;46 Marcos&nbsp;en formato Raw<br \/>Hasta 11&nbsp;fps a 24,2 MP&nbsp;para hasta&nbsp;116 Marcos&nbsp;en formato JPEG<br \/>Hasta 11&nbsp;fps a 24,2 MP&nbsp;para hasta&nbsp;115 Marcos&nbsp;en formato JPEG<br \/>Hasta 11&nbsp;fps a 24,2 MP&nbsp;para hasta&nbsp;99 Marcos&nbsp;en formato JPEG  <\/p>\n<\/td>\n<\/tr>\n<\/tbody>\n<\/table>\n<table style=\"width: 642px;\" border=\"0\" cellspacing=\"0\" cellpadding=\"2\">\n<colgroup>\n<col width=\"176\"><\/colgroup>\n<colgroup>\n<col width=\"457\"> <\/colgroup>\n<tbody>\n<tr>\n<th colspan=\"2\" width=\"638\">\n<p><a name=\"11005\"><\/a>Flash  <\/p>\n<\/th>\n<\/tr>\n<tr>\n<td width=\"176\">\n<p>Modos de flash  <\/p>\n<\/td>\n<td width=\"457\">\n<p>Autom\u00e1tico<br \/>Relleno<br \/>Sincronizaci\u00f3n de alta velocidad<br \/>Apagado<br \/>Sincronizaci\u00f3n trasera<br \/>Reducci\u00f3n de ojos rojos<br \/>Sincronizaci\u00f3n lenta<br \/>Inal\u00e1mbrico  <\/p>\n<\/td>\n<\/tr>\n<tr>\n<td width=\"176\">\n<p>Flash incorporado  <\/p>\n<\/td>\n<td width=\"457\">\n<p>S\u00ed  <\/p>\n<\/td>\n<\/tr>\n<tr>\n<td width=\"176\">\n<p>Gu\u00eda No.  <\/p>\n<\/td>\n<td width=\"457\">\n<p>19,69&#8242; \/ 6 m ISO100&nbsp; <\/p>\n<\/td>\n<\/tr>\n<tr>\n<td width=\"176\">\n<p>Velocidad m\u00e1xima de sincronizaci\u00f3n  <\/p>\n<\/td>\n<td width=\"457\">\n<p>1 \/ 160 segundos  <\/p>\n<\/td>\n<\/tr>\n<tr>\n<td width=\"176\">\n<p>Compensaci\u00f3n de flash  <\/p>\n<\/td>\n<td width=\"457\">\n<p>De -3 EV a +3 EV (en pasos de 1\/3 o 1\/2 EV)  <\/p>\n<\/td>\n<\/tr>\n<tr>\n<td width=\"176\">\n<p>Sistema flash dedicado  <\/p>\n<\/td>\n<td width=\"457\">\n<p>TTL  <\/p>\n<\/td>\n<\/tr>\n<tr>\n<td width=\"176\">\n<p>Conexi\u00f3n flash externa  <\/p>\n<\/td>\n<td width=\"457\">\n<p>Zapata, inal\u00e1mbrico  <\/p>\n<\/td>\n<\/tr>\n<\/tbody>\n<\/table>\n<table style=\"width: 100%;\" border=\"0\" cellspacing=\"0\" cellpadding=\"2\">\n<colgroup>\n<col width=\"52*\"><\/colgroup>\n<colgroup>\n<col width=\"204*\"> <\/colgroup>\n<tbody>\n<tr>\n<th colspan=\"2\" width=\"100%\">\n<p><a name=\"11011\"><\/a>Rendimiento  <\/p>\n<\/th>\n<\/tr>\n<tr>\n<td width=\"20%\">\n<p>Temporizador  <\/p>\n<\/td>\n<td width=\"80%\">\n<p>2, 5, 10 segundos  <\/p>\n<\/td>\n<\/tr>\n<tr>\n<td width=\"20%\">\n<p>Registro de intervalos  <\/p>\n<\/td>\n<td width=\"80%\">\n<p>S\u00ed  <\/p>\n<\/td>\n<\/tr>\n<tr>\n<td width=\"20%\">\n<p>Conectividad  <\/p>\n<\/td>\n<td width=\"80%\">\n<p>Micr\u00f3fono de 1\/8&#8243;, HDMI D (Micro), USB 2.0 Micro-B, puerto remoto con cable  <\/p>\n<\/td>\n<\/tr>\n<tr>\n<td width=\"20%\">\n<p>Compatible con Wi-Fi  <\/p>\n<\/td>\n<td width=\"80%\">\n<p>S\u00ed  <\/p>\n<\/td>\n<\/tr>\n<\/tbody>\n<\/table>\n<table style=\"width: 643px;\" border=\"0\" cellspacing=\"0\" cellpadding=\"2\">\n<colgroup>\n<col width=\"152\"><\/colgroup>\n<colgroup>\n<col width=\"482\"> <\/colgroup>\n<tbody>\n<tr>\n<th colspan=\"2\" width=\"639\">\n<p><a name=\"11504\"><\/a>Poder  <\/p>\n<\/th>\n<\/tr>\n<tr>\n<td width=\"152\">\n<p>Bater\u00eda  <\/p>\n<\/td>\n<td width=\"482\">\n<p><strong>1 x <\/strong>NP-FW50 Bater\u00eda recargable de iones de litio, 7,2 V CC, 1080 mAh  <\/p>\n<\/td>\n<\/tr>\n<tr>\n<td width=\"152\">\n<p>Adaptador de corriente de CA  <\/p>\n<\/td>\n<td width=\"482\">\n<p>AC-UUE12 (Incluido)  <\/p>\n<\/td>\n<\/tr>\n<tr>\n<td width=\"152\">\n<p>Temperatura de funcionamiento  <\/p>\n<\/td>\n<td width=\"482\">\n<p>De 0 a 40 \u00b0C  <\/p>\n<\/td>\n<\/tr>\n<\/tbody>\n<\/table>\n<table style=\"width: 641px;\" border=\"0\" cellspacing=\"0\" cellpadding=\"2\">\n<colgroup>\n<col width=\"165\"><\/colgroup>\n<colgroup>\n<col width=\"467\"> <\/colgroup>\n<tbody>\n<tr>\n<th colspan=\"2\" width=\"637\">\n<p><a name=\"11501\"><\/a>F\u00edsico  <\/p>\n<\/th>\n<\/tr>\n<tr>\n<td width=\"165\">\n<p>Dimensiones (ancho x alto x profundidad)  <\/p>\n<\/td>\n<td width=\"467\">\n<p>120,0 x 66,9 x 59,7 mm  <\/p>\n<\/td>\n<\/tr>\n<tr>\n<td width=\"165\">\n<p>Peso  <\/p>\n<\/td>\n<td width=\"467\">\n<p>403 g <em>(con bater\u00eda y tarjeta de memoria)<\/em><\/p>\n<\/td>\n<\/tr>\n<\/tbody>\n<\/table>\n<p><strong>Lente E 18-135 mm f\/3.5-5.6 OSS<\/strong><\/p>\n<table style=\"width: 100%;\" border=\"0\" cellspacing=\"0\" cellpadding=\"2\">\n<colgroup>\n<col width=\"82*\"><\/colgroup>\n<colgroup>\n<col width=\"174*\"> <\/colgroup>\n<tbody>\n<tr>\n<th colspan=\"2\" width=\"100%\">\n<p><a name=\"110111\"><\/a><a name=\"110112\"><\/a>Rendimiento  <\/p>\n<\/th>\n<\/tr>\n<tr>\n<td width=\"32%\">\n<p>Distancia focal  <\/p>\n<\/td>\n<td width=\"68%\">\n<p>De 18 a 135 mm<br \/>Distancia focal comparable de 35 mm: 27 a 202,5 mm  <\/p>\n<\/td>\n<\/tr>\n<tr>\n<td width=\"32%\">\n<p>Abertura  <\/p>\n<\/td>\n<td width=\"68%\">\n<p>M\u00e1ximo: f\/3.5 a 5.6<br \/>M\u00ednimo: f\/22 a 36  <\/p>\n<\/td>\n<\/tr>\n<tr>\n<td width=\"32%\">\n<p>Tipo de montaje de c\u00e1mara  <\/p>\n<\/td>\n<td width=\"68%\">\n<p>Sony E  <\/p>\n<\/td>\n<\/tr>\n<tr>\n<td width=\"32%\">\n<p>Compatibilidad de formatos  <\/p>\n<\/td>\n<td width=\"68%\">\n<p>APS-C  <\/p>\n<\/td>\n<\/tr>\n<tr>\n<td width=\"32%\">\n<p>\u00c1ngulo de visi\u00f3n  <\/p>\n<\/td>\n<td width=\"68%\">\n<p>De 76\u00b0 a 12\u00b0  <\/p>\n<\/td>\n<\/tr>\n<tr>\n<td width=\"32%\">\n<p>Distancia m\u00ednima de enfoque  <\/p>\n<\/td>\n<td width=\"68%\">\n<p>1,48&#8242; \/ 45 cm  <\/p>\n<\/td>\n<\/tr>\n<tr>\n<td width=\"32%\">\n<p>Magnificaci\u00f3n  <\/p>\n<\/td>\n<td width=\"68%\">\n<p>0,29 veces  <\/p>\n<\/td>\n<\/tr>\n<tr>\n<td width=\"32%\">\n<p>Relaci\u00f3n de reproducci\u00f3n m\u00e1xima  <\/p>\n<\/td>\n<td width=\"68%\">\n<p>1:3.4  <\/p>\n<\/td>\n<\/tr>\n<tr>\n<td width=\"32%\">\n<p>Dise\u00f1o \u00f3ptico  <\/p>\n<\/td>\n<td width=\"68%\">\n<p>16 elementos en 12 grupos  <\/p>\n<\/td>\n<\/tr>\n<tr>\n<td width=\"32%\">\n<p>Hojas de diafragma  <\/p>\n<\/td>\n<td width=\"68%\">\n<p>7, redondeado  <\/p>\n<\/td>\n<\/tr>\n<\/tbody>\n<\/table>\n<table style=\"width: 642px;\" border=\"0\" cellspacing=\"0\" cellpadding=\"2\">\n<colgroup>\n<col width=\"201\"><\/colgroup>\n<colgroup>\n<col width=\"433\"> <\/colgroup>\n<tbody>\n<tr>\n<th colspan=\"2\" width=\"638\">\n<p><a name=\"23001\"><\/a>Funciones  <\/p>\n<\/th>\n<\/tr>\n<tr>\n<td width=\"201\">\n<p>Estabilizaci\u00f3n de imagen  <\/p>\n<\/td>\n<td width=\"433\">\n<p>S\u00ed  <\/p>\n<\/td>\n<\/tr>\n<tr>\n<td width=\"201\">\n<p>Enfoque autom\u00e1tico  <\/p>\n<\/td>\n<td width=\"433\">\n<p>S\u00ed  <\/p>\n<\/td>\n<\/tr>\n<\/tbody>\n<\/table>\n<table style=\"width: 100%;\" border=\"0\" cellspacing=\"0\" cellpadding=\"2\">\n<colgroup>\n<col width=\"82*\"><\/colgroup>\n<colgroup>\n<col width=\"174*\"> <\/colgroup>\n<tbody>\n<tr>\n<th colspan=\"2\" width=\"100%\">\n<p><a name=\"115011\"><\/a><a name=\"115012\"><\/a>F\u00edsico  <\/p>\n<\/th>\n<\/tr>\n<tr>\n<td width=\"32%\">\n<p>Rosca de filtro  <\/p>\n<\/td>\n<td width=\"68%\">\n<p>Frontal: 55 mm  <\/p>\n<\/td>\n<\/tr>\n<tr>\n<td width=\"32%\">\n<p>Dimensiones (DxL)  <\/p>\n<\/td>\n<td width=\"68%\">\n<p>67,2 x 88 mil\u00edmetros  <\/p>\n<\/td>\n<\/tr>\n<tr>\n<td width=\"32%\">\n<p>Peso  <\/p>\n<\/td>\n<td width=\"68%\">\n<p>326 gramos  <\/p>\n<\/td>\n<\/tr>\n<\/tbody>\n<\/table>\n<p>&nbsp;<\/p>\n<p> <object data=\"https:\/\/www.youtube.com\/v\/xdhEXr1zw6s\" type=\"application\/x-shockwave-flash\" width=\"425\" height=\"350\"><param name=\"src\" value=\"https:\/\/www.youtube.com\/v\/xdhEXr1zw6s\"><\/object> <\/p>\n<\/div>\n<div id=\"_mcePaste\" style=\"position: absolute; left: -10000px; top: 0px; width: 1px; height: 1px; overflow: hidden;\">\n<pre class=\"western\" lang=\"pt-PT\">Destaque:\nAF de detec\u00e7\u00e3o de fase r\u00e1pido de 0,02 seg. com 425 pontos \nSeguimento em tempo real e AF de olhos\nSeguimento em tempo real para detectar e acompanhar objectos em movimento \nSensor Exmor CMOS de 24,2 megap\u00edxeis com extraordin\u00e1ria sensibilidade \u00e0 luz \nGrava\u00e7\u00e3o de filmes 4K de alta resolu\u00e7\u00e3o para produ\u00e7\u00e3o de v\u00eddeo de qualidade \nEcr\u00e3 t\u00e1ctil LCD inclin\u00e1vel a 180\u00b0 para auto-retratos f\u00e1ceis e disparo de elevado e baixo \u00e2ngulo\nWi-Fi integrado com NFC\nInclu\u00ed a 18-135mm f\/3.5-5.6 OSS\n\nCont\u00e9m na embalagem:  \nAl\u00e7a a tiracolo\nBateria recarreg\u00e1vel NP-FW50\nCabo de alimenta\u00e7\u00e3o\nCabo micro USB\nProtec\u00e7\u00e3o da lente\nProtec\u00e7\u00e3o de suporte para acess\u00f3rios\nProtec\u00e7\u00e3o ocular\nProtec\u00e7\u00e3o para a estrutura\nProtec\u00e7\u00e3o traseira da lente\nSony SEL18135 18-135mm f\/3.5-5.6 OSS Lens\nTransformador CA: AC-UUE12<\/pre>\n<\/div>\n","protected":false},"excerpt":{"rendered":"<p>Sony Alpha a6400 con 18-135 mm f\/3.5-5.6 OSS Ligera, compacta y robusta, la \u03b16400 est\u00e1 repleta de caracter\u00edsticas impresionantes. Con<\/p>\n","protected":false},"featured_media":39793,"comment_status":"closed","ping_status":"open","template":"","meta":{"_acf_changed":false},"product_brand":[2537],"product_cat":[932],"product_tag":[],"class_list":{"0":"post-74044","1":"product","2":"type-product","3":"status-publish","4":"has-post-thumbnail","6":"product_brand-sony-es","7":"product_cat-mirrorless-es","8":"pa_cartoes-memoria-compativeis-sd-es","9":"pa_cor-negro","10":"pa_estabilizacao-de-imagem-no","11":"pa_iso-32000-es","12":"pa_montagem-sony-e-es","13":"pa_resolucao-de-video-4k-es","14":"pa_resolucao-mp-24-mp-es","15":"pa_sensor-aps-c-es","16":"pa_tamanho-resolucao-lcd-3-0-920k-puntos","17":"pa_tipo-de-lcd-articulado-com-modo-selfie-es","19":"first","20":"onbackorder","21":"taxable","22":"shipping-taxable","23":"purchasable","24":"product-type-simple"},"bundled_by":[],"bundle_stock_status":"onbackorder","bundle_stock_quantity":null,"bundle_virtual":false,"bundle_layout":"","bundle_add_to_cart_form_location":"","bundle_editable_in_cart":false,"bundle_sold_individually_context":"","bundle_item_grouping":"","bundle_min_size":"","bundle_max_size":"","bundle_price":[],"bundled_items":[],"bundle_sell_ids":[],"acf":[],"_links":{"self":[{"href":"https:\/\/hi-techwonder.com\/es\/wp-json\/wp\/v2\/product\/74044","targetHints":{"allow":["GET"]}}],"collection":[{"href":"https:\/\/hi-techwonder.com\/es\/wp-json\/wp\/v2\/product"}],"about":[{"href":"https:\/\/hi-techwonder.com\/es\/wp-json\/wp\/v2\/types\/product"}],"replies":[{"embeddable":true,"href":"https:\/\/hi-techwonder.com\/es\/wp-json\/wp\/v2\/comments?post=74044"}],"wp:featuredmedia":[{"embeddable":true,"href":"https:\/\/hi-techwonder.com\/es\/wp-json\/wp\/v2\/media\/39793"}],"wp:attachment":[{"href":"https:\/\/hi-techwonder.com\/es\/wp-json\/wp\/v2\/media?parent=74044"}],"wp:term":[{"taxonomy":"product_brand","embeddable":true,"href":"https:\/\/hi-techwonder.com\/es\/wp-json\/wp\/v2\/product_brand?post=74044"},{"taxonomy":"product_cat","embeddable":true,"href":"https:\/\/hi-techwonder.com\/es\/wp-json\/wp\/v2\/product_cat?post=74044"},{"taxonomy":"product_tag","embeddable":true,"href":"https:\/\/hi-techwonder.com\/es\/wp-json\/wp\/v2\/product_tag?post=74044"}],"curies":[{"name":"wp","href":"https:\/\/api.w.org\/{rel}","templated":true}]}}