{"id":74045,"date":"2025-07-29T09:48:46","date_gmt":"2025-07-29T09:48:46","guid":{"rendered":"https:\/\/fv6qoy3ls0.wpdns.site\/product\/sony-planar-t-fe-50mm-f1-4-za\/"},"modified":"2026-01-30T09:13:40","modified_gmt":"2026-01-30T09:13:40","slug":"sony-planar-t-fe-50mm-f1-4-za","status":"publish","type":"product","link":"https:\/\/hi-techwonder.com\/es\/producto\/sony-planar-t-fe-50mm-f1-4-za\/","title":{"rendered":"SONY Planar T FE 50mm F1.4 ZA"},"content":{"rendered":"<p><span style=\"color: #000000;\"><span style=\"color: #000000;\">Este objetivo fijo <strong>ZEISS\u00ae de 50 mm<\/strong> de alto rendimiento cuenta con una gran apertura m\u00e1xima de F1.4, as\u00ed como un contraste y una resoluci\u00f3n excepcionales en cada imagen. La gran apertura facilita disparar con poca luz y, en combinaci\u00f3n con un dise\u00f1o de apertura de 11 hojas, puede producir impresionantes efectos bokeh. Otros beneficios incluyen un enfoque r\u00e1pido y preciso y un control vers\u00e1til para fotograf\u00edas y videos.  <\/span><\/span><\/p>\n<p><span style=\"color: #000000;\"><span style=\"font-size: small;\"><span style=\"color: #000000;\"> <object data=\"https:\/\/www.youtube.com\/v\/-4YAyCTiLnA\" type=\"application\/x-shockwave-flash\" width=\"425\" height=\"350\"><param name=\"src\" value=\"https:\/\/www.youtube.com\/v\/-4YAyCTiLnA\"><\/object> <\/span><\/span><\/span><\/p>\n<p>Productos destacados:<\/p>\n<p>Lente con montura E\/formato de fotograma completo<\/p>\n<p>Rango de apertura: f\/1.4 a f\/16<\/p>\n<p>Un elemento AA y un elemento asf\u00e9rico<\/p>\n<p>Un elemento de dispersi\u00f3n extra baja<\/p>\n<p>Revestimiento antirreflectante Zeiss T*<\/p>\n<p>Motor AF de onda supers\u00f3nica con accionamiento de anillo<\/p>\n<p>Interruptor AF\/MF; Enfoque interno<\/p>\n<p>Anillo de apertura f\u00edsico; Haga clic en cambiar<\/p>\n<p>Construcci\u00f3n resistente al polvo y la humedad<\/p>\n<p>Diafragma circular de once hojas<\/p>\n<p>Con su perspectiva normal, apertura m\u00e1xima r\u00e1pida y dise\u00f1o de vanguardia, el lente plano T* FE 50mm f\/1.4 ZA de Sony es f\u00e1cil de ver como \u00f3ptica est\u00e1ndar para c\u00e1maras con montura E de fotograma completo. Comenzando con la r\u00e1pida apertura m\u00e1xima de f\/1.4, los fot\u00f3grafos y vide\u00f3grafos disfrutar\u00e1n de un rendimiento excepcional con poca luz, junto con la capacidad de crear efectos de poca profundidad de campo. El dise\u00f1o \u00f3ptico Zeiss Planar beneficia a los usuarios al proporcionar una imagen casi libre de distorsiones, mientras que la incorporaci\u00f3n de un asf\u00e9rico avanzado, un asf\u00e9rico y un elemento de dispersi\u00f3n extra baja trabajan para minimizar las aberraciones esf\u00e9ricas y crom\u00e1ticas. Adem\u00e1s, el legendario revestimiento antirreflectante Zeiss T* combate los destellos y las im\u00e1genes fantasma para obtener im\u00e1genes n\u00edtidas y claras.   <\/p>\n<p>El rendimiento tambi\u00e9n es de primera categor\u00eda con un enfoque autom\u00e1tico r\u00e1pido proporcionado por un sistema de motor de ondas supers\u00f3nicas (SSM) de accionamiento anular. Se proporciona un interruptor AF\/MF para cambiar r\u00e1pidamente entre modos, y un dise\u00f1o de enfoque interno mantiene toda la longitud del objetivo durante el uso. Un anillo de apertura f\u00edsico est\u00e1 presente en la lente, que se puede quitar con solo tocar un bot\u00f3n, lo que lo convierte en una excelente opci\u00f3n para videos y fotograf\u00edas. Un diafragma circular de once hojas mejora a\u00fan m\u00e1s la calidad de la imagen, lo que garantiza un bokeh suave en una amplia gama de ajustes de apertura. Adem\u00e1s, una construcci\u00f3n resistente al polvo y la humedad lo mantendr\u00e1 trabajando incluso en entornos menos que ideales.    <\/p>\n<p>Basado en el concepto \u00f3ptico Zeiss Planar, este objetivo utiliza un dise\u00f1o con 12 elementos en 9 grupos que ayuda a lograr la gran apertura m\u00e1xima de f\/1.4 al tiempo que ayuda a minimizar las aberraciones crom\u00e1ticas.<\/p>\n<p>Un prime de longitud completa dise\u00f1ado para c\u00e1maras sin espejo con montura E de fotograma completo, este 50 mm f\/1.4 tambi\u00e9n es compatible con los modelos APS-C, donde proporcionar\u00e1 una distancia focal equivalente a 75 mm.<\/p>\n<p>La r\u00e1pida apertura m\u00e1xima de f\/1.4 beneficia el trabajo en condiciones de iluminaci\u00f3n dif\u00edciles y tambi\u00e9n le brinda un amplio control sobre la posici\u00f3n de enfoque cuando se utilizan t\u00e9cnicas de poca profundidad de campo.<\/p>\n<p>Se han aplicado recubrimientos antirreflectantes Zeiss T* a cada superficie de lente para ayudar a minimizar los reflejos y proporcionar una mayor claridad de imagen, contraste y fidelidad de color.<\/p>\n<p>Un elemento asf\u00e9rico avanzado (AA) y un elemento asf\u00e9rico se incorporan en el dise\u00f1o \u00f3ptico para un control efectivo sobre el astigmatismo, la curvatura del campo, el coma y otras aberraciones esf\u00e9ricas.<\/p>\n<p>Se presenta un elemento de dispersi\u00f3n extra baja en el dise\u00f1o de la lente para ayudar a reducir las aberraciones crom\u00e1ticas y las franjas de color para una mayor claridad y neutralidad del color.<\/p>\n<p>Un sistema de enfoque autom\u00e1tico con motor de onda Super Sonic de accionamiento de anillo y mecanismo de enfoque interno proporciona un rendimiento de enfoque autom\u00e1tico r\u00e1pido, silencioso y preciso y tambi\u00e9n contribuye a un control de enfoque manual m\u00e1s natural e intuitivo. Un interruptor AF\/MF se encuentra en el cilindro del objetivo para el control t\u00e1ctil de este ajuste. <\/p>\n<p>El anillo de apertura f\u00edsico se puede quitar para un cambio de apertura suave y silencioso para beneficiar las aplicaciones de video.<\/p>\n<p>El dise\u00f1o sellado contra el polvo y la humedad le permite trabajar mejor en condiciones adversas, y los anillos de control de goma benefician el manejo en temperaturas m\u00e1s fr\u00edas.<\/p>\n<p>El diafragma redondeado de once hojas contribuye a una agradable calidad de bokeh cuando se emplean t\u00e9cnicas de enfoque selectivo.<\/p>\n<p>Especificaciones principales<\/p>\n<p>Tipo de lente<\/p>\n<p>Lente principal<\/p>\n<p>Tama\u00f1o m\u00e1ximo de formato<\/p>\n<p>35 mm FF<\/p>\n<p>Distancia focal<\/p>\n<p>50 mil\u00edmetros<\/p>\n<p>Estabilizaci\u00f3n de imagen<\/p>\n<p>No<\/p>\n<p>Montura de lente<\/p>\n<p>Sony FE<\/p>\n<p>Abertura<\/p>\n<p>M\u00e1xima apertura<\/p>\n<p>F1.4<\/p>\n<p>Apertura m\u00ednima<\/p>\n<p>F16<\/p>\n<p>Anillo de apertura<\/p>\n<p>S\u00ed<\/p>\n<p>N\u00famero de hojas de diafragma<\/p>\n<p>11<\/p>\n<p>\u00d3ptica<\/p>\n<p>Elementos<\/p>\n<p>12<\/p>\n<p>Grupos<\/p>\n<p>9<\/p>\n<p>Elementos especiales\/recubrimientos<\/p>\n<p>2 elementos asf\u00e9ricos + 1 ED + revestimiento Zeiss T*<\/p>\n<p>Centro de atenci\u00f3n<\/p>\n<p>Enfoque m\u00ednimo<\/p>\n<p>0,45 m<\/p>\n<p>Aumento m\u00e1ximo<\/p>\n<p>0,15\u00d7<\/p>\n<p>Autom\u00e1tico<\/p>\n<p>S\u00ed<\/p>\n<p>Tipo de motor<\/p>\n<p>Tipo de anillo ultras\u00f3nico<\/p>\n<p>Manual de tiempo completo<\/p>\n<p>S\u00ed<\/p>\n<p>M\u00e9todo de enfoque<\/p>\n<p>interno<\/p>\n<p>Rango de distancia<\/p>\n<p>No<\/p>\n<p>Escala de profundidad de campo<\/p>\n<p>No<\/p>\n<p>F\u00edsico<\/p>\n<p>Peso<\/p>\n<p>778 gramos<\/p>\n<p>Di\u00e1metro<\/p>\n<p>84 mil\u00edmetros<\/p>\n<p>Largura<\/p>\n<p>108 mil\u00edmetros<\/p>\n<p>Sellamiento<\/p>\n<p>S\u00ed<\/p>\n<p>Color<\/p>\n<p>Negro<\/p>\n<p>Filtrar conversaci\u00f3n<\/p>\n<p>72 mil\u00edmetros<\/p>\n<p>Capucha provista<\/p>\n<p>S\u00ed<\/p>\n<p>Capucha de c\u00f3digo de producto<\/p>\n<p>ALC-SH143<\/p>\n<p>En la caja:<\/p>\n<p>Objetivo Sony Planar T* FE 50mm f\/1.4 ZA<\/p>\n<p>ALC-SH143 Parasol<\/p>\n<p>ALC-F72S Tapa frontal del objetivo de 72 mm<\/p>\n<p>Tapa trasera del objetivo ALC-R1EM<\/p>\n<p>Bolsa de lentes<\/p>\n","protected":false},"excerpt":{"rendered":"<p>Este objetivo fijo ZEISS\u00ae de 50 mm de alto rendimiento cuenta con una gran apertura m\u00e1xima de F1.4, as\u00ed como<\/p>\n","protected":false},"featured_media":54365,"comment_status":"closed","ping_status":"open","template":"","meta":{"_acf_changed":false},"product_brand":[2537],"product_cat":[1062],"product_tag":[],"class_list":{"0":"post-74045","1":"product","2":"type-product","3":"status-publish","4":"has-post-thumbnail","6":"product_brand-sony-es","7":"product_cat-mirrorless-objectivos","8":"pa_abertura-maxima-f-1-4-es","10":"first","11":"onbackorder","12":"taxable","13":"shipping-taxable","14":"purchasable","15":"product-type-simple"},"bundled_by":[],"bundle_stock_status":"onbackorder","bundle_stock_quantity":null,"bundle_virtual":false,"bundle_layout":"","bundle_add_to_cart_form_location":"","bundle_editable_in_cart":false,"bundle_sold_individually_context":"","bundle_item_grouping":"","bundle_min_size":"","bundle_max_size":"","bundle_price":[],"bundled_items":[],"bundle_sell_ids":[],"acf":[],"_links":{"self":[{"href":"https:\/\/hi-techwonder.com\/es\/wp-json\/wp\/v2\/product\/74045","targetHints":{"allow":["GET"]}}],"collection":[{"href":"https:\/\/hi-techwonder.com\/es\/wp-json\/wp\/v2\/product"}],"about":[{"href":"https:\/\/hi-techwonder.com\/es\/wp-json\/wp\/v2\/types\/product"}],"replies":[{"embeddable":true,"href":"https:\/\/hi-techwonder.com\/es\/wp-json\/wp\/v2\/comments?post=74045"}],"wp:featuredmedia":[{"embeddable":true,"href":"https:\/\/hi-techwonder.com\/es\/wp-json\/wp\/v2\/media\/54365"}],"wp:attachment":[{"href":"https:\/\/hi-techwonder.com\/es\/wp-json\/wp\/v2\/media?parent=74045"}],"wp:term":[{"taxonomy":"product_brand","embeddable":true,"href":"https:\/\/hi-techwonder.com\/es\/wp-json\/wp\/v2\/product_brand?post=74045"},{"taxonomy":"product_cat","embeddable":true,"href":"https:\/\/hi-techwonder.com\/es\/wp-json\/wp\/v2\/product_cat?post=74045"},{"taxonomy":"product_tag","embeddable":true,"href":"https:\/\/hi-techwonder.com\/es\/wp-json\/wp\/v2\/product_tag?post=74045"}],"curies":[{"name":"wp","href":"https:\/\/api.w.org\/{rel}","templated":true}]}}