{"id":74051,"date":"2025-07-29T09:49:36","date_gmt":"2025-07-29T09:49:36","guid":{"rendered":"https:\/\/fv6qoy3ls0.wpdns.site\/product\/sony-fe-85mm-f-1-4-gm-ii-sony-e\/"},"modified":"2026-01-30T09:14:07","modified_gmt":"2026-01-30T09:14:07","slug":"sony-fe-85mm-f-1-4-gm-ii-sony-e","status":"publish","type":"product","link":"https:\/\/hi-techwonder.com\/es\/producto\/sony-fe-85mm-f-1-4-gm-ii-sony-e\/","title":{"rendered":"SONY FE 85mm f\/1.4 GM II &#8211; Sony E"},"content":{"rendered":"<h3>Sony FE 85mm F1.4 GM II<\/h3>\n<h4><iframe loading=\"lazy\" frameborder=\"0\" src=\"https:\/\/www.youtube.com\/embed\/-TiFpUYVCHg\" width=\"640\" height=\"360\" class=\"note-video-clip\" referrerpolicy=\"strict-origin-when-cross-origin\"><\/iframe><br \/><\/h4>\n<p>Lleva tu creatividad al siguiente nivel con el Sony FE 85mm F1.4 GM II, el sucesor del aclamado FE 85mm F1.4 GM. Combinando un bokeh impresionante, una resoluci\u00f3n inigualable y la tecnolog\u00eda de objetivo m\u00e1s avanzada, esta G Master redefine lo que es posible en la fotograf\u00eda de retratos. Compacto, liviano y equipado con un sistema de enfoque autom\u00e1tico r\u00e1pido y preciso, este lente le brinda un control creativo total en cualquier escenario, ya sea que est\u00e9 quieto o en video.  <\/p>\n<p>Con el Sony FE 85mm F1.4 GM II, alcanza nuevas alturas en la fotograf\u00eda y el disparo de retratos. \u00a1Ideal para profesionales que buscan una calidad inigualable con agilidad! <\/p>\n<p><img decoding=\"async\" src=\"https:\/\/www.sony.pt\/image\/24c115dabb15cb6231cc8c7e04b66d66?fmt=jpeg&amp;wid=720&amp;qlt=85\" style=\"width: 25%;\" alt=\"\"><\/p>\n<hr>\n<h4><strong>Caracter\u00edsticas principales<\/strong><\/h4>\n<ul>\n<li><strong>Resoluci\u00f3n superior y bokeh incre\u00edble<\/strong>: Dos elementos de vidrio XA (asf\u00e9rico extremo) y dos ED garantizan im\u00e1genes n\u00edtidas y transiciones de bokeh suaves.<\/li>\n<li><strong>Dise\u00f1o compacto y ligero<\/strong>: solo 642 g y tama\u00f1o reducido para una m\u00e1xima portabilidad y comodidad.<\/li>\n<li><strong>AF r\u00e1pido y preciso<\/strong>: Dos motores XD (din\u00e1mico extremo) ofrecen 3 veces la velocidad del modelo anterior, con un seguimiento 7 veces m\u00e1s eficiente.<\/li>\n<li><strong>Ideal para filmar<\/strong>: Compatible con compensaci\u00f3n de respiraci\u00f3n y anillo de apertura sin clic para un control de fluidos.<\/li>\n<li><strong>Construcci\u00f3n robusta<\/strong>: Revestimiento de fl\u00faor y dise\u00f1o resistente al polvo y la humedad para usar en cualquier condici\u00f3n.<\/li>\n<li><strong>Respetuoso con el medio ambiente<\/strong>: Envases sostenibles y un enfoque en minimizar la huella ambiental.<\/li>\n<\/ul>\n<p><img decoding=\"async\" src=\"https:\/\/www.sony.pt\/image\/ca746693ff6954397dd6ef52612cb4a3?fmt=jpeg&amp;wid=720&amp;qlt=85\" style=\"width: 25%;\" alt=\"\"><\/p>\n<hr>\n<h4><strong>Contenido<\/strong><\/h4>\n<ul>\n<li>Parasol (modelo ALC-SH180)<\/li>\n<li>Tapa frontal del objetivo (ALC-F77S)<\/li>\n<li>Tapa trasera del objetivo (ALC-R1EM)<\/li>\n<li>Estuche blando<\/li>\n<\/ul>\n<p><img decoding=\"async\" src=\"https:\/\/www.sony.pt\/image\/2170d1507abd4ed02388e4a228536e14?fmt=jpeg&amp;wid=720&amp;qlt=85\" style=\"width: 25%;\" alt=\"\"><\/p>\n<hr>\n<h4><strong>Especificaciones t\u00e9cnicas<\/strong><\/h4>\n<p><strong>\u00d3ptica:<\/strong><\/p>\n<ul>\n<li><strong>Formato<\/strong>: fotograma completo de 35 mm<\/li>\n<li><strong>Distancia focal<\/strong>: 85 mm (127,5 mm en APS-C)<\/li>\n<li><strong>Apertura m\u00e1xima<\/strong>: f\/1.4<\/li>\n<li><strong>Apertura m\u00ednima<\/strong>: f\/16<\/li>\n<li><strong>Grupos\/Elementos<\/strong>: 11 grupos, 14 elementos<\/li>\n<li><strong>Cuchillas de apertura<\/strong>: 11 (circular)<\/li>\n<li><strong>Distancia m\u00ednima de enfoque<\/strong>: 0,85 m (AF) \/ 0,80 m (MF)<\/li>\n<li><strong>Aumento m\u00e1ximo<\/strong>: 0,11x (AF), 0,12x (MF)<\/li>\n<\/ul>\n<p><strong>Construcci\u00f3n:<\/strong><\/p>\n<ul>\n<li><strong>Di\u00e1metro del filtro<\/strong>: 77 mm<\/li>\n<li><strong>Dimensiones<\/strong>: 84,7 mm \u00d7 107,3 mm<\/li>\n<li><strong>Peso<\/strong>: 642 g<\/li>\n<\/ul>\n<p><strong>Compatibilidad:<\/strong><\/p>\n<ul>\n<li><strong>Tipo de montaje: Sony E-type<\/strong><\/li>\n<li><strong>Estabilizaci\u00f3n<\/strong>: No (depende de la estructura)<\/li>\n<\/ul>\n","protected":false},"excerpt":{"rendered":"<p>Sony FE 85mm F1.4 GM II Lleva tu creatividad al siguiente nivel con el Sony FE 85mm F1.4 GM II,<\/p>\n","protected":false},"featured_media":54628,"comment_status":"closed","ping_status":"open","template":"","meta":{"_acf_changed":false},"product_brand":[2537],"product_cat":[1062],"product_tag":[],"class_list":{"0":"post-74051","1":"product","2":"type-product","3":"status-publish","4":"has-post-thumbnail","6":"product_brand-sony-es","7":"product_cat-mirrorless-objectivos","8":"pa_abertura-maxima-f-1-4-es","9":"custom-price-on-request","11":"first","12":"onbackorder","13":"taxable","14":"shipping-taxable","15":"product-type-simple"},"bundled_by":[],"bundle_stock_status":"onbackorder","bundle_stock_quantity":null,"bundle_virtual":false,"bundle_layout":"","bundle_add_to_cart_form_location":"","bundle_editable_in_cart":false,"bundle_sold_individually_context":"","bundle_item_grouping":"","bundle_min_size":"","bundle_max_size":"","bundle_price":[],"bundled_items":[],"bundle_sell_ids":[],"acf":[],"_links":{"self":[{"href":"https:\/\/hi-techwonder.com\/es\/wp-json\/wp\/v2\/product\/74051","targetHints":{"allow":["GET"]}}],"collection":[{"href":"https:\/\/hi-techwonder.com\/es\/wp-json\/wp\/v2\/product"}],"about":[{"href":"https:\/\/hi-techwonder.com\/es\/wp-json\/wp\/v2\/types\/product"}],"replies":[{"embeddable":true,"href":"https:\/\/hi-techwonder.com\/es\/wp-json\/wp\/v2\/comments?post=74051"}],"wp:featuredmedia":[{"embeddable":true,"href":"https:\/\/hi-techwonder.com\/es\/wp-json\/wp\/v2\/media\/54628"}],"wp:attachment":[{"href":"https:\/\/hi-techwonder.com\/es\/wp-json\/wp\/v2\/media?parent=74051"}],"wp:term":[{"taxonomy":"product_brand","embeddable":true,"href":"https:\/\/hi-techwonder.com\/es\/wp-json\/wp\/v2\/product_brand?post=74051"},{"taxonomy":"product_cat","embeddable":true,"href":"https:\/\/hi-techwonder.com\/es\/wp-json\/wp\/v2\/product_cat?post=74051"},{"taxonomy":"product_tag","embeddable":true,"href":"https:\/\/hi-techwonder.com\/es\/wp-json\/wp\/v2\/product_tag?post=74051"}],"curies":[{"name":"wp","href":"https:\/\/api.w.org\/{rel}","templated":true}]}}