{"id":74055,"date":"2025-07-29T09:49:23","date_gmt":"2025-07-29T09:49:23","guid":{"rendered":"https:\/\/fv6qoy3ls0.wpdns.site\/product\/sony-fe-70-200mm-f-4-macro-g-oss-ii\/"},"modified":"2026-01-30T09:14:04","modified_gmt":"2026-01-30T09:14:04","slug":"sony-fe-70-200mm-f-4-macro-g-oss-ii","status":"publish","type":"product","link":"https:\/\/hi-techwonder.com\/es\/producto\/sony-fe-70-200mm-f-4-macro-g-oss-ii\/","title":{"rendered":"SONY FE 70-200mm f\/4 Macro G OSS II"},"content":{"rendered":"<h3><strong>SONY FE 70-200mm f\/4 Macro G OSS II<\/strong><\/h3>\n<ul>\n<li>Fotograma completo | f\/4 a f\/22<\/li>\n<li>Zoom de teleobjetivo de la serie G<\/li>\n<li>Aumento de 0,5x en todo el rango de zoom<\/li>\n<li>Dise\u00f1o de elementos flotantes<\/li>\n<li>Distancia m\u00ednima de enfoque de 26 cm a 70 mm<\/li>\n<li>Estabilizaci\u00f3n de imagen \u00f3ptica SteadyShot<\/li>\n<li>15% m\u00e1s corto y ligero que su predecesor<\/li>\n<li>Elementos asf\u00e9ricos avanzados y Super ED<\/li>\n<li>Recubrimiento Nano AR II<\/li>\n<li>Construcci\u00f3n resistente al polvo y la humedad<\/li>\n<\/ul>\n<p><iframe loading=\"lazy\" src=\"https:\/\/www.youtube.com\/embed\/5WXIeLFQ_o4\" width=\"560\" height=\"314\" allowfullscreen=\"allowfullscreen\"><\/iframe><\/p>\n<p><strong>Un zoom de teleobjetivo cl\u00e1sico, refinado y reinventado<\/strong><\/p>\n<p>Con nueve a\u00f1os de trabajo, Sony ha reelaborado su cl\u00e1sico teleobjetivo zoom con el FE 70-200mm f\/4 Macro G OSS II, introduciendo mejoras de rendimiento en enfoque autom\u00e1tico, estabilizaci\u00f3n, aumento y nitidez, reduciendo su longitud y tama\u00f1o. Siendo un soporte port\u00e1til para el d\u00eda a d\u00eda para eventos, deportes y retratos, esta \u00faltima iteraci\u00f3n ampl\u00eda sus capacidades a aplicaciones de v\u00eddeo y macros. <\/p>\n<p><strong>Rendimiento \u00f3ptico mejorado<\/strong><\/p>\n<p>El mayor cambio en el dise\u00f1o \u00f3ptico de la lente es la introducci\u00f3n de un elemento de enfoque flotante, que permite un aumento de alta resoluci\u00f3n de 0.5x \u00abmedio macro\u00bb de la lente, disminuyendo la distancia m\u00ednima de enfoque a 25.9 cm a 70 mm. Esta mayor resoluci\u00f3n est\u00e1 disponible en todo el rango de zoom, al igual que la nitidez mejorada de esquina a esquina de la lente. La lente cuenta con elementos asf\u00e9ricos, asf\u00e9ricos avanzados, de dispersi\u00f3n s\u00faper extra baja y de dispersi\u00f3n extra baja para reducir y suprimir las aberraciones crom\u00e1ticas y esf\u00e9ricas. Nano AR Coating II controla los destellos y las im\u00e1genes fantasma, mientras que el diafragma redondeado de nueve hojas le da al objetivo su suave bokeh.   <\/p>\n<p><img loading=\"lazy\" decoding=\"async\" src=\"https:\/\/static.bhphoto.com\/images\/multiple_images\/images500x500\/1689159800_IMG_2038873.jpg\" alt=\"\" width=\"500\" height=\"500\"><\/p>\n<p><strong>Enfoque autom\u00e1tico optimizado para un video m\u00e1s r\u00e1pido<\/strong><\/p>\n<p>La principal de las mejoras del 70-200 mm f\/4 II es su sistema de enfoque autom\u00e1tico optimizado para un video m\u00e1s r\u00e1pido. Con 4 motores lineales XD, dos para cada uno de los grupos de enfoque de la lente, la lente ahora funciona un 20% m\u00e1s r\u00e1pido que su predecesor y admite el seguimiento del enfoque mientras se hace zoom. El nuevo sistema de enfoque autom\u00e1tico tambi\u00e9n funciona con el disparo continuo de alta velocidad de 30 fps sin apagones de la Alpha 1, el doble de la velocidad de f\/4 OSS I.  <\/p>\n<p>Para aquellos ansiosos por aplicar las virtudes de la lente al video, Sony ha presentado una serie de caracter\u00edsticas de su divisi\u00f3n de cine. El nuevo sistema de enfoque autom\u00e1tico tiene un funcionamiento casi silencioso al tiempo que reduce dr\u00e1sticamente la respiraci\u00f3n y el cambio de enfoque. El sistema Linear Response MF garantiza un funcionamiento constante y natural, mientras que la funci\u00f3n de enfoque manual directo (DMF) a tiempo completo facilita la realizaci\u00f3n de ajustes r\u00e1pidos utilizando el anillo de enfoque en los modos AF.  <\/p>\n<p>Para completar las mejoras en la calidad de la imagen, la estabilizaci\u00f3n \u00f3ptica de imagen SteadyShot incorporada en el lente est\u00e1 dise\u00f1ada para funcionar junto con el sistema de estabilizaci\u00f3n del cuerpo de la c\u00e1mara para garantizar im\u00e1genes n\u00edtidas durante el disparo sin tr\u00edpode, incluso en las distancias focales m\u00e1s largas.<\/p>\n<p><strong>Redise\u00f1ado para la portabilidad y la durabilidad<\/strong><\/p>\n<p>Al reconfigurar el 70-200 mm f\/4 II, Sony tuvo en cuenta la fuerza de la lente y su usuario, reduciendo la longitud y el peso de la \u00f3ptica en un 15% a 14,7 cm y 0,77 kg, respectivamente. Su dise\u00f1o resistente al polvo y la humedad y los anillos de control de goma lo hacen adecuado para condiciones adversas. <\/p>\n<p><img loading=\"lazy\" decoding=\"async\" src=\"https:\/\/static.bhphoto.com\/images\/multiple_images\/images1000x1000\/1689159800_IMG_2038877.jpg\" alt=\"\" width=\"500\" height=\"500\"><\/p>\n<p><strong>Otras caracter\u00edsticas de dise\u00f1o incluyen:<\/strong><\/p>\n<ul>\n<li>Un collar de tr\u00edpode giratorio desmontable para mayor estabilidad y menor tensi\u00f3n en la montura de la lente de la c\u00e1mara.<\/li>\n<li>Tres botones de retenci\u00f3n de enfoque y un interruptor AF\/MF en el cilindro del objetivo para un control t\u00e1ctil intuitivo y un acceso r\u00e1pido a los ajustes seleccionados.<\/li>\n<li>Interruptor de estabilizaci\u00f3n \u00f3ptica de imagen de tres modos para garantizar la nitidez en diferentes condiciones de disparo.<\/li>\n<li>Un interruptor DMF de tiempo completo para la anulaci\u00f3n manual del enfoque durante el modo AF-C.<\/li>\n<li>Interruptores de bloqueo de zoom y limitaci\u00f3n del rango de enfoque para evitar la extensi\u00f3n no deseada de la lente o para restringir el rango de enfoque utilizable entre un rango definido o limitado completo para mejorar la velocidad de enfoque.<\/li>\n<li>Un revestimiento de fl\u00faor para el elemento frontal de la lente para repeler el agua, el aceite y otros contaminantes y facilitar la limpieza de la lente.<\/li>\n<\/ul>\n<p><img loading=\"lazy\" decoding=\"async\" src=\"https:\/\/static.bhphoto.com\/images\/multiple_images\/images1000x1000\/1689159800_IMG_2038888.jpg\" alt=\"\" width=\"500\" height=\"500\"><\/p>\n<p><strong>Compatibilidad con teleconvertidores<\/strong><\/p>\n<p>El FE 70-200mm f\/4 GM OSS II es compatible con los teleconvertidores FE 1.4x y 2.0x opcionales de Sony. Estos teleconvertidores permiten la fotograf\u00eda macro 1:1 a tama\u00f1o completo en todo el rango de zoom. Cuando se usan, los teleconvertidores de 1.4x y 2.0x proporcionar\u00e1n distancias focales efectivas y aperturas de 98-280 mm f\/5.6 y 140-400 mm f\/8, respectivamente.  <\/p>\n<p><strong>Especificaciones<\/strong>:<\/p>\n<p>Distancia focal: 70 a 200 mm<\/p>\n<p>Apertura m\u00e1xima: f\/4<\/p>\n<p>Apertura m\u00ednima: f\/22<\/p>\n<p>Montura de lente: Sony E<\/p>\n<p>Cobertura del formato de la lente: fotograma completo<\/p>\n<p>\u00c1ngulo de visi\u00f3n: 34\u00b0 a 12\u00b0 30&#8242;<\/p>\n<p>Distancia m\u00ednima de enfoque: 26 cm<\/p>\n<p>Aumento m\u00e1ximo: 0,5x<\/p>\n<p>Dise\u00f1o \u00f3ptico: 19 elementos en 13 grupos<\/p>\n<p>Hojas de diafragma: 9, redondeadas<\/p>\n<p>Tipo de enfoque: Enfoque autom\u00e1tico<\/p>\n<p>Estabilizaci\u00f3n de imagen: S\u00ed<\/p>\n<p>Collar de tr\u00edpode: extra\u00edble y giratorio<\/p>\n<p>Tama\u00f1o del filtro: 72 mm (frontal)<\/p>\n<p>Dimensiones (\u00f8 x L): 82,2 x 149 mm<\/p>\n<p>Peso: 794 g<\/p>\n","protected":false},"excerpt":{"rendered":"<p>SONY FE 70-200mm f\/4 Macro G OSS II Fotograma completo | f\/4 a f\/22 Zoom de teleobjetivo de la serie<\/p>\n","protected":false},"featured_media":54545,"comment_status":"closed","ping_status":"open","template":"","meta":{"_acf_changed":false},"product_brand":[2537],"product_cat":[1062],"product_tag":[],"class_list":{"0":"post-74055","1":"product","2":"type-product","3":"status-publish","4":"has-post-thumbnail","6":"product_brand-sony-es","7":"product_cat-mirrorless-objectivos","8":"pa_abertura-maxima-f-4-es","10":"first","11":"onbackorder","12":"taxable","13":"shipping-taxable","14":"purchasable","15":"product-type-simple"},"bundled_by":[],"bundle_stock_status":"onbackorder","bundle_stock_quantity":null,"bundle_virtual":false,"bundle_layout":"","bundle_add_to_cart_form_location":"","bundle_editable_in_cart":false,"bundle_sold_individually_context":"","bundle_item_grouping":"","bundle_min_size":"","bundle_max_size":"","bundle_price":[],"bundled_items":[],"bundle_sell_ids":[],"acf":[],"_links":{"self":[{"href":"https:\/\/hi-techwonder.com\/es\/wp-json\/wp\/v2\/product\/74055","targetHints":{"allow":["GET"]}}],"collection":[{"href":"https:\/\/hi-techwonder.com\/es\/wp-json\/wp\/v2\/product"}],"about":[{"href":"https:\/\/hi-techwonder.com\/es\/wp-json\/wp\/v2\/types\/product"}],"replies":[{"embeddable":true,"href":"https:\/\/hi-techwonder.com\/es\/wp-json\/wp\/v2\/comments?post=74055"}],"wp:featuredmedia":[{"embeddable":true,"href":"https:\/\/hi-techwonder.com\/es\/wp-json\/wp\/v2\/media\/54545"}],"wp:attachment":[{"href":"https:\/\/hi-techwonder.com\/es\/wp-json\/wp\/v2\/media?parent=74055"}],"wp:term":[{"taxonomy":"product_brand","embeddable":true,"href":"https:\/\/hi-techwonder.com\/es\/wp-json\/wp\/v2\/product_brand?post=74055"},{"taxonomy":"product_cat","embeddable":true,"href":"https:\/\/hi-techwonder.com\/es\/wp-json\/wp\/v2\/product_cat?post=74055"},{"taxonomy":"product_tag","embeddable":true,"href":"https:\/\/hi-techwonder.com\/es\/wp-json\/wp\/v2\/product_tag?post=74055"}],"curies":[{"name":"wp","href":"https:\/\/api.w.org\/{rel}","templated":true}]}}