{"id":74057,"date":"2025-07-29T09:47:27","date_gmt":"2025-07-29T09:47:27","guid":{"rendered":"https:\/\/fv6qoy3ls0.wpdns.site\/product\/sony-sel28f20-fe-28mm-f-2\/"},"modified":"2026-01-30T09:13:16","modified_gmt":"2026-01-30T09:13:16","slug":"sony-sel28f20-fe-28mm-f-2","status":"publish","type":"product","link":"https:\/\/hi-techwonder.com\/es\/producto\/sony-sel28f20-fe-28mm-f-2\/","title":{"rendered":"SONY SEL28F20 FE 28mm f\/2"},"content":{"rendered":"<p><span style=\"font-size: small;\"><strong>ASPECTOS DESTACADOS DEL PRODUCTO<\/strong><\/p>\n<p><\/span><\/p>\n<ul>\n<li> <span style=\"font-size: small;\">Lente con montura E\/formato de fotograma completo<\/span><\/li>\n<li> <span style=\"font-size: small;\">Rango de apertura: f\/2 a f\/22<\/span><\/li>\n<li> <span style=\"font-size: small;\">Un elemento AA y dos elementos asf\u00e9ricos<\/span><\/li>\n<li> <span style=\"font-size: small;\">Dos elementos de ED<\/span><\/li>\n<li> <span style=\"font-size: small;\">Motor de enfoque autom\u00e1tico lineal; Enfoque interno<\/span><\/li>\n<li> <span style=\"font-size: small;\">Di\u00e1metro del filtro: 49 mm<\/span><\/li>\n<li> <span style=\"font-size: small;\">Construcci\u00f3n resistente al polvo y la humedad<\/span><\/li>\n<li> <span style=\"font-size: small;\">Diafragma circular de nueve hojas<\/span><\/li>\n<li> <span style=\"font-size: small;\">Convertidores ultra gran angular y ojo de pez opcionales<\/span><\/li>\n<\/ul>\n<p> <span style=\"font-size: small;\">&nbsp;<\/span><\/p>\n<p> <span style=\"font-size: small;\">El objetivo FE 28mm f\/2 de Sony es un objetivo fijo gran angular de fotograma completo compatible para c\u00e1maras sin espejo con montura E. Su amplia distancia focal y su r\u00e1pida apertura lo convierten en un complemento pr\u00e1ctico y vers\u00e1til para su bolsa de equipo. Tambi\u00e9n compatible con c\u00e1maras con montura E de formato APS-C, ofrece un \u00e1ngulo de visi\u00f3n equivalente a un objetivo de 42 mm en formato de 35 mm\/fotograma completo.  <\/span><\/p>\n<p> <span style=\"font-size: small;\"><br \/>Su dise\u00f1o \u00f3ptico presenta elementos de vidrio de dispersi\u00f3n extra baja que reducen las aberraciones crom\u00e1ticas y proporcionan un mejor contraste. Adem\u00e1s, los elementos asf\u00e9ricos y asf\u00e9ricos avanzados minimizan las aberraciones esf\u00e9ricas y ayudan a mantener la forma compacta y liviana de la lente. El revestimiento m\u00faltiple de los elementos de vidrio ED reduce los destellos y las im\u00e1genes fantasma, y tambi\u00e9n mejora el contraste y la calidad general de la imagen.  <\/span><\/p>\n<p> <span style=\"font-size: small;\"><br \/>Un sistema de enfoque interno y un mecanismo de enfoque autom\u00e1tico de actuador lineal proporcionan un enfoque r\u00e1pido y silencioso y hacen que este objetivo sea ideal para fotograf\u00edas y grabaciones de v\u00eddeo. El sistema de enfoque interno tambi\u00e9n mantiene la longitud compacta de la lente durante el enfoque y no gira el elemento frontal. Un sistema de 9 hojas de dise\u00f1o \u00fanico crea una apertura circular que ayuda a crear agradables reflejos desenfocados.  <\/span><\/p>\n<p> <span style=\"font-size: small;\"><br \/>El dise\u00f1o compacto de este objetivo es una gran combinaci\u00f3n para las c\u00e1maras compactas con montura E y su construcci\u00f3n robusta con sellos resistentes al polvo y la humedad permite su uso en condiciones menos que ideales. Es compatible con los lentes convertidores ultra gran angular y ojo de pez de Sony para obtener perspectivas a\u00fan m\u00e1s amplias. <\/span><\/p>\n<p> <span style=\"font-size: small;\"><br \/><strong>Lente principal gran angular para c\u00e1maras con montura E de fotograma completo<\/strong><br \/> Esta lente principal de 28 mm est\u00e1 dise\u00f1ada para c\u00e1maras sin espejo con montura E de formato completo y tambi\u00e9n es compatible con c\u00e1maras de formato APS-C en las que proporciona una distancia focal de 35 mm equivalente a una lente de 42 mm. Su apertura m\u00e1xima de f\/2 es efectiva con poca luz y permite un control de poca profundidad de campo.   <br \/><strong>&nbsp;<\/strong><\/span><\/p>\n<p> <span style=\"font-size: small;\"><strong>Dise\u00f1o \u00f3ptico<\/strong><br \/> Los elementos avanzados de lentes asf\u00e9ricos y asf\u00e9ricos reducen la aberraci\u00f3n esf\u00e9rica, y los elementos de vidrio de dispersi\u00f3n extra baja con revestimiento m\u00faltiple minimizan la aberraci\u00f3n crom\u00e1tica y reducen las im\u00e1genes fantasma y los destellos para obtener im\u00e1genes m\u00e1s n\u00edtidas con m\u00e1s contraste.  <br \/><strong>&nbsp;<\/strong><\/span><\/p>\n<p> <span style=\"font-size: small;\"><strong>Mecanismo de enfoque autom\u00e1tico de enfoque lineal y de enfoque interno<\/strong><br \/> Solo los grupos intermedios del sistema \u00f3ptico se mueven para lograr el enfoque, por lo que la longitud total de la lente no cambia. Otros beneficios clave incluyen un enfoque autom\u00e1tico r\u00e1pido y una distancia m\u00ednima de enfoque corta. Adem\u00e1s, la rosca del filtro en la parte frontal de la lente no gira, lo cual es conveniente si est\u00e1 utilizando un filtro polarizador. El sistema AF de actuador lineal proporciona una acci\u00f3n de AF suave y silenciosa.     <br \/><strong>&nbsp;<\/strong><\/span><\/p>\n<p> <span style=\"font-size: small;\"><strong>Apertura circular<\/strong><br \/> Un dise\u00f1o \u00fanico de 9 cuchillas mantiene la abertura casi perfectamente circular. Como resultado, se pueden lograr reflejos desenfocados m\u00e1s suaves y naturales.   <br \/><strong>&nbsp;<\/strong><\/span><\/p>\n<p> <span style=\"font-size: small;\"><strong>Factor de forma compacto y resistente<\/strong><br \/> Con menos de 2,5&#8243; de longitud, este objetivo de 28 mm es el compa\u00f1ero ideal para las c\u00e1maras sin espejo con montura E, y sus sellos resistentes al polvo y a la humedad permiten su uso en condiciones menos que ideales.<\/span><\/p>\n<p> <span style=\"font-size: small;\">&nbsp;<\/span><\/p>\n<p style=\"margin-bottom: 0cm;\"> <span style=\"font-size: small;\">&nbsp;<\/span><\/p>\n<table style=\"width: 626px;\" border=\"0\" cellspacing=\"0\" cellpadding=\"2\">\n<colgroup>\n<col width=\"270\"><\/colgroup>\n<colgroup>\n<col width=\"349\"><\/colgroup>\n<tbody>\n<tr>\n<th colspan=\"2\" width=\"622\">\n<p style=\"padding: 0cm; font-style: normal; font-weight: normal;\"> <span style=\"font-size: small;\"><a name=\"11011\"><\/a><span style=\"font-size: x-large;\">interino<\/span><\/span> <\/p>\n<\/th>\n<\/tr>\n<tr>\n<td width=\"270\">\n<p style=\"padding: 0cm 0cm 0.53cm; border: medium medium 1px none none solid -moz-use-text-color -moz-use-text-color #e6e7e8;\"> <span style=\"font-size: small;\">Distancia focal<\/span> <\/p>\n<\/td>\n<td width=\"349\">\n<p style=\"padding: 0cm 0cm 0.53cm; border: medium medium 1px none none solid -moz-use-text-color -moz-use-text-color #e6e7e8;\"> <span style=\"font-size: small;\">28 mil\u00edmetros<\/span> <\/p>\n<\/td>\n<\/tr>\n<tr>\n<td width=\"270\">\n<p style=\"padding: 0cm 0cm 0.53cm; border: medium medium 1px none none solid -moz-use-text-color -moz-use-text-color #e6e7e8;\"> <span style=\"font-size: small;\">Abertura<\/span> <\/p>\n<\/td>\n<td width=\"349\">\n<p style=\"padding: 0cm 0cm 0.53cm; border: medium medium 1px none none solid -moz-use-text-color -moz-use-text-color #e6e7e8;\"> <span style=\"font-size: small;\">M\u00e1ximo: f\/2<br \/> M\u00ednimo: f\/22<\/span> <\/p>\n<\/td>\n<\/tr>\n<tr>\n<td width=\"270\">\n<p style=\"padding: 0cm 0cm 0.53cm; border: medium medium 1px none none solid -moz-use-text-color -moz-use-text-color #e6e7e8;\"> <span style=\"font-size: small;\">Tipo de montaje de la c\u00e1mara<\/span> <\/p>\n<\/td>\n<td width=\"349\">\n<p style=\"padding: 0cm 0cm 0.53cm; border: medium medium 1px none none solid -moz-use-text-color -moz-use-text-color #e6e7e8;\"> <span style=\"font-size: small;\">Sony E (fotograma completo)<\/span> <\/p>\n<\/td>\n<\/tr>\n<tr>\n<td width=\"270\">\n<p style=\"padding: 0cm 0cm 0.53cm; border: medium medium 1px none none solid -moz-use-text-color -moz-use-text-color #e6e7e8;\"> <span style=\"font-size: small;\">Compatibilidad de formatos<\/span> <\/p>\n<\/td>\n<td width=\"349\">\n<p style=\"padding: 0cm 0cm 0.53cm; border: medium medium 1px none none solid -moz-use-text-color -moz-use-text-color #e6e7e8;\"> <span style=\"font-size: small;\">Pel\u00edcula de 35 mm \/ sensor digital de fotograma completo<\/span> <\/p>\n<\/td>\n<\/tr>\n<tr>\n<td width=\"270\">\n<p style=\"padding: 0cm 0cm 0.53cm; border: medium medium 1px none none solid -moz-use-text-color -moz-use-text-color #e6e7e8;\"> <span style=\"font-size: small;\">\u00c1ngulo<\/span> <\/p>\n<\/td>\n<td width=\"349\">\n<p style=\"padding: 0cm 0cm 0.53cm; border: medium medium 1px none none solid -moz-use-text-color -moz-use-text-color #e6e7e8;\"> <span style=\"font-size: small;\">75\u00b0<\/span> <\/p>\n<\/td>\n<\/tr>\n<tr>\n<td width=\"270\">\n<p style=\"padding: 0cm 0cm 0.53cm; border: medium medium 1px none none solid -moz-use-text-color -moz-use-text-color #e6e7e8;\"> <span style=\"font-size: small;\">Distancia m\u00ednima de enfoque<\/span> <\/p>\n<\/td>\n<td width=\"349\">\n<p style=\"padding: 0cm 0cm 0.53cm; border: medium medium 1px none none solid -moz-use-text-color -moz-use-text-color #e6e7e8;\"> <span style=\"font-size: small;\">11,42&#8243; (29 cm)<\/span> <\/p>\n<\/td>\n<\/tr>\n<tr>\n<td width=\"270\">\n<p style=\"padding: 0cm 0cm 0.53cm; border: medium medium 1px none none solid -moz-use-text-color -moz-use-text-color #e6e7e8;\"> <span style=\"font-size: small;\">Ampliaci\u00f3n<\/span> <\/p>\n<\/td>\n<td width=\"349\">\n<p style=\"padding: 0cm 0cm 0.53cm; border: medium medium 1px none none solid -moz-use-text-color -moz-use-text-color #e6e7e8;\"> <span style=\"font-size: small;\">0,13 veces<\/span> <\/p>\n<\/td>\n<\/tr>\n<tr>\n<td width=\"270\">\n<p style=\"padding: 0cm 0cm 0.53cm; border: medium medium 1px none none solid -moz-use-text-color -moz-use-text-color #e6e7e8;\"> <span style=\"font-size: small;\">Velocidad m\u00e1xima de reproducci\u00f3n<\/span> <\/p>\n<\/td>\n<td width=\"349\">\n<p style=\"padding: 0cm 0cm 0.53cm; border: medium medium 1px none none solid -moz-use-text-color -moz-use-text-color #e6e7e8;\"> <span style=\"font-size: small;\">1:7,7<\/span> <\/p>\n<\/td>\n<\/tr>\n<tr>\n<td width=\"270\">\n<p style=\"padding: 0cm 0cm 0.53cm; border: medium medium 1px none none solid -moz-use-text-color -moz-use-text-color #e6e7e8;\"> <span style=\"font-size: small;\">Elementos\/Grupos<\/span> <\/p>\n<\/td>\n<td width=\"349\">\n<p style=\"padding: 0cm 0cm 0.53cm; border: medium medium 1px none none solid -moz-use-text-color -moz-use-text-color #e6e7e8;\"> <span style=\"font-size: small;\">08\/09<\/span> <\/p>\n<\/td>\n<\/tr>\n<tr>\n<td width=\"270\">\n<p style=\"padding: 0cm 0cm 0.53cm; border: medium medium 1px none none solid -moz-use-text-color -moz-use-text-color #e6e7e8;\"> <span style=\"font-size: small;\">Hojas de diafragma<\/span> <\/p>\n<\/td>\n<td width=\"349\">\n<p style=\"padding: 0cm 0cm 0.53cm; border: medium medium 1px none none solid -moz-use-text-color -moz-use-text-color #e6e7e8;\"> <span style=\"font-size: small;\">9, redondeado<\/span> <\/p>\n<\/td>\n<\/tr>\n<\/tbody>\n<\/table>\n<table style=\"width: 220px;\" border=\"0\" cellspacing=\"0\" cellpadding=\"2\">\n<colgroup>\n<col width=\"177\"><\/colgroup>\n<colgroup>\n<col width=\"35\"><\/colgroup>\n<tbody>\n<tr>\n<th colspan=\"2\" width=\"216\">\n<p style=\"padding: 0cm; font-style: normal; font-weight: normal;\"> <span style=\"font-size: small;\"><a name=\"23001\"><\/a><span style=\"font-size: x-large;\">Recursos<\/span><\/span> <\/p>\n<\/th>\n<\/tr>\n<tr>\n<td width=\"177\">\n<p style=\"padding: 0cm 0cm 0.53cm; border: medium medium 1px none none solid -moz-use-text-color -moz-use-text-color #e6e7e8;\"> <span style=\"font-size: small;\">Estabilizaci\u00f3n de imagen<\/span> <\/p>\n<\/td>\n<td width=\"35\">\n<p style=\"padding: 0cm 0cm 0.53cm; border: medium medium 1px none none solid -moz-use-text-color -moz-use-text-color #e6e7e8;\"> <span style=\"font-size: small;\">No<\/span> <\/p>\n<\/td>\n<\/tr>\n<tr>\n<td width=\"177\">\n<p style=\"padding: 0cm 0cm 0.53cm; border: medium medium 1px none none solid -moz-use-text-color -moz-use-text-color #e6e7e8;\"> <span style=\"font-size: small;\">Autom\u00e1tico<\/span> <\/p>\n<\/td>\n<td width=\"35\">\n<p style=\"padding: 0cm 0cm 0.53cm; border: medium medium 1px none none solid -moz-use-text-color -moz-use-text-color #e6e7e8;\"> <span style=\"font-size: small;\">S\u00ed<\/span> <\/p>\n<\/td>\n<\/tr>\n<tr>\n<td width=\"177\">\n<p style=\"padding: 0cm 0cm 0.53cm; border: medium medium 1px none none solid -moz-use-text-color -moz-use-text-color #e6e7e8;\"> <span style=\"font-size: small;\">Collar de tr\u00edpode<\/span> <\/p>\n<\/td>\n<td width=\"35\">\n<p style=\"padding: 0cm 0cm 0.53cm; border: medium medium 1px none none solid -moz-use-text-color -moz-use-text-color #e6e7e8;\"> <span style=\"font-size: small;\">No<\/span> <\/p>\n<\/td>\n<\/tr>\n<\/tbody>\n<\/table>\n<table style=\"width: 491px;\" border=\"0\" cellspacing=\"0\" cellpadding=\"2\">\n<colgroup>\n<col width=\"163\"><\/colgroup>\n<colgroup>\n<col width=\"320\"><\/colgroup>\n<tbody>\n<tr>\n<th colspan=\"2\" width=\"487\">\n<p style=\"padding: 0cm; font-style: normal; font-weight: normal;\"> <span style=\"font-size: small;\"><a name=\"11501\"><\/a><span style=\"font-size: x-large;\">F\u00edsico<\/span><\/span> <\/p>\n<\/th>\n<\/tr>\n<tr>\n<td width=\"163\">\n<p style=\"padding: 0cm 0cm 0.53cm; border: medium medium 1px none none solid -moz-use-text-color -moz-use-text-color #e6e7e8;\"> <span style=\"font-size: small;\">Tema de filtro<\/span> <\/p>\n<\/td>\n<td width=\"320\">\n<p style=\"padding: 0cm 0cm 0.53cm; border: medium medium 1px none none solid -moz-use-text-color -moz-use-text-color #e6e7e8;\"> <span style=\"font-size: small;\">Delantero: 49 mm<\/span> <\/p>\n<\/td>\n<\/tr>\n<tr>\n<td width=\"163\">\n<p style=\"padding: 0cm 0cm 0.53cm; border: medium medium 1px none none solid -moz-use-text-color -moz-use-text-color #e6e7e8;\"> <span style=\"font-size: small;\">Dimensiones (DxL)<\/span> <\/p>\n<\/td>\n<td width=\"320\">\n<p style=\"padding: 0cm 0cm 0.53cm; border: medium medium 1px none none solid -moz-use-text-color -moz-use-text-color #e6e7e8;\"> <span style=\"font-size: small;\">Aproximadamente. 2,52 x 2,36&#8243; (64 x 60 mm) <\/span> <\/p>\n<\/td>\n<\/tr>\n<tr>\n<td width=\"163\">\n<p style=\"padding: 0cm 0cm 0.53cm; border: medium medium 1px none none solid -moz-use-text-color -moz-use-text-color #e6e7e8;\"> <span style=\"font-size: small;\">Peso<\/span> <\/p>\n<\/td>\n<td width=\"320\">\n<p style=\"padding: 0cm 0cm 0.53cm; border: medium medium 1px none none solid -moz-use-text-color -moz-use-text-color #e6e7e8;\"> <span style=\"font-size: small;\">7,05 onzas (200 g)<\/span><\/p>\n<\/td>\n<\/tr>\n<\/tbody>\n<\/table>\n<p style=\"margin-bottom: 0cm;\"> <span style=\"font-size: small;\">&nbsp;<\/span><\/p>\n<p> <span style=\"font-size: small;\">&nbsp;<\/span><\/p>\n","protected":false},"excerpt":{"rendered":"<p>ASPECTOS DESTACADOS DEL PRODUCTO Lente con montura E\/formato de fotograma completo Rango de apertura: f\/2 a f\/22 Un elemento AA<\/p>\n","protected":false},"featured_media":54239,"comment_status":"closed","ping_status":"open","template":"","meta":{"_acf_changed":false},"product_brand":[2537],"product_cat":[1062],"product_tag":[],"class_list":{"0":"post-74057","1":"product","2":"type-product","3":"status-publish","4":"has-post-thumbnail","6":"product_brand-sony-es","7":"product_cat-mirrorless-objectivos","8":"pa_abertura-maxima-f-2-es","10":"first","11":"onbackorder","12":"taxable","13":"shipping-taxable","14":"purchasable","15":"product-type-simple"},"bundled_by":[],"bundle_stock_status":"onbackorder","bundle_stock_quantity":null,"bundle_virtual":false,"bundle_layout":"","bundle_add_to_cart_form_location":"","bundle_editable_in_cart":false,"bundle_sold_individually_context":"","bundle_item_grouping":"","bundle_min_size":"","bundle_max_size":"","bundle_price":[],"bundled_items":[],"bundle_sell_ids":[],"acf":[],"_links":{"self":[{"href":"https:\/\/hi-techwonder.com\/es\/wp-json\/wp\/v2\/product\/74057","targetHints":{"allow":["GET"]}}],"collection":[{"href":"https:\/\/hi-techwonder.com\/es\/wp-json\/wp\/v2\/product"}],"about":[{"href":"https:\/\/hi-techwonder.com\/es\/wp-json\/wp\/v2\/types\/product"}],"replies":[{"embeddable":true,"href":"https:\/\/hi-techwonder.com\/es\/wp-json\/wp\/v2\/comments?post=74057"}],"wp:featuredmedia":[{"embeddable":true,"href":"https:\/\/hi-techwonder.com\/es\/wp-json\/wp\/v2\/media\/54239"}],"wp:attachment":[{"href":"https:\/\/hi-techwonder.com\/es\/wp-json\/wp\/v2\/media?parent=74057"}],"wp:term":[{"taxonomy":"product_brand","embeddable":true,"href":"https:\/\/hi-techwonder.com\/es\/wp-json\/wp\/v2\/product_brand?post=74057"},{"taxonomy":"product_cat","embeddable":true,"href":"https:\/\/hi-techwonder.com\/es\/wp-json\/wp\/v2\/product_cat?post=74057"},{"taxonomy":"product_tag","embeddable":true,"href":"https:\/\/hi-techwonder.com\/es\/wp-json\/wp\/v2\/product_tag?post=74057"}],"curies":[{"name":"wp","href":"https:\/\/api.w.org\/{rel}","templated":true}]}}