{"id":74058,"date":"2025-07-29T09:47:17","date_gmt":"2025-07-29T09:47:17","guid":{"rendered":"https:\/\/fv6qoy3ls0.wpdns.site\/product\/sony-sel-55210-55-210mm-f-4-5-6-3-oss-e\/"},"modified":"2026-01-30T09:13:04","modified_gmt":"2026-01-30T09:13:04","slug":"sony-sel-55210-55-210mm-f-4-5-6-3-oss-e","status":"publish","type":"product","link":"https:\/\/hi-techwonder.com\/es\/producto\/sony-sel-55210-55-210mm-f-4-5-6-3-oss-e\/","title":{"rendered":"SONY SEL-55210 55-210mm f\/4.5-6.3 OSS E"},"content":{"rendered":"<table border=\"1\">\n<tbody>\n<tr>\n<th colspan=\"2\"><a id=\"11011\" name=\"11011\"><\/a>interino<\/th>\n<\/tr>\n<tr>\n<td> Distancia focal<\/td>\n<td> 55 &#8211; 210 mil\u00edmetros<br \/> Distancia focal APS-C comparable: 82 &#8211; 315 mm<\/td>\n<\/tr>\n<tr>\n<td> Abertura<\/td>\n<td> M\u00e1ximo: f\/4.5 &#8211; 6.3<br \/> M\u00ednimo: f\/22 &#8211; 32<\/td>\n<\/tr>\n<tr>\n<td> Tipo de montura de c\u00e1mara<\/td>\n<p> Sony <\/p>\n<td> (montura E para NEX)<\/td>\n<\/tr>\n<tr>\n<td> Compatibilidad con el formato<\/td>\n<td> Sony NEX (APS-C)<\/td>\n<\/tr>\n<tr>\n<td> \u00c1ngulo de visi\u00f3n<\/td>\n<td> 28,2\u00b0 &#8211; 7,8\u00b0<\/td>\n<\/tr>\n<tr>\n<td> Distancia m\u00ednima de enfoque<\/td>\n<td> 3,28&#8242; (1,00 m)<\/td>\n<\/tr>\n<tr>\n<td> Relaci\u00f3n de reproducci\u00f3n m\u00e1xima<\/td>\n<td> 1:0<\/td>\n<\/tr>\n<tr>\n<td> Elementos\/Grupos<\/td>\n<td> 13\/9<\/td>\n<\/tr>\n<tr>\n<td> Hojas de<\/td>\n<td> diafragma<\/td>\n<p> 7<\/tr>\n<\/tbody>\n<\/table>\n<table border=\"1\">\n<tbody>\n<tr>\n<th colspan=\"2\"> <a id=\"23001\" name=\"23001\"><\/a>Recursos<\/th>\n<\/tr>\n<tr>\n<td> &#8211; Estabilizaci\u00f3n de imagen<\/td>\n<td> : S\u00ed<\/td>\n<\/tr>\n<tr>\n<td> Enfoque autom\u00e1tico<\/td>\n<td> S\u00ed<\/td>\n<\/tr>\n<tr>\n<td> Collar de tr\u00edpode<\/td>\n<td> No<\/td>\n<\/tr>\n<\/tbody>\n<\/table>\n<table border=\"1\">\n<tbody>\n<tr>\n<th colspan=\"2\"> <a id=\"11501\" name=\"11501\"><\/a><\/th>\n<\/tr>\n<tr>\n<td> Rosca<\/td>\n<td> del filtro f\u00edsico frontal: 49 mm<\/td>\n<\/tr>\n<tr>\n<td>  Dimensiones (DxL)<\/td>\n<td>  Aproximadamente. 2,51 x 4,25&#8243; (63,8 x 108 mm) <\/td>\n<\/tr>\n<tr>\n<td> Peso<\/td>\n<td> : 12,17 oz (345 g)<\/td>\n<\/tr>\n<\/tbody>\n<\/table>\n","protected":false},"excerpt":{"rendered":"<p>interino Distancia focal 55 &#8211; 210 mil\u00edmetros Distancia focal APS-C comparable: 82 &#8211; 315 mm Abertura M\u00e1ximo: f\/4.5 &#8211; 6.3<\/p>\n","protected":false},"featured_media":54209,"comment_status":"closed","ping_status":"open","template":"","meta":{"_acf_changed":false},"product_brand":[2537],"product_cat":[1062],"product_tag":[],"class_list":{"0":"post-74058","1":"product","2":"type-product","3":"status-publish","4":"has-post-thumbnail","6":"product_brand-sony-es","7":"product_cat-mirrorless-objectivos","8":"pa_abertura-maxima-f-4-5-6-3-es","10":"first","11":"onbackorder","12":"taxable","13":"shipping-taxable","14":"purchasable","15":"product-type-simple"},"bundled_by":[],"bundle_stock_status":"onbackorder","bundle_stock_quantity":null,"bundle_virtual":false,"bundle_layout":"","bundle_add_to_cart_form_location":"","bundle_editable_in_cart":false,"bundle_sold_individually_context":"","bundle_item_grouping":"","bundle_min_size":"","bundle_max_size":"","bundle_price":[],"bundled_items":[],"bundle_sell_ids":[],"acf":[],"_links":{"self":[{"href":"https:\/\/hi-techwonder.com\/es\/wp-json\/wp\/v2\/product\/74058","targetHints":{"allow":["GET"]}}],"collection":[{"href":"https:\/\/hi-techwonder.com\/es\/wp-json\/wp\/v2\/product"}],"about":[{"href":"https:\/\/hi-techwonder.com\/es\/wp-json\/wp\/v2\/types\/product"}],"replies":[{"embeddable":true,"href":"https:\/\/hi-techwonder.com\/es\/wp-json\/wp\/v2\/comments?post=74058"}],"wp:featuredmedia":[{"embeddable":true,"href":"https:\/\/hi-techwonder.com\/es\/wp-json\/wp\/v2\/media\/54209"}],"wp:attachment":[{"href":"https:\/\/hi-techwonder.com\/es\/wp-json\/wp\/v2\/media?parent=74058"}],"wp:term":[{"taxonomy":"product_brand","embeddable":true,"href":"https:\/\/hi-techwonder.com\/es\/wp-json\/wp\/v2\/product_brand?post=74058"},{"taxonomy":"product_cat","embeddable":true,"href":"https:\/\/hi-techwonder.com\/es\/wp-json\/wp\/v2\/product_cat?post=74058"},{"taxonomy":"product_tag","embeddable":true,"href":"https:\/\/hi-techwonder.com\/es\/wp-json\/wp\/v2\/product_tag?post=74058"}],"curies":[{"name":"wp","href":"https:\/\/api.w.org\/{rel}","templated":true}]}}