{"id":74059,"date":"2025-07-29T09:49:12","date_gmt":"2025-07-29T09:49:12","guid":{"rendered":"https:\/\/fv6qoy3ls0.wpdns.site\/product\/sony-sel24f28g-fe-24mm-f-2-8-g\/"},"modified":"2026-01-30T09:14:01","modified_gmt":"2026-01-30T09:14:01","slug":"sony-sel24f28g-fe-24mm-f-2-8-g","status":"publish","type":"product","link":"https:\/\/hi-techwonder.com\/es\/producto\/sony-sel24f28g-fe-24mm-f-2-8-g\/","title":{"rendered":"SONY SEL24F28G FE 24mm f\/2.8 G"},"content":{"rendered":"<p><strong>SONY SEL24F28G FE 24mm f\/2.8 G<\/strong><\/p>\n<p><strong>Funciones:<\/strong><\/p>\n<ul>\n<li>Montura E Montagem<\/li>\n<li>Formato de fotograma completo<\/li>\n<li>Rango de apertura: f\/2.8 a f\/22<\/li>\n<li>Elementos asf\u00e9ricos y ED<\/li>\n<li>Distancia m\u00ednima de enfoque: 18 cm<\/li>\n<li>Motores AF lineales duales, enfoque interno<\/li>\n<li>Bot\u00f3n de retenci\u00f3n de enfoque, interruptor AF\/MF<\/li>\n<li>Anillo de apertura f\u00edsico; Haga clic en Cambiar<\/li>\n<li>Construcci\u00f3n resistente al polvo y la humedad<\/li>\n<li>Diafragma redondeado de 7 hojas<\/li>\n<\/ul>\n<p><strong>Contenido del paquete:<\/strong><\/p>\n<ul>\n<li>Sony FE 24mm f\/2.8 G<\/li>\n<li>Cubierta frontal Sony ALC-F49S (49 mm)<\/li>\n<li>Cubierta trasera Sony ALC-R1EM<\/li>\n<li>Parasol ALC-SH165 para FE 24mm f\/2.8 G<\/li>\n<\/ul>\n<p><strong>Imprimaci\u00f3n port\u00e1til<\/strong><\/p>\n<p>Combinando un campo de visi\u00f3n ultra amplio con un dise\u00f1o ultradelgado, el Sony FE 24mm f\/2.8 G es un prime port\u00e1til caracterizado por su construcci\u00f3n inteligente y su sofisticada \u00f3ptica de la Serie G.  Y la construcci\u00f3n port\u00e1til y el aspecto elegante hacen que sea un excelente objetivo para las tomas diarias.<\/p>\n<p><strong>Juego de objetivos fijos compactos a juego<\/strong><\/p>\n<ul>\n<li>Junto con los objetivos FE 40mm f\/2.5 y 50mm f\/2.5 G, estos tres objetivos forman un tr\u00edo cohesionado con estilo, calidad de imagen y ergonom\u00eda similares:<\/li>\n<li>Todos los objetivos priorizan un perfil compacto con \u00e9nfasis en el manejo intuitivo; Cada uno tiene un anillo de apertura manual junto con otros controles t\u00e1ctiles.<\/li>\n<li>Los tres objetivos comparten el mismo di\u00e1metro del anillo filtrante de 49 mm.<\/li>\n<li>Acabado de aluminio combinado con elegantes grabados de distancia focal y apertura, anillos de apertura y enfoque y parasoles met\u00e1licos a juego.<\/li>\n<\/ul>\n<p><strong>Serie de objetivos G<\/strong><\/p>\n<ul>\n<li>Tres elementos asf\u00e9ricos promueven una nitidez m\u00e1s uniforme en todo el encuadre, suprimiendo las aberraciones y distorsiones esf\u00e9ricas.<\/li>\n<li>Un elemento de vidrio de dispersi\u00f3n extra baja controla las franjas de color y las aberraciones crom\u00e1ticas para una mayor claridad y fidelidad del color.<\/li>\n<li>El diafragma redondeado de 7 hojas contribuye a una agradable calidad de bokeh mediante el empleo de t\u00e9cnicas de enfoque selectivo.<\/li>\n<\/ul>\n<p><strong>Control de enfoque para fotos y videos<\/strong><\/p>\n<ul>\n<li>Dos motores lineales ofrecen un rendimiento de enfoque autom\u00e1tico r\u00e1pido y preciso, junto con un seguimiento del sujeto capaz de trabajar con sujetos que se mueven r\u00e1pidamente. Este sistema AF tambi\u00e9n es especialmente silencioso para adaptarse a su uso en aplicaciones de cine. <\/li>\n<li>El dise\u00f1o de enfoque interno limita la longitud total de la lente para un enfoque m\u00e1s r\u00e1pido y receptivo.<\/li>\n<li>El control de enfoque manual de respuesta lineal ofrece un manejo m\u00e1s natural, y un interruptor AF \/ MF se encuentra en el cilindro de la lente para un control t\u00e1ctil sobre esta configuraci\u00f3n.<\/li>\n<li>Los botones de retenci\u00f3n de enfoque personalizables est\u00e1n presentes en el cilindro de la lente para un control t\u00e1ctil intuitivo y un acceso r\u00e1pido a la configuraci\u00f3n seleccionada.<\/li>\n<li>Impresionante rendimiento en primeros planos para trabajar con sujetos en primer plano; este objetivo tiene una distancia m\u00ednima de enfoque de 18 cm con MF (9,4&#8243; con AF), lo que da como resultado un aumento m\u00e1ximo de 0,19x.<\/li>\n<\/ul>\n<p><iframe loading=\"lazy\" style=\"min-height: 500px; width: 100%; height: auto;\" src=\"https:\/\/www.youtube.com\/embed\/KTVaWshU084\" width=\"560\" height=\"314\" allowfullscreen=\"allowfullscreen\"><\/iframe><\/p>\n<p><strong>Dise\u00f1o elegante pero robusto<\/strong><\/p>\n<ul>\n<li>El anillo de apertura f\u00edsico se puede borrar para un cambio de apertura suave y silencioso para beneficiar las aplicaciones de video.<\/li>\n<li>El objetivo mide 45 mm y pesa 162 g, lo que lo convierte en una excelente opci\u00f3n port\u00e1til que es adecuada tanto para cuerpos de fotograma completo como APS-C.<\/li>\n<li>El dise\u00f1o sellado contra el polvo y la humedad le permite trabajar mejor en condiciones adversas.<\/li>\n<li>El elemento frontal recubierto de fl\u00faor es f\u00e1cil de limpiar y resiste el polvo, la humedad y las huellas dactilares.<\/li>\n<\/ul>\n<p><iframe loading=\"lazy\" style=\"min-height: 500px; width: 100%; height: auto;\" src=\"https:\/\/www.youtube.com\/embed\/iABO50lj11o\" width=\"560\" height=\"314\" allowfullscreen=\"allowfullscreen\"><\/iframe><\/p>\n<p><strong>Compatibilidad:<\/strong><\/p>\n<ul>\n<li>Sony Alfa A1<\/li>\n<li>Sony Alpha A5000<\/li>\n<li>Sony Alpha A5100<\/li>\n<li>Sony Alpha A6000<\/li>\n<li>Sony Alpha A6100<\/li>\n<li>Sony Alpha A6300<\/li>\n<li>Sony Alpha A6400<\/li>\n<li>Sony Alpha A6500<\/li>\n<li>Sony Alpha A6600<\/li>\n<li>Sony Alpha A7<\/li>\n<li>Sony Alpha A7II<\/li>\n<li>Sony Alpha A7III<\/li>\n<li>Sony Alpha A7 IV<\/li>\n<li>Sony Alpha A7C<\/li>\n<li>Sony Alpha A7R<\/li>\n<li>Sony Alpha A7RII<\/li>\n<li>Sony Alpha A7R III<\/li>\n<li>Sony Alpha A7R IV<\/li>\n<li>Sony Alpha A7R V<\/li>\n<li>Sony Alpha A7S<\/li>\n<li>Sony Alpha A7SII<\/li>\n<li>Sony Alpha A7S III<\/li>\n<li>Sony Alfa A9<\/li>\n<li>Sony Alpha A9II<\/li>\n<li>Sony Alpha ZV-E10<\/li>\n<li>Sony FX3<\/li>\n<li>Sony FX30<\/li>\n<li>Sony FX6<\/li>\n<li>Sony ILME-FR7<\/li>\n<li>Sony NEX-EA50M<\/li>\n<li>Sony NEX-EA50UH<\/li>\n<li>Sony NEX-FS700R<\/li>\n<li>Sony NEX-FS700U<\/li>\n<li>Sony NEX-VG30<\/li>\n<li>Sony NEX-VG900<\/li>\n<li>Sony PXW-FS5<\/li>\n<li>Sony PXW-FS5M2<\/li>\n<li>Sony PXW-FS7<\/li>\n<li>Sony PXW-FS7M2<\/li>\n<li>Sony PXW-FX9<\/li>\n<li>C\u00e1mara de cine digital Sony VENICE 6K<\/li>\n<li>Sony ZV-E10<\/li>\n<\/ul>\n<p><strong>Caracter\u00edsticas t\u00e9cnicas:<\/strong><\/p>\n<table class=\"table_fDXOr6EpR9\" style=\"box-sizing: inherit; width: 982.5px; font-family: OpenSans, 'Segoe UI', Helvetica, Roboto, Arial, sans-serif; font-size: 16px; background-color: #ffffff;\" data-selenium=\"specsItemGroupTable\">\n<tbody style=\"box-sizing: inherit;\">\n<tr class=\"pair_fDXOr6EpR9\" style=\"box-sizing: inherit; border-bottom: 0.0625rem solid #e7e7e7;\" data-selenium=\"specsItemGroupTableRow\">\n<td class=\"label_fDXOr6EpR9 firstSpecWhenNoGroupName_fDXOr6EpR9\" style=\"box-sizing: inherit; border-top: none; padding: 0px 0px 1.25rem; width: 373.344px; color: #666666; font-size: 1.125rem; line-height: 1.375rem; vertical-align: baseline;\" data-selenium=\"specsItemGroupTableColumnLabel\"><span style=\"box-sizing: inherit; vertical-align: inherit;\">Distancia focal<\/span><\/td>\n<td class=\"value_fDXOr6EpR9 firstSpecWhenNoGroupName_fDXOr6EpR9\" style=\"box-sizing: inherit; color: #666666; font-size: 1.125rem; line-height: 1.375rem; vertical-align: baseline; padding: 0px 0px 1.25rem 2.5rem;\" data-selenium=\"specsItemGroupTableColumnValue\">24 mm<\/td>\n<\/tr>\n<tr class=\"pair_fDXOr6EpR9\" style=\"box-sizing: inherit; border-bottom: 0.0625rem solid #e7e7e7;\" data-selenium=\"specsItemGroupTableRow\">\n<td class=\"label_fDXOr6EpR9\" style=\"box-sizing: inherit; border-top: none; padding: 1.25rem 0px; width: 373.344px; color: #666666; font-size: 1.125rem; line-height: 1.375rem; vertical-align: baseline;\" data-selenium=\"specsItemGroupTableColumnLabel\"><span style=\"box-sizing: inherit; vertical-align: inherit;\">Apertura<\/span><\/td>\n<p> m\u00e1xima<\/p>\n<td class=\"value_fDXOr6EpR9\" style=\"box-sizing: inherit; color: #666666; font-size: 1.125rem; line-height: 1.375rem; vertical-align: baseline; padding: 1.25rem 0px 1.25rem 2.5rem;\" data-selenium=\"specsItemGroupTableColumnValue\">f\/2.8<\/td>\n<\/tr>\n<tr class=\"pair_fDXOr6EpR9\" style=\"box-sizing: inherit; border-bottom: 0.0625rem solid #e7e7e7;\" data-selenium=\"specsItemGroupTableRow\">\n<td class=\"label_fDXOr6EpR9\" style=\"box-sizing: inherit; border-top: none; padding: 1.25rem 0px; width: 373.344px; color: #666666; font-size: 1.125rem; line-height: 1.375rem; vertical-align: baseline;\" data-selenium=\"specsItemGroupTableColumnLabel\"><span style=\"box-sizing: inherit; vertical-align: inherit;\">Apertura<\/span><\/td>\n<p> m\u00ednima<\/p>\n<td class=\"value_fDXOr6EpR9\" style=\"box-sizing: inherit; color: #666666; font-size: 1.125rem; line-height: 1.375rem; vertical-align: baseline; padding: 1.25rem 0px 1.25rem 2.5rem;\" data-selenium=\"specsItemGroupTableColumnValue\">f\/22<\/td>\n<\/tr>\n<tr class=\"pair_fDXOr6EpR9\" style=\"box-sizing: inherit; border-bottom: 0.0625rem solid #e7e7e7;\" data-selenium=\"specsItemGroupTableRow\">\n<td class=\"label_fDXOr6EpR9\" style=\"box-sizing: inherit; border-top: none; padding: 1.25rem 0px; width: 373.344px; color: #666666; font-size: 1.125rem; line-height: 1.375rem; vertical-align: baseline;\" data-selenium=\"specsItemGroupTableColumnLabel\"><span style=\"box-sizing: inherit; vertical-align: inherit;\">Montura de lente<\/span><\/td>\n<td class=\"value_fDXOr6EpR9\" style=\"box-sizing: inherit; color: #666666; font-size: 1.125rem; line-height: 1.375rem; vertical-align: baseline; padding: 1.25rem 0px 1.25rem 2.5rem;\" data-selenium=\"specsItemGroupTableColumnValue\">Sony E<\/td>\n<\/tr>\n<tr class=\"pair_fDXOr6EpR9\" style=\"box-sizing: inherit; border-bottom: 0.0625rem solid #e7e7e7;\" data-selenium=\"specsItemGroupTableRow\">\nCobertura del formato <\/p>\n<td class=\"label_fDXOr6EpR9\" style=\"box-sizing: inherit; border-top: none; padding: 1.25rem 0px; width: 373.344px; color: #666666; font-size: 1.125rem; line-height: 1.375rem; vertical-align: baseline;\" data-selenium=\"specsItemGroupTableColumnLabel\"><span style=\"box-sizing: inherit; vertical-align: inherit;\">de la lente<\/span><\/td>\n<td class=\"value_fDXOr6EpR9\" style=\"box-sizing: inherit; color: #666666; font-size: 1.125rem; line-height: 1.375rem; vertical-align: baseline; padding: 1.25rem 0px 1.25rem 2.5rem;\" data-selenium=\"specsItemGroupTableColumnValue\">Fotograma completo<\/td>\n<\/tr>\n<tr class=\"pair_fDXOr6EpR9\" style=\"box-sizing: inherit; border-bottom: 0.0625rem solid #e7e7e7;\" data-selenium=\"specsItemGroupTableRow\">\n<td class=\"label_fDXOr6EpR9\" style=\"box-sizing: inherit; border-top: none; padding: 1.25rem 0px; width: 373.344px; color: #666666; font-size: 1.125rem; line-height: 1.375rem; vertical-align: baseline;\" data-selenium=\"specsItemGroupTableColumnLabel\"><span style=\"box-sizing: inherit; vertical-align: inherit;\">\u00c1ngulo de visi\u00f3n<\/span><\/td>\n<td class=\"value_fDXOr6EpR9\" style=\"box-sizing: inherit; color: #666666; font-size: 1.125rem; line-height: 1.375rem; vertical-align: baseline; padding: 1.25rem 0px 1.25rem 2.5rem;\" data-selenium=\"specsItemGroupTableColumnValue\">84\u00b0<\/td>\n<\/tr>\n<tr class=\"pair_fDXOr6EpR9\" style=\"box-sizing: inherit; border-bottom: 0.0625rem solid #e7e7e7;\" data-selenium=\"specsItemGroupTableRow\">\nDistancia <\/p>\n<td class=\"label_fDXOr6EpR9\" style=\"box-sizing: inherit; border-top: none; padding: 1.25rem 0px; width: 373.344px; color: #666666; font-size: 1.125rem; line-height: 1.375rem; vertical-align: baseline;\" data-selenium=\"specsItemGroupTableColumnLabel\"><span style=\"box-sizing: inherit; vertical-align: inherit;\">m\u00ednima de enfoque<\/span><\/td>\n<td class=\"value_fDXOr6EpR9\" style=\"box-sizing: inherit; color: #666666; font-size: 1.125rem; line-height: 1.375rem; vertical-align: baseline; padding: 1.25rem 0px 1.25rem 2.5rem;\" data-selenium=\"specsItemGroupTableColumnValue\">18 cm<\/td>\n<\/tr>\n<tr class=\"pair_fDXOr6EpR9\" style=\"box-sizing: inherit; border-bottom: 0.0625rem solid #e7e7e7;\" data-selenium=\"specsItemGroupTableRow\">\n<td class=\"label_fDXOr6EpR9\" style=\"box-sizing: inherit; border-top: none; padding: 1.25rem 0px; width: 373.344px; color: #666666; font-size: 1.125rem; line-height: 1.375rem; vertical-align: baseline;\" data-selenium=\"specsItemGroupTableColumnLabel\"><span style=\"box-sizing: inherit; vertical-align: inherit;\">Aumento<\/span><\/td>\n<p> m\u00e1ximo<\/p>\n<td class=\"value_fDXOr6EpR9\" style=\"box-sizing: inherit; color: #666666; font-size: 1.125rem; line-height: 1.375rem; vertical-align: baseline; padding: 1.25rem 0px 1.25rem 2.5rem;\" data-selenium=\"specsItemGroupTableColumnValue\">0,13 veces<\/td>\n<\/tr>\n<tr class=\"pair_fDXOr6EpR9\" style=\"box-sizing: inherit; border-bottom: 0.0625rem solid #e7e7e7;\" data-selenium=\"specsItemGroupTableRow\">\n<td class=\"label_fDXOr6EpR9\" style=\"box-sizing: inherit; border-top: none; padding: 1.25rem 0px; width: 373.344px; color: #666666; font-size: 1.125rem; line-height: 1.375rem; vertical-align: baseline;\" data-selenium=\"specsItemGroupTableColumnLabel\"><span style=\"box-sizing: inherit; vertical-align: inherit;\">Dise\u00f1o \u00f3ptico<\/span><\/td>\n<td class=\"value_fDXOr6EpR9\" style=\"box-sizing: inherit; color: #666666; font-size: 1.125rem; line-height: 1.375rem; vertical-align: baseline; padding: 1.25rem 0px 1.25rem 2.5rem;\" data-selenium=\"specsItemGroupTableColumnValue\">8 elementos en 7 grupos<\/td>\n<\/tr>\n<tr class=\"pair_fDXOr6EpR9\" style=\"box-sizing: inherit; border-bottom: 0.0625rem solid #e7e7e7;\" data-selenium=\"specsItemGroupTableRow\">\n<td class=\"label_fDXOr6EpR9\" style=\"box-sizing: inherit; border-top: none; padding: 1.25rem 0px; width: 373.344px; color: #666666; font-size: 1.125rem; line-height: 1.375rem; vertical-align: baseline;\" data-selenium=\"specsItemGroupTableColumnLabel\"><span style=\"box-sizing: inherit; vertical-align: inherit;\">Hojas de diafragma<\/span><\/td>\n<td class=\"value_fDXOr6EpR9\" style=\"box-sizing: inherit; color: #666666; font-size: 1.125rem; line-height: 1.375rem; vertical-align: baseline; padding: 1.25rem 0px 1.25rem 2.5rem;\" data-selenium=\"specsItemGroupTableColumnValue\">7, redondeado<\/td>\n<\/tr>\n<tr class=\"pair_fDXOr6EpR9\" style=\"box-sizing: inherit; border-bottom: 0.0625rem solid #e7e7e7;\" data-selenium=\"specsItemGroupTableRow\">\n<td class=\"label_fDXOr6EpR9\" style=\"box-sizing: inherit; border-top: none; padding: 1.25rem 0px; width: 373.344px; color: #666666; font-size: 1.125rem; line-height: 1.375rem; vertical-align: baseline;\" data-selenium=\"specsItemGroupTableColumnLabel\"><span style=\"box-sizing: inherit; vertical-align: inherit;\">Tipo de<\/span><\/td>\n<p> enfoque<\/p>\n<td class=\"value_fDXOr6EpR9\" style=\"box-sizing: inherit; color: #666666; font-size: 1.125rem; line-height: 1.375rem; vertical-align: baseline; padding: 1.25rem 0px 1.25rem 2.5rem;\" data-selenium=\"specsItemGroupTableColumnValue\">Autom\u00e1tico<\/td>\n<\/tr>\n<tr class=\"pair_fDXOr6EpR9\" style=\"box-sizing: inherit; border-bottom: 0.0625rem solid #e7e7e7;\" data-selenium=\"specsItemGroupTableRow\">\n<td class=\"label_fDXOr6EpR9\" style=\"box-sizing: inherit; border-top: none; padding: 1.25rem 0px; width: 373.344px; color: #666666; font-size: 1.125rem; line-height: 1.375rem; vertical-align: baseline;\" data-selenium=\"specsItemGroupTableColumnLabel\"><span style=\"box-sizing: inherit; vertical-align: inherit;\">Estabilizaci\u00f3n de imagen<\/span><\/td>\n<td class=\"value_fDXOr6EpR9\" style=\"box-sizing: inherit; color: #666666; font-size: 1.125rem; line-height: 1.375rem; vertical-align: baseline; padding: 1.25rem 0px 1.25rem 2.5rem;\" data-selenium=\"specsItemGroupTableColumnValue\">No<\/td>\n<\/tr>\n<tr class=\"pair_fDXOr6EpR9\" style=\"box-sizing: inherit; border-bottom: 0.0625rem solid #e7e7e7;\" data-selenium=\"specsItemGroupTableRow\">\n<td class=\"label_fDXOr6EpR9\" style=\"box-sizing: inherit; border-top: none; padding: 1.25rem 0px; width: 373.344px; color: #666666; font-size: 1.125rem; line-height: 1.375rem; vertical-align: baseline;\" data-selenium=\"specsItemGroupTableColumnLabel\"><span style=\"box-sizing: inherit; vertical-align: inherit;\">Tama\u00f1o del filtro<\/span><\/td>\n<td class=\"value_fDXOr6EpR9\" style=\"box-sizing: inherit; color: #666666; font-size: 1.125rem; line-height: 1.375rem; vertical-align: baseline; padding: 1.25rem 0px 1.25rem 2.5rem;\" data-selenium=\"specsItemGroupTableColumnValue\">49 mm (delantero)<\/td>\n<\/tr>\n<tr class=\"pair_fDXOr6EpR9\" style=\"box-sizing: inherit; border-bottom: 0.0625rem solid #e7e7e7;\" data-selenium=\"specsItemGroupTableRow\">\n<td class=\"label_fDXOr6EpR9\" style=\"box-sizing: inherit; border-top: none; padding: 1.25rem 0px; width: 373.344px; color: #666666; font-size: 1.125rem; line-height: 1.375rem; vertical-align: baseline;\" data-selenium=\"specsItemGroupTableColumnLabel\"><span style=\"box-sizing: inherit; vertical-align: inherit;\">Dimensiones (\u00f8 x L)<\/span><\/td>\n<td class=\"value_fDXOr6EpR9\" style=\"box-sizing: inherit; color: #666666; font-size: 1.125rem; line-height: 1.375rem; vertical-align: baseline; padding: 1.25rem 0px 1.25rem 2.5rem;\" data-selenium=\"specsItemGroupTableColumnValue\">68 x 45 mm<\/td>\n<\/tr>\n<tr class=\"pair_fDXOr6EpR9\" style=\"box-sizing: inherit; border-bottom: 0.0625rem solid #e7e7e7;\" data-selenium=\"specsItemGroupTableRow\">\n<td class=\"label_fDXOr6EpR9\" style=\"box-sizing: inherit; border-top: none; padding: 1.25rem 0px; width: 373.344px; color: #666666; font-size: 1.125rem; line-height: 1.375rem; vertical-align: baseline;\" data-selenium=\"specsItemGroupTableColumnLabel\"><span style=\"box-sizing: inherit; vertical-align: inherit;\">Peso<\/span><\/td>\n<td class=\"value_fDXOr6EpR9\" style=\"box-sizing: inherit; color: #666666; font-size: 1.125rem; line-height: 1.375rem; vertical-align: baseline; padding: 1.25rem 0px 1.25rem 2.5rem;\" data-selenium=\"specsItemGroupTableColumnValue\">162 gramos<\/td>\n<\/tr>\n<\/tbody>\n<\/table>\n","protected":false},"excerpt":{"rendered":"<p>SONY SEL24F28G FE 24mm f\/2.8 G Funciones: Montura E Montagem Formato de fotograma completo Rango de apertura: f\/2.8 a f\/22<\/p>\n","protected":false},"featured_media":54454,"comment_status":"closed","ping_status":"open","template":"","meta":{"_acf_changed":false},"product_brand":[2537],"product_cat":[1062],"product_tag":[],"class_list":{"0":"post-74059","1":"product","2":"type-product","3":"status-publish","4":"has-post-thumbnail","6":"product_brand-sony-es","7":"product_cat-mirrorless-objectivos","8":"pa_abertura-maxima-f-2-8-es","10":"first","11":"onbackorder","12":"taxable","13":"shipping-taxable","14":"purchasable","15":"product-type-simple"},"bundled_by":[],"bundle_stock_status":"onbackorder","bundle_stock_quantity":null,"bundle_virtual":false,"bundle_layout":"","bundle_add_to_cart_form_location":"","bundle_editable_in_cart":false,"bundle_sold_individually_context":"","bundle_item_grouping":"","bundle_min_size":"","bundle_max_size":"","bundle_price":[],"bundled_items":[],"bundle_sell_ids":[],"acf":[],"_links":{"self":[{"href":"https:\/\/hi-techwonder.com\/es\/wp-json\/wp\/v2\/product\/74059","targetHints":{"allow":["GET"]}}],"collection":[{"href":"https:\/\/hi-techwonder.com\/es\/wp-json\/wp\/v2\/product"}],"about":[{"href":"https:\/\/hi-techwonder.com\/es\/wp-json\/wp\/v2\/types\/product"}],"replies":[{"embeddable":true,"href":"https:\/\/hi-techwonder.com\/es\/wp-json\/wp\/v2\/comments?post=74059"}],"wp:featuredmedia":[{"embeddable":true,"href":"https:\/\/hi-techwonder.com\/es\/wp-json\/wp\/v2\/media\/54454"}],"wp:attachment":[{"href":"https:\/\/hi-techwonder.com\/es\/wp-json\/wp\/v2\/media?parent=74059"}],"wp:term":[{"taxonomy":"product_brand","embeddable":true,"href":"https:\/\/hi-techwonder.com\/es\/wp-json\/wp\/v2\/product_brand?post=74059"},{"taxonomy":"product_cat","embeddable":true,"href":"https:\/\/hi-techwonder.com\/es\/wp-json\/wp\/v2\/product_cat?post=74059"},{"taxonomy":"product_tag","embeddable":true,"href":"https:\/\/hi-techwonder.com\/es\/wp-json\/wp\/v2\/product_tag?post=74059"}],"curies":[{"name":"wp","href":"https:\/\/api.w.org\/{rel}","templated":true}]}}