{"id":74061,"date":"2025-07-29T09:47:37","date_gmt":"2025-07-29T09:47:37","guid":{"rendered":"https:\/\/fv6qoy3ls0.wpdns.site\/product\/sony-sel2470gm-fe-24-70mm-f-2-8-gm\/"},"modified":"2026-01-30T09:13:19","modified_gmt":"2026-01-30T09:13:19","slug":"sony-sel2470gm-fe-24-70mm-f-2-8-gm","status":"publish","type":"product","link":"https:\/\/hi-techwonder.com\/es\/producto\/sony-sel2470gm-fe-24-70mm-f-2-8-gm\/","title":{"rendered":"SONY SEL2470GM FE 24-70mm f\/2.8 GM"},"content":{"rendered":"<p><span style=\"font-size: small;\"><strong>ASPECTOS DESTACADOS DEL PRODUCTO<\/strong><\/p>\n<p><\/span><\/p>\n<ul>\n<li><span style=\"font-size: small;\">Lente con montura E\/formato de fotograma completo<\/span><\/li>\n<li><span style=\"font-size: small;\">Rango de apertura: f\/2.8 a f\/22<\/span><\/li>\n<li><span style=\"font-size: small;\">Un elemento XA y dos elementos asf\u00e9ricos<\/span><\/li>\n<li><span style=\"font-size: small;\">Un elemento ED y un elemento Super ED<\/span><\/li>\n<li><span style=\"font-size: small;\">Recubrimiento Nano AR<\/span><\/li>\n<li><span style=\"font-size: small;\">Sistema de enfoque SSM de accionamiento directo<\/span><\/li>\n<li><span style=\"font-size: small;\">Enfoque interno; Bot\u00f3n de retenci\u00f3n de enfoque<\/span><\/li>\n<li><span style=\"font-size: small;\">Interruptor de bloqueo de zoom<\/span><\/li>\n<li><span style=\"font-size: small;\">Construcci\u00f3n resistente al polvo y la humedad<\/span><\/li>\n<li><span style=\"font-size: small;\">Diafragma circular de nueve hojas<\/span><\/li>\n<\/ul>\n<p><span style=\"font-size: small;\">Un zoom est\u00e1ndar r\u00e1pido favorecido por su versatilidad, el Sony FE 24-70mm f\/2.8 GM es un teleobjetivo de gran angular a corto dise\u00f1ado para c\u00e1maras sin espejo con montura E. Con una apertura m\u00e1xima constante de f\/2.8, este lente mantiene un rendimiento constante en todo el rango de zoom y se beneficia trabajando en condiciones de poca luz y con t\u00e9cnicas de enfoque selectivo. Complementando las capacidades adecuadas de recolecci\u00f3n de luz hay un dise\u00f1o \u00f3ptico igualmente impresionante, que incorpora tres elementos asf\u00e9ricos y dos elementos de dispersi\u00f3n extra baja. Uno de los elementos asf\u00e9ricos tiene una designaci\u00f3n XA (asf\u00e9rica extrema), lo que garantiza su precisi\u00f3n superficial refinada y su notable capacidad para minimizar las aberraciones esf\u00e9ricas en todo el rango del zoom. Adem\u00e1s, se ha aplicado un recubrimiento Nano AR a elementos individuales para minimizar significativamente el destello de la lente y las im\u00e1genes fantasma para aumentar el contraste y la neutralidad del color. Combinando un dise\u00f1o \u00f3ptico sofisticado y una velocidad vers\u00e1til, este zoom est\u00e1ndar es adecuado para su uso en una amplia gama de entornos y condiciones de iluminaci\u00f3n.    <\/span><\/p>\n<p><span style=\"font-size: small;\"><br \/>Adem\u00e1s de los atributos del sistema de lentes en s\u00ed, este 24-70 mm tambi\u00e9n se caracteriza por un sistema Direct Drive SSM (Super Sonic wave Motor) que proporciona un rendimiento de AF r\u00e1pido y silencioso, as\u00ed como un manejo de enfoque manual receptivo. La lente tambi\u00e9n est\u00e1 sellada contra el polvo y la humedad, para permitir trabajar en condiciones clim\u00e1ticas adversas, y los detalles sutiles como un bot\u00f3n de retenci\u00f3n de enfoque y perillas de control de goma se suman a la intuici\u00f3n del manejo. <\/span><\/p>\n<p><span style=\"font-size: small;\">&nbsp;<\/span><\/p>\n<ul>\n<li><span style=\"font-size: small;\">Como parte de la estimada serie G Master de Sony, este objetivo est\u00e1 dise\u00f1ado para lograr una resoluci\u00f3n y nitidez notablemente altas mediante la correcci\u00f3n de una amplia gama de aberraciones esf\u00e9ricas y crom\u00e1ticas. Adem\u00e1s, estos lentes cuentan con dise\u00f1os f\u00edsicos robustos que son intuitivos de manejar para beneficiar las aplicaciones de fotograf\u00eda y cine. <\/span><\/li>\n<li><span style=\"font-size: small;\">Cubriendo perspectivas de gran angular a retrato, este zoom est\u00e1ndar de 24-70 mm est\u00e1 dise\u00f1ado para c\u00e1maras sin espejo con montura E de fotograma completo y tambi\u00e9n es compatible con los modelos APS-C, donde proporcionar\u00e1 un rango de distancia focal equivalente a 36-105 mm.<\/span><\/li>\n<li><span style=\"font-size: small;\">La apertura m\u00e1xima constante de f\/2.8 mantiene un rendimiento constante desde las posiciones de distancia focal de gran angular hasta teleobjetivo y tambi\u00e9n contribuye a un mayor control selectivo del enfoque.<\/span><\/li>\n<li><span style=\"font-size: small;\">De los tres elementos asf\u00e9ricos incorporados en el dise\u00f1o de la lente, uno es un elemento XA con una precisi\u00f3n superficial superior para reducir eficazmente el astigmatismo, la curvatura del campo, el coma y otras aberraciones monocrom\u00e1ticas de las im\u00e1genes.<\/span><\/li>\n<li><span style=\"font-size: small;\">Un elemento de dispersi\u00f3n extra baja y un elemento Super ED tambi\u00e9n se presentan en el dise\u00f1o de la lente y ayudan a controlar las aberraciones crom\u00e1ticas y reducir las franjas de color para una mayor claridad y fidelidad del color.<\/span><\/li>\n<li><span style=\"font-size: small;\">Se ha aplicado un recubrimiento Nano AR para reducir los reflejos de la superficie, los destellos y las im\u00e1genes fantasma para aumentar el contraste y la reproducci\u00f3n del color en condiciones de iluminaci\u00f3n intensa.<\/span><\/li>\n<li><span style=\"font-size: small;\">Un diafragma redondeado de nueve hojas contribuye a una agradable calidad de bokeh cuando se emplean t\u00e9cnicas de poca profundidad de campo.<\/span><\/li>\n<li><span style=\"font-size: small;\">Un sistema SSM Direct Drive y un mecanismo de enfoque interno proporcionan un rendimiento de enfoque autom\u00e1tico r\u00e1pido, silencioso y preciso y tambi\u00e9n contribuyen a un control de enfoque manual m\u00e1s natural e intuitivo.<\/span><\/li>\n<li><span style=\"font-size: small;\">Un dise\u00f1o a prueba de polvo y humedad permite un mejor trabajo en condiciones adversas, y los anillos de control de goma benefician el manejo en temperaturas m\u00e1s fr\u00edas.<\/span><\/li>\n<\/ul>\n<p><span style=\"font-size: small;\">&nbsp;<\/span><\/p>\n<p style=\"margin-bottom: 0cm;\"><span style=\"font-size: small;\">&nbsp;<\/span><\/p>\n<table style=\"width: 584px;\" border=\"0\" cellspacing=\"0\" cellpadding=\"2\">\n<colgroup>\n<col width=\"228\"><\/colgroup>\n<colgroup>\n<col width=\"349\"><\/colgroup>\n<tbody>\n<tr>\n<th colspan=\"2\" width=\"580\">\n<p style=\"padding: 0cm; font-style: normal; font-weight: normal;\"><span style=\"font-size: small;\"><a name=\"11011\"><\/a><span style=\"font-size: x-large;\">interino<\/span><\/span><\/p>\n<\/th>\n<\/tr>\n<tr>\n<td width=\"228\">\n<p style=\"padding: 0cm 0cm 0.53cm; border: medium medium 1px none none solid -moz-use-text-color -moz-use-text-color #e6e7e8;\"><span style=\"font-size: small;\">Distancia focal<\/span><\/p>\n<\/td>\n<td width=\"349\">\n<p style=\"padding: 0cm 0cm 0.53cm; border: medium medium 1px none none solid -moz-use-text-color -moz-use-text-color #e6e7e8;\"><span style=\"font-size: small;\">24 &#8211; 70 mm<\/span><\/p>\n<\/td>\n<\/tr>\n<tr>\n<td width=\"228\">\n<p style=\"padding: 0cm 0cm 0.53cm; border: medium medium 1px none none solid -moz-use-text-color -moz-use-text-color #e6e7e8;\"><span style=\"font-size: small;\">Abertura<\/span><\/p>\n<\/td>\n<td width=\"349\">\n<p style=\"padding: 0cm 0cm 0.53cm; border: medium medium 1px none none solid -moz-use-text-color -moz-use-text-color #e6e7e8;\"><span style=\"font-size: small;\">M\u00e1ximo: f\/2.8<br \/>M\u00ednimo: f\/22<\/span><\/p>\n<\/td>\n<\/tr>\n<tr>\n<td width=\"228\">\n<p style=\"padding: 0cm 0cm 0.53cm; border: medium medium 1px none none solid -moz-use-text-color -moz-use-text-color #e6e7e8;\"><span style=\"font-size: small;\">Tipo de montaje de la c\u00e1mara<\/span><\/p>\n<\/td>\n<td width=\"349\">\n<p style=\"padding: 0cm 0cm 0.53cm; border: medium medium 1px none none solid -moz-use-text-color -moz-use-text-color #e6e7e8;\"><span style=\"font-size: small;\">Sony E (fotograma completo)<\/span><\/p>\n<\/td>\n<\/tr>\n<tr>\n<td width=\"228\">\n<p style=\"padding: 0cm 0cm 0.53cm; border: medium medium 1px none none solid -moz-use-text-color -moz-use-text-color #e6e7e8;\"><span style=\"font-size: small;\">Compatibilidad de formatos<\/span><\/p>\n<\/td>\n<td width=\"349\">\n<p style=\"padding: 0cm 0cm 0.53cm; border: medium medium 1px none none solid -moz-use-text-color -moz-use-text-color #e6e7e8;\"><span style=\"font-size: small;\">Pel\u00edcula de 35 mm \/ sensor digital de fotograma completo<\/span><\/p>\n<\/td>\n<\/tr>\n<tr>\n<td width=\"228\">\n<p style=\"padding: 0cm 0cm 0.53cm; border: medium medium 1px none none solid -moz-use-text-color -moz-use-text-color #e6e7e8;\"><span style=\"font-size: small;\">\u00c1ngulo<\/span><\/p>\n<\/td>\n<td width=\"349\">\n<p style=\"padding: 0cm 0cm 0.53cm; border: medium medium 1px none none solid -moz-use-text-color -moz-use-text-color #e6e7e8;\"><span style=\"font-size: small;\">84\u00b0 &#8211; 34\u00b0<\/span><\/p>\n<\/td>\n<\/tr>\n<tr>\n<td width=\"228\">\n<p style=\"padding: 0cm 0cm 0.53cm; border: medium medium 1px none none solid -moz-use-text-color -moz-use-text-color #e6e7e8;\"><span style=\"font-size: small;\">Distancia m\u00ednima de enfoque<\/span><\/p>\n<\/td>\n<td width=\"349\">\n<p style=\"padding: 0cm 0cm 0.53cm; border: medium medium 1px none none solid -moz-use-text-color -moz-use-text-color #e6e7e8;\"><span style=\"font-size: small;\">1,25&#8242; (38 cm)<\/span><\/p>\n<\/td>\n<\/tr>\n<tr>\n<td width=\"228\">\n<p style=\"padding: 0cm 0cm 0.53cm; border: medium medium 1px none none solid -moz-use-text-color -moz-use-text-color #e6e7e8;\"><span style=\"font-size: small;\">Ampliaci\u00f3n<\/span><\/p>\n<\/td>\n<td width=\"349\">\n<p style=\"padding: 0cm 0cm 0.53cm; border: medium medium 1px none none solid -moz-use-text-color -moz-use-text-color #e6e7e8;\"><span style=\"font-size: small;\">0,24 veces<\/span><\/p>\n<\/td>\n<\/tr>\n<tr>\n<td width=\"228\">\n<p style=\"padding: 0cm 0cm 0.53cm; border: medium medium 1px none none solid -moz-use-text-color -moz-use-text-color #e6e7e8;\"><span style=\"font-size: small;\">Elementos\/Grupos<\/span><\/p>\n<\/td>\n<td width=\"349\">\n<p style=\"padding: 0cm 0cm 0.53cm; border: medium medium 1px none none solid -moz-use-text-color -moz-use-text-color #e6e7e8;\"><span style=\"font-size: small;\">18\/13<\/span><\/p>\n<\/td>\n<\/tr>\n<tr>\n<td width=\"228\">\n<p style=\"padding: 0cm 0cm 0.53cm; border: medium medium 1px none none solid -moz-use-text-color -moz-use-text-color #e6e7e8;\"><span style=\"font-size: small;\">Hojas de diafragma<\/span><\/p>\n<\/td>\n<td width=\"349\">\n<p style=\"padding: 0cm 0cm 0.53cm; border: medium medium 1px none none solid -moz-use-text-color -moz-use-text-color #e6e7e8;\"><span style=\"font-size: small;\">9, redondeado<\/span><\/p>\n<\/td>\n<\/tr>\n<\/tbody>\n<\/table>\n<table style=\"width: 220px;\" border=\"0\" cellspacing=\"0\" cellpadding=\"2\">\n<colgroup>\n<col width=\"177\"><\/colgroup>\n<colgroup>\n<col width=\"35\"><\/colgroup>\n<tbody>\n<tr>\n<th colspan=\"2\" width=\"216\">\n<p style=\"padding: 0cm; font-style: normal; font-weight: normal;\"><span style=\"font-size: small;\"><a name=\"23001\"><\/a><span style=\"font-size: x-large;\">Recursos<\/span><\/span><\/p>\n<\/th>\n<\/tr>\n<tr>\n<td width=\"177\">\n<p style=\"padding: 0cm 0cm 0.53cm; border: medium medium 1px none none solid -moz-use-text-color -moz-use-text-color #e6e7e8;\"><span style=\"font-size: small;\">Estabilizaci\u00f3n de imagen<\/span><\/p>\n<\/td>\n<td width=\"35\">\n<p style=\"padding: 0cm 0cm 0.53cm; border: medium medium 1px none none solid -moz-use-text-color -moz-use-text-color #e6e7e8;\"><span style=\"font-size: small;\">No<\/span><\/p>\n<\/td>\n<\/tr>\n<tr>\n<td width=\"177\">\n<p style=\"padding: 0cm 0cm 0.53cm; border: medium medium 1px none none solid -moz-use-text-color -moz-use-text-color #e6e7e8;\"><span style=\"font-size: small;\">Autom\u00e1tico<\/span><\/p>\n<\/td>\n<td width=\"35\">\n<p style=\"padding: 0cm 0cm 0.53cm; border: medium medium 1px none none solid -moz-use-text-color -moz-use-text-color #e6e7e8;\"><span style=\"font-size: small;\">S\u00ed<\/span><\/p>\n<\/td>\n<\/tr>\n<\/tbody>\n<\/table>\n<table style=\"width: 520px;\" border=\"0\" cellspacing=\"0\" cellpadding=\"2\">\n<colgroup>\n<col width=\"163\"><\/colgroup>\n<colgroup>\n<col width=\"349\"><\/colgroup>\n<tbody>\n<tr>\n<th colspan=\"2\" width=\"516\">\n<p style=\"padding: 0cm; font-style: normal; font-weight: normal;\"><span style=\"font-size: small;\"><a name=\"11501\"><\/a><span style=\"font-size: x-large;\">F\u00edsico<\/span><\/span><\/p>\n<\/th>\n<\/tr>\n<tr>\n<td width=\"163\">\n<p style=\"padding: 0cm 0cm 0.53cm; border: medium medium 1px none none solid -moz-use-text-color -moz-use-text-color #e6e7e8;\"><span style=\"font-size: small;\">Tema de filtro<\/span><\/p>\n<\/td>\n<td width=\"349\">\n<p style=\"padding: 0cm 0cm 0.53cm; border: medium medium 1px none none solid -moz-use-text-color -moz-use-text-color #e6e7e8;\"><span style=\"font-size: small;\">Frontal: 82 mm<\/span><\/p>\n<\/td>\n<\/tr>\n<tr>\n<td width=\"163\">\n<p style=\"padding: 0cm 0cm 0.53cm; border: medium medium 1px none none solid -moz-use-text-color -moz-use-text-color #e6e7e8;\"><span style=\"font-size: small;\">Dimensiones (DxL)<\/span><\/p>\n<\/td>\n<td width=\"349\">\n<p style=\"padding: 0cm 0cm 0.53cm; border: medium medium 1px none none solid -moz-use-text-color -moz-use-text-color #e6e7e8;\"><span style=\"font-size: small;\">Aproximadamente. 3,45 x 5,35&#8243; (87,6 x 136 mm) <\/span><\/p>\n<\/td>\n<\/tr>\n<tr>\n<td width=\"163\">\n<p style=\"padding: 0cm 0cm 0.53cm; border: medium medium 1px none none solid -moz-use-text-color -moz-use-text-color #e6e7e8;\"><span style=\"font-size: small;\">Peso<\/span><\/p>\n<\/td>\n<td width=\"349\">\n<p style=\"padding: 0cm 0cm 0.53cm; border: medium medium 1px none none solid -moz-use-text-color -moz-use-text-color #e6e7e8;\"><span style=\"font-size: small;\">1,95 libras (886 g)<\/span><\/p>\n<\/td>\n<\/tr>\n<\/tbody>\n<\/table>\n<p style=\"margin-bottom: 0cm;\"><span style=\"font-size: small;\">&nbsp;<\/span><\/p>\n<p><span style=\"font-size: small;\">&nbsp;<\/span><\/p>\n","protected":false},"excerpt":{"rendered":"<p>ASPECTOS DESTACADOS DEL PRODUCTO Lente con montura E\/formato de fotograma completo Rango de apertura: f\/2.8 a f\/22 Un elemento XA<\/p>\n","protected":false},"featured_media":54248,"comment_status":"closed","ping_status":"open","template":"","meta":{"_acf_changed":false},"product_brand":[2537],"product_cat":[1062],"product_tag":[],"class_list":{"0":"post-74061","1":"product","2":"type-product","3":"status-publish","4":"has-post-thumbnail","6":"product_brand-sony-es","7":"product_cat-mirrorless-objectivos","8":"pa_abertura-maxima-f-2-8-es","10":"first","11":"onbackorder","12":"taxable","13":"shipping-taxable","14":"purchasable","15":"product-type-simple"},"bundled_by":[],"bundle_stock_status":"onbackorder","bundle_stock_quantity":null,"bundle_virtual":false,"bundle_layout":"","bundle_add_to_cart_form_location":"","bundle_editable_in_cart":false,"bundle_sold_individually_context":"","bundle_item_grouping":"","bundle_min_size":"","bundle_max_size":"","bundle_price":[],"bundled_items":[],"bundle_sell_ids":[],"acf":[],"_links":{"self":[{"href":"https:\/\/hi-techwonder.com\/es\/wp-json\/wp\/v2\/product\/74061","targetHints":{"allow":["GET"]}}],"collection":[{"href":"https:\/\/hi-techwonder.com\/es\/wp-json\/wp\/v2\/product"}],"about":[{"href":"https:\/\/hi-techwonder.com\/es\/wp-json\/wp\/v2\/types\/product"}],"replies":[{"embeddable":true,"href":"https:\/\/hi-techwonder.com\/es\/wp-json\/wp\/v2\/comments?post=74061"}],"wp:featuredmedia":[{"embeddable":true,"href":"https:\/\/hi-techwonder.com\/es\/wp-json\/wp\/v2\/media\/54248"}],"wp:attachment":[{"href":"https:\/\/hi-techwonder.com\/es\/wp-json\/wp\/v2\/media?parent=74061"}],"wp:term":[{"taxonomy":"product_brand","embeddable":true,"href":"https:\/\/hi-techwonder.com\/es\/wp-json\/wp\/v2\/product_brand?post=74061"},{"taxonomy":"product_cat","embeddable":true,"href":"https:\/\/hi-techwonder.com\/es\/wp-json\/wp\/v2\/product_cat?post=74061"},{"taxonomy":"product_tag","embeddable":true,"href":"https:\/\/hi-techwonder.com\/es\/wp-json\/wp\/v2\/product_tag?post=74061"}],"curies":[{"name":"wp","href":"https:\/\/api.w.org\/{rel}","templated":true}]}}