{"id":74064,"date":"2025-07-29T09:48:07","date_gmt":"2025-07-29T09:48:07","guid":{"rendered":"https:\/\/fv6qoy3ls0.wpdns.site\/product\/sony-sel1635z-vario-tessar-fe-16-35mm-f-4-za-oss\/"},"modified":"2026-01-30T09:13:26","modified_gmt":"2026-01-30T09:13:26","slug":"sony-sel1635z-vario-tessar-fe-16-35mm-f-4-za-oss","status":"publish","type":"product","link":"https:\/\/hi-techwonder.com\/es\/producto\/sony-sel1635z-vario-tessar-fe-16-35mm-f-4-za-oss\/","title":{"rendered":"SONY SEL1635Z Vario-Tessar FE 16-35mm f\/4 ZA OSS"},"content":{"rendered":"<p><span style=\"font-size: small;\"><strong>ASPECTOS DESTACADOS DEL PRODUCTO<\/strong><\/p>\n<p><\/span><\/p>\n<ul>\n<li> <span style=\"font-size: small;\">Lente con montura E\/formato de fotograma completo<\/span><\/li>\n<li> <span style=\"font-size: small;\">Rango de apertura: f\/4 a f\/22<\/span><\/li>\n<li> <span style=\"font-size: small;\">Un elemento AA, cuatro elementos asf\u00e9ricos<\/span><\/li>\n<li> <span style=\"font-size: small;\">Tres elementos de ED<\/span><\/li>\n<li> <span style=\"font-size: small;\">Revestimiento antirreflectante Zeiss T*<\/span><\/li>\n<li> <span style=\"font-size: small;\">Motor de enfoque autom\u00e1tico lineal; Enfoque interno<\/span><\/li>\n<li> <span style=\"font-size: small;\">Estabilizaci\u00f3n de imagen \u00f3ptica SteadyShot<\/span><\/li>\n<li> <span style=\"font-size: small;\">Di\u00e1metro del filtro: 72 mm<\/span><\/li>\n<li> <span style=\"font-size: small;\">Construcci\u00f3n resistente al polvo y la humedad<\/span><\/li>\n<li> <span style=\"font-size: small;\">Diafragma circular de siete hojas<\/span><\/li>\n<\/ul>\n<p> <span style=\"font-size: small;\"><br \/>Con un dise\u00f1o resistente al polvo y a la humedad, el objetivo compacto y ligero Sony Vario-Tessar T* FE 16-35mm f\/4 ZA OSS cubre tus necesidades de zoom gran angular y est\u00e1 dise\u00f1ado para c\u00e1maras con montura E de fotograma completo, pero tambi\u00e9n se puede utilizar en c\u00e1maras con montura E APS-C. Una apertura m\u00e1xima constante de f\/4 ofrece un rendimiento constante en todo el rango del zoom. El beneficio de trabajar con poca luz es la estabilizaci\u00f3n de imagen Optical SteadyShot, que sirve para minimizar la apariencia de movimiento de la c\u00e1mara hasta en cuatro pasos de velocidad de obturaci\u00f3n.  <\/span><\/p>\n<p> <span style=\"font-size: small;\"><br \/>La construcci\u00f3n \u00f3ptica incorpora cinco elementos asf\u00e9ricos, incluido un elemento AA (asf\u00e9rico avanzado) de gran di\u00e1metro y tres elementos ED (dispersi\u00f3n ultrabaja) para ayudar a reducir las aberraciones crom\u00e1ticas en todo el rango del zoom, adem\u00e1s de contribuir a un factor de forma compacto general. Se ha aplicado un revestimiento antirreflectante Carl Zeiss T* a los elementos de la lente para minimizar los destellos y las im\u00e1genes fantasma de la lente, lo que proporciona un mayor contraste, claridad y fidelidad de color. <\/span><\/p>\n<p> <span style=\"font-size: small;\">&nbsp;<\/span><\/p>\n<ul>\n<li> <span style=\"font-size: small;\">Objetivo zoom de amplio rango dise\u00f1ado para c\u00e1maras con montura E de fotograma completo<\/span><\/li>\n<li> <span style=\"font-size: small;\">La apertura m\u00e1xima constante de f\/4 permite una mayor consistencia en todo el rango de zoom<\/span><\/li>\n<li> <span style=\"font-size: small;\">Cuenta con un diafragma de apertura circular que, mediante el uso de hojas curvas, mantiene la apertura casi perfectamente circular desde su configuraci\u00f3n abierta hasta que est\u00e1 cerrada para un desenfoque m\u00e1s suave y natural<\/span><\/li>\n<li> <span style=\"font-size: small;\">La estabilizaci\u00f3n de imagen \u00f3ptica SteadyShot funciona para minimizar la apariencia de movimiento de la c\u00e1mara hasta en cuatro pasos de velocidad de obturaci\u00f3n para beneficiar el disparo manual con poca luz<\/span><\/li>\n<li> <span style=\"font-size: small;\">Cinco elementos asf\u00e9ricos, incluido un elemento AA (asf\u00e9rico avanzado) y tres elementos ED, ayudan a reducir las aberraciones crom\u00e1ticas en todo el rango del zoom mientras mantienen un factor de forma compacto<\/span><\/li>\n<li> <span style=\"font-size: small;\">El revestimiento antirreflectante Carl Zeiss T* mejora el contraste, la claridad y la reproducci\u00f3n del color al combatir los efectos de los destellos y las im\u00e1genes fantasma de la lente<\/span><\/li>\n<li> <span style=\"font-size: small;\">Solo los grupos intermedios del sistema \u00f3ptico se mueven para lograr el enfoque, por lo que la longitud total de la lente no cambia al enfocar. Adem\u00e1s, la rosca del filtro en la parte frontal de la lente no gira, lo cual es conveniente cuando se usa un filtro polarizador <\/span><\/li>\n<\/ul>\n<p> <span style=\"font-size: small;\">&nbsp;<\/span><\/p>\n<p style=\"margin-bottom: 0cm;\"> <span style=\"font-size: small;\">&nbsp;<\/span><\/p>\n<table style=\"width: 626px;\" border=\"0\" cellspacing=\"0\" cellpadding=\"2\">\n<colgroup>\n<col width=\"270\"><\/colgroup>\n<colgroup>\n<col width=\"349\"><\/colgroup>\n<tbody>\n<tr>\n<th colspan=\"2\" width=\"622\">\n<p style=\"padding: 0cm; font-style: normal; font-weight: normal;\"> <span style=\"font-size: small;\"><a name=\"11011\"><\/a><span style=\"font-size: x-large;\">interino<\/span><\/span> <\/p>\n<\/th>\n<\/tr>\n<tr>\n<td width=\"270\">\n<p style=\"padding: 0cm 0cm 0.53cm; border: medium medium 1px none none solid -moz-use-text-color -moz-use-text-color #e6e7e8;\"> <span style=\"font-size: small;\">Distancia focal<\/span> <\/p>\n<\/td>\n<td width=\"349\">\n<p style=\"padding: 0cm 0cm 0.53cm; border: medium medium 1px none none solid -moz-use-text-color -moz-use-text-color #e6e7e8;\"> <span style=\"font-size: small;\">16 &#8211; 35 mm<\/span> <\/p>\n<\/td>\n<\/tr>\n<tr>\n<td width=\"270\">\n<p style=\"padding: 0cm 0cm 0.53cm; border: medium medium 1px none none solid -moz-use-text-color -moz-use-text-color #e6e7e8;\"> <span style=\"font-size: small;\">Abertura<\/span> <\/p>\n<\/td>\n<td width=\"349\">\n<p style=\"padding: 0cm 0cm 0.53cm; border: medium medium 1px none none solid -moz-use-text-color -moz-use-text-color #e6e7e8;\"> <span style=\"font-size: small;\">M\u00e1ximo: f\/4<br \/> M\u00ednimo: f\/22<\/span> <\/p>\n<\/td>\n<\/tr>\n<tr>\n<td width=\"270\">\n<p style=\"padding: 0cm 0cm 0.53cm; border: medium medium 1px none none solid -moz-use-text-color -moz-use-text-color #e6e7e8;\"> <span style=\"font-size: small;\">Tipo de montaje de la c\u00e1mara<\/span> <\/p>\n<\/td>\n<td width=\"349\">\n<p style=\"padding: 0cm 0cm 0.53cm; border: medium medium 1px none none solid -moz-use-text-color -moz-use-text-color #e6e7e8;\"> <span style=\"font-size: small;\">Sony E (fotograma completo)<\/span> <\/p>\n<\/td>\n<\/tr>\n<tr>\n<td width=\"270\">\n<p style=\"padding: 0cm 0cm 0.53cm; border: medium medium 1px none none solid -moz-use-text-color -moz-use-text-color #e6e7e8;\"> <span style=\"font-size: small;\">Compatibilidad de formatos<\/span> <\/p>\n<\/td>\n<td width=\"349\">\n<p style=\"padding: 0cm 0cm 0.53cm; border: medium medium 1px none none solid -moz-use-text-color -moz-use-text-color #e6e7e8;\"> <span style=\"font-size: small;\">Pel\u00edcula de 35 mm \/ sensor digital de fotograma completo<\/span> <\/p>\n<\/td>\n<\/tr>\n<tr>\n<td width=\"270\">\n<p style=\"padding: 0cm 0cm 0.53cm; border: medium medium 1px none none solid -moz-use-text-color -moz-use-text-color #e6e7e8;\"> <span style=\"font-size: small;\">\u00c1ngulo<\/span> <\/p>\n<\/td>\n<td width=\"349\">\n<p style=\"padding: 0cm 0cm 0.53cm; border: medium medium 1px none none solid -moz-use-text-color -moz-use-text-color #e6e7e8;\"> <span style=\"font-size: small;\">107\u00b0 &#8211; 63\u00b0<\/span> <\/p>\n<\/td>\n<\/tr>\n<tr>\n<td width=\"270\">\n<p style=\"padding: 0cm 0cm 0.53cm; border: medium medium 1px none none solid -moz-use-text-color -moz-use-text-color #e6e7e8;\"> <span style=\"font-size: small;\">Distancia m\u00ednima de enfoque<\/span> <\/p>\n<\/td>\n<td width=\"349\">\n<p style=\"padding: 0cm 0cm 0.53cm; border: medium medium 1px none none solid -moz-use-text-color -moz-use-text-color #e6e7e8;\"> <span style=\"font-size: small;\">11,02&#8243; (28 cm)<\/span> <\/p>\n<\/td>\n<\/tr>\n<tr>\n<td width=\"270\">\n<p style=\"padding: 0cm 0cm 0.53cm; border: medium medium 1px none none solid -moz-use-text-color -moz-use-text-color #e6e7e8;\"> <span style=\"font-size: small;\">Ampliaci\u00f3n<\/span> <\/p>\n<\/td>\n<td width=\"349\">\n<p style=\"padding: 0cm 0cm 0.53cm; border: medium medium 1px none none solid -moz-use-text-color -moz-use-text-color #e6e7e8;\"> <span style=\"font-size: small;\">0,19 veces<\/span> <\/p>\n<\/td>\n<\/tr>\n<tr>\n<td width=\"270\">\n<p style=\"padding: 0cm 0cm 0.53cm; border: medium medium 1px none none solid -moz-use-text-color -moz-use-text-color #e6e7e8;\"> <span style=\"font-size: small;\">Velocidad m\u00e1xima de reproducci\u00f3n<\/span> <\/p>\n<\/td>\n<td width=\"349\">\n<p style=\"padding: 0cm 0cm 0.53cm; border: medium medium 1px none none solid -moz-use-text-color -moz-use-text-color #e6e7e8;\"> <span style=\"font-size: small;\">1:5.3<\/span> <\/p>\n<\/td>\n<\/tr>\n<tr>\n<td width=\"270\">\n<p style=\"padding: 0cm 0cm 0.53cm; border: medium medium 1px none none solid -moz-use-text-color -moz-use-text-color #e6e7e8;\"> <span style=\"font-size: small;\">Elementos\/Grupos<\/span> <\/p>\n<\/td>\n<td width=\"349\">\n<p style=\"padding: 0cm 0cm 0.53cm; border: medium medium 1px none none solid -moz-use-text-color -moz-use-text-color #e6e7e8;\"> <span style=\"font-size: small;\">12\/10<\/span> <\/p>\n<\/td>\n<\/tr>\n<tr>\n<td width=\"270\">\n<p style=\"padding: 0cm 0cm 0.53cm; border: medium medium 1px none none solid -moz-use-text-color -moz-use-text-color #e6e7e8;\"> <span style=\"font-size: small;\">Hojas de diafragma<\/span> <\/p>\n<\/td>\n<td width=\"349\">\n<p style=\"padding: 0cm 0cm 0.53cm; border: medium medium 1px none none solid -moz-use-text-color -moz-use-text-color #e6e7e8;\"> <span style=\"font-size: small;\">7, redondeado<\/span> <\/p>\n<\/td>\n<\/tr>\n<\/tbody>\n<\/table>\n<table style=\"width: 220px;\" border=\"0\" cellspacing=\"0\" cellpadding=\"2\">\n<colgroup>\n<col width=\"177\"><\/colgroup>\n<colgroup>\n<col width=\"35\"><\/colgroup>\n<tbody>\n<tr>\n<th colspan=\"2\" width=\"216\">\n<p style=\"padding: 0cm; font-style: normal; font-weight: normal;\"> <span style=\"font-size: small;\"><a name=\"23001\"><\/a><span style=\"font-size: x-large;\">Recursos<\/span><\/span> <\/p>\n<\/th>\n<\/tr>\n<tr>\n<td width=\"177\">\n<p style=\"padding: 0cm 0cm 0.53cm; border: medium medium 1px none none solid -moz-use-text-color -moz-use-text-color #e6e7e8;\"> <span style=\"font-size: small;\">Estabilizaci\u00f3n de imagen<\/span> <\/p>\n<\/td>\n<td width=\"35\">\n<p style=\"padding: 0cm 0cm 0.53cm; border: medium medium 1px none none solid -moz-use-text-color -moz-use-text-color #e6e7e8;\"> <span style=\"font-size: small;\">S\u00ed<\/span> <\/p>\n<\/td>\n<\/tr>\n<tr>\n<td width=\"177\">\n<p style=\"padding: 0cm 0cm 0.53cm; border: medium medium 1px none none solid -moz-use-text-color -moz-use-text-color #e6e7e8;\"> <span style=\"font-size: small;\">Autom\u00e1tico<\/span> <\/p>\n<\/td>\n<td width=\"35\">\n<p style=\"padding: 0cm 0cm 0.53cm; border: medium medium 1px none none solid -moz-use-text-color -moz-use-text-color #e6e7e8;\"> <span style=\"font-size: small;\">S\u00ed<\/span> <\/p>\n<\/td>\n<\/tr>\n<\/tbody>\n<\/table>\n<table style=\"width: 508px;\" border=\"0\" cellspacing=\"0\" cellpadding=\"2\">\n<colgroup>\n<col width=\"163\"><\/colgroup>\n<colgroup>\n<col width=\"337\"><\/colgroup>\n<tbody>\n<tr>\n<th colspan=\"2\" width=\"504\">\n<p style=\"padding: 0cm; font-style: normal; font-weight: normal;\"> <span style=\"font-size: small;\"><a name=\"11501\"><\/a><span style=\"font-size: x-large;\">F\u00edsico<\/span><\/span> <\/p>\n<\/th>\n<\/tr>\n<tr>\n<td width=\"163\">\n<p style=\"padding: 0cm 0cm 0.53cm; border: medium medium 1px none none solid -moz-use-text-color -moz-use-text-color #e6e7e8;\"> <span style=\"font-size: small;\">Tema de filtro<\/span> <\/p>\n<\/td>\n<td width=\"337\">\n<p style=\"padding: 0cm 0cm 0.53cm; border: medium medium 1px none none solid -moz-use-text-color -moz-use-text-color #e6e7e8;\"> <span style=\"font-size: small;\">Frontal: 72 mm<\/span> <\/p>\n<\/td>\n<\/tr>\n<tr>\n<td width=\"163\">\n<p style=\"padding: 0cm 0cm 0.53cm; border: medium medium 1px none none solid -moz-use-text-color -moz-use-text-color #e6e7e8;\"> <span style=\"font-size: small;\">Dimensiones (DxL)<\/span> <\/p>\n<\/td>\n<td width=\"337\">\n<p style=\"padding: 0cm 0cm 0.53cm; border: medium medium 1px none none solid -moz-use-text-color -moz-use-text-color #e6e7e8;\"> <span style=\"font-size: small;\">Aproximadamente. 3,07 x 3,88&#8243; (78 x 98,5 mm) <\/span> <\/p>\n<\/td>\n<\/tr>\n<tr>\n<td width=\"163\">\n<p style=\"padding: 0cm 0cm 0.53cm; border: medium medium 1px none none solid -moz-use-text-color -moz-use-text-color #e6e7e8;\"> <span style=\"font-size: small;\">Peso<\/span> <\/p>\n<\/td>\n<td width=\"337\">\n<p style=\"padding: 0cm 0cm 0.53cm; border: medium medium 1px none none solid -moz-use-text-color -moz-use-text-color #e6e7e8;\"> <span style=\"font-size: small;\">518 g (18,27 oz)<\/span><\/p>\n<\/td>\n<\/tr>\n<\/tbody>\n<\/table>\n<p style=\"margin-bottom: 0cm;\"> <span style=\"font-size: small;\">&nbsp;<\/span><\/p>\n","protected":false},"excerpt":{"rendered":"<p>ASPECTOS DESTACADOS DEL PRODUCTO Lente con montura E\/formato de fotograma completo Rango de apertura: f\/4 a f\/22 Un elemento AA,<\/p>\n","protected":false},"featured_media":54269,"comment_status":"closed","ping_status":"open","template":"","meta":{"_acf_changed":false},"product_brand":[2537],"product_cat":[1062],"product_tag":[],"class_list":{"0":"post-74064","1":"product","2":"type-product","3":"status-publish","4":"has-post-thumbnail","6":"product_brand-sony-es","7":"product_cat-mirrorless-objectivos","8":"pa_abertura-maxima-f-4-es","10":"first","11":"onbackorder","12":"taxable","13":"shipping-taxable","14":"purchasable","15":"product-type-simple"},"bundled_by":[],"bundle_stock_status":"onbackorder","bundle_stock_quantity":null,"bundle_virtual":false,"bundle_layout":"","bundle_add_to_cart_form_location":"","bundle_editable_in_cart":false,"bundle_sold_individually_context":"","bundle_item_grouping":"","bundle_min_size":"","bundle_max_size":"","bundle_price":[],"bundled_items":[],"bundle_sell_ids":[],"acf":[],"_links":{"self":[{"href":"https:\/\/hi-techwonder.com\/es\/wp-json\/wp\/v2\/product\/74064","targetHints":{"allow":["GET"]}}],"collection":[{"href":"https:\/\/hi-techwonder.com\/es\/wp-json\/wp\/v2\/product"}],"about":[{"href":"https:\/\/hi-techwonder.com\/es\/wp-json\/wp\/v2\/types\/product"}],"replies":[{"embeddable":true,"href":"https:\/\/hi-techwonder.com\/es\/wp-json\/wp\/v2\/comments?post=74064"}],"wp:featuredmedia":[{"embeddable":true,"href":"https:\/\/hi-techwonder.com\/es\/wp-json\/wp\/v2\/media\/54269"}],"wp:attachment":[{"href":"https:\/\/hi-techwonder.com\/es\/wp-json\/wp\/v2\/media?parent=74064"}],"wp:term":[{"taxonomy":"product_brand","embeddable":true,"href":"https:\/\/hi-techwonder.com\/es\/wp-json\/wp\/v2\/product_brand?post=74064"},{"taxonomy":"product_cat","embeddable":true,"href":"https:\/\/hi-techwonder.com\/es\/wp-json\/wp\/v2\/product_cat?post=74064"},{"taxonomy":"product_tag","embeddable":true,"href":"https:\/\/hi-techwonder.com\/es\/wp-json\/wp\/v2\/product_tag?post=74064"}],"curies":[{"name":"wp","href":"https:\/\/api.w.org\/{rel}","templated":true}]}}