{"id":74065,"date":"2025-07-29T09:48:12","date_gmt":"2025-07-29T09:48:12","guid":{"rendered":"https:\/\/fv6qoy3ls0.wpdns.site\/product\/sony-sel1635gm-fe-16-35mm-f-2-8-gm\/"},"modified":"2026-01-30T09:13:32","modified_gmt":"2026-01-30T09:13:32","slug":"sony-sel1635gm-fe-16-35mm-f-2-8-gm","status":"publish","type":"product","link":"https:\/\/hi-techwonder.com\/es\/producto\/sony-sel1635gm-fe-16-35mm-f-2-8-gm\/","title":{"rendered":"SONY SEL1635GM FE 16-35mm f\/2.8 GM"},"content":{"rendered":"<p><strong>Productos destacados:<\/strong><\/p>\n<ul>\n<li>Lente con montura E\/formato de fotograma completo<\/li>\n<li>Rango de apertura: f\/2.8 a f\/22<\/li>\n<li>Dos elementos de dispersi\u00f3n extra baja<\/li>\n<li>Tres elementos asf\u00e9ricos y dos XA<\/li>\n<li>Recubrimiento Nano AR y recubrimiento de fl\u00faor<\/li>\n<li>Motores AF de ondas supers\u00f3nicas de accionamiento directo<\/li>\n<li>Bot\u00f3n de retenci\u00f3n de enfoque; Interruptor AF\/MF<\/li>\n<li>Construcci\u00f3n resistente al polvo y la humedad<\/li>\n<li>Diafragma circular de once hojas<\/li>\n<\/ul>\n<p><strong><br \/>En la caja:<\/strong><\/p>\n<ul>\n<li>Lente Sony FE 16-35mm f\/2.8 GM<\/li>\n<li>ALC-SH149 Parasol<\/li>\n<li>ALC-F82S Tapa frontal del objetivo de 82 mm<\/li>\n<li>Tapa trasera del objetivo ALC-R1EM<\/li>\n<li>Estuche de lentes<\/li>\n<\/ul>\n<p>Un zoom gran angular r\u00e1pido y flexible, el lente FE 16-35 mm f\/2.8 GM de Sony es un zoom gran angular dise\u00f1ado para c\u00e1maras sin espejo con montura E de fotograma completo. Distinguido por su apertura m\u00e1xima constante de f\/2.8, este lente ofrece un rendimiento constante en todo el rango de zoom y beneficia el trabajo en condiciones de poca luz. El dise\u00f1o \u00f3ptico incorpora dos elementos de dispersi\u00f3n extra baja para reducir las aberraciones crom\u00e1ticas, junto con dos elementos XA y tres elementos asf\u00e9ricos, que controlan significativamente las aberraciones esf\u00e9ricas para un alto grado de nitidez y claridad de la imagen. Adem\u00e1s, se ha aplicado un recubrimiento Nano AR para limitar las im\u00e1genes fantasma y los destellos de la lente para aumentar el contraste y la fidelidad del color cuando se trabaja en condiciones de iluminaci\u00f3n intensa.   <\/p>\n<p>Complementando los activos \u00f3pticos, este lente tambi\u00e9n se destaca por su inclusi\u00f3n de un diafragma circular de 11 hojas para producir un bokeh suave y de bordes suaves con im\u00e1genes de enfoque selectivo. Para controlar el enfoque, se emplean dos grupos de AF de accionamiento directo SSM que son r\u00e1pidos y silenciosos y tambi\u00e9n proporcionan un control m\u00e1s sensible para la operaci\u00f3n de enfoque manual. El objetivo tambi\u00e9n cuenta con un dise\u00f1o a prueba de polvo y humedad para resistir disparos en condiciones adversas, y un bot\u00f3n de retenci\u00f3n de enfoque dedicado y un interruptor AF\/MF.  <\/p>\n<ul>\n<li>Como parte de la estimada serie G Master de Sony, este objetivo est\u00e1 dise\u00f1ado para lograr una resoluci\u00f3n y nitidez notablemente altas mediante la correcci\u00f3n de una amplia gama de aberraciones esf\u00e9ricas y crom\u00e1ticas. Adem\u00e1s, estos lentes cuentan con dise\u00f1os f\u00edsicos robustos que son intuitivos de manejar para beneficiar las aplicaciones de fotograf\u00eda y cine. <\/li>\n<li>Zoom gran angular dise\u00f1ado para c\u00e1maras sin espejo con montura E de fotograma completo, este objetivo tambi\u00e9n es compatible con los modelos APS-C, donde proporciona un rango de distancia focal equivalente a 24-52,5 mm.<\/li>\n<li>La apertura m\u00e1xima constante de f\/2.8 ofrece un rendimiento constante en todo el rango de zoom para trabajar en condiciones de iluminaci\u00f3n dif\u00edciles.<\/li>\n<li>Dos elementos XA (asf\u00e9ricos extremos) y tres elementos asf\u00e9ricos se incorporan en el dise\u00f1o \u00f3ptico, que cuentan con una precisi\u00f3n superficial superior para un control efectivo sobre el astigmatismo, la curvatura del campo, el coma y otras aberraciones esf\u00e9ricas.<\/li>\n<li>Dos elementos de dispersi\u00f3n extra baja se presentan en el dise\u00f1o de la lente y ayudan a reducir las aberraciones crom\u00e1ticas y las franjas de color para una mayor claridad y neutralidad del color.<\/li>\n<li>Se ha aplicado un recubrimiento Nano AR para reducir los reflejos de la superficie, los reflejos y las im\u00e1genes fantasma para aumentar el contraste y la reproducci\u00f3n del color en condiciones de iluminaci\u00f3n intensa.<\/li>\n<li>Dos grupos de enfoque autom\u00e1tico Direct Drive SSM (DDSSM) ofrecen un rendimiento de enfoque r\u00e1pido, silencioso y preciso que es ideal para aplicaciones de im\u00e1genes fijas y v\u00eddeo.<\/li>\n<li>El dise\u00f1o sellado contra el polvo y la humedad le permite trabajar mejor en condiciones adversas, y los anillos de control de goma benefician el manejo en temperaturas m\u00e1s fr\u00edas. Adem\u00e1s, el elemento frontal tiene un revestimiento de fl\u00faor para proteger contra las huellas dactilares y el polvo. <\/li>\n<li>El diafragma redondeado de 11 hojas contribuye a una agradable calidad de bokeh cuando se emplean t\u00e9cnicas de enfoque selectivo.<\/li>\n<\/ul>\n<h2>Sony 16-35mm f\/2.8 ficha tecnica<\/h2>\n<table style=\"width: 472px;\" border=\"0\" cellspacing=\"0\" cellpadding=\"2\">\n<colgroup>\n<col width=\"202\">\n<col width=\"262\"><\/colgroup>\n<tbody>\n<tr>\n<th colspan=\"2\" width=\"468\">\n<p><a name=\"11011\"><\/a>interino<\/p>\n<\/th>\n<\/tr>\n<tr>\n<td width=\"202\">\n<p>Distancia focal<\/p>\n<\/td>\n<td width=\"262\">\n<p>16 &#8211; 35 mm<\/p>\n<\/td>\n<\/tr>\n<tr>\n<td width=\"202\">\n<p>Abertura<\/p>\n<\/td>\n<td width=\"262\">\n<p>M\u00e1ximo: f\/2.8<br \/>M\u00ednimo: f\/22<\/p>\n<\/td>\n<\/tr>\n<tr>\n<td width=\"202\">\n<p>Tipo de montaje de la c\u00e1mara<\/p>\n<\/td>\n<td width=\"262\">\n<p>Sony E<\/p>\n<\/td>\n<\/tr>\n<tr>\n<td width=\"202\">\n<p>Compatibilidad de formatos<\/p>\n<\/td>\n<td width=\"262\">\n<p>Pel\u00edcula de 35 mm \/ sensor digital de fotograma completo<\/p>\n<\/td>\n<\/tr>\n<tr>\n<td width=\"202\">\n<p>\u00c1ngulo<\/p>\n<\/td>\n<td width=\"262\">\n<p>107\u00b0 &#8211; 63\u00b0<\/p>\n<\/td>\n<\/tr>\n<tr>\n<td width=\"202\">\n<p>Distancia m\u00ednima de enfoque<\/p>\n<\/td>\n<td width=\"262\">\n<p>28 cm<\/p>\n<\/td>\n<\/tr>\n<tr>\n<td width=\"202\">\n<p>Ampliaci\u00f3n<\/p>\n<\/td>\n<td width=\"262\">\n<p>0,19 veces<\/p>\n<\/td>\n<\/tr>\n<tr>\n<td width=\"202\">\n<p>Velocidad m\u00e1xima de reproducci\u00f3n<\/p>\n<\/td>\n<td width=\"262\">\n<p>1:5.26<\/p>\n<\/td>\n<\/tr>\n<tr>\n<td width=\"202\">\n<p>Elementos\/Grupos<\/p>\n<\/td>\n<td width=\"262\">\n<p>16\/13<\/p>\n<\/td>\n<\/tr>\n<tr>\n<td width=\"202\">\n<p>Hojas de diafragma<\/p>\n<\/td>\n<td width=\"262\">\n<p>11, redondeado<\/p>\n<\/td>\n<\/tr>\n<\/tbody>\n<\/table>\n<table style=\"width: 472px;\" border=\"0\" cellspacing=\"0\" cellpadding=\"2\">\n<colgroup>\n<col width=\"203\">\n<col width=\"261\"><\/colgroup>\n<tbody>\n<tr>\n<th colspan=\"2\" width=\"468\">\n<p><a name=\"23001\"><\/a>Recursos<\/p>\n<\/th>\n<\/tr>\n<tr>\n<td width=\"203\">\n<p>Estabilizaci\u00f3n de imagen<\/p>\n<\/td>\n<td width=\"261\">\n<p>No<\/p>\n<\/td>\n<\/tr>\n<tr>\n<td width=\"203\">\n<p>Autom\u00e1tico<\/p>\n<\/td>\n<td width=\"261\">\n<p>S\u00ed<\/p>\n<\/td>\n<\/tr>\n<tr>\n<td width=\"203\">\n<p>Collar de tr\u00edpode<\/p>\n<\/td>\n<td width=\"261\">\n<p>No<\/p>\n<\/td>\n<\/tr>\n<\/tbody>\n<\/table>\n<table style=\"width: 399px;\" border=\"0\" cellspacing=\"0\" cellpadding=\"2\">\n<colgroup>\n<col width=\"203\">\n<col width=\"188\"><\/colgroup>\n<tbody>\n<tr>\n<th colspan=\"2\" width=\"395\">\n<p><a name=\"11501\"><\/a>F\u00edsico<\/p>\n<\/th>\n<\/tr>\n<tr>\n<td width=\"203\">\n<p>Tema de filtro<\/p>\n<\/td>\n<td width=\"188\">\n<p>Frontal: 82 mm<\/p>\n<\/td>\n<\/tr>\n<tr>\n<td width=\"203\">\n<p>Dimensiones (DxL)<\/p>\n<\/td>\n<td width=\"188\">\n<p>Aproximadamente. 88,5 x 121,6 mil\u00edmetros <\/p>\n<\/td>\n<\/tr>\n<tr>\n<td width=\"203\">\n<p>Peso<\/p>\n<\/td>\n<td width=\"188\">\n<p>680 gramos<\/p>\n<\/td>\n<\/tr>\n<\/tbody>\n<\/table>\n<table style=\"width: 399px;\" border=\"0\" cellspacing=\"0\" cellpadding=\"2\">\n<colgroup>\n<col width=\"202\">\n<col width=\"189\"><\/colgroup>\n<tbody>\n<tr>\n<th colspan=\"2\" width=\"395\">\n<p><a name=\"shipping\"><\/a>Informaci\u00f3n de embalaje<\/p>\n<\/th>\n<\/tr>\n<tr>\n<td width=\"202\">\n<p>Peso del paquete<\/p>\n<\/td>\n<td width=\"189\">\n<p>1,2 kg<\/p>\n<\/td>\n<\/tr>\n<tr>\n<td width=\"202\">\n<p>Dimensiones de la caja (LxWxH)<\/p>\n<\/td>\n<td width=\"189\">\n<p>213 x 140 x 130 mm<\/p>\n<\/td>\n<\/tr>\n<\/tbody>\n<\/table>\n<p><object data=\"https:\/\/www.youtube.com\/v\/ZVhraMnuJmQ\" type=\"application\/x-shockwave-flash\" width=\"425\" height=\"350\"><param name=\"src\" value=\"https:\/\/www.youtube.com\/v\/ZVhraMnuJmQ\"><\/object><\/p>\n","protected":false},"excerpt":{"rendered":"<p>Productos destacados: Lente con montura E\/formato de fotograma completo Rango de apertura: f\/2.8 a f\/22 Dos elementos de dispersi\u00f3n extra<\/p>\n","protected":false},"featured_media":54284,"comment_status":"closed","ping_status":"open","template":"","meta":{"_acf_changed":false},"product_brand":[2537],"product_cat":[1062],"product_tag":[],"class_list":{"0":"post-74065","1":"product","2":"type-product","3":"status-publish","4":"has-post-thumbnail","6":"product_brand-sony-es","7":"product_cat-mirrorless-objectivos","8":"pa_abertura-maxima-f-2-8-es","10":"first","11":"onbackorder","12":"taxable","13":"shipping-taxable","14":"purchasable","15":"product-type-simple"},"bundled_by":[],"bundle_stock_status":"onbackorder","bundle_stock_quantity":null,"bundle_virtual":false,"bundle_layout":"","bundle_add_to_cart_form_location":"","bundle_editable_in_cart":false,"bundle_sold_individually_context":"","bundle_item_grouping":"","bundle_min_size":"","bundle_max_size":"","bundle_price":[],"bundled_items":[],"bundle_sell_ids":[],"acf":[],"_links":{"self":[{"href":"https:\/\/hi-techwonder.com\/es\/wp-json\/wp\/v2\/product\/74065","targetHints":{"allow":["GET"]}}],"collection":[{"href":"https:\/\/hi-techwonder.com\/es\/wp-json\/wp\/v2\/product"}],"about":[{"href":"https:\/\/hi-techwonder.com\/es\/wp-json\/wp\/v2\/types\/product"}],"replies":[{"embeddable":true,"href":"https:\/\/hi-techwonder.com\/es\/wp-json\/wp\/v2\/comments?post=74065"}],"wp:featuredmedia":[{"embeddable":true,"href":"https:\/\/hi-techwonder.com\/es\/wp-json\/wp\/v2\/media\/54284"}],"wp:attachment":[{"href":"https:\/\/hi-techwonder.com\/es\/wp-json\/wp\/v2\/media?parent=74065"}],"wp:term":[{"taxonomy":"product_brand","embeddable":true,"href":"https:\/\/hi-techwonder.com\/es\/wp-json\/wp\/v2\/product_brand?post=74065"},{"taxonomy":"product_cat","embeddable":true,"href":"https:\/\/hi-techwonder.com\/es\/wp-json\/wp\/v2\/product_cat?post=74065"},{"taxonomy":"product_tag","embeddable":true,"href":"https:\/\/hi-techwonder.com\/es\/wp-json\/wp\/v2\/product_tag?post=74065"}],"curies":[{"name":"wp","href":"https:\/\/api.w.org\/{rel}","templated":true}]}}