{"id":74066,"date":"2025-07-29T09:47:58","date_gmt":"2025-07-29T09:47:58","guid":{"rendered":"https:\/\/fv6qoy3ls0.wpdns.site\/product\/sony-sel90m28g-fe-90mm-f-2-8-macro-g-oss\/"},"modified":"2026-01-30T09:13:24","modified_gmt":"2026-01-30T09:13:24","slug":"sony-sel90m28g-fe-90mm-f-2-8-macro-g-oss","status":"publish","type":"product","link":"https:\/\/hi-techwonder.com\/es\/producto\/sony-sel90m28g-fe-90mm-f-2-8-macro-g-oss\/","title":{"rendered":"SONY SEL90M28G FE 90mm f\/2.8 Macro G OSS"},"content":{"rendered":"<p><span style=\"font-size: small;\"><strong>ASPECTOS DESTACADOS DEL PRODUCTO<\/strong><\/p>\n<p><\/span><\/p>\n<ul>\n<li><span style=\"font-size: small;\">Lente con montura E\/formato de fotograma completo<\/span><\/li>\n<li><span style=\"font-size: small;\">Rango de apertura: f\/2.8 a f\/22<\/span><\/li>\n<li><span style=\"font-size: small;\">Relaci\u00f3n de aumento de 1:1; Enfoque interno<\/span><\/li>\n<li><span style=\"font-size: small;\">Elementos asf\u00e9ricos, ED y Super ED<\/span><\/li>\n<li><span style=\"font-size: small;\">Recubrimiento Nano AR<\/span><\/li>\n<li><span style=\"font-size: small;\">Motor AF de onda supers\u00f3nica de accionamiento directo<\/span><\/li>\n<li><span style=\"font-size: small;\">Estabilizaci\u00f3n de imagen \u00f3ptica SteadyShot<\/span><\/li>\n<li><span style=\"font-size: small;\">Bot\u00f3n de retenci\u00f3n de enfoque y limitador de rango de enfoque<\/span><\/li>\n<li><span style=\"font-size: small;\">Anillo de enfoque deslizante para la selecci\u00f3n de AF\/MF<\/span><\/li>\n<li><span style=\"font-size: small;\">Distancia m\u00ednima de enfoque: 11&#8243;<\/span><\/li>\n<\/ul>\n<p><span style=\"font-size: small;\">&nbsp;<\/span><\/p>\n<p><span style=\"font-size: small;\">Ac\u00e9rcate a la relaci\u00f3n de aumento de 1:1 del objetivo macro G OSS FE 90mm f\/2.8 compatible con fotograma completo para las c\u00e1maras mirrorless con montura E de Sony. Optimizado para la fotograf\u00eda macro, este teleobjetivo medio utiliza un elemento asf\u00e9rico junto con un cristal de dispersi\u00f3n extra baja y s\u00faper baja para crear im\u00e1genes n\u00edtidas con una aberraci\u00f3n m\u00ednima. Adem\u00e1s, cuenta con un recubrimiento Nano AR que suprime los reflejos y permite una transmisi\u00f3n eficiente de la luz para fotograf\u00edas n\u00edtidas.  <\/span><\/p>\n<p><span style=\"font-size: small;\">Su apertura m\u00e1xima de f\/2.8 es efectiva cuando se dispara con poca luz y permite enfocar con poca profundidad de campo. Un sistema de enfoque interno en el que solo los grupos \u00f3pticos centrales se mueven al enfocar proporciona una acci\u00f3n de enfoque autom\u00e1tico r\u00e1pida y una distancia m\u00ednima de enfoque corta de 11&#8243;. Adem\u00e1s, la lente no se extiende al enfocar y la parte delantera no gira. El motor Direct Drive Super Sonic Wave AF emplea elementos piezoel\u00e9ctricos que oscilan a frecuencias ultras\u00f3nicas para dirigir la lente de enfoque con precisi\u00f3n y casi en silencio. El anillo de enfoque se desliza hacia adelante y hacia atr\u00e1s para seleccionar el enfoque manual o autom\u00e1tico y con un bot\u00f3n de retenci\u00f3n de enfoque y un control de interruptor donde coloca el enfoque.    <br \/><\/span><\/p>\n<p><span style=\"font-size: small;\">Un sistema de estabilizaci\u00f3n \u00f3ptica de imagen utiliza sensores girosc\u00f3picos para detectar el movimiento de la c\u00e1mara y motores lineales silenciosos para cambiar la lente de estabilizaci\u00f3n para el control del desenfoque, lo cual es muy \u00fatil cuando se dispara macro y \/ o con poca luz. Nueve hojas de apertura circulares crean un dise\u00f1o de diafragma \u00fanico que es casi perfectamente circular en todo su rango de apertura y, por lo tanto, ayuda a crear agradables reflejos desenfocados. Finalmente, una construcci\u00f3n hermosa y robusta con un dise\u00f1o resistente al polvo y la humedad contribuye a la calidad general y durabilidad de esta \u00f3ptica delgada.  <\/span><\/p>\n<p><span style=\"font-size: small;\"><br \/><strong>Lente macro teleobjetivo con montura E de fotograma completo<\/strong><br \/>Un teleobjetivo principal de 90 mm con capacidad macro 1:1, ofrece una apertura m\u00e1xima de f\/2.8 para una efectividad con poca luz y un control de profundidad de campo reducido. Compatible con c\u00e1maras con montura E de fotograma completo, tambi\u00e9n se puede utilizar en c\u00e1maras con montura E APS-C con un \u00e1ngulo de visi\u00f3n equivalente a un objetivo de 135 mm en formato de 35 mm\/fotograma completo. <br \/><\/span><\/p>\n<p><span style=\"font-size: small;\"><strong>Enfoque interno<\/strong><br \/>Solo los grupos intermedios del sistema \u00f3ptico se mueven para lograr el enfoque, por lo que la longitud total de la lente no cambia. Otros beneficios clave incluyen un enfoque autom\u00e1tico r\u00e1pido y una distancia m\u00ednima de enfoque corta. Adem\u00e1s, la rosca del filtro en la parte frontal de la lente no gira, lo cual es conveniente si est\u00e1 utilizando un filtro polarizador.  <br \/><\/span><\/p>\n<p><span style=\"font-size: small;\"><strong>Bot\u00f3n de retenci\u00f3n de enfoque<\/strong><br \/>Una vez que haya ajustado el enfoque a donde lo desea, presionar este bot\u00f3n en el cilindro de la lente mantendr\u00e1 la lente bloqueada a esa distancia de enfoque. La funci\u00f3n de vista previa tambi\u00e9n se puede asignar a este bot\u00f3n a trav\u00e9s de la configuraci\u00f3n personalizada de la c\u00e1mara. <br \/><\/span><\/p>\n<p><span style=\"font-size: small;\"><strong>Limitador de rango de enfoque<\/strong><br \/>Esta funci\u00f3n le permite establecer un l\u00edmite en el rango de enfoque, lo que puede ahorrar tiempo durante la operaci\u00f3n AF, ya que la lente no \u00abcaza\u00bb en todo el rango de enfoque. En esta lente macro, se admiten tres rangos: Completo, infinito a 19.7 \u00aby 11&#8243; a 19.7\u00bb. <br \/><\/span><\/p>\n<p><span style=\"font-size: small;\"><strong>Anillo de enfoque deslizante<\/strong><br \/>El anillo de enfoque se desliza hacia adelante y hacia atr\u00e1s para seleccionar el enfoque manual o autom\u00e1tico.<br \/><\/span><\/p>\n<p><span style=\"font-size: small;\"><strong>Motor AF de onda supers\u00f3nica de accionamiento directo<\/strong><br \/>El controlador de enfoque DDSSM silencioso y preciso emplea elementos piezoel\u00e9ctricos que oscilan a frecuencias ultras\u00f3nicas para impulsar los grupos de lentes de enfoque. En este caso, dos grupos de enfoque flotantes son impulsados por sistemas DDSSM independientes para un posicionamiento preciso de los lentes relativamente pesados necesarios para la fotograf\u00eda macro. El sistema es notablemente silencioso, lo que lo hace ideal para la fotograf\u00eda de animales e insectos, as\u00ed como para la grabaci\u00f3n de video. Tambi\u00e9n mejora la precisi\u00f3n de la \u00aboscilaci\u00f3n de enfoque\u00bb empleada para lograr un enfoque \u00f3ptimo al grabar videos.   <br \/><\/span><\/p>\n<p><span style=\"font-size: small;\"><strong>Estabilizaci\u00f3n \u00f3ptica de imagen basada en lentes<\/strong><br \/>Los sensores girosc\u00f3picos integrados en la lente detectan incluso el m\u00e1s m\u00ednimo movimiento, y la lente de estabilizaci\u00f3n se desplaza con precisi\u00f3n para contrarrestar cualquier desenfoque de imagen que pueda ocurrir. El uso de motores lineales precisos y silenciosos y la tecnolog\u00eda heredada de las videoc\u00e1maras profesionales de gama alta de Sony da como resultado una estabilizaci\u00f3n de imagen excepcionalmente silenciosa y efectiva que contribuye a pel\u00edculas y fotos de alta calidad. <br \/><\/span><\/p>\n<p><span style=\"font-size: small;\"><strong>Elementos de lente asf\u00e9rica<\/strong><br \/>El dise\u00f1o de la lente asf\u00e9rica reduce dr\u00e1sticamente la aberraci\u00f3n esf\u00e9rica, adem\u00e1s de reducir el tama\u00f1o y el peso de la lente. Los elementos asf\u00e9ricos de forma especial cerca del diafragma restauran la alineaci\u00f3n de los rayos de luz en el plano de la imagen, manteniendo una alta nitidez y contraste incluso en la apertura m\u00e1xima, y tambi\u00e9n se pueden usar en otros puntos de la trayectoria \u00f3ptica para reducir la distorsi\u00f3n. <br \/><\/span><\/p>\n<p><span style=\"font-size: small;\"><strong>Vidrio ED y Super ED<\/strong><br \/>Los elementos de vidrio de dispersi\u00f3n ultrabaja y s\u00faper baja reducen la aberraci\u00f3n crom\u00e1tica para obtener im\u00e1genes n\u00edtidas y con colores precisos.<br \/><\/span><\/p>\n<p><span style=\"font-size: small;\"><strong>Recubrimiento Nano AR<\/strong><br \/>Suprime eficazmente los reflejos que pueden causar destellos y fantasmas con la tecnolog\u00eda de recubrimiento Nano AR original de Sony. Esta nanoestructura permite una transmisi\u00f3n precisa de la luz, contribuyendo a obtener im\u00e1genes de alta calidad, incluso m\u00e1s que las lentes con recubrimientos que utilizan una nanoestructura irregular. La caracter\u00edstica de supresi\u00f3n de reflejos del recubrimiento Nano AR es superior a los recubrimientos antirreflectantes convencionales, lo que proporciona una mejora notable en la claridad, el contraste y la calidad general de la imagen.  <br \/><\/span><\/p>\n<p><span style=\"font-size: small;\"><strong>Apertura circular<\/strong><br \/>Al cambiar su apertura para desenfocar el fondo, las fuentes de luz aparecen borrosas. Este efecto &#8216;bokeh&#8217; del fondo borroso se puede mejorar con las hojas de apertura circulares utilizadas en esta lente. Su dise\u00f1o \u00fanico mantiene la abertura casi perfectamente circular desde su configuraci\u00f3n abierta hasta que se cierra en 2 puntos. Como resultado, se puede lograr un desenfoque m\u00e1s suave y natural.   <br \/><\/span><\/p>\n<p><span style=\"font-size: small;\"><strong>Dise\u00f1o resistente al polvo y la humedad<\/strong><br \/>Un dise\u00f1o s\u00f3lido y hermoso se complementa con un sellado resistente al polvo y la humedad, lo que permite que esta lente se use en el campo y en el estudio.<\/span><\/p>\n<p><span style=\"font-size: small;\">&nbsp;<\/span><\/p>\n<p style=\"margin-bottom: 0cm;\"><span style=\"font-size: small;\">&nbsp;<\/span><\/p>\n<table style=\"width: 626px;\" border=\"0\" cellspacing=\"0\" cellpadding=\"2\">\n<colgroup>\n<col width=\"270\"><\/colgroup>\n<colgroup>\n<col width=\"349\"><\/colgroup>\n<tbody>\n<tr>\n<th colspan=\"2\" width=\"622\">\n<p style=\"padding: 0cm; font-style: normal; font-weight: normal;\"><span style=\"font-size: small;\"><a name=\"11011\"><\/a><span style=\"font-size: x-large;\">interino<\/span><\/span><\/p>\n<\/th>\n<\/tr>\n<tr>\n<td width=\"270\">\n<p style=\"padding: 0cm 0cm 0.53cm; border: medium medium 1px none none solid -moz-use-text-color -moz-use-text-color #e6e7e8;\"><span style=\"font-size: small;\">Distancia focal<\/span><\/p>\n<\/td>\n<td width=\"349\">\n<p style=\"padding: 0cm 0cm 0.53cm; border: medium medium 1px none none solid -moz-use-text-color -moz-use-text-color #e6e7e8;\"><span style=\"font-size: small;\">90 mil\u00edmetros<\/span><\/p>\n<\/td>\n<\/tr>\n<tr>\n<td width=\"270\">\n<p style=\"padding: 0cm 0cm 0.53cm; border: medium medium 1px none none solid -moz-use-text-color -moz-use-text-color #e6e7e8;\"><span style=\"font-size: small;\">Abertura<\/span><\/p>\n<\/td>\n<td width=\"349\">\n<p style=\"padding: 0cm 0cm 0.53cm; border: medium medium 1px none none solid -moz-use-text-color -moz-use-text-color #e6e7e8;\"><span style=\"font-size: small;\">M\u00e1ximo: f\/2.8<br \/>M\u00ednimo: f\/22<\/span><\/p>\n<\/td>\n<\/tr>\n<tr>\n<td width=\"270\">\n<p style=\"padding: 0cm 0cm 0.53cm; border: medium medium 1px none none solid -moz-use-text-color -moz-use-text-color #e6e7e8;\"><span style=\"font-size: small;\">Tipo de montaje de la c\u00e1mara<\/span><\/p>\n<\/td>\n<td width=\"349\">\n<p style=\"padding: 0cm 0cm 0.53cm; border: medium medium 1px none none solid -moz-use-text-color -moz-use-text-color #e6e7e8;\"><span style=\"font-size: small;\">Sony E (fotograma completo)<\/span><\/p>\n<\/td>\n<\/tr>\n<tr>\n<td width=\"270\">\n<p style=\"padding: 0cm 0cm 0.53cm; border: medium medium 1px none none solid -moz-use-text-color -moz-use-text-color #e6e7e8;\"><span style=\"font-size: small;\">Compatibilidad de formatos<\/span><\/p>\n<\/td>\n<td width=\"349\">\n<p style=\"padding: 0cm 0cm 0.53cm; border: medium medium 1px none none solid -moz-use-text-color -moz-use-text-color #e6e7e8;\"><span style=\"font-size: small;\">Pel\u00edcula de 35 mm \/ sensor digital de fotograma completo<\/span><\/p>\n<\/td>\n<\/tr>\n<tr>\n<td width=\"270\">\n<p style=\"padding: 0cm 0cm 0.53cm; border: medium medium 1px none none solid -moz-use-text-color -moz-use-text-color #e6e7e8;\"><span style=\"font-size: small;\">\u00c1ngulo<\/span><\/p>\n<\/td>\n<td width=\"349\">\n<p style=\"padding: 0cm 0cm 0.53cm; border: medium medium 1px none none solid -moz-use-text-color -moz-use-text-color #e6e7e8;\"><span style=\"font-size: small;\">27\u00b0<br \/>\u00c1ngulo de imagen APS-C: 17\u00b0<\/span><\/p>\n<\/td>\n<\/tr>\n<tr>\n<td width=\"270\">\n<p style=\"padding: 0cm 0cm 0.53cm; border: medium medium 1px none none solid -moz-use-text-color -moz-use-text-color #e6e7e8;\"><span style=\"font-size: small;\">Distancia m\u00ednima de enfoque<\/span><\/p>\n<\/td>\n<td width=\"349\">\n<p style=\"padding: 0cm 0cm 0.53cm; border: medium medium 1px none none solid -moz-use-text-color -moz-use-text-color #e6e7e8;\"><span style=\"font-size: small;\">11,02&#8243; (28 cm)<\/span><\/p>\n<\/td>\n<\/tr>\n<tr>\n<td width=\"270\">\n<p style=\"padding: 0cm 0cm 0.53cm; border: medium medium 1px none none solid -moz-use-text-color -moz-use-text-color #e6e7e8;\"><span style=\"font-size: small;\">Ampliaci\u00f3n<\/span><\/p>\n<\/td>\n<td width=\"349\">\n<p style=\"padding: 0cm 0cm 0.53cm; border: medium medium 1px none none solid -moz-use-text-color -moz-use-text-color #e6e7e8;\"><span style=\"font-size: small;\">1x<\/span><\/p>\n<\/td>\n<\/tr>\n<tr>\n<td width=\"270\">\n<p style=\"padding: 0cm 0cm 0.53cm; border: medium medium 1px none none solid -moz-use-text-color -moz-use-text-color #e6e7e8;\"><span style=\"font-size: small;\">Velocidad m\u00e1xima de reproducci\u00f3n<\/span><\/p>\n<\/td>\n<td width=\"349\">\n<p style=\"padding: 0cm 0cm 0.53cm; border: medium medium 1px none none solid -moz-use-text-color -moz-use-text-color #e6e7e8;\"><span style=\"font-size: small;\">1:1<\/span><\/p>\n<\/td>\n<\/tr>\n<tr>\n<td width=\"270\">\n<p style=\"padding: 0cm 0cm 0.53cm; border: medium medium 1px none none solid -moz-use-text-color -moz-use-text-color #e6e7e8;\"><span style=\"font-size: small;\">Elementos\/Grupos<\/span><\/p>\n<\/td>\n<td width=\"349\">\n<p style=\"padding: 0cm 0cm 0.53cm; border: medium medium 1px none none solid -moz-use-text-color -moz-use-text-color #e6e7e8;\"><span style=\"font-size: small;\">15\/11<\/span><\/p>\n<\/td>\n<\/tr>\n<tr>\n<td width=\"270\">\n<p style=\"padding: 0cm 0cm 0.53cm; border: medium medium 1px none none solid -moz-use-text-color -moz-use-text-color #e6e7e8;\"><span style=\"font-size: small;\">Hojas de diafragma<\/span><\/p>\n<\/td>\n<td width=\"349\">\n<p style=\"padding: 0cm 0cm 0.53cm; border: medium medium 1px none none solid -moz-use-text-color -moz-use-text-color #e6e7e8;\"><span style=\"font-size: small;\">9, redondeado<\/span><\/p>\n<\/td>\n<\/tr>\n<\/tbody>\n<\/table>\n<table style=\"width: 220px;\" border=\"0\" cellspacing=\"0\" cellpadding=\"2\">\n<colgroup>\n<col width=\"177\"><\/colgroup>\n<colgroup>\n<col width=\"35\"><\/colgroup>\n<tbody>\n<tr>\n<th colspan=\"2\" width=\"216\">\n<p style=\"padding: 0cm; font-style: normal; font-weight: normal;\"><span style=\"font-size: small;\"><a name=\"23001\"><\/a><span style=\"font-size: x-large;\">Recursos<\/span><\/span><\/p>\n<\/th>\n<\/tr>\n<tr>\n<td width=\"177\">\n<p style=\"padding: 0cm 0cm 0.53cm; border: medium medium 1px none none solid -moz-use-text-color -moz-use-text-color #e6e7e8;\"><span style=\"font-size: small;\">Estabilizaci\u00f3n de imagen<\/span><\/p>\n<\/td>\n<td width=\"35\">\n<p style=\"padding: 0cm 0cm 0.53cm; border: medium medium 1px none none solid -moz-use-text-color -moz-use-text-color #e6e7e8;\"><span style=\"font-size: small;\">S\u00ed<\/span><\/p>\n<\/td>\n<\/tr>\n<tr>\n<td width=\"177\">\n<p style=\"padding: 0cm 0cm 0.53cm; border: medium medium 1px none none solid -moz-use-text-color -moz-use-text-color #e6e7e8;\"><span style=\"font-size: small;\">Autom\u00e1tico<\/span><\/p>\n<\/td>\n<td width=\"35\">\n<p style=\"padding: 0cm 0cm 0.53cm; border: medium medium 1px none none solid -moz-use-text-color -moz-use-text-color #e6e7e8;\"><span style=\"font-size: small;\">S\u00ed<\/span><\/p>\n<\/td>\n<\/tr>\n<tr>\n<td width=\"177\">\n<p style=\"padding: 0cm 0cm 0.53cm; border: medium medium 1px none none solid -moz-use-text-color -moz-use-text-color #e6e7e8;\"><span style=\"font-size: small;\">Collar de tr\u00edpode<\/span><\/p>\n<\/td>\n<td width=\"35\">\n<p style=\"padding: 0cm 0cm 0.53cm; border: medium medium 1px none none solid -moz-use-text-color -moz-use-text-color #e6e7e8;\"><span style=\"font-size: small;\">No<\/span><\/p>\n<\/td>\n<\/tr>\n<\/tbody>\n<\/table>\n<table style=\"width: 537px;\" border=\"0\" cellspacing=\"0\" cellpadding=\"2\">\n<colgroup>\n<col width=\"163\"><\/colgroup>\n<colgroup>\n<col width=\"366\"><\/colgroup>\n<tbody>\n<tr>\n<th colspan=\"2\" width=\"533\">\n<p style=\"padding: 0cm; font-style: normal; font-weight: normal;\"><span style=\"font-size: small;\"><a name=\"11501\"><\/a><span style=\"font-size: x-large;\">F\u00edsico<\/span><\/span><\/p>\n<\/th>\n<\/tr>\n<tr>\n<td width=\"163\">\n<p style=\"padding: 0cm 0cm 0.53cm; border: medium medium 1px none none solid -moz-use-text-color -moz-use-text-color #e6e7e8;\"><span style=\"font-size: small;\">Tema de filtro<\/span><\/p>\n<\/td>\n<td width=\"366\">\n<p style=\"padding: 0cm 0cm 0.53cm; border: medium medium 1px none none solid -moz-use-text-color -moz-use-text-color #e6e7e8;\"><span style=\"font-size: small;\">Frontal: 62 mm<\/span><\/p>\n<\/td>\n<\/tr>\n<tr>\n<td width=\"163\">\n<p style=\"padding: 0cm 0cm 0.53cm; border: medium medium 1px none none solid -moz-use-text-color -moz-use-text-color #e6e7e8;\"><span style=\"font-size: small;\">Dimensiones (DxL)<\/span><\/p>\n<\/td>\n<td width=\"366\">\n<p style=\"padding: 0cm 0cm 0.53cm; border: medium medium 1px none none solid -moz-use-text-color -moz-use-text-color #e6e7e8;\"><span style=\"font-size: small;\">Aproximadamente. 3,11 x 5,14&#8243; (79,0 x 130,5 mm) <\/span><\/p>\n<\/td>\n<\/tr>\n<tr>\n<td width=\"163\">\n<p style=\"padding: 0cm 0cm 0.53cm; border: medium medium 1px none none solid -moz-use-text-color -moz-use-text-color #e6e7e8;\"><span style=\"font-size: small;\">Peso<\/span><\/p>\n<\/td>\n<td width=\"366\">\n<p style=\"padding: 0cm 0cm 0.53cm; border: medium medium 1px none none solid -moz-use-text-color -moz-use-text-color #e6e7e8;\"><span style=\"font-size: small;\">1,32 libras (602 g)<\/span><\/p>\n<\/td>\n<\/tr>\n<\/tbody>\n<\/table>\n<p style=\"margin-bottom: 0cm;\"><span style=\"font-size: small;\">&nbsp;<\/span><\/p>\n<p><span style=\"font-size: small;\">&nbsp;<\/span><\/p>\n","protected":false},"excerpt":{"rendered":"<p>ASPECTOS DESTACADOS DEL PRODUCTO Lente con montura E\/formato de fotograma completo Rango de apertura: f\/2.8 a f\/22 Relaci\u00f3n de aumento<\/p>\n","protected":false},"featured_media":54263,"comment_status":"closed","ping_status":"open","template":"","meta":{"_acf_changed":false},"product_brand":[2537],"product_cat":[1062],"product_tag":[],"class_list":{"0":"post-74066","1":"product","2":"type-product","3":"status-publish","4":"has-post-thumbnail","6":"product_brand-sony-es","7":"product_cat-mirrorless-objectivos","8":"pa_abertura-maxima-f-2-8-es","10":"first","11":"onbackorder","12":"taxable","13":"shipping-taxable","14":"purchasable","15":"product-type-simple"},"bundled_by":[],"bundle_stock_status":"onbackorder","bundle_stock_quantity":null,"bundle_virtual":false,"bundle_layout":"","bundle_add_to_cart_form_location":"","bundle_editable_in_cart":false,"bundle_sold_individually_context":"","bundle_item_grouping":"","bundle_min_size":"","bundle_max_size":"","bundle_price":[],"bundled_items":[],"bundle_sell_ids":[],"acf":[],"_links":{"self":[{"href":"https:\/\/hi-techwonder.com\/es\/wp-json\/wp\/v2\/product\/74066","targetHints":{"allow":["GET"]}}],"collection":[{"href":"https:\/\/hi-techwonder.com\/es\/wp-json\/wp\/v2\/product"}],"about":[{"href":"https:\/\/hi-techwonder.com\/es\/wp-json\/wp\/v2\/types\/product"}],"replies":[{"embeddable":true,"href":"https:\/\/hi-techwonder.com\/es\/wp-json\/wp\/v2\/comments?post=74066"}],"wp:featuredmedia":[{"embeddable":true,"href":"https:\/\/hi-techwonder.com\/es\/wp-json\/wp\/v2\/media\/54263"}],"wp:attachment":[{"href":"https:\/\/hi-techwonder.com\/es\/wp-json\/wp\/v2\/media?parent=74066"}],"wp:term":[{"taxonomy":"product_brand","embeddable":true,"href":"https:\/\/hi-techwonder.com\/es\/wp-json\/wp\/v2\/product_brand?post=74066"},{"taxonomy":"product_cat","embeddable":true,"href":"https:\/\/hi-techwonder.com\/es\/wp-json\/wp\/v2\/product_cat?post=74066"},{"taxonomy":"product_tag","embeddable":true,"href":"https:\/\/hi-techwonder.com\/es\/wp-json\/wp\/v2\/product_tag?post=74066"}],"curies":[{"name":"wp","href":"https:\/\/api.w.org\/{rel}","templated":true}]}}