{"id":74068,"date":"2025-07-29T09:48:25","date_gmt":"2025-07-29T09:48:25","guid":{"rendered":"https:\/\/fv6qoy3ls0.wpdns.site\/product\/sony-sel85f18-fe-85-mm-f-1-8\/"},"modified":"2026-04-20T22:18:47","modified_gmt":"2026-04-20T21:18:47","slug":"sony-sel85f18-fe-85-mm-f-1-8","status":"publish","type":"product","link":"https:\/\/hi-techwonder.com\/es\/producto\/sony-sel85f18-fe-85-mm-f-1-8\/","title":{"rendered":"SONY SEL85F18 FE 85 mm f\/1.8"},"content":{"rendered":"<p><strong>Productos destacados:<\/strong><\/p>\n<ul>\n<li>Lente con montura E\/formato de fotograma completo<\/li>\n<li>Rango de apertura: f\/1.8 a f\/22<\/li>\n<li>Un elemento de dispersi\u00f3n extra baja<\/li>\n<li>Motor AF lineal doble<\/li>\n<li>Bot\u00f3n de retenci\u00f3n de enfoque; Interruptor AF\/MF<\/li>\n<li>Diafragma circular de nueve hojas<\/li>\n<\/ul>\n<p><strong>En la caja:<\/strong><\/p>\n<ul>\n<li>Lente Sony FE 85mm f\/1.8<\/li>\n<li>Parasol ALC-SH150<\/li>\n<li>ALC-F67S Tapa frontal del objetivo de 67 mm<\/li>\n<li>Tapa trasera del objetivo ALC-R1EM<\/li>\n<\/ul>\n<p>Una distancia ideal para retratos, el FE 85mm f\/1.8 de Sony es un elegante teleobjetivo corto dise\u00f1ado para c\u00e1maras sin espejo con montura E de fotograma completo. La brillante apertura m\u00e1xima de f\/1.8 beneficia el uso de este objetivo en condiciones de poca luz y tambi\u00e9n le brinda un amplio control sobre la profundidad de campo cuando trabaja con t\u00e9cnicas de enfoque selectivo. La construcci\u00f3n de la lente de nueve elementos y ocho grupos incluye un elemento de dispersi\u00f3n extra baja para minimizar las aberraciones crom\u00e1ticas y las franjas de color para mejorar la claridad y la precisi\u00f3n del color. El dise\u00f1o \u00f3ptico se beneficia de un dise\u00f1o f\u00edsico simple e intuitivo que incorpora un bot\u00f3n de retenci\u00f3n de enfoque personalizable y un interruptor f\u00edsico AF \/ MF. El motor AF lineal dual en s\u00ed mismo ofrece un rendimiento de enfoque r\u00e1pido, silencioso y suave, y este motor tambi\u00e9n ofrece un rendimiento de enfoque manual sensible para un control preciso.    <\/p>\n<ul>\n<li>La lente principal de longitud de retrato est\u00e1 dise\u00f1ada para c\u00e1maras sin espejo con montura E de Sony de fotograma completo, sin embargo, tambi\u00e9n se puede usar en modelos APS-C, donde proporcionar\u00e1 una distancia focal equivalente a 127.5 mm.<\/li>\n<li>La brillante apertura m\u00e1xima de f\/1.8 permite un control preciso de la profundidad de campo y tambi\u00e9n beneficia el trabajo en condiciones de iluminaci\u00f3n dif\u00edciles.<\/li>\n<li>El dise\u00f1o \u00f3ptico presenta un elemento de dispersi\u00f3n extra baja que ayuda a limitar las franjas de color y las aberraciones crom\u00e1ticas para mejorar la claridad de la imagen y la precisi\u00f3n del color.<\/li>\n<li>El motor de enfoque autom\u00e1tico lineal dual ofrece un rendimiento de enfoque suave, preciso y casi silencioso para beneficiar tanto a las aplicaciones fijas como a las de video.<\/li>\n<li>El bot\u00f3n de retenci\u00f3n de enfoque en el cilindro de la lente se puede usar para mantener la posici\u00f3n de enfoque, o se puede configurar en la c\u00e1mara para controlar una variedad de funciones adicionales de la lente. Adem\u00e1s, el objetivo cuenta con un interruptor AF\/MF para el control t\u00e1ctil del modo de enfoque. <\/li>\n<li>El diafragma redondeado de nueve hojas contribuye a una agradable calidad de bokeh cuando se emplean t\u00e9cnicas de enfoque selectivo.<\/li>\n<\/ul>\n<h2>Sony 85mm f\/1.8 ficha tecnica<\/h2>\n<table style=\"width: 472px;\" border=\"0\" cellspacing=\"0\" cellpadding=\"2\">\n<colgroup>\n<col width=\"202\"><\/colgroup>\n<colgroup>\n<col width=\"262\"><\/colgroup>\n<tbody>\n<tr>\n<th colspan=\"2\" width=\"468\">\n<p><a name=\"11011\"><\/a>interino<\/p>\n<\/th>\n<\/tr>\n<tr>\n<td width=\"202\">\n<p>Distancia focal<\/p>\n<\/td>\n<td width=\"262\">\n<p>85 mil\u00edmetros<\/p>\n<\/td>\n<\/tr>\n<tr>\n<td width=\"202\">\n<p>Abertura<\/p>\n<\/td>\n<td width=\"262\">\n<p>M\u00e1ximo: f\/1.8<br \/>M\u00ednimo: f\/22<\/p>\n<\/td>\n<\/tr>\n<tr>\n<td width=\"202\">\n<p>Tipo de montaje de la c\u00e1mara<\/p>\n<\/td>\n<td width=\"262\">\n<p>Sony E<\/p>\n<\/td>\n<\/tr>\n<tr>\n<td width=\"202\">\n<p>Compatibilidad de formatos<\/p>\n<\/td>\n<td width=\"262\">\n<p>Pel\u00edcula de 35 mm \/ sensor digital de fotograma completo<\/p>\n<\/td>\n<\/tr>\n<tr>\n<td width=\"202\">\n<p>\u00c1ngulo<\/p>\n<\/td>\n<td width=\"262\">\n<p>29\u00b0<\/p>\n<\/td>\n<\/tr>\n<tr>\n<td width=\"202\">\n<p>Distancia m\u00ednima de enfoque<\/p>\n<\/td>\n<td width=\"262\">\n<p>80cm<\/p>\n<\/td>\n<\/tr>\n<tr>\n<td width=\"202\">\n<p>Ampliaci\u00f3n<\/p>\n<\/td>\n<td width=\"262\">\n<p>0,13 veces<\/p>\n<\/td>\n<\/tr>\n<tr>\n<td width=\"202\">\n<p>Velocidad m\u00e1xima de reproducci\u00f3n<\/p>\n<\/td>\n<td width=\"262\">\n<p>1:7,69<\/p>\n<\/td>\n<\/tr>\n<tr>\n<td width=\"202\">\n<p>Dise\u00f1o \u00f3ptico<\/p>\n<\/td>\n<td width=\"262\">\n<p>9 elementos en 8 grupos<\/p>\n<\/td>\n<\/tr>\n<tr>\n<td width=\"202\">\n<p>Hojas de diafragma<\/p>\n<\/td>\n<td width=\"262\">\n<p>9, redondeado<\/p>\n<\/td>\n<\/tr>\n<\/tbody>\n<\/table>\n<table style=\"width: 471px;\" border=\"0\" cellspacing=\"0\" cellpadding=\"2\">\n<colgroup>\n<col width=\"202\"><\/colgroup>\n<colgroup>\n<col width=\"261\"><\/colgroup>\n<tbody>\n<tr>\n<th colspan=\"2\" width=\"467\">\n<p><a name=\"23001\"><\/a>Recursos<\/p>\n<\/th>\n<\/tr>\n<tr>\n<td width=\"202\">\n<p>Estabilizaci\u00f3n de imagen<\/p>\n<\/td>\n<td width=\"261\">\n<p>No<\/p>\n<\/td>\n<\/tr>\n<tr>\n<td width=\"202\">\n<p>Autom\u00e1tico<\/p>\n<\/td>\n<td width=\"261\">\n<p>S\u00ed<\/p>\n<\/td>\n<\/tr>\n<tr>\n<td width=\"202\">\n<p>Collar de tr\u00edpode<\/p>\n<\/td>\n<td width=\"261\">\n<p>No<\/p>\n<\/td>\n<\/tr>\n<\/tbody>\n<\/table>\n<table style=\"width: 471px;\" border=\"0\" cellspacing=\"0\" cellpadding=\"2\">\n<colgroup>\n<col width=\"202\"><\/colgroup>\n<colgroup>\n<col width=\"261\"><\/colgroup>\n<tbody>\n<tr>\n<th colspan=\"2\" width=\"467\">\n<p><a name=\"11501\"><\/a>F\u00edsico<\/p>\n<\/th>\n<\/tr>\n<tr>\n<td width=\"202\">\n<p>Tema de filtro<\/p>\n<\/td>\n<td width=\"261\">\n<p>Frontal: 67 mm<\/p>\n<\/td>\n<\/tr>\n<tr>\n<td width=\"202\">\n<p>Dimensiones (DxL)<\/p>\n<\/td>\n<td width=\"261\">\n<p>Aproximadamente. 78 x 82 mm <\/p>\n<\/td>\n<\/tr>\n<tr>\n<td width=\"202\">\n<p>Peso<\/p>\n<\/td>\n<td width=\"261\">\n<p>371 gramos<\/p>\n<\/td>\n<\/tr>\n<\/tbody>\n<\/table>\n<table style=\"width: 471px;\" border=\"0\" cellspacing=\"0\" cellpadding=\"2\">\n<colgroup>\n<col width=\"200\"><\/colgroup>\n<colgroup>\n<col width=\"263\"><\/colgroup>\n<tbody>\n<tr>\n<th colspan=\"2\" width=\"467\">\n<p><a name=\"shipping\"><\/a>Informaci\u00f3n de embalaje<\/p>\n<\/th>\n<\/tr>\n<tr>\n<td width=\"200\">\n<p>Peso del paquete<\/p>\n<\/td>\n<td width=\"263\">\n<p>544 gramos<\/p>\n<\/td>\n<\/tr>\n<tr>\n<td width=\"200\">\n<p>Dimensiones de la caja (LxWxH)<\/p>\n<\/td>\n<td width=\"263\">\n<p>11,9 x 11,2 x 9,7 cm<\/p>\n<\/td>\n<\/tr>\n<\/tbody>\n<\/table>\n","protected":false},"excerpt":{"rendered":"<p>Productos destacados: Lente con montura E\/formato de fotograma completo Rango de apertura: f\/1.8 a f\/22 Un elemento de dispersi\u00f3n extra<\/p>\n","protected":false},"featured_media":54314,"comment_status":"closed","ping_status":"open","template":"","meta":{"_acf_changed":false},"product_brand":[2537],"product_cat":[1062],"product_tag":[],"class_list":{"0":"post-74068","1":"product","2":"type-product","3":"status-publish","4":"has-post-thumbnail","6":"product_brand-sony-es","7":"product_cat-mirrorless-objectivos","8":"pa_abertura-maxima-f-1-8-es","10":"first","11":"instock","12":"taxable","13":"shipping-taxable","14":"purchasable","15":"product-type-simple"},"bundled_by":[],"bundle_stock_status":"instock","bundle_stock_quantity":2,"bundle_virtual":false,"bundle_layout":"","bundle_add_to_cart_form_location":"","bundle_editable_in_cart":false,"bundle_sold_individually_context":"","bundle_item_grouping":"","bundle_min_size":"","bundle_max_size":"","bundle_price":[],"bundled_items":[],"bundle_sell_ids":[],"acf":[],"_links":{"self":[{"href":"https:\/\/hi-techwonder.com\/es\/wp-json\/wp\/v2\/product\/74068","targetHints":{"allow":["GET"]}}],"collection":[{"href":"https:\/\/hi-techwonder.com\/es\/wp-json\/wp\/v2\/product"}],"about":[{"href":"https:\/\/hi-techwonder.com\/es\/wp-json\/wp\/v2\/types\/product"}],"replies":[{"embeddable":true,"href":"https:\/\/hi-techwonder.com\/es\/wp-json\/wp\/v2\/comments?post=74068"}],"wp:featuredmedia":[{"embeddable":true,"href":"https:\/\/hi-techwonder.com\/es\/wp-json\/wp\/v2\/media\/54314"}],"wp:attachment":[{"href":"https:\/\/hi-techwonder.com\/es\/wp-json\/wp\/v2\/media?parent=74068"}],"wp:term":[{"taxonomy":"product_brand","embeddable":true,"href":"https:\/\/hi-techwonder.com\/es\/wp-json\/wp\/v2\/product_brand?post=74068"},{"taxonomy":"product_cat","embeddable":true,"href":"https:\/\/hi-techwonder.com\/es\/wp-json\/wp\/v2\/product_cat?post=74068"},{"taxonomy":"product_tag","embeddable":true,"href":"https:\/\/hi-techwonder.com\/es\/wp-json\/wp\/v2\/product_tag?post=74068"}],"curies":[{"name":"wp","href":"https:\/\/api.w.org\/{rel}","templated":true}]}}