{"id":74069,"date":"2025-07-29T09:47:27","date_gmt":"2025-07-29T09:47:27","guid":{"rendered":"https:\/\/fv6qoy3ls0.wpdns.site\/product\/sony-sel50f18f-fe-50mm-f-1-8-negro\/"},"modified":"2026-02-20T12:52:22","modified_gmt":"2026-02-20T12:52:22","slug":"sony-sel50f18f-fe-50mm-f-1-8-negro","status":"publish","type":"product","link":"https:\/\/hi-techwonder.com\/es\/producto\/sony-sel50f18f-fe-50mm-f-1-8-negro\/","title":{"rendered":"SONY SEL50F18F FE 50mm f\/1.8 Negro"},"content":{"rendered":"<p><span style=\"font-size: small;\"><strong>ASPECTOS DESTACADOS DEL PRODUCTO<\/strong><br \/><\/span><\/p>\n<ul>\n<li><span style=\"font-size: small;\">Lente con montura E\/formato de fotograma completo<\/span><\/li>\n<li><span style=\"font-size: small;\">Rango de apertura: f\/1.8 a f\/22<\/span><\/li>\n<li><span style=\"font-size: small;\">Un elemento asf\u00e9rico<\/span><\/li>\n<li><span style=\"font-size: small;\">Dise\u00f1o \u00f3ptico de doble Gauss<\/span><\/li>\n<li><span style=\"font-size: small;\">Motor de enfoque autom\u00e1tico de CC<\/span><\/li>\n<li><span style=\"font-size: small;\">Diafragma redondeado de siete hojas<\/span><\/li>\n<\/ul>\n<p><span style=\"font-size: small;\"><br \/>Un objetivo normal sencillo, brillante y ligero, el FE 50mm f\/1.8 de Sony es un objetivo prime vers\u00e1til de longitud completa dise\u00f1ado para c\u00e1maras mirrorless con montura E de fotograma completo. Su elegante dise\u00f1o lo hace adecuado para las tomas diarias, mientras que la r\u00e1pida apertura m\u00e1xima de f\/1.8 beneficia el trabajo en condiciones de poca luz, adem\u00e1s de brindarle un mayor control sobre la profundidad de campo para im\u00e1genes de enfoque selectivo. El dise\u00f1o \u00f3ptico incorpora un elemento asf\u00e9rico para controlar las aberraciones esf\u00e9ricas y emplea una configuraci\u00f3n de doble gauss para lograr una calidad de imagen m\u00e1s n\u00edtida y clara en todo el rango de apertura con una curvatura de campo reducida. Tambi\u00e9n se emplea un actuador de CC para proporcionar un rendimiento de enfoque autom\u00e1tico r\u00e1pido y preciso, que tambi\u00e9n es silencioso para adaptarse a las aplicaciones de grabaci\u00f3n de video. Adem\u00e1s, se presenta un diafragma redondeado de siete hojas para reproducir reflejos desenfocados con una apariencia suave y circular. Caracterizado por su dise\u00f1o sencillo, este objetivo ideal equilibra la facilidad de manejo y la mejora de la calidad de imagen.     <\/span><\/p>\n<p><span style=\"font-size: small;\">&nbsp;<\/span><\/p>\n<ul>\n<li><span style=\"font-size: small;\">La lente principal de 50 mm de longitud completa est\u00e1 dise\u00f1ada para c\u00e1maras sin espejo con montura E de Sony de fotograma completo, sin embargo, tambi\u00e9n se puede usar con modelos APS-C, donde proporcionar\u00e1 una distancia focal equivalente a 75 mm.<\/span><\/li>\n<li><span style=\"font-size: small;\">La r\u00e1pida apertura m\u00e1xima de f\/1.8 beneficia el trabajo en condiciones de iluminaci\u00f3n dif\u00edciles y tambi\u00e9n le brinda un mayor control sobre el posicionamiento del enfoque para trabajar con t\u00e9cnicas de poca profundidad de campo.<\/span><\/li>\n<li><span style=\"font-size: small;\">Un elemento asf\u00e9rico minimiza las aberraciones esf\u00e9ricas para mayor claridad y nitidez.<\/span><\/li>\n<li><span style=\"font-size: small;\">La configuraci\u00f3n \u00f3ptica de doble gauss ayuda a reducir la curvatura y las distorsiones de campo para una calidad de imagen de extremo a borde m\u00e1s consistente.<\/span><\/li>\n<li><span style=\"font-size: small;\">El actuador de CC ofrece un rendimiento de enfoque autom\u00e1tico r\u00e1pido, silencioso y preciso para adaptarse a aplicaciones de fotograf\u00eda y video.<\/span><\/li>\n<li><span style=\"font-size: small;\">La bayoneta de metal ofrece una mayor durabilidad y una sensaci\u00f3n s\u00f3lida al montar la lente.<\/span><\/li>\n<li><span style=\"font-size: small;\">El diafragma redondeado de siete hojas contribuye a una agradable calidad de bokeh.<\/span><\/li>\n<\/ul>\n<p><span style=\"font-size: small;\">&nbsp;<\/span><\/p>\n<p style=\"margin-bottom: 0cm;\"><span style=\"font-size: small;\">&nbsp;<\/span><\/p>\n<table style=\"width: 584px;\" border=\"0\" cellspacing=\"0\" cellpadding=\"2\">\n<colgroup>\n<col width=\"228\"><\/colgroup>\n<colgroup>\n<col width=\"349\"><\/colgroup>\n<tbody>\n<tr>\n<th colspan=\"2\" width=\"580\">\n<p style=\"padding: 0cm; font-style: normal; font-weight: normal;\" align=\"LEFT\"><span style=\"font-size: small;\"><a name=\"11011\"><\/a><span style=\"color: #000000;\"><span style=\"font-size: x-large;\">interino<\/span><\/span><\/span><\/p>\n<\/th>\n<\/tr>\n<tr>\n<td width=\"228\">\n<p style=\"padding: 0cm;\"><span style=\"font-size: small;\">Distancia focal<\/span><\/p>\n<\/td>\n<td width=\"349\">\n<p style=\"padding: 0cm;\"><span style=\"font-size: small;\">50 mil\u00edmetros<\/span><\/p>\n<\/td>\n<\/tr>\n<tr>\n<td width=\"228\">\n<p style=\"padding: 0cm;\"><span style=\"font-size: small;\">Abertura<\/span><\/p>\n<\/td>\n<td width=\"349\">\n<p style=\"padding: 0cm;\"><span style=\"font-size: small;\">M\u00e1ximo: f\/1.8<br \/>M\u00ednimo: f\/22<\/span><\/p>\n<\/td>\n<\/tr>\n<tr>\n<td width=\"228\">\n<p style=\"padding: 0cm;\"><span style=\"font-size: small;\">Tipo de montaje de la c\u00e1mara<\/span><\/p>\n<\/td>\n<td width=\"349\">\n<p style=\"padding: 0cm;\"><span style=\"font-size: small;\">Sony E (fotograma completo)<\/span><\/p>\n<\/td>\n<\/tr>\n<tr>\n<td width=\"228\">\n<p style=\"padding: 0cm;\"><span style=\"font-size: small;\">Compatibilidad de formatos<\/span><\/p>\n<\/td>\n<td width=\"349\">\n<p style=\"padding: 0cm;\"><span style=\"font-size: small;\">Pel\u00edcula de 35 mm \/ sensor digital de fotograma completo<\/span><\/p>\n<\/td>\n<\/tr>\n<tr>\n<td width=\"228\">\n<p style=\"padding: 0cm;\"><span style=\"font-size: small;\">\u00c1ngulo<\/span><\/p>\n<\/td>\n<td width=\"349\">\n<p style=\"padding: 0cm;\"><span style=\"font-size: small;\">47\u00b0<\/span><\/p>\n<\/td>\n<\/tr>\n<tr>\n<td width=\"228\">\n<p style=\"padding: 0cm;\"><span style=\"font-size: small;\">Distancia m\u00ednima de enfoque<\/span><\/p>\n<\/td>\n<td width=\"349\">\n<p style=\"padding: 0cm;\"><span style=\"font-size: small;\">1,48&#8242; (45 cm)<\/span><\/p>\n<\/td>\n<\/tr>\n<tr>\n<td width=\"228\">\n<p style=\"padding: 0cm;\"><span style=\"font-size: small;\">Ampliaci\u00f3n<\/span><\/p>\n<\/td>\n<td width=\"349\">\n<p style=\"padding: 0cm;\"><span style=\"font-size: small;\">0,15 veces<\/span><\/p>\n<\/td>\n<\/tr>\n<tr>\n<td width=\"228\">\n<p style=\"padding: 0cm;\"><span style=\"font-size: small;\">Elementos\/Grupos<\/span><\/p>\n<\/td>\n<td width=\"349\">\n<p style=\"padding: 0cm;\"><span style=\"font-size: small;\">6\/5<\/span><\/p>\n<\/td>\n<\/tr>\n<tr>\n<td width=\"228\">\n<p style=\"padding: 0cm;\"><span style=\"font-size: small;\">Hojas de diafragma<\/span><\/p>\n<\/td>\n<td width=\"349\">\n<p style=\"padding: 0cm;\"><span style=\"font-size: small;\">7, redondeado<\/span><\/p>\n<\/td>\n<\/tr>\n<\/tbody>\n<\/table>\n<table style=\"width: 149px;\" border=\"0\" cellspacing=\"0\" cellpadding=\"2\">\n<colgroup>\n<col width=\"102\"><\/colgroup>\n<colgroup>\n<col width=\"38\"><\/colgroup>\n<tbody>\n<tr>\n<th colspan=\"2\" width=\"145\">\n<p style=\"padding: 0cm; font-style: normal; font-weight: normal;\" align=\"LEFT\"><span style=\"font-size: small;\"><a name=\"23001\"><\/a><span style=\"color: #000000;\"><span style=\"font-size: x-large;\">Recursos<\/span><\/span><\/span><\/p>\n<\/th>\n<\/tr>\n<tr>\n<td width=\"102\">\n<p style=\"padding: 0cm;\"><span style=\"font-size: small;\">Autom\u00e1tico<\/span><\/p>\n<\/td>\n<td width=\"38\">\n<p style=\"padding: 0cm;\"><span style=\"font-size: small;\">S\u00ed<\/span><\/p>\n<\/td>\n<\/tr>\n<\/tbody>\n<\/table>\n<table style=\"width: 525px;\" border=\"0\" cellspacing=\"0\" cellpadding=\"2\">\n<colgroup>\n<col width=\"163\"><\/colgroup>\n<colgroup>\n<col width=\"354\"><\/colgroup>\n<tbody>\n<tr>\n<th colspan=\"2\" width=\"521\">\n<p style=\"padding: 0cm; font-style: normal; font-weight: normal;\" align=\"LEFT\"><span style=\"font-size: small;\"><a name=\"11501\"><\/a><span style=\"color: #000000;\"><span style=\"font-size: x-large;\">F\u00edsico<\/span><\/span><\/span><\/p>\n<\/th>\n<\/tr>\n<tr>\n<td width=\"163\">\n<p style=\"padding: 0cm;\"><span style=\"font-size: small;\">Tema de filtro<\/span><\/p>\n<\/td>\n<td width=\"354\">\n<p style=\"padding: 0cm;\"><span style=\"font-size: small;\">Frontal: 49 mm<\/span><\/p>\n<\/td>\n<\/tr>\n<tr>\n<td width=\"163\">\n<p style=\"padding: 0cm;\"><span style=\"font-size: small;\">Dimensiones (DxL)<\/span><\/p>\n<\/td>\n<td width=\"354\">\n<p style=\"padding: 0cm;\"><span style=\"font-size: small;\">Aproximadamente. 2,70 x 2,34&#8243; (68,6 x 59,5 mm) <\/span><\/p>\n<\/td>\n<\/tr>\n<tr>\n<td width=\"163\">\n<p style=\"padding: 0cm;\"><span style=\"font-size: small;\">Peso<\/span><\/p>\n<\/td>\n<td width=\"354\">\n<p style=\"padding: 0cm;\"><span style=\"font-size: small;\">6,56 onzas (186 g)<\/span><\/p>\n<\/td>\n<\/tr>\n<\/tbody>\n<\/table>\n<p style=\"margin-bottom: 0cm;\"><span style=\"font-size: small;\">&nbsp;<\/span><\/p>\n<p><span style=\"font-size: small;\">&nbsp;<\/span><\/p>\n","protected":false},"excerpt":{"rendered":"<p>ASPECTOS DESTACADOS DEL PRODUCTO Lente con montura E\/formato de fotograma completo Rango de apertura: f\/1.8 a f\/22 Un elemento asf\u00e9rico<\/p>\n","protected":false},"featured_media":54233,"comment_status":"closed","ping_status":"open","template":"","meta":{"_acf_changed":false},"product_brand":[2537],"product_cat":[1062],"product_tag":[],"class_list":{"0":"post-74069","1":"product","2":"type-product","3":"status-publish","4":"has-post-thumbnail","6":"product_brand-sony-es","7":"product_cat-mirrorless-objectivos","8":"pa_abertura-maxima-f-1-8-es","10":"first","11":"instock","12":"taxable","13":"shipping-taxable","14":"purchasable","15":"product-type-simple"},"bundled_by":[],"bundle_stock_status":"instock","bundle_stock_quantity":1,"bundle_virtual":false,"bundle_layout":"","bundle_add_to_cart_form_location":"","bundle_editable_in_cart":false,"bundle_sold_individually_context":"","bundle_item_grouping":"","bundle_min_size":"","bundle_max_size":"","bundle_price":[],"bundled_items":[],"bundle_sell_ids":[],"acf":[],"_links":{"self":[{"href":"https:\/\/hi-techwonder.com\/es\/wp-json\/wp\/v2\/product\/74069","targetHints":{"allow":["GET"]}}],"collection":[{"href":"https:\/\/hi-techwonder.com\/es\/wp-json\/wp\/v2\/product"}],"about":[{"href":"https:\/\/hi-techwonder.com\/es\/wp-json\/wp\/v2\/types\/product"}],"replies":[{"embeddable":true,"href":"https:\/\/hi-techwonder.com\/es\/wp-json\/wp\/v2\/comments?post=74069"}],"wp:featuredmedia":[{"embeddable":true,"href":"https:\/\/hi-techwonder.com\/es\/wp-json\/wp\/v2\/media\/54233"}],"wp:attachment":[{"href":"https:\/\/hi-techwonder.com\/es\/wp-json\/wp\/v2\/media?parent=74069"}],"wp:term":[{"taxonomy":"product_brand","embeddable":true,"href":"https:\/\/hi-techwonder.com\/es\/wp-json\/wp\/v2\/product_brand?post=74069"},{"taxonomy":"product_cat","embeddable":true,"href":"https:\/\/hi-techwonder.com\/es\/wp-json\/wp\/v2\/product_cat?post=74069"},{"taxonomy":"product_tag","embeddable":true,"href":"https:\/\/hi-techwonder.com\/es\/wp-json\/wp\/v2\/product_tag?post=74069"}],"curies":[{"name":"wp","href":"https:\/\/api.w.org\/{rel}","templated":true}]}}