{"id":74072,"date":"2025-07-29T09:47:44","date_gmt":"2025-07-29T09:47:44","guid":{"rendered":"https:\/\/fv6qoy3ls0.wpdns.site\/product\/sony-sel70300g-fe-70-300mm-f-4-5-5-6-g-oss\/"},"modified":"2026-01-30T09:13:22","modified_gmt":"2026-01-30T09:13:22","slug":"sony-sel70300g-fe-70-300mm-f-4-5-5-6-g-oss","status":"publish","type":"product","link":"https:\/\/hi-techwonder.com\/es\/producto\/sony-sel70300g-fe-70-300mm-f-4-5-5-6-g-oss\/","title":{"rendered":"SONY SEL70300G FE 70-300mm f\/4.5-5.6 G OSS"},"content":{"rendered":"<p><span style=\"font-size: small;\"><strong>ASPECTOS DESTACADOS DEL PRODUCTO<\/strong><\/p>\n<p><\/span><\/p>\n<ul>\n<li> <span style=\"font-size: small;\">Lente con montura E\/formato de fotograma completo<\/span><\/li>\n<li> <span style=\"font-size: small;\">Rango de apertura: f\/4.5 a f\/29<\/span><\/li>\n<li> <span style=\"font-size: small;\">Cuatro elementos asf\u00e9ricos y dos ED<\/span><\/li>\n<li> <span style=\"font-size: small;\">Recubrimiento Nano AR<\/span><\/li>\n<li> <span style=\"font-size: small;\">Motor de enfoque autom\u00e1tico lineal<\/span><\/li>\n<li> <span style=\"font-size: small;\">Proyecto de enfoque interno; Reemplazo de MF<\/span><\/li>\n<li> <span style=\"font-size: small;\">Bot\u00f3n de retenci\u00f3n de enfoque y limitador de rango<\/span><\/li>\n<li> <span style=\"font-size: small;\">Estabilizaci\u00f3n de imagen \u00f3ptica SteadyShot<\/span><\/li>\n<li> <span style=\"font-size: small;\">Construcci\u00f3n resistente al polvo y la humedad<\/span><\/li>\n<li> <span style=\"font-size: small;\">Diafragma redondeado de nueve hojas<\/span><\/li>\n<\/ul>\n<p> <span style=\"font-size: small;\">&nbsp;<\/span><\/p>\n<p> <span style=\"font-size: small;\">El FE 70-300mm f\/4.5-5.6 G OSS de Sony, que abarca una gama \u00fatil de distancias focales de teleobjetivo, es un objetivo zoom vers\u00e1til dise\u00f1ado para c\u00e1maras mirrorless con montura E de fotograma completo. Complementando el rango, el dise\u00f1o \u00f3ptico de este lente incorpora cuatro elementos asf\u00e9ricos y dos elementos de vidrio de dispersi\u00f3n extra baja para controlar las aberraciones esf\u00e9ricas y crom\u00e1ticas en todo el rango de zoom para mejorar la claridad, la nitidez y la precisi\u00f3n del color. Tambi\u00e9n se ha aplicado un recubrimiento Nano AR a los elementos individuales de la lente para minimizar el destello de la lente y las im\u00e1genes fantasma para aumentar el contraste y la fidelidad del color cuando se trabaja en condiciones de iluminaci\u00f3n intensa. Adecuado para una variedad de necesidades de teleobjetivo, este objetivo zoom equilibra un rango de distancia focal vers\u00e1til con un dise\u00f1o \u00f3ptico sofisticado para mantener la calidad de la imagen.   <\/span><\/p>\n<p> <span style=\"font-size: small;\"><br \/>Trabajando en conjunto con activos \u00f3pticos, esta lente tambi\u00e9n incorpora un mecanismo de estabilizaci\u00f3n de imagen Optical SteadyShot que minimiza la apariencia del movimiento de la c\u00e1mara para una fotograf\u00eda de mano m\u00e1s n\u00edtida. Tambi\u00e9n beneficia la nitidez un sistema de enfoque autom\u00e1tico de actuador lineal, que ofrece un rendimiento de enfoque suave y silencioso para admitir aplicaciones de grabaci\u00f3n de im\u00e1genes fijas y videos. Tambi\u00e9n se emplea un mecanismo de enfoque interno, que limita la longitud total de la lente al enfocar, y un limitador de rango de enfoque y un bot\u00f3n de retenci\u00f3n de enfoque facilitan un manejo m\u00e1s intuitivo. Adem\u00e1s, la lente est\u00e1 dise\u00f1ada para ser resistente al polvo y la humedad para su uso en condiciones dif\u00edciles.   <\/span><\/p>\n<p> <span style=\"font-size: small;\">&nbsp;<\/span><\/p>\n<ul>\n<li> <span style=\"font-size: small;\">El teleobjetivo zoom de 70-300 mm est\u00e1 dise\u00f1ado para c\u00e1maras sin espejo de fotograma completo con montura E de Sony, sin embargo, tambi\u00e9n se puede utilizar con modelos APS-C, donde proporciona un rango de distancia focal equivalente a 105-450 mm.<\/span><\/li>\n<li> <span style=\"font-size: small;\">Cuatro elementos asf\u00e9ricos combinados con dos elementos de dispersi\u00f3n extra baja para minimizar las aberraciones esf\u00e9ricas y crom\u00e1ticas en todo el rango del zoom para obtener im\u00e1genes m\u00e1s n\u00edtidas y claras.<\/span><\/li>\n<li> <span style=\"font-size: small;\">Se ha aplicado un recubrimiento Nano AR para reducir los reflejos de la superficie, los destellos y las im\u00e1genes fantasma para aumentar el contraste y una reproducci\u00f3n del color m\u00e1s precisa.<\/span><\/li>\n<li> <span style=\"font-size: small;\">La estabilizaci\u00f3n de imagen \u00f3ptica SteadyShot ayuda a minimizar la apariencia de movimiento de la c\u00e1mara para obtener im\u00e1genes m\u00e1s n\u00edtidas cuando se dispara sin tr\u00edpode con velocidades de obturaci\u00f3n m\u00e1s lentas.<\/span><\/li>\n<li> <span style=\"font-size: small;\">Un actuador lineal ofrece un rendimiento de enfoque autom\u00e1tico r\u00e1pido, preciso, suave y silencioso, ideal para aplicaciones de video y captura de fotos.<\/span><\/li>\n<li> <span style=\"font-size: small;\">Un dise\u00f1o de enfoque interno ayuda a acelerar las velocidades de enfoque, as\u00ed como a mantener la longitud total de la lente al enfocar para un manejo m\u00e1s intuitivo.<\/span><\/li>\n<li> <span style=\"font-size: small;\">Un interruptor AF\/MF dedicado le permite cambiar r\u00e1pidamente entre los m\u00e9todos de enfoque autom\u00e1tico y manual.<\/span><\/li>\n<li> <span style=\"font-size: small;\">El limitador de rango de enfoque le permite restringir el rango de enfoque utilizable de 9.8 pies hasta el infinito o el rango total desde 3 pies hasta el infinito.<\/span><\/li>\n<li> <span style=\"font-size: small;\">El bot\u00f3n de retenci\u00f3n de enfoque se puede usar para detener el sistema de enfoque autom\u00e1tico cuando se desea un mayor control sobre el enfoque en un sujeto espec\u00edfico.<\/span><\/li>\n<li> <span style=\"font-size: small;\">El diafragma redondeado de nueve hojas contribuye a una agradable calidad de bokeh.<\/span><\/li>\n<li> <span style=\"font-size: small;\">La construcci\u00f3n resistente al polvo y la humedad beneficia el trabajo en entornos hostiles.<\/span><\/li>\n<\/ul>\n<p> <span style=\"font-size: small;\">&nbsp;<\/span><\/p>\n<p style=\"margin-bottom: 0cm;\"> <span style=\"font-size: small;\">&nbsp;<\/span><\/p>\n<table style=\"width: 584px;\" border=\"0\" cellspacing=\"0\" cellpadding=\"2\">\n<colgroup>\n<col width=\"228\"><\/colgroup>\n<colgroup>\n<col width=\"349\"><\/colgroup>\n<tbody>\n<tr>\n<th colspan=\"2\" width=\"580\">\n<p style=\"padding: 0cm; font-style: normal; font-weight: normal;\"> <span style=\"font-size: small;\"><a name=\"11011\"><\/a><span style=\"font-size: x-large;\">interino<\/span><\/span> <\/p>\n<\/th>\n<\/tr>\n<tr>\n<td width=\"228\">\n<p style=\"padding: 0cm 0cm 0.53cm; border: medium medium 1px none none solid -moz-use-text-color -moz-use-text-color #e6e7e8;\"> <span style=\"font-size: small;\">Distancia focal<\/span> <\/p>\n<\/td>\n<td width=\"349\">\n<p style=\"padding: 0cm 0cm 0.53cm; border: medium medium 1px none none solid -moz-use-text-color -moz-use-text-color #e6e7e8;\"> <span style=\"font-size: small;\">70 &#8211; 300 mm<\/span> <\/p>\n<\/td>\n<\/tr>\n<tr>\n<td width=\"228\">\n<p style=\"padding: 0cm 0cm 0.53cm; border: medium medium 1px none none solid -moz-use-text-color -moz-use-text-color #e6e7e8;\"> <span style=\"font-size: small;\">Abertura<\/span> <\/p>\n<\/td>\n<td width=\"349\">\n<p style=\"padding: 0cm 0cm 0.53cm; border: medium medium 1px none none solid -moz-use-text-color -moz-use-text-color #e6e7e8;\"> <span style=\"font-size: small;\">M\u00e1ximo: f\/4.5 &#8211; 5.6<br \/> M\u00ednimo: f\/22 &#8211; 29<\/span> <\/p>\n<\/td>\n<\/tr>\n<tr>\n<td width=\"228\">\n<p style=\"padding: 0cm 0cm 0.53cm; border: medium medium 1px none none solid -moz-use-text-color -moz-use-text-color #e6e7e8;\"> <span style=\"font-size: small;\">Tipo de montaje de la c\u00e1mara<\/span> <\/p>\n<\/td>\n<td width=\"349\">\n<p style=\"padding: 0cm 0cm 0.53cm; border: medium medium 1px none none solid -moz-use-text-color -moz-use-text-color #e6e7e8;\"> <span style=\"font-size: small;\">Sony E (fotograma completo)<\/span> <\/p>\n<\/td>\n<\/tr>\n<tr>\n<td width=\"228\">\n<p style=\"padding: 0cm 0cm 0.53cm; border: medium medium 1px none none solid -moz-use-text-color -moz-use-text-color #e6e7e8;\"> <span style=\"font-size: small;\">Compatibilidad de formatos<\/span> <\/p>\n<\/td>\n<td width=\"349\">\n<p style=\"padding: 0cm 0cm 0.53cm; border: medium medium 1px none none solid -moz-use-text-color -moz-use-text-color #e6e7e8;\"> <span style=\"font-size: small;\">Pel\u00edcula de 35 mm \/ sensor digital de fotograma completo<\/span> <\/p>\n<\/td>\n<\/tr>\n<tr>\n<td width=\"228\">\n<p style=\"padding: 0cm 0cm 0.53cm; border: medium medium 1px none none solid -moz-use-text-color -moz-use-text-color #e6e7e8;\"> <span style=\"font-size: small;\">\u00c1ngulo<\/span> <\/p>\n<\/td>\n<td width=\"349\">\n<p style=\"padding: 0cm 0cm 0.53cm; border: medium medium 1px none none solid -moz-use-text-color -moz-use-text-color #e6e7e8;\"> <span style=\"font-size: small;\">84\u00b0 &#8211; 8\u00b0 10&#8242;<\/span> <\/p>\n<\/td>\n<\/tr>\n<tr>\n<td width=\"228\">\n<p style=\"padding: 0cm 0cm 0.53cm; border: medium medium 1px none none solid -moz-use-text-color -moz-use-text-color #e6e7e8;\"> <span style=\"font-size: small;\">Distancia m\u00ednima de enfoque<\/span> <\/p>\n<\/td>\n<td width=\"349\">\n<p style=\"padding: 0cm 0cm 0.53cm; border: medium medium 1px none none solid -moz-use-text-color -moz-use-text-color #e6e7e8;\"> <span style=\"font-size: small;\">2,95&#8242; (90 cm)<\/span> <\/p>\n<\/td>\n<\/tr>\n<tr>\n<td width=\"228\">\n<p style=\"padding: 0cm 0cm 0.53cm; border: medium medium 1px none none solid -moz-use-text-color -moz-use-text-color #e6e7e8;\"> <span style=\"font-size: small;\">Ampliaci\u00f3n<\/span> <\/p>\n<\/td>\n<td width=\"349\">\n<p style=\"padding: 0cm 0cm 0.53cm; border: medium medium 1px none none solid -moz-use-text-color -moz-use-text-color #e6e7e8;\"> <span style=\"font-size: small;\">0,31 veces<\/span> <\/p>\n<\/td>\n<\/tr>\n<tr>\n<td width=\"228\">\n<p style=\"padding: 0cm 0cm 0.53cm; border: medium medium 1px none none solid -moz-use-text-color -moz-use-text-color #e6e7e8;\"> <span style=\"font-size: small;\">Elementos\/Grupos<\/span> <\/p>\n<\/td>\n<td width=\"349\">\n<p style=\"padding: 0cm 0cm 0.53cm; border: medium medium 1px none none solid -moz-use-text-color -moz-use-text-color #e6e7e8;\"> <span style=\"font-size: small;\">16\/13<\/span> <\/p>\n<\/td>\n<\/tr>\n<tr>\n<td width=\"228\">\n<p style=\"padding: 0cm 0cm 0.53cm; border: medium medium 1px none none solid -moz-use-text-color -moz-use-text-color #e6e7e8;\"> <span style=\"font-size: small;\">Hojas de diafragma<\/span> <\/p>\n<\/td>\n<td width=\"349\">\n<p style=\"padding: 0cm 0cm 0.53cm; border: medium medium 1px none none solid -moz-use-text-color -moz-use-text-color #e6e7e8;\"> <span style=\"font-size: small;\">9, redondeado<\/span> <\/p>\n<\/td>\n<\/tr>\n<\/tbody>\n<\/table>\n<table style=\"width: 220px;\" border=\"0\" cellspacing=\"0\" cellpadding=\"2\">\n<colgroup>\n<col width=\"177\"><\/colgroup>\n<colgroup>\n<col width=\"35\"><\/colgroup>\n<tbody>\n<tr>\n<th colspan=\"2\" width=\"216\">\n<p style=\"padding: 0cm; font-style: normal; font-weight: normal;\"> <span style=\"font-size: small;\"><a name=\"23001\"><\/a><span style=\"font-size: x-large;\">Recursos<\/span><\/span> <\/p>\n<\/th>\n<\/tr>\n<tr>\n<td width=\"177\">\n<p style=\"padding: 0cm 0cm 0.53cm; border: medium medium 1px none none solid -moz-use-text-color -moz-use-text-color #e6e7e8;\"> <span style=\"font-size: small;\">Estabilizaci\u00f3n de imagen<\/span> <\/p>\n<\/td>\n<td width=\"35\">\n<p style=\"padding: 0cm 0cm 0.53cm; border: medium medium 1px none none solid -moz-use-text-color -moz-use-text-color #e6e7e8;\"> <span style=\"font-size: small;\">S\u00ed<\/span> <\/p>\n<\/td>\n<\/tr>\n<tr>\n<td width=\"177\">\n<p style=\"padding: 0cm 0cm 0.53cm; border: medium medium 1px none none solid -moz-use-text-color -moz-use-text-color #e6e7e8;\"> <span style=\"font-size: small;\">Autom\u00e1tico<\/span> <\/p>\n<\/td>\n<td width=\"35\">\n<p style=\"padding: 0cm 0cm 0.53cm; border: medium medium 1px none none solid -moz-use-text-color -moz-use-text-color #e6e7e8;\"> <span style=\"font-size: small;\">S\u00ed<\/span> <\/p>\n<\/td>\n<\/tr>\n<\/tbody>\n<\/table>\n<table style=\"width: 520px;\" border=\"0\" cellspacing=\"0\" cellpadding=\"2\">\n<colgroup>\n<col width=\"163\"><\/colgroup>\n<colgroup>\n<col width=\"349\"><\/colgroup>\n<tbody>\n<tr>\n<th colspan=\"2\" width=\"516\">\n<p style=\"padding: 0cm; font-style: normal; font-weight: normal;\"> <span style=\"font-size: small;\"><a name=\"11501\"><\/a><span style=\"font-size: x-large;\">F\u00edsico<\/span><\/span> <\/p>\n<\/th>\n<\/tr>\n<tr>\n<td width=\"163\">\n<p style=\"padding: 0cm 0cm 0.53cm; border: medium medium 1px none none solid -moz-use-text-color -moz-use-text-color #e6e7e8;\"> <span style=\"font-size: small;\">Tema de filtro<\/span> <\/p>\n<\/td>\n<td width=\"349\">\n<p style=\"padding: 0cm 0cm 0.53cm; border: medium medium 1px none none solid -moz-use-text-color -moz-use-text-color #e6e7e8;\"> <span style=\"font-size: small;\">Frontal: 72 mm<\/span> <\/p>\n<\/td>\n<\/tr>\n<tr>\n<td width=\"163\">\n<p style=\"padding: 0cm 0cm 0.53cm; border: medium medium 1px none none solid -moz-use-text-color -moz-use-text-color #e6e7e8;\"> <span style=\"font-size: small;\">Dimensiones (DxL)<\/span> <\/p>\n<\/td>\n<td width=\"349\">\n<p style=\"padding: 0cm 0cm 0.53cm; border: medium medium 1px none none solid -moz-use-text-color -moz-use-text-color #e6e7e8;\"> <span style=\"font-size: small;\">Aproximadamente. 3,31 x 5,65&#8243; (84 x 143,5 mm) <\/span> <\/p>\n<\/td>\n<\/tr>\n<tr>\n<td width=\"163\">\n<p style=\"padding: 0cm 0cm 0.53cm; border: medium medium 1px none none solid -moz-use-text-color -moz-use-text-color #e6e7e8;\"> <span style=\"font-size: small;\">Peso<\/span> <\/p>\n<\/td>\n<td width=\"349\">\n<p style=\"padding: 0cm 0cm 0.53cm; border: medium medium 1px none none solid -moz-use-text-color -moz-use-text-color #e6e7e8;\"> <span style=\"font-size: small;\">1,88 libras (854 g)<\/span><\/p>\n<\/td>\n<\/tr>\n<\/tbody>\n<\/table>\n<p style=\"margin-bottom: 0cm;\"> <span style=\"font-size: small;\">&nbsp;<\/span><\/p>\n<p> <span style=\"font-size: small;\">&nbsp;<\/span><\/p>\n","protected":false},"excerpt":{"rendered":"<p>ASPECTOS DESTACADOS DEL PRODUCTO Lente con montura E\/formato de fotograma completo Rango de apertura: f\/4.5 a f\/29 Cuatro elementos asf\u00e9ricos<\/p>\n","protected":false},"featured_media":54257,"comment_status":"closed","ping_status":"open","template":"","meta":{"_acf_changed":false},"product_brand":[2537],"product_cat":[1062],"product_tag":[],"class_list":{"0":"post-74072","1":"product","2":"type-product","3":"status-publish","4":"has-post-thumbnail","6":"product_brand-sony-es","7":"product_cat-mirrorless-objectivos","8":"pa_abertura-maxima-f-4-5-5-6-es","10":"first","11":"onbackorder","12":"taxable","13":"shipping-taxable","14":"purchasable","15":"product-type-simple"},"bundled_by":[],"bundle_stock_status":"onbackorder","bundle_stock_quantity":null,"bundle_virtual":false,"bundle_layout":"","bundle_add_to_cart_form_location":"","bundle_editable_in_cart":false,"bundle_sold_individually_context":"","bundle_item_grouping":"","bundle_min_size":"","bundle_max_size":"","bundle_price":[],"bundled_items":[],"bundle_sell_ids":[],"acf":[],"_links":{"self":[{"href":"https:\/\/hi-techwonder.com\/es\/wp-json\/wp\/v2\/product\/74072","targetHints":{"allow":["GET"]}}],"collection":[{"href":"https:\/\/hi-techwonder.com\/es\/wp-json\/wp\/v2\/product"}],"about":[{"href":"https:\/\/hi-techwonder.com\/es\/wp-json\/wp\/v2\/types\/product"}],"replies":[{"embeddable":true,"href":"https:\/\/hi-techwonder.com\/es\/wp-json\/wp\/v2\/comments?post=74072"}],"wp:featuredmedia":[{"embeddable":true,"href":"https:\/\/hi-techwonder.com\/es\/wp-json\/wp\/v2\/media\/54257"}],"wp:attachment":[{"href":"https:\/\/hi-techwonder.com\/es\/wp-json\/wp\/v2\/media?parent=74072"}],"wp:term":[{"taxonomy":"product_brand","embeddable":true,"href":"https:\/\/hi-techwonder.com\/es\/wp-json\/wp\/v2\/product_brand?post=74072"},{"taxonomy":"product_cat","embeddable":true,"href":"https:\/\/hi-techwonder.com\/es\/wp-json\/wp\/v2\/product_cat?post=74072"},{"taxonomy":"product_tag","embeddable":true,"href":"https:\/\/hi-techwonder.com\/es\/wp-json\/wp\/v2\/product_tag?post=74072"}],"curies":[{"name":"wp","href":"https:\/\/api.w.org\/{rel}","templated":true}]}}