{"id":74073,"date":"2025-07-29T09:48:53","date_gmt":"2025-07-29T09:48:53","guid":{"rendered":"https:\/\/fv6qoy3ls0.wpdns.site\/product\/sony-sel35f18f-fe-35mm-f-1-8\/"},"modified":"2026-01-30T09:13:46","modified_gmt":"2026-01-30T09:13:46","slug":"sony-sel35f18f-fe-35mm-f-1-8","status":"publish","type":"product","link":"https:\/\/hi-techwonder.com\/es\/producto\/sony-sel35f18f-fe-35mm-f-1-8\/","title":{"rendered":"SONY SEL35F18F FE 35mm f\/1.8"},"content":{"rendered":"<p><strong>SONY SEL35F18F FE 35mm f\/1.8<\/strong><\/p>\n<h3>Funciones:<\/h3>\n<p><\/p>\n<p><strong>En el embalaje:<\/strong><\/p>\n<p><\/p>\n<p><\/p>\n<p><strong>Ligero y compacto con cobertura de fotograma completo<\/strong><\/p>\n<p>Gracias al innovador dise\u00f1o \u00f3ptico, este objetivo de gran apertura solo pesa 280 g y mide 65,6 mm de di\u00e1metro por 73 mm de longitud. Pr\u00e1ctico y f\u00e1cil de transportar, ofrece una excelente calidad de imagen y es una opci\u00f3n vers\u00e1til para fotograf\u00edas y pel\u00edculas. A pesar de ser un objetivo de fotograma completo, se integra bien en los cuerpos APS-C, ofreciendo una distancia de enfoque equivalente a 52,5 mm, ideal para retratos e instant\u00e1neas.  <\/p>\n<p><strong>Imagen de alta resoluci\u00f3n de esquina a esquina con la apertura m\u00e1s amplia<\/strong><\/p>\n<p>Alta resoluci\u00f3n de esquina a esquina con una apertura m\u00e1s amplia<\/p>\n<p>El dise\u00f1o avanzado de este objetivo integra un elemento esf\u00e9rico implementado para suprimir las aberraciones \u00f3pticas y lograr una alta resoluci\u00f3n hasta la periferia de la imagen. Tambi\u00e9n ofrece un bokeh suave, respaldado por un mecanismo de apertura circular de 9 hojas que contribuye a resaltar de aspecto natural. La distancia focal m\u00ednima de 0,22 m (0,73 pies) y el aumento m\u00e1ximo de 0,24x hacen que este objetivo tambi\u00e9n sea ideal para primeros planos.  <\/p>\n<p><strong>Vers\u00e1til y fiable para diversas situaciones de disparo<\/strong><\/p>\n<p>Vers\u00e1til y fiable para diversas situaciones de disparo<\/p>\n<p>El pr\u00e1ctico bot\u00f3n de retenci\u00f3n de enfoque ofrece un f\u00e1cil control de retenci\u00f3n de enfoque y se puede asignar a otras funciones desde un men\u00fa. Este objetivo tambi\u00e9n incluye un interruptor de modo de enfoque para cambiar entre el enfoque manual y el autom\u00e1tico. Su dise\u00f1o antipolvo y antihumedad2 garantiza la m\u00e1xima fiabilidad en entornos exigentes.  <\/p>\n<p><strong>Im\u00e1genes de seguimiento de AF fiables y silenciosas para v\u00eddeos y fotograf\u00edas<\/strong><\/p>\n<p>Seguimiento AF fiable y silencioso para v\u00eddeos y fotograf\u00edas<\/p>\n<p>La estrecha profundidad de campo con una apertura de F1.8 hace que el enfoque sea crucial. La respuesta r\u00e1pida y de alta precisi\u00f3n del sistema de accionamiento AF de motor lineal garantiza un enfoque autom\u00e1tico r\u00e1pido, preciso y silencioso. El rendimiento de AF es excelente para im\u00e1genes fijas y videos con \u00abbamboleo\u00bb para un control de enfoque continuo.  <\/p>\n<p><strong>Excelente resoluci\u00f3n de borde a borde<\/strong><\/p>\n<p>El dise\u00f1o avanzado de esta lente integra un elemento asf\u00e9rico estrat\u00e9gicamente implementado para suprimir las aberraciones \u00f3pticas y lograr una alta resoluci\u00f3n hasta la periferia de la imagen. Tambi\u00e9n ofrece un bokeh suave, respaldado por un mecanismo de apertura circular de 9 hojas que contribuye a una apariencia natural. &nbsp;<\/p>\n<p><strong>Seguimiento AF fiable para cualquier situaci\u00f3n<\/strong><\/p>\n<p>La estrecha profundidad de campo con una amplia apertura de F1.8 hace que el enfoque sea crucial. La respuesta r\u00e1pida, silenciosa y de alta precisi\u00f3n del sistema de accionamiento AF de motor lineal de este objetivo garantiza un enfoque preciso tanto para fotograf\u00edas como para v\u00eddeos que utilizan el \u00abbamboleo\u00bb para un control delicado del enfoque continuo. <\/p>\n<p><strong>Impresionantes primeros planos<\/strong><\/p>\n<p>Una distancia focal m\u00ednima de 0,22 m y un aumento m\u00e1ximo de 0,24x hacen que este objetivo sea ideal para primeros planos y para fotograf\u00eda y v\u00eddeo en general. El alto rendimiento \u00f3ptico se mantiene cerca, proporcionando la calidad necesaria para crear im\u00e1genes impresionantes de productos, flores y m\u00e1s. <\/p>\n<p><strong>Bot\u00f3n de retenci\u00f3n de enfoque personalizable<\/strong><\/p>\n<p>El bot\u00f3n de retenci\u00f3n de enfoque convenientemente ubicado ofrece un f\u00e1cil control de retenci\u00f3n de enfoque y se puede asignar a otras funciones desde un men\u00fa al que se accede en el cuerpo de la c\u00e1mara. El bot\u00f3n de retenci\u00f3n de enfoque se puede asignar para mostrar l\u00edneas de cuadr\u00edcula que ayudan a la composici\u00f3n, ajustar el balance de blancos y otras funciones para un disparo vers\u00e1til y eficiente. <\/p>\n<p><strong>F\u00e1cil cambio entre enfoque manual\/autom\u00e1tico<\/strong><\/p>\n<p>Un interruptor de modo de enfoque que le permite cambiar entre enfoque manual y autom\u00e1tico es una gran ventaja para capturar sujetos y situaciones que requieren un ajuste fino del enfoque manual.<\/p>\n<p><strong>Respuesta de enfoque manual lineal y natural<\/strong><\/p>\n<p>Linear Response MF garantiza que el anillo de enfoque responda directa y linealmente al control sutil al enfocar manualmente. La acci\u00f3n de la rotaci\u00f3n del anillo de enfoque corresponde directamente a un cambio de enfoque, por lo que el control es muy sensible y preciso. <\/p>\n<p><strong>Dise\u00f1o resistente al polvo y la humedad<\/strong><\/p>\n<p>El dise\u00f1o resistente al polvo y la humedad3 ofrece la confiabilidad necesaria para su uso en exteriores en condiciones exigentes.<\/p>\n<p><strong>Caracter\u00edsticas t\u00e9cnicas:<\/strong><\/p>\n<table border=\"0\" width=\"369\" cellspacing=\"0\" cellpadding=\"2\">\n<tbody>\n<tr>\n<td width=\"168\">\n<\/td>\n<\/tr>\n<\/tbody>\n<\/table>\n<p align=\"LEFT\">Distancia focal<\/p>\n<table border=\"0\" width=\"369\" cellspacing=\"0\" cellpadding=\"2\">\n<tbody>\n<tr>\n<td width=\"168\">\n<\/td>\n<td width=\"193\">\n<\/td>\n<\/tr>\n<\/tbody>\n<\/table>\n<p>35 mm<\/p>\n<table border=\"0\" width=\"369\" cellspacing=\"0\" cellpadding=\"2\">\n<tbody>\n<tr>\n<td width=\"193\">\n<\/td>\n<td width=\"168\">\n<\/td>\n<\/tr>\n<\/tbody>\n<\/table>\n<p align=\"LEFT\">Apertura m\u00e1xima<\/p>\n<table border=\"0\" width=\"369\" cellspacing=\"0\" cellpadding=\"2\">\n<tbody>\n<tr>\n<td width=\"168\">\n<\/td>\n<td width=\"193\">\n<\/td>\n<\/tr>\n<\/tbody>\n<\/table>\n<p>f\/1.8<\/p>\n<table border=\"0\" width=\"369\" cellspacing=\"0\" cellpadding=\"2\">\n<tbody>\n<tr>\n<td width=\"193\">\n<\/td>\n<td width=\"168\">\n<\/td>\n<\/tr>\n<\/tbody>\n<\/table>\n<p align=\"LEFT\">Apertura m\u00ednima.<\/p>\n<table border=\"0\" width=\"369\" cellspacing=\"0\" cellpadding=\"2\">\n<tbody>\n<tr>\n<td width=\"168\">\n<\/td>\n<td width=\"193\">\n<\/td>\n<\/tr>\n<\/tbody>\n<\/table>\n<p>f\/22<\/p>\n<table border=\"0\" width=\"369\" cellspacing=\"0\" cellpadding=\"2\">\n<tbody>\n<tr>\n<td width=\"193\">\n<\/td>\n<td width=\"168\">\n<\/td>\n<\/tr>\n<\/tbody>\n<\/table>\n<p align=\"LEFT\">Tipo de montaje<\/p>\n<table border=\"0\" width=\"369\" cellspacing=\"0\" cellpadding=\"2\">\n<tbody>\n<tr>\n<td width=\"168\">\n<\/td>\n<td width=\"193\">\n<\/td>\n<\/tr>\n<\/tbody>\n<\/table>\n<p>Sony E<\/p>\n<table border=\"0\" width=\"369\" cellspacing=\"0\" cellpadding=\"2\">\n<tbody>\n<tr>\n<td width=\"193\">\n<\/td>\n<td width=\"168\">\n<\/td>\n<\/tr>\n<\/tbody>\n<\/table>\n<p align=\"LEFT\">Formato<\/p>\n<table border=\"0\" width=\"369\" cellspacing=\"0\" cellpadding=\"2\">\n<tbody>\n<tr>\n<td width=\"168\">\n<\/td>\n<td width=\"193\">\n<\/td>\n<\/tr>\n<\/tbody>\n<\/table>\n<p>Fotograma completo<\/p>\n<table border=\"0\" width=\"369\" cellspacing=\"0\" cellpadding=\"2\">\n<tbody>\n<tr>\n<td width=\"193\">\n<\/td>\n<td width=\"168\">\n<\/td>\n<\/tr>\n<\/tbody>\n<\/table>\n<p align=\"LEFT\">\u00c1ngulo de visi\u00f3n (35 mm)<\/p>\n<table border=\"0\" width=\"369\" cellspacing=\"0\" cellpadding=\"2\">\n<tbody>\n<tr>\n<td width=\"168\">\n<\/td>\n<td width=\"193\">\n<\/td>\n<\/tr>\n<\/tbody>\n<\/table>\n<p>63\u00b0<\/p>\n<table border=\"0\" width=\"369\" cellspacing=\"0\" cellpadding=\"2\">\n<tbody>\n<tr>\n<td width=\"193\">\n<\/td>\n<td width=\"168\">\n<\/td>\n<\/tr>\n<\/tbody>\n<\/table>\n<p align=\"LEFT\">Max. Relaci\u00f3n de aumento<\/p>\n<table border=\"0\" width=\"369\" cellspacing=\"0\" cellpadding=\"2\">\n<tbody>\n<tr>\n<td width=\"168\">\n<\/td>\n<td width=\"193\">\n<\/td>\n<\/tr>\n<\/tbody>\n<\/table>\n<p>0,24 veces<\/p>\n<table border=\"0\" width=\"369\" cellspacing=\"0\" cellpadding=\"2\">\n<tbody>\n<tr>\n<td width=\"193\">\n<\/td>\n<td width=\"168\">\n<\/td>\n<\/tr>\n<\/tbody>\n<\/table>\n<p align=\"LEFT\">Distancia m\u00ednima de enfoque<\/p>\n<table border=\"0\" width=\"369\" cellspacing=\"0\" cellpadding=\"2\">\n<tbody>\n<tr>\n<td width=\"168\">\n<\/td>\n<td width=\"193\">\n<\/td>\n<\/tr>\n<\/tbody>\n<\/table>\n<p>22,1 cm<\/p>\n<table border=\"0\" width=\"369\" cellspacing=\"0\" cellpadding=\"2\">\n<tbody>\n<tr>\n<td width=\"193\">\n<\/td>\n<td width=\"168\">\n<\/td>\n<\/tr>\n<\/tbody>\n<\/table>\n<p align=\"LEFT\">Grupos\/elementos de lentes<\/p>\n<table border=\"0\" width=\"369\" cellspacing=\"0\" cellpadding=\"2\">\n<tbody>\n<tr>\n<td width=\"168\">\n<\/td>\n<td width=\"193\">\n<\/td>\n<\/tr>\n<\/tbody>\n<\/table>\n<p>9-11<\/p>\n<table border=\"0\" width=\"369\" cellspacing=\"0\" cellpadding=\"2\">\n<tbody>\n<tr>\n<td width=\"193\">\n<\/td>\n<td width=\"168\">\n<\/td>\n<\/tr>\n<\/tbody>\n<\/table>\n<p align=\"LEFT\">Cuchillas de apertura<\/p>\n<table border=\"0\" width=\"369\" cellspacing=\"0\" cellpadding=\"2\">\n<tbody>\n<tr>\n<td width=\"168\">\n<\/td>\n<td width=\"193\">\n<\/td>\n<\/tr>\n<\/tbody>\n<\/table>\n<p>9, redondeado<\/p>\n<table border=\"0\" width=\"369\" cellspacing=\"0\" cellpadding=\"2\">\n<tbody>\n<tr>\n<td width=\"193\">\n<\/td>\n<td width=\"168\">\n<\/td>\n<\/tr>\n<\/tbody>\n<\/table>\n<p align=\"LEFT\">Tipo de enfoque<\/p>\n<table border=\"0\" width=\"369\" cellspacing=\"0\" cellpadding=\"2\">\n<tbody>\n<tr>\n<td width=\"168\">\n<\/td>\n<td width=\"193\">\n<\/td>\n<\/tr>\n<\/tbody>\n<\/table>\n<p>Enfoque autom\u00e1tico<\/p>\n<table border=\"0\" width=\"369\" cellspacing=\"0\" cellpadding=\"2\">\n<tbody>\n<tr>\n<td width=\"193\">\n<\/td>\n<td width=\"168\">\n<\/td>\n<\/tr>\n<\/tbody>\n<\/table>\n<p align=\"LEFT\">Estabilizador de imagen<\/p>\n<table border=\"0\" width=\"369\" cellspacing=\"0\" cellpadding=\"2\">\n<tbody>\n<tr>\n<td width=\"168\">\n<\/td>\n<td width=\"193\">\n<\/td>\n<\/tr>\n<\/tbody>\n<\/table>\n<p>No<\/p>\n<table border=\"0\" width=\"369\" cellspacing=\"0\" cellpadding=\"2\">\n<tbody>\n<tr>\n<td width=\"193\">\n<\/td>\n<td width=\"168\">\n<\/td>\n<\/tr>\n<\/tbody>\n<\/table>\n<p align=\"LEFT\">Di\u00e1metro del filtro<\/p>\n<table border=\"0\" width=\"369\" cellspacing=\"0\" cellpadding=\"2\">\n<tbody>\n<tr>\n<td width=\"168\">\n<\/td>\n<td width=\"193\">\n<\/td>\n<\/tr>\n<\/tbody>\n<\/table>\n<p>55 mil\u00edmetros<\/p>\n<table border=\"0\" width=\"369\" cellspacing=\"0\" cellpadding=\"2\">\n<tbody>\n<tr>\n<td width=\"193\">\n<\/td>\n<td width=\"168\">\n<\/td>\n<\/tr>\n<\/tbody>\n<\/table>\n<p align=\"LEFT\">Dimensiones (\u00f8 x L)<\/p>\n<table border=\"0\" width=\"369\" cellspacing=\"0\" cellpadding=\"2\">\n<tbody>\n<tr>\n<td width=\"168\">\n<\/td>\n<td width=\"193\">\n<\/td>\n<\/tr>\n<\/tbody>\n<\/table>\n<p>65,6 x 73 mm<\/p>\n<table border=\"0\" width=\"369\" cellspacing=\"0\" cellpadding=\"2\">\n<tbody>\n<tr>\n<td width=\"193\">\n<\/td>\n<td width=\"168\">\n<\/td>\n<\/tr>\n<\/tbody>\n<\/table>\n<p align=\"LEFT\">Peso<\/p>\n<table border=\"0\" width=\"369\" cellspacing=\"0\" cellpadding=\"2\">\n<tbody>\n<tr>\n<td width=\"168\">\n<\/td>\n<td width=\"193\">\n<\/td>\n<\/tr>\n<\/tbody>\n<\/table>\n<p>281 gramos<\/p>\n<table border=\"0\" width=\"369\" cellspacing=\"0\" cellpadding=\"2\">\n<tbody>\n<tr>\n<td width=\"193\">\n<\/td>\n<\/tr>\n<\/tbody>\n<\/table>\n","protected":false},"excerpt":{"rendered":"<p>SONY SEL35F18F FE 35mm f\/1.8 Funciones: En el embalaje: Ligero y compacto con cobertura de fotograma completo Gracias al innovador<\/p>\n","protected":false},"featured_media":54371,"comment_status":"closed","ping_status":"open","template":"","meta":{"_acf_changed":false},"product_brand":[2537],"product_cat":[1062],"product_tag":[],"class_list":{"0":"post-74073","1":"product","2":"type-product","3":"status-publish","4":"has-post-thumbnail","6":"product_brand-sony-es","7":"product_cat-mirrorless-objectivos","8":"pa_abertura-maxima-f-1-8-es","10":"first","11":"pre-order","12":"taxable","13":"shipping-taxable","14":"purchasable","15":"product-type-simple"},"bundled_by":[],"bundle_stock_status":"pre-order","bundle_stock_quantity":null,"bundle_virtual":false,"bundle_layout":"","bundle_add_to_cart_form_location":"","bundle_editable_in_cart":false,"bundle_sold_individually_context":"","bundle_item_grouping":"","bundle_min_size":"","bundle_max_size":"","bundle_price":[],"bundled_items":[],"bundle_sell_ids":[],"acf":[],"_links":{"self":[{"href":"https:\/\/hi-techwonder.com\/es\/wp-json\/wp\/v2\/product\/74073","targetHints":{"allow":["GET"]}}],"collection":[{"href":"https:\/\/hi-techwonder.com\/es\/wp-json\/wp\/v2\/product"}],"about":[{"href":"https:\/\/hi-techwonder.com\/es\/wp-json\/wp\/v2\/types\/product"}],"replies":[{"embeddable":true,"href":"https:\/\/hi-techwonder.com\/es\/wp-json\/wp\/v2\/comments?post=74073"}],"wp:featuredmedia":[{"embeddable":true,"href":"https:\/\/hi-techwonder.com\/es\/wp-json\/wp\/v2\/media\/54371"}],"wp:attachment":[{"href":"https:\/\/hi-techwonder.com\/es\/wp-json\/wp\/v2\/media?parent=74073"}],"wp:term":[{"taxonomy":"product_brand","embeddable":true,"href":"https:\/\/hi-techwonder.com\/es\/wp-json\/wp\/v2\/product_brand?post=74073"},{"taxonomy":"product_cat","embeddable":true,"href":"https:\/\/hi-techwonder.com\/es\/wp-json\/wp\/v2\/product_cat?post=74073"},{"taxonomy":"product_tag","embeddable":true,"href":"https:\/\/hi-techwonder.com\/es\/wp-json\/wp\/v2\/product_tag?post=74073"}],"curies":[{"name":"wp","href":"https:\/\/api.w.org\/{rel}","templated":true}]}}