{"id":74074,"date":"2025-07-29T09:48:59","date_gmt":"2025-07-29T09:48:59","guid":{"rendered":"https:\/\/fv6qoy3ls0.wpdns.site\/product\/sony-sel35f14gm-fe-35mm-f-1-4-gm\/"},"modified":"2026-01-30T09:13:50","modified_gmt":"2026-01-30T09:13:50","slug":"sony-sel35f14gm-fe-35mm-f-1-4-gm","status":"publish","type":"product","link":"https:\/\/hi-techwonder.com\/es\/producto\/sony-sel35f14gm-fe-35mm-f-1-4-gm\/","title":{"rendered":"SONY SEL35F14GM FE 35mm f\/1.4 GM"},"content":{"rendered":"<p><strong>SONY SEL35F14GM FE 35mm f\/1.4 GM<\/strong><\/p>\n<p> <strong>Caracter\u00edsticas principales<\/strong><\/p>\n<ul>\n<li>  Lente con montura E\/formato de fotograma completo<\/li>\n<li>  Rango de apertura: f\/1.4 a f\/16<\/li>\n<li>  Dos elementos XA, un elemento ED<\/li>\n<li>  Nano AR II y recubrimientos de fl\u00faor<\/li>\n<li>  Motores de AF lineal XD duales, enfoque interno<\/li>\n<li>  Bot\u00f3n de retenci\u00f3n de enfoque, interruptor AF\/MF<\/li>\n<li>  Anillo de apertura f\u00edsico; Haga clic en cambiar<\/li>\n<li>  Construcci\u00f3n resistente al polvo y la humedad<\/li>\n<li>  Diafragma redondeado de 11 hojas<\/li>\n<\/ul>\n<p> <strong>En la caja<\/strong><\/p>\n<ul>\n<li>  Lente Sony FE 35mm f\/1.4 GM<\/li>\n<li>  Tapa frontal del objetivo Sony ALC-F67S de 67 mm<\/li>\n<li>  Tapa trasera del objetivo Sony ALC-R1EM<\/li>\n<li>  ALC-SH164 Parasol<\/li>\n<li>  Estuche de lentes  <\/li>\n<\/ul>\n<p><iframe loading=\"lazy\" style=\"min-height: 500px; width: 100%; height: auto;\" src=\"https:\/\/www.youtube.com\/embed\/rYVFXbBUJQk\" width=\"560\" height=\"314\" allowfullscreen=\"allowfullscreen\"><\/iframe><\/p>\n<p>  Un cl\u00e1sico gran angular con un dise\u00f1o actualizado y elegante, el Sony FE 35mm f\/1.4 GM se caracteriza por su velocidad y su factor de forma relativamente compacto. La vers\u00e1til distancia focal se adapta a todo, desde fotograf\u00eda callejera hasta sujetos de paisajes y documentales, y la r\u00e1pida apertura m\u00e1xima sobresale en condiciones de poca luz y para controlar la profundidad de campo. Adem\u00e1s, como lente G Master, tiene un dise\u00f1o \u00f3ptico avanzado para im\u00e1genes bien corregidas con un alto grado de nitidez y claridad.  <\/p>\n<p>  Dos elementos XA (eXtreme Aspherical) y un elemento de dispersi\u00f3n extra baja reducen una variedad de aberraciones, franjas de color y distorsi\u00f3n, y la \u00f3ptica se complementa con un recubrimiento Nano AR II que tambi\u00e9n suprime los destellos y las im\u00e1genes fantasma para mejorar el contraste. Optics Balancing es un sistema de motor lineal XD que utiliza dos motores de enfoque separados para ofrecer un rendimiento de enfoque autom\u00e1tico especialmente silencioso, preciso y r\u00e1pido. El objetivo tambi\u00e9n cuenta con un dise\u00f1o a prueba de polvo y humedad y un elemento frontal de lente recubierto de fl\u00faor para resistir el disparo en condiciones adversas.  <\/p>\n<ul>\n<li>  Como parte de la estimada serie G Master de Sony, este objetivo est\u00e1 dise\u00f1ado para lograr una resoluci\u00f3n y nitidez notablemente altas mediante la correcci\u00f3n de una amplia gama de aberraciones esf\u00e9ricas y crom\u00e1ticas. Adem\u00e1s, estos lentes cuentan con dise\u00f1os f\u00edsicos robustos que son intuitivos de manejar para beneficiar las aplicaciones de fotograf\u00eda y cine. <\/li>\n<li>  La lente gran angular de 35 mm est\u00e1 dise\u00f1ada para c\u00e1maras sin espejo de fotograma completo con montura E de Sony; sin embargo, tambi\u00e9n se puede utilizar con modelos APS-C donde proporciona una distancia focal equivalente a 52,5 mm.<\/li>\n<li>  La apertura m\u00e1xima notablemente r\u00e1pida de f\/1.4 beneficia el trabajo en condiciones de iluminaci\u00f3n dif\u00edciles y tambi\u00e9n le brinda un mayor control sobre la profundidad de campo.<\/li>\n<li>  Dos elementos XA (asf\u00e9ricos extremos) est\u00e1n incorporados en el dise\u00f1o \u00f3ptico y cuentan con una precisi\u00f3n de superficie superior para un control efectivo sobre el astigmatismo, la curvatura del campo, el coma, la distorsi\u00f3n y otras aberraciones esf\u00e9ricas para un alto grado de nitidez y una representaci\u00f3n precisa.<\/li>\n<li>  El dise\u00f1o de la lente presenta un elemento de dispersi\u00f3n extra baja que ayuda a reducir las aberraciones crom\u00e1ticas y las franjas de color para mejorar la claridad y la neutralidad del color.<\/li>\n<li>  Se ha aplicado Nano AR Coating II para reducir los reflejos de la superficie, los destellos y las im\u00e1genes fantasma para aumentar el contraste y la reproducci\u00f3n del color en condiciones de iluminaci\u00f3n intensa. Este recubrimiento mejorado es el m\u00e1s adecuado para elementos curvos m\u00e1s grandes y es especialmente adecuado para minimizar los reflejos internos. <\/li>\n<li>  Dos motores lineales XD, junto con un dise\u00f1o de enfoque interno, proporcionan un rendimiento de enfoque autom\u00e1tico r\u00e1pido, silencioso y preciso. Este dise\u00f1o tambi\u00e9n contribuye a una respuesta lineal m\u00e1s natural e intuitiva, el control de enfoque manual y un interruptor AF\/MF se encuentra en el cilindro del objetivo para el control t\u00e1ctil de este ajuste. <\/li>\n<li>  Un bot\u00f3n de retenci\u00f3n de enfoque se presenta en el cilindro de la lente para un control t\u00e1ctil intuitivo y un acceso r\u00e1pido a configuraciones seleccionadas.<\/li>\n<li>  El anillo de apertura f\u00edsico se puede quitar para un cambio de apertura suave y silencioso para beneficiar las aplicaciones de video.<\/li>\n<li>  El dise\u00f1o sellado contra el polvo y la humedad le permite trabajar mejor en condiciones adversas, y los anillos de control de goma benefician el manejo en temperaturas m\u00e1s fr\u00edas.<\/li>\n<li>  El elemento frontal recubierto de fl\u00faor resiste el polvo, la humedad y las huellas dactilares y es f\u00e1cil de limpiar.<\/li>\n<li>  El diafragma redondeado de 11 hojas contribuye a una agradable calidad de bokeh cuando se emplean t\u00e9cnicas de enfoque selectivo  <\/li>\n<\/ul>\n<div style=\"box-sizing: inherit; font-family: OpenSans, 'Segoe UI', Helvetica, Roboto, Arial, sans-serif; font-size: 16px; background-color: #ffffff;\">\n<div class=\"\" style=\"box-sizing: inherit;\" data-selenium=\"overviewLongDescription\">\n<div class=\"js-injected-html\" style=\"box-sizing: inherit;\"> <strong>Caracter\u00edsticas t\u00e9cnicas<\/strong> <\/div>\n<div class=\"js-injected-html\" style=\"box-sizing: inherit;\"><\/div>\n<div class=\"js-injected-html\" style=\"box-sizing: inherit;\">\n<table class=\"table_o418fscimQZEg1oshu4aX\" style=\"box-sizing: inherit; width: 981px; height: 330px;\" data-selenium=\"specsItemGroupTable\">\n<tbody style=\"box-sizing: inherit;\">\n<tr class=\"pair_3u9fnESIQrtuEu6ye_zM4k\" style=\"box-sizing: inherit; border-bottom: 0.0625rem solid #e7e7e7; height: 22px;\" data-selenium=\"specsItemGroupTableRow\">\n<td class=\"label_3bLwbW8ibvYc5tUwpKVQsL firstSpecWhenNoGroupName_2L9ob5rxYHNpmiwoNrY0FE\" style=\"box-sizing: inherit; width: 372px; padding: 0px 0px 1.25rem; border-top: none; vertical-align: baseline; font-size: 1.125rem; color: #666666; line-height: 1.375rem; height: 22px;\" data-selenium=\"specsItemGroupTableColumnLabel\"> Distancia focal <\/td>\n<td class=\"value_11Av1yGkVYn9TX48mQeu9v firstSpecWhenNoGroupName_2L9ob5rxYHNpmiwoNrY0FE\" style=\"box-sizing: inherit; vertical-align: baseline; font-size: 1.125rem; color: #666666; line-height: 1.375rem; padding: 0px 0px 1.25rem 2.5rem; height: 22px;\" data-selenium=\"specsItemGroupTableColumnValue\"> 35mm <\/td>\n<\/tr>\n<tr class=\"pair_3u9fnESIQrtuEu6ye_zM4k\" style=\"box-sizing: inherit; border-bottom: 0.0625rem solid #e7e7e7; height: 22px;\" data-selenium=\"specsItemGroupTableRow\">\n<td class=\"label_3bLwbW8ibvYc5tUwpKVQsL\" style=\"box-sizing: inherit; width: 372px; padding: 1.25rem 0px; border-top: none; vertical-align: baseline; font-size: 1.125rem; color: #666666; line-height: 1.375rem; height: 22px;\" data-selenium=\"specsItemGroupTableColumnLabel\"> Apertura m\u00e1xima <\/td>\n<td class=\"value_11Av1yGkVYn9TX48mQeu9v\" style=\"box-sizing: inherit; vertical-align: baseline; font-size: 1.125rem; color: #666666; line-height: 1.375rem; padding: 1.25rem 0px 1.25rem 2.5rem; height: 22px;\" data-selenium=\"specsItemGroupTableColumnValue\"> f\/1.4 <\/td>\n<\/tr>\n<tr class=\"pair_3u9fnESIQrtuEu6ye_zM4k\" style=\"box-sizing: inherit; border-bottom: 0.0625rem solid #e7e7e7; height: 22px;\" data-selenium=\"specsItemGroupTableRow\">\n<td class=\"label_3bLwbW8ibvYc5tUwpKVQsL\" style=\"box-sizing: inherit; width: 372px; padding: 1.25rem 0px; border-top: none; vertical-align: baseline; font-size: 1.125rem; color: #666666; line-height: 1.375rem; height: 22px;\" data-selenium=\"specsItemGroupTableColumnLabel\"> Apertura m\u00ednima <\/td>\n<td class=\"value_11Av1yGkVYn9TX48mQeu9v\" style=\"box-sizing: inherit; vertical-align: baseline; font-size: 1.125rem; color: #666666; line-height: 1.375rem; padding: 1.25rem 0px 1.25rem 2.5rem; height: 22px;\" data-selenium=\"specsItemGroupTableColumnValue\"> f\/16 <\/td>\n<\/tr>\n<tr class=\"pair_3u9fnESIQrtuEu6ye_zM4k\" style=\"box-sizing: inherit; border-bottom: 0.0625rem solid #e7e7e7; height: 22px;\" data-selenium=\"specsItemGroupTableRow\">\n<td class=\"value_11Av1yGkVYn9TX48mQeu9v\" style=\"box-sizing: inherit; vertical-align: baseline; font-size: 1.125rem; color: #666666; line-height: 1.375rem; padding: 1.25rem 0px 1.25rem 2.5rem; height: 22px;\" data-selenium=\"specsItemGroupTableColumnValue\"> Montura de lente Sony E <\/td>\n<td class=\"label_3bLwbW8ibvYc5tUwpKVQsL\" style=\"box-sizing: inherit; width: 372px; padding: 1.25rem 0px; border-top: none; vertical-align: baseline; font-size: 1.125rem; color: #666666; line-height: 1.375rem; height: 22px;\" data-selenium=\"specsItemGroupTableColumnLabel\"> <\/td>\n<\/tr>\n<tr class=\"pair_3u9fnESIQrtuEu6ye_zM4k\" style=\"box-sizing: inherit; border-bottom: 0.0625rem solid #e7e7e7; height: 22px;\" data-selenium=\"specsItemGroupTableRow\">\n<td class=\"label_3bLwbW8ibvYc5tUwpKVQsL\" style=\"box-sizing: inherit; width: 372px; padding: 1.25rem 0px; border-top: none; vertical-align: baseline; font-size: 1.125rem; color: #666666; line-height: 1.375rem; height: 22px;\" data-selenium=\"specsItemGroupTableColumnLabel\"> Compatibilidad con formato <\/td>\n<td class=\"value_11Av1yGkVYn9TX48mQeu9v\" style=\"box-sizing: inherit; vertical-align: baseline; font-size: 1.125rem; color: #666666; line-height: 1.375rem; padding: 1.25rem 0px 1.25rem 2.5rem; height: 22px;\" data-selenium=\"specsItemGroupTableColumnValue\"> de fotograma completo <\/td>\n<\/tr>\n<tr class=\"pair_3u9fnESIQrtuEu6ye_zM4k\" style=\"box-sizing: inherit; border-bottom: 0.0625rem solid #e7e7e7; height: 22px;\" data-selenium=\"specsItemGroupTableRow\">\n<td class=\"label_3bLwbW8ibvYc5tUwpKVQsL\" style=\"box-sizing: inherit; width: 372px; padding: 1.25rem 0px; border-top: none; vertical-align: baseline; font-size: 1.125rem; color: #666666; line-height: 1.375rem; height: 22px;\" data-selenium=\"specsItemGroupTableColumnLabel\"> \u00c1ngulo de visi\u00f3n <\/td>\n<td class=\"value_11Av1yGkVYn9TX48mQeu9v\" style=\"box-sizing: inherit; vertical-align: baseline; font-size: 1.125rem; color: #666666; line-height: 1.375rem; padding: 1.25rem 0px 1.25rem 2.5rem; height: 22px;\" data-selenium=\"specsItemGroupTableColumnValue\"> 63\u00b0 <\/td>\n<\/tr>\n<tr class=\"pair_3u9fnESIQrtuEu6ye_zM4k\" style=\"box-sizing: inherit; border-bottom: 0.0625rem solid #e7e7e7; height: 22px;\" data-selenium=\"specsItemGroupTableRow\">\n<td class=\"label_3bLwbW8ibvYc5tUwpKVQsL\" style=\"box-sizing: inherit; width: 372px; padding: 1.25rem 0px; border-top: none; vertical-align: baseline; font-size: 1.125rem; color: #666666; line-height: 1.375rem; height: 22px;\" data-selenium=\"specsItemGroupTableColumnLabel\"> Distancia m\u00ednima de enfoque <\/td>\n<td class=\"value_11Av1yGkVYn9TX48mQeu9v\" style=\"box-sizing: inherit; vertical-align: baseline; font-size: 1.125rem; color: #666666; line-height: 1.375rem; padding: 1.25rem 0px 1.25rem 2.5rem; height: 22px;\" data-selenium=\"specsItemGroupTableColumnValue\"> 25 cm <\/td>\n<\/tr>\n<tr class=\"pair_3u9fnESIQrtuEu6ye_zM4k\" style=\"box-sizing: inherit; border-bottom: 0.0625rem solid #e7e7e7; height: 22px;\" data-selenium=\"specsItemGroupTableRow\">\n<td class=\"label_3bLwbW8ibvYc5tUwpKVQsL\" style=\"box-sizing: inherit; width: 372px; padding: 1.25rem 0px; border-top: none; vertical-align: baseline; font-size: 1.125rem; color: #666666; line-height: 1.375rem; height: 22px;\" data-selenium=\"specsItemGroupTableColumnLabel\"> Aumento m\u00e1ximo <\/td>\n<td class=\"value_11Av1yGkVYn9TX48mQeu9v\" style=\"box-sizing: inherit; vertical-align: baseline; font-size: 1.125rem; color: #666666; line-height: 1.375rem; padding: 1.25rem 0px 1.25rem 2.5rem; height: 22px;\" data-selenium=\"specsItemGroupTableColumnValue\"> 0.26x <\/td>\n<\/tr>\n<tr class=\"pair_3u9fnESIQrtuEu6ye_zM4k\" style=\"box-sizing: inherit; border-bottom: 0.0625rem solid #e7e7e7; height: 22px;\" data-selenium=\"specsItemGroupTableRow\">\n<td class=\"label_3bLwbW8ibvYc5tUwpKVQsL\" style=\"box-sizing: inherit; width: 372px; padding: 1.25rem 0px; border-top: none; vertical-align: baseline; font-size: 1.125rem; color: #666666; line-height: 1.375rem; height: 22px;\" data-selenium=\"specsItemGroupTableColumnLabel\"> Dise\u00f1o \u00f3ptico <\/td>\n<td class=\"value_11Av1yGkVYn9TX48mQeu9v\" style=\"box-sizing: inherit; vertical-align: baseline; font-size: 1.125rem; color: #666666; line-height: 1.375rem; padding: 1.25rem 0px 1.25rem 2.5rem; height: 22px;\" data-selenium=\"specsItemGroupTableColumnValue\"> 14 elementos en 10 grupos <\/td>\n<\/tr>\n<tr class=\"pair_3u9fnESIQrtuEu6ye_zM4k\" style=\"box-sizing: inherit; border-bottom: 0.0625rem solid #e7e7e7; height: 22px;\" data-selenium=\"specsItemGroupTableRow\">\n<td class=\"label_3bLwbW8ibvYc5tUwpKVQsL\" style=\"box-sizing: inherit; width: 372px; padding: 1.25rem 0px; border-top: none; vertical-align: baseline; font-size: 1.125rem; color: #666666; line-height: 1.375rem; height: 22px;\" data-selenium=\"specsItemGroupTableColumnLabel\"> Hojas de diafragma <\/td>\n<td class=\"value_11Av1yGkVYn9TX48mQeu9v\" style=\"box-sizing: inherit; vertical-align: baseline; font-size: 1.125rem; color: #666666; line-height: 1.375rem; padding: 1.25rem 0px 1.25rem 2.5rem; height: 22px;\" data-selenium=\"specsItemGroupTableColumnValue\"> 11, redondeadas <\/td>\n<\/tr>\n<tr class=\"pair_3u9fnESIQrtuEu6ye_zM4k\" style=\"box-sizing: inherit; border-bottom: 0.0625rem solid #e7e7e7; height: 22px;\" data-selenium=\"specsItemGroupTableRow\">\n<td class=\"label_3bLwbW8ibvYc5tUwpKVQsL\" style=\"box-sizing: inherit; width: 372px; padding: 1.25rem 0px; border-top: none; vertical-align: baseline; font-size: 1.125rem; color: #666666; line-height: 1.375rem; height: 22px;\" data-selenium=\"specsItemGroupTableColumnLabel\"> Tipo de enfoque <\/td>\n<td class=\"value_11Av1yGkVYn9TX48mQeu9v\" style=\"box-sizing: inherit; vertical-align: baseline; font-size: 1.125rem; color: #666666; line-height: 1.375rem; padding: 1.25rem 0px 1.25rem 2.5rem; height: 22px;\" data-selenium=\"specsItemGroupTableColumnValue\"> Enfoque autom\u00e1tico <\/td>\n<\/tr>\n<tr class=\"pair_3u9fnESIQrtuEu6ye_zM4k\" style=\"box-sizing: inherit; border-bottom: 0.0625rem solid #e7e7e7; height: 22px;\" data-selenium=\"specsItemGroupTableRow\">\n<td class=\"label_3bLwbW8ibvYc5tUwpKVQsL\" style=\"box-sizing: inherit; width: 372px; padding: 1.25rem 0px; border-top: none; vertical-align: baseline; font-size: 1.125rem; color: #666666; line-height: 1.375rem; height: 22px;\" data-selenium=\"specsItemGroupTableColumnLabel\"> Estabilizaci\u00f3n de imagen <\/td>\n<td class=\"value_11Av1yGkVYn9TX48mQeu9v\" style=\"box-sizing: inherit; vertical-align: baseline; font-size: 1.125rem; color: #666666; line-height: 1.375rem; padding: 1.25rem 0px 1.25rem 2.5rem; height: 22px;\" data-selenium=\"specsItemGroupTableColumnValue\"> No <\/td>\n<\/tr>\n<tr class=\"pair_3u9fnESIQrtuEu6ye_zM4k\" style=\"box-sizing: inherit; border-bottom: 0.0625rem solid #e7e7e7; height: 22px;\" data-selenium=\"specsItemGroupTableRow\">\n<td class=\"label_3bLwbW8ibvYc5tUwpKVQsL\" style=\"box-sizing: inherit; width: 372px; padding: 1.25rem 0px; border-top: none; vertical-align: baseline; font-size: 1.125rem; color: #666666; line-height: 1.375rem; height: 22px;\" data-selenium=\"specsItemGroupTableColumnLabel\"> Tama\u00f1o del filtro <\/td>\n<td class=\"value_11Av1yGkVYn9TX48mQeu9v\" style=\"box-sizing: inherit; vertical-align: baseline; font-size: 1.125rem; color: #666666; line-height: 1.375rem; padding: 1.25rem 0px 1.25rem 2.5rem; height: 22px;\" data-selenium=\"specsItemGroupTableColumnValue\"> 67 mm (frontal) <\/td>\n<\/tr>\n<tr class=\"pair_3u9fnESIQrtuEu6ye_zM4k\" style=\"box-sizing: inherit; border-bottom: 0.0625rem solid #e7e7e7; height: 22px;\" data-selenium=\"specsItemGroupTableRow\">\n<td class=\"label_3bLwbW8ibvYc5tUwpKVQsL\" style=\"box-sizing: inherit; width: 372px; padding: 1.25rem 0px; border-top: none; vertical-align: baseline; font-size: 1.125rem; color: #666666; line-height: 1.375rem; height: 22px;\" data-selenium=\"specsItemGroupTableColumnLabel\"> Dimensiones (\u00f8 x L) <\/td>\n<td class=\"value_11Av1yGkVYn9TX48mQeu9v\" style=\"box-sizing: inherit; vertical-align: baseline; font-size: 1.125rem; color: #666666; line-height: 1.375rem; padding: 1.25rem 0px 1.25rem 2.5rem; height: 22px;\" data-selenium=\"specsItemGroupTableColumnValue\"> 76 x 96 mm <\/td>\n<\/tr>\n<tr class=\"pair_3u9fnESIQrtuEu6ye_zM4k\" style=\"box-sizing: inherit; border-bottom: 0.0625rem solid #e7e7e7; height: 22px;\" data-selenium=\"specsItemGroupTableRow\">\n<td class=\"label_3bLwbW8ibvYc5tUwpKVQsL\" style=\"box-sizing: inherit; width: 372px; padding: 1.25rem 0px; border-top: none; vertical-align: baseline; font-size: 1.125rem; color: #666666; line-height: 1.375rem; height: 22px;\" data-selenium=\"specsItemGroupTableColumnLabel\"> Peso <\/td>\n<td class=\"value_11Av1yGkVYn9TX48mQeu9v\" style=\"box-sizing: inherit; vertical-align: baseline; font-size: 1.125rem; color: #666666; line-height: 1.375rem; padding: 1.25rem 0px 1.25rem 2.5rem; height: 22px;\" data-selenium=\"specsItemGroupTableColumnValue\"> 524g<\/td>\n<\/tr>\n<\/tbody>\n<\/table>\n<\/div>\n<\/div>\n<\/div>\n","protected":false},"excerpt":{"rendered":"<p>SONY SEL35F14GM FE 35mm f\/1.4 GM Caracter\u00edsticas principales Lente con montura E\/formato de fotograma completo Rango de apertura: f\/1.4 a<\/p>\n","protected":false},"featured_media":54385,"comment_status":"closed","ping_status":"open","template":"","meta":{"_acf_changed":false},"product_brand":[2537],"product_cat":[1062],"product_tag":[],"class_list":{"0":"post-74074","1":"product","2":"type-product","3":"status-publish","4":"has-post-thumbnail","6":"product_brand-sony-es","7":"product_cat-mirrorless-objectivos","8":"pa_abertura-maxima-f-1-4-es","10":"first","11":"onbackorder","12":"taxable","13":"shipping-taxable","14":"purchasable","15":"product-type-simple"},"bundled_by":[],"bundle_stock_status":"onbackorder","bundle_stock_quantity":null,"bundle_virtual":false,"bundle_layout":"","bundle_add_to_cart_form_location":"","bundle_editable_in_cart":false,"bundle_sold_individually_context":"","bundle_item_grouping":"","bundle_min_size":"","bundle_max_size":"","bundle_price":[],"bundled_items":[],"bundle_sell_ids":[],"acf":[],"_links":{"self":[{"href":"https:\/\/hi-techwonder.com\/es\/wp-json\/wp\/v2\/product\/74074","targetHints":{"allow":["GET"]}}],"collection":[{"href":"https:\/\/hi-techwonder.com\/es\/wp-json\/wp\/v2\/product"}],"about":[{"href":"https:\/\/hi-techwonder.com\/es\/wp-json\/wp\/v2\/types\/product"}],"replies":[{"embeddable":true,"href":"https:\/\/hi-techwonder.com\/es\/wp-json\/wp\/v2\/comments?post=74074"}],"wp:featuredmedia":[{"embeddable":true,"href":"https:\/\/hi-techwonder.com\/es\/wp-json\/wp\/v2\/media\/54385"}],"wp:attachment":[{"href":"https:\/\/hi-techwonder.com\/es\/wp-json\/wp\/v2\/media?parent=74074"}],"wp:term":[{"taxonomy":"product_brand","embeddable":true,"href":"https:\/\/hi-techwonder.com\/es\/wp-json\/wp\/v2\/product_brand?post=74074"},{"taxonomy":"product_cat","embeddable":true,"href":"https:\/\/hi-techwonder.com\/es\/wp-json\/wp\/v2\/product_cat?post=74074"},{"taxonomy":"product_tag","embeddable":true,"href":"https:\/\/hi-techwonder.com\/es\/wp-json\/wp\/v2\/product_tag?post=74074"}],"curies":[{"name":"wp","href":"https:\/\/api.w.org\/{rel}","templated":true}]}}