{"id":74075,"date":"2025-07-29T09:47:44","date_gmt":"2025-07-29T09:47:44","guid":{"rendered":"https:\/\/fv6qoy3ls0.wpdns.site\/product\/sony-sel70200g-fe-70-200mm-f-4-g-oss\/"},"modified":"2026-01-30T09:13:21","modified_gmt":"2026-01-30T09:13:21","slug":"sony-sel70200g-fe-70-200mm-f-4-g-oss","status":"publish","type":"product","link":"https:\/\/hi-techwonder.com\/es\/producto\/sony-sel70200g-fe-70-200mm-f-4-g-oss\/","title":{"rendered":"SONY SEL70200G FE 70-200mm f\/4 G OSS"},"content":{"rendered":"<p><span style=\"font-size: small;\"><strong>ASPECTOS DESTACADOS DEL PRODUCTO<\/strong><\/p>\n<p><\/span><\/p>\n<ul>\n<li> <span style=\"font-size: small;\">Lente con montura E\/formato de fotograma completo<\/span><\/li>\n<li> <span style=\"font-size: small;\">Rango de apertura: f\/4 a f\/22<\/span><\/li>\n<li> <span style=\"font-size: small;\">Dos elementos ED y un elemento Super ED<\/span><\/li>\n<li> <span style=\"font-size: small;\">Dos elementos AA y un elemento asf\u00e9rico<\/span><\/li>\n<li> <span style=\"font-size: small;\">Recubrimiento Nano AR<\/span><\/li>\n<li> <span style=\"font-size: small;\">Sistema de enfoque autom\u00e1tico con motor lineal dual<\/span><\/li>\n<li> <span style=\"font-size: small;\">Estabilizaci\u00f3n de imagen \u00f3ptica SteadyShot<\/span><\/li>\n<li> <span style=\"font-size: small;\">Bot\u00f3n de retenci\u00f3n de enfoque; Limitador de rango de enfoque<\/span><\/li>\n<li> <span style=\"font-size: small;\">Enfoque interno; Collar de tr\u00edpode extra\u00edble<\/span><\/li>\n<li> <span style=\"font-size: small;\">Construcci\u00f3n resistente al polvo y la humedad<\/span><\/li>\n<\/ul>\n<p> <span style=\"font-size: small;\"><br \/>El objetivo Sony FE 70-200mm f\/4.0 G OSS es un objetivo de fotograma completo con montura E con un rango de zoom de teleobjetivo corto a medio con una distancia focal equivalente de 105-300 mm en c\u00e1maras APS-C. Tiene una apertura constante de f\/4.0 para buenas capacidades con poca luz en cualquier distancia focal y elementos suaves fuera de foco. Esto lo hace \u00fatil para retratos y fotograf\u00eda deportiva en los que desea separar el sujeto del fondo.  <\/span><\/p>\n<p> <span style=\"font-size: small;\"><br \/>Para la calidad \u00f3ptica, la lente tiene varios elementos especializados, incluidos Super ED y elementos asf\u00e9ricos avanzados. Estos elementos reducen el impacto de las aberraciones y distorsiones para las im\u00e1genes de alta resoluci\u00f3n. La lente tambi\u00e9n se beneficia del uso de recubrimientos Nano AR que reducen los efectos de los destellos. Incluso tiene una construcci\u00f3n resistente al polvo y la humedad para su uso en condiciones clim\u00e1ticas menos que ideales.   <\/span><\/p>\n<p> <span style=\"font-size: small;\"><br \/>Durante el disparo autom\u00e1tico, el objetivo de 70-200 mm utiliza un sistema de enfoque autom\u00e1tico de motor lineal dual para lograr un enfoque r\u00e1pido y preciso, y tiene opciones de retenci\u00f3n de enfoque y limitador para mejorar el rendimiento en determinadas situaciones. Tambi\u00e9n hay estabilizaci\u00f3n de imagen Optical SteadyShot para mantener la nitidez a distancias focales largas o velocidades de obturaci\u00f3n largas. Adem\u00e1s, hay un collar de tr\u00edpode extra\u00edble y un parasol.  <\/span><\/p>\n<p> <span style=\"font-size: small;\">&nbsp;<\/span><\/p>\n<ul>\n<li> <span style=\"font-size: small;\">La perilla de retenci\u00f3n de enfoque y el limitador de rango de enfoque le permiten mantener el enfoque manteniendo presionado un bot\u00f3n y ajustar el rango entre el cual enfocar\u00e1 la lente, lo que limita la cantidad de b\u00fasqueda que har\u00e1 la lente<\/span><\/li>\n<li> <span style=\"font-size: small;\">El modo panor\u00e1mico ajusta el objetivo para tener en cuenta el movimiento horizontal durante el disparo<\/span><\/li>\n<li> <span style=\"font-size: small;\">Las lentes asf\u00e9ricas reducen la distorsi\u00f3n y las aberraciones esf\u00e9ricas que se producen en las lentes de gran apertura<\/span><\/li>\n<li> <span style=\"font-size: small;\">El recubrimiento Super Nano AR limita el deslumbramiento y el quemado, produciendo una imagen con buen contraste y nitidez<\/span><\/li>\n<li> <span style=\"font-size: small;\">Los elementos de vidrio de baja dispersi\u00f3n, o ED y Super ED, reducen las aberraciones crom\u00e1ticas, produciendo una imagen de alto contraste con franjas m\u00ednimas<\/span><\/li>\n<li> <span style=\"font-size: small;\">La apertura redondeada de 9 hojas produce agradables \u00e1reas desenfocadas similares a cuando la lente est\u00e1 completamente abierta, incluso cuando est\u00e1 cerrada 2 pasos<\/span><\/li>\n<li> <span style=\"font-size: small;\">Rango de apertura de f\/4 a f\/22<\/span><\/li>\n<li> <span style=\"font-size: small;\">Utiliza filtros de tornillo de 72 mm de di\u00e1metro<\/span><\/li>\n<li> <span style=\"font-size: small;\">Distancia m\u00ednima de enfoque de 39,3&#8243; con aumento m\u00e1ximo de 0,13x<\/span><\/li>\n<\/ul>\n<p> <span style=\"font-size: small;\">&nbsp;<\/span><\/p>\n<p style=\"margin-bottom: 0cm;\"> <span style=\"font-size: small;\">&nbsp;<\/span><\/p>\n<table style=\"width: 626px;\" border=\"0\" cellspacing=\"0\" cellpadding=\"2\">\n<colgroup>\n<col width=\"270\"><\/colgroup>\n<colgroup>\n<col width=\"349\"><\/colgroup>\n<tbody>\n<tr>\n<th colspan=\"2\" width=\"622\">\n<p style=\"padding: 0cm; font-style: normal; font-weight: normal;\"> <span style=\"font-size: small;\"><a name=\"11011\"><\/a><span style=\"font-size: x-large;\">interino<\/span><\/span> <\/p>\n<\/th>\n<\/tr>\n<tr>\n<td width=\"270\">\n<p style=\"padding: 0cm 0cm 0.53cm; border: medium medium 1px none none solid -moz-use-text-color -moz-use-text-color #e6e7e8;\"> <span style=\"font-size: small;\">Distancia focal<\/span> <\/p>\n<\/td>\n<td width=\"349\">\n<p style=\"padding: 0cm 0cm 0.53cm; border: medium medium 1px none none solid -moz-use-text-color -moz-use-text-color #e6e7e8;\"> <span style=\"font-size: small;\">70 &#8211; 200 mm<\/span> <\/p>\n<\/td>\n<\/tr>\n<tr>\n<td width=\"270\">\n<p style=\"padding: 0cm 0cm 0.53cm; border: medium medium 1px none none solid -moz-use-text-color -moz-use-text-color #e6e7e8;\"> <span style=\"font-size: small;\">Abertura<\/span> <\/p>\n<\/td>\n<td width=\"349\">\n<p style=\"padding: 0cm 0cm 0.53cm; border: medium medium 1px none none solid -moz-use-text-color -moz-use-text-color #e6e7e8;\"> <span style=\"font-size: small;\">M\u00e1ximo: f\/4<br \/> M\u00ednimo: f\/22<\/span> <\/p>\n<\/td>\n<\/tr>\n<tr>\n<td width=\"270\">\n<p style=\"padding: 0cm 0cm 0.53cm; border: medium medium 1px none none solid -moz-use-text-color -moz-use-text-color #e6e7e8;\"> <span style=\"font-size: small;\">Tipo de montaje de la c\u00e1mara<\/span> <\/p>\n<\/td>\n<td width=\"349\">\n<p style=\"padding: 0cm 0cm 0.53cm; border: medium medium 1px none none solid -moz-use-text-color -moz-use-text-color #e6e7e8;\"> <span style=\"font-size: small;\">Sony E (fotograma completo)<\/span> <\/p>\n<\/td>\n<\/tr>\n<tr>\n<td width=\"270\">\n<p style=\"padding: 0cm 0cm 0.53cm; border: medium medium 1px none none solid -moz-use-text-color -moz-use-text-color #e6e7e8;\"> <span style=\"font-size: small;\">Compatibilidad de formatos<\/span> <\/p>\n<\/td>\n<td width=\"349\">\n<p style=\"padding: 0cm 0cm 0.53cm; border: medium medium 1px none none solid -moz-use-text-color -moz-use-text-color #e6e7e8;\"> <span style=\"font-size: small;\">Pel\u00edcula de 35 mm \/ sensor digital de fotograma completo<\/span> <\/p>\n<\/td>\n<\/tr>\n<tr>\n<td width=\"270\">\n<p style=\"padding: 0cm 0cm 0.53cm; border: medium medium 1px none none solid -moz-use-text-color -moz-use-text-color #e6e7e8;\"> <span style=\"font-size: small;\">\u00c1ngulo<\/span> <\/p>\n<\/td>\n<td width=\"349\">\n<p style=\"padding: 0cm 0cm 0.53cm; border: medium medium 1px none none solid -moz-use-text-color -moz-use-text-color #e6e7e8;\"> <span style=\"font-size: small;\">34\u00b0 &#8211; 12\u00b0<\/span> <\/p>\n<\/td>\n<\/tr>\n<tr>\n<td width=\"270\">\n<p style=\"padding: 0cm 0cm 0.53cm; border: medium medium 1px none none solid -moz-use-text-color -moz-use-text-color #e6e7e8;\"> <span style=\"font-size: small;\">Distancia m\u00ednima de enfoque<\/span> <\/p>\n<\/td>\n<td width=\"349\">\n<p style=\"padding: 0cm 0cm 0.53cm; border: medium medium 1px none none solid -moz-use-text-color -moz-use-text-color #e6e7e8;\"> <span style=\"font-size: small;\">39,37&#8243; (1 m)<\/span> <\/p>\n<\/td>\n<\/tr>\n<tr>\n<td width=\"270\">\n<p style=\"padding: 0cm 0cm 0.53cm; border: medium medium 1px none none solid -moz-use-text-color -moz-use-text-color #e6e7e8;\"> <span style=\"font-size: small;\">Ampliaci\u00f3n<\/span> <\/p>\n<\/td>\n<td width=\"349\">\n<p style=\"padding: 0cm 0cm 0.53cm; border: medium medium 1px none none solid -moz-use-text-color -moz-use-text-color #e6e7e8;\"> <span style=\"font-size: small;\">0,13 veces<\/span> <\/p>\n<\/td>\n<\/tr>\n<tr>\n<td width=\"270\">\n<p style=\"padding: 0cm 0cm 0.53cm; border: medium medium 1px none none solid -moz-use-text-color -moz-use-text-color #e6e7e8;\"> <span style=\"font-size: small;\">Velocidad m\u00e1xima de reproducci\u00f3n<\/span> <\/p>\n<\/td>\n<td width=\"349\">\n<p style=\"padding: 0cm 0cm 0.53cm; border: medium medium 1px none none solid -moz-use-text-color -moz-use-text-color #e6e7e8;\"> <span style=\"font-size: small;\">1:7,7<\/span> <\/p>\n<\/td>\n<\/tr>\n<tr>\n<td width=\"270\">\n<p style=\"padding: 0cm 0cm 0.53cm; border: medium medium 1px none none solid -moz-use-text-color -moz-use-text-color #e6e7e8;\"> <span style=\"font-size: small;\">Elementos\/Grupos<\/span> <\/p>\n<\/td>\n<td width=\"349\">\n<p style=\"padding: 0cm 0cm 0.53cm; border: medium medium 1px none none solid -moz-use-text-color -moz-use-text-color #e6e7e8;\"> <span style=\"font-size: small;\">21\/15<\/span> <\/p>\n<\/td>\n<\/tr>\n<tr>\n<td width=\"270\">\n<p style=\"padding: 0cm 0cm 0.53cm; border: medium medium 1px none none solid -moz-use-text-color -moz-use-text-color #e6e7e8;\"> <span style=\"font-size: small;\">Hojas de diafragma<\/span> <\/p>\n<\/td>\n<td width=\"349\">\n<p style=\"padding: 0cm 0cm 0.53cm; border: medium medium 1px none none solid -moz-use-text-color -moz-use-text-color #e6e7e8;\"> <span style=\"font-size: small;\">9, redondeado<\/span> <\/p>\n<\/td>\n<\/tr>\n<\/tbody>\n<\/table>\n<table style=\"width: 415px;\" border=\"0\" cellspacing=\"0\" cellpadding=\"2\">\n<colgroup>\n<col width=\"177\"><\/colgroup>\n<colgroup>\n<col width=\"230\"><\/colgroup>\n<tbody>\n<tr>\n<th colspan=\"2\" width=\"411\">\n<p style=\"padding: 0cm; font-style: normal; font-weight: normal;\"> <span style=\"font-size: small;\"><a name=\"23001\"><\/a><span style=\"font-size: x-large;\">Recursos<\/span><\/span> <\/p>\n<\/th>\n<\/tr>\n<tr>\n<td width=\"177\">\n<p style=\"padding: 0cm 0cm 0.53cm; border: medium medium 1px none none solid -moz-use-text-color -moz-use-text-color #e6e7e8;\"> <span style=\"font-size: small;\">Estabilizaci\u00f3n de imagen<\/span> <\/p>\n<\/td>\n<td width=\"230\">\n<p style=\"padding: 0cm 0cm 0.53cm; border: medium medium 1px none none solid -moz-use-text-color -moz-use-text-color #e6e7e8;\"> <span style=\"font-size: small;\">S\u00ed<\/span> <\/p>\n<\/td>\n<\/tr>\n<tr>\n<td width=\"177\">\n<p style=\"padding: 0cm 0cm 0.53cm; border: medium medium 1px none none solid -moz-use-text-color -moz-use-text-color #e6e7e8;\"> <span style=\"font-size: small;\">Autom\u00e1tico<\/span> <\/p>\n<\/td>\n<td width=\"230\">\n<p style=\"padding: 0cm 0cm 0.53cm; border: medium medium 1px none none solid -moz-use-text-color -moz-use-text-color #e6e7e8;\"> <span style=\"font-size: small;\">S\u00ed<\/span> <\/p>\n<\/td>\n<\/tr>\n<tr>\n<td width=\"177\">\n<p style=\"padding: 0cm 0cm 0.53cm; border: medium medium 1px none none solid -moz-use-text-color -moz-use-text-color #e6e7e8;\"> <span style=\"font-size: small;\">Collar de tr\u00edpode<\/span> <\/p>\n<\/td>\n<td width=\"230\">\n<p style=\"padding: 0cm 0cm 0.53cm; border: medium medium 1px none none solid -moz-use-text-color -moz-use-text-color #e6e7e8;\"> <span style=\"font-size: small;\">S\u00ed Extra\u00edble &#8211; giratorio<\/span> <\/p>\n<\/td>\n<\/tr>\n<\/tbody>\n<\/table>\n<table style=\"width: 502px;\" border=\"0\" cellspacing=\"0\" cellpadding=\"2\">\n<colgroup>\n<col width=\"163\"><\/colgroup>\n<colgroup>\n<col width=\"331\"><\/colgroup>\n<tbody>\n<tr>\n<th colspan=\"2\" width=\"498\">\n<p style=\"padding: 0cm; font-style: normal; font-weight: normal;\"> <span style=\"font-size: small;\"><a name=\"11501\"><\/a><span style=\"font-size: x-large;\">F\u00edsico<\/span><\/span> <\/p>\n<\/th>\n<\/tr>\n<tr>\n<td width=\"163\">\n<p style=\"padding: 0cm 0cm 0.53cm; border: medium medium 1px none none solid -moz-use-text-color -moz-use-text-color #e6e7e8;\"> <span style=\"font-size: small;\">Tema de filtro<\/span> <\/p>\n<\/td>\n<td width=\"331\">\n<p style=\"padding: 0cm 0cm 0.53cm; border: medium medium 1px none none solid -moz-use-text-color -moz-use-text-color #e6e7e8;\"> <span style=\"font-size: small;\">Frontal: 72 mm<\/span> <\/p>\n<\/td>\n<\/tr>\n<tr>\n<td width=\"163\">\n<p style=\"padding: 0cm 0cm 0.53cm; border: medium medium 1px none none solid -moz-use-text-color -moz-use-text-color #e6e7e8;\"> <span style=\"font-size: small;\">Dimensiones (DxL)<\/span> <\/p>\n<\/td>\n<td width=\"331\">\n<p style=\"padding: 0cm 0cm 0.53cm; border: medium medium 1px none none solid -moz-use-text-color -moz-use-text-color #e6e7e8;\"> <span style=\"font-size: small;\">Aproximadamente. 3,15 x 6,89&#8243; (80 x 175 mm) <\/span> <\/p>\n<\/td>\n<\/tr>\n<tr>\n<td width=\"163\">\n<p style=\"padding: 0cm 0cm 0.53cm; border: medium medium 1px none none solid -moz-use-text-color -moz-use-text-color #e6e7e8;\"> <span style=\"font-size: small;\">Peso<\/span> <\/p>\n<\/td>\n<td width=\"331\">\n<p style=\"padding: 0cm 0cm 0.53cm; border: medium medium 1px none none solid -moz-use-text-color -moz-use-text-color #e6e7e8;\"> <span style=\"font-size: small;\">840 g (29,63 oz)<\/span><\/p>\n<\/td>\n<\/tr>\n<\/tbody>\n<\/table>\n<p><span style=\"font-size: small;\"><br \/><\/span><\/p>\n","protected":false},"excerpt":{"rendered":"<p>ASPECTOS DESTACADOS DEL PRODUCTO Lente con montura E\/formato de fotograma completo Rango de apertura: f\/4 a f\/22 Dos elementos ED<\/p>\n","protected":false},"featured_media":54254,"comment_status":"closed","ping_status":"open","template":"","meta":{"_acf_changed":false},"product_brand":[2537],"product_cat":[1062],"product_tag":[],"class_list":{"0":"post-74075","1":"product","2":"type-product","3":"status-publish","4":"has-post-thumbnail","6":"product_brand-sony-es","7":"product_cat-mirrorless-objectivos","8":"pa_abertura-maxima-f-4-es","10":"first","11":"onbackorder","12":"taxable","13":"shipping-taxable","14":"purchasable","15":"product-type-simple"},"bundled_by":[],"bundle_stock_status":"onbackorder","bundle_stock_quantity":null,"bundle_virtual":false,"bundle_layout":"","bundle_add_to_cart_form_location":"","bundle_editable_in_cart":false,"bundle_sold_individually_context":"","bundle_item_grouping":"","bundle_min_size":"","bundle_max_size":"","bundle_price":[],"bundled_items":[],"bundle_sell_ids":[],"acf":[],"_links":{"self":[{"href":"https:\/\/hi-techwonder.com\/es\/wp-json\/wp\/v2\/product\/74075","targetHints":{"allow":["GET"]}}],"collection":[{"href":"https:\/\/hi-techwonder.com\/es\/wp-json\/wp\/v2\/product"}],"about":[{"href":"https:\/\/hi-techwonder.com\/es\/wp-json\/wp\/v2\/types\/product"}],"replies":[{"embeddable":true,"href":"https:\/\/hi-techwonder.com\/es\/wp-json\/wp\/v2\/comments?post=74075"}],"wp:featuredmedia":[{"embeddable":true,"href":"https:\/\/hi-techwonder.com\/es\/wp-json\/wp\/v2\/media\/54254"}],"wp:attachment":[{"href":"https:\/\/hi-techwonder.com\/es\/wp-json\/wp\/v2\/media?parent=74075"}],"wp:term":[{"taxonomy":"product_brand","embeddable":true,"href":"https:\/\/hi-techwonder.com\/es\/wp-json\/wp\/v2\/product_brand?post=74075"},{"taxonomy":"product_cat","embeddable":true,"href":"https:\/\/hi-techwonder.com\/es\/wp-json\/wp\/v2\/product_cat?post=74075"},{"taxonomy":"product_tag","embeddable":true,"href":"https:\/\/hi-techwonder.com\/es\/wp-json\/wp\/v2\/product_tag?post=74075"}],"curies":[{"name":"wp","href":"https:\/\/api.w.org\/{rel}","templated":true}]}}